{"id":281,"date":"2025-11-26T13:09:53","date_gmt":"2025-11-26T13:09:53","guid":{"rendered":"https:\/\/www.cgvacuum.com\/?post_type=product&#038;p=281"},"modified":"2026-03-17T01:44:39","modified_gmt":"2026-03-17T01:44:39","slug":"evaporation-vacuum-coating-machine-custom","status":"publish","type":"product","link":"https:\/\/www.cgvacuum.com\/fr\/produit\/evaporation-vacuum-coating-machine-custom\/","title":{"rendered":"Machine d'enduction sous vide par \u00e9vaporation du plastique, fournisseur de machines d'enduction PVD"},"content":{"rendered":"<h3 class=\"wp-block-heading\">Sp\u00e9cifications de la machine de rev\u00eatement sous vide par \u00e9vaporation :<\/h3>\n\n\n\n<figure class=\"wp-block-table\"><table class=\"has-fixed-layout\"><tbody><tr><td><strong>Num\u00e9ro de mod\u00e8le<\/strong><\/td><td><strong>Dimensions L x H (mm)<\/strong><\/td><td><strong>Vide ultime (Pa)<\/strong><\/td><td><strong>Temps de pompage (min)<\/strong><\/td><td><strong>Puissance totale (kW)<\/strong><\/td><\/tr><tr><td>ZZ1214<\/td><td>1200 x 1400 mm<\/td><td>\u22648\u00d710-\u2074<\/td><td>\uff1c5<\/td><td>35<\/td><\/tr><tr><td>ZZ1416<\/td><td>1400 x 1600 mm<\/td><td>\u22648\u00d710-\u2074<\/td><td>\uff1c5<\/td><td>65<\/td><\/tr><tr><td>ZZ1618<\/td><td>1600 x 1800 mm<\/td><td>\u22648\u00d710-\u2074<\/td><td>\uff1c5<\/td><td>75<\/td><\/tr><tr><td>ZZ1820<\/td><td>1800*2000 mm<\/td><td>\u22648\u00d710-\u2074<\/td><td>\uff1c5<\/td><td>90<\/td><\/tr><tr><td>ZZ2020<\/td><td>2000*2000 mm<\/td><td>\u22648\u00d710-\u2074<\/td><td>\uff1c5<\/td><td>105<\/td><\/tr><\/tbody><\/table><\/figure>\n\n\n\n<p><strong>*Les sp\u00e9cifications de l'\u00e9quipement peuvent \u00eatre personnalis\u00e9es selon les besoins du client.<\/strong><\/p>\n\n\n\n<div class=\"wp-block-columns is-layout-flex wp-container-core-columns-is-layout-9d6595d7 wp-block-columns-is-layout-flex\">\n<div class=\"wp-block-column is-layout-flow wp-block-column-is-layout-flow\">\n<figure class=\"wp-block-image size-full\"><img decoding=\"async\" width=\"800\" height=\"760\" src=\"https:\/\/www.cgvacuum.com\/wp-content\/uploads\/2025\/11\/Evaporation-Vacuum-Coating-Machine-Plastic-PVD-Coating-Machine-1-1.webp\" alt=\"Machine de rev\u00eatement sous vide par \u00e9vaporation, machine de rev\u00eatement PVD plastique (1)\" class=\"wp-image-294\" srcset=\"https:\/\/www.cgvacuum.com\/wp-content\/uploads\/2025\/11\/Evaporation-Vacuum-Coating-Machine-Plastic-PVD-Coating-Machine-1-1.webp 800w, https:\/\/www.cgvacuum.com\/wp-content\/uploads\/2025\/11\/Evaporation-Vacuum-Coating-Machine-Plastic-PVD-Coating-Machine-1-1-300x285.webp 300w, https:\/\/www.cgvacuum.com\/wp-content\/uploads\/2025\/11\/Evaporation-Vacuum-Coating-Machine-Plastic-PVD-Coating-Machine-1-1-768x730.webp 768w, https:\/\/www.cgvacuum.com\/wp-content\/uploads\/2025\/11\/Evaporation-Vacuum-Coating-Machine-Plastic-PVD-Coating-Machine-1-1-600x570.webp 600w\" sizes=\"(max-width: 800px) 100vw, 800px\" \/><\/figure>\n<\/div>\n\n\n\n<div class=\"wp-block-column is-layout-flow wp-block-column-is-layout-flow\">\n<h3 class=\"wp-block-heading\">Caract\u00e9ristiques de la machine de rev\u00eatement sous vide par \u00e9vaporation :<\/h3>\n\n\n\n<p><strong>Con\u00e7u sp\u00e9cialement pour les substrats en plastique et en ABS.<\/strong> Gr\u00e2ce \u00e0 la technologie PVD par \u00e9vaporation et au contr\u00f4le de la temp\u00e9rature, les param\u00e8tres du processus sont optimis\u00e9s pour les mat\u00e9riaux sensibles \u00e0 la chaleur afin de garantir une adh\u00e9rence \u00e9lev\u00e9e et une qualit\u00e9 de rev\u00eatement stable.<\/p>\n\n\n\n<p><strong>Effet d\u00e9coratif m\u00e9tallique tr\u00e8s brillant.<\/strong> Des rev\u00eatements de qualit\u00e9 miroir en argent, or, chrome et couleurs iris\u00e9es sont possibles, avec un brillant uniforme et des couleurs riches.<\/p>\n\n\n\n<p><strong>Structure dense du film et excellente adh\u00e9rence.<\/strong> La technologie PVD par \u00e9vaporation minimise la perte d'ions, ce qui permet d'obtenir un rev\u00eatement de haute puret\u00e9, r\u00e9sistant \u00e0 l'usure, durable et qui conserve sa stabilit\u00e9 chromatique \u00e0 long terme.<\/p>\n\n\n\n<p><strong>Capacit\u00e9 de d\u00e9p\u00f4t et de production en s\u00e9rie hautement efficace.<\/strong> La conception optimis\u00e9e de la chambre \u00e0 vide et les fixations rotatives permettent un vide rapide, un rev\u00eatement uniforme et un d\u00e9bit \u00e9lev\u00e9, adapt\u00e9s \u00e0 la production industrielle en continu.<\/p>\n\n\n\n<p><strong>Prend en charge la personnalisation multicolore et l'\u00e9paisseur contr\u00f4lable du film.<\/strong> Compatible avec diverses sources d'\u00e9vaporation, permettant d'ajuster l'\u00e9paisseur du rev\u00eatement, la couleur et la texture m\u00e9tallique afin de r\u00e9pondre \u00e0 divers besoins d\u00e9coratifs.<\/p>\n\n\n\n<p><strong>Proc\u00e9d\u00e9 de rev\u00eatement respectueux de l'environnement.<\/strong> Aucun produit chimique de galvanoplastie requis, aucune \u00e9mission polluante, conforme aux normes de fabrication \u00e9cologiques.<\/p>\n\n\n\n<p><strong>Syst\u00e8me de contr\u00f4le automatis\u00e9 intelligent. <\/strong>Gestion automatis\u00e9e du rev\u00eatement par PLC, fonctionnement simple, gestion facile de la production et planification des processus.<\/p>\n\n\n\n<p><strong>Large gamme d'applications. <\/strong>Convient aux industries telles que les produits en plastique, les appareils \u00e9lectrom\u00e9nagers, les emballages cosm\u00e9tiques, les int\u00e9rieurs automobiles et l'artisanat.<\/p>\n\n\n\n<p><strong>Assistance technique tout au long du processus.<\/strong> Prend en charge la personnalisation des \u00e9quipements, les solutions de processus, le d\u00e9bogage, le service apr\u00e8s-vente et la maintenance \u00e0 long terme afin d'assurer une production de masse stable.<\/p>\n<\/div>\n<\/div>","protected":false},"excerpt":{"rendered":"<p>Les machines d'enduction sous vide par \u00e9vaporation de plastique CGVAC sont con\u00e7ues pour une enduction d\u00e9corative efficace sur des substrats en plastique et en ABS. Nous offrons des solutions de machines personnalisables et un support technique complet. Contactez-nous pour discuter de vos besoins.<\/p>\n<h2>Param\u00e8tres techniques :<\/h2>\n<table border=\"0\" width=\"973\" cellspacing=\"0\" cellpadding=\"0\">\n<tbody>\n<tr>\n<td width=\"202\" height=\"22\"><strong>Mat\u00e9riaux cibles<\/strong><\/td>\n<td width=\"771\">Fil d'aluminium, Cu, Ag, Cr (thermique), m\u00e9taux d\u00e9coratifs<\/td>\n<\/tr>\n<tr>\n<td height=\"22\"><strong>Technologie de rev\u00eatement<\/strong><\/td>\n<td>Rev\u00eatement sous vide par \u00e9vaporation<\/td>\n<\/tr>\n<tr>\n<td height=\"22\"><strong>Films fonctionnels et optiques<\/strong><\/td>\n<td>Principalement destin\u00e9 aux rev\u00eatements d\u00e9coratifs, il peut \u00eatre int\u00e9gr\u00e9 \u00e0 un rev\u00eatement UV ou \u00e0 des couches pulv\u00e9ris\u00e9es.<\/td>\n<\/tr>\n<tr>\n<td height=\"22\"><strong>Composants essentiels<\/strong><\/td>\n<td>Cible d'arc, syst\u00e8me de commande, pompe<\/td>\n<\/tr>\n<tr>\n<td height=\"22\"><strong>Application<\/strong><\/td>\n<td>Plastiques, c\u00e9ramiques courantes, verre, bijoux et perles, acier inoxydable<\/td>\n<\/tr>\n<tr>\n<td height=\"22\"><strong>Personnalisation<\/strong><\/td>\n<td>Taille, mat\u00e9riau cible, couleur, conception de l'appareil et plan de traitement personnalis\u00e9s<\/td>\n<\/tr>\n<tr>\n<td height=\"22\"><strong>Service<\/strong><\/td>\n<td>Rapports d'essais m\u00e9caniques\/\u00e9chantillons, inspection vid\u00e9o \u00e0 la sortie et conseils techniques.<\/td>\n<\/tr>\n<\/tbody>\n<\/table>\n<p>&nbsp;<\/p>","protected":false},"featured_media":293,"comment_status":"closed","ping_status":"closed","template":"","meta":{"_acf_changed":false},"application":[24],"product_brand":[],"product_cat":[21],"product_tag":[],"class_list":{"0":"post-281","1":"product","2":"type-product","3":"status-publish","4":"has-post-thumbnail","6":"application-plastic-pvd-coating-machine","7":"product_cat-evaporation-vacuum-coating-machine","9":"first","10":"instock","11":"shipping-taxable","12":"product-type-simple"},"acf":[],"_links":{"self":[{"href":"https:\/\/www.cgvacuum.com\/fr\/wp-json\/wp\/v2\/product\/281","targetHints":{"allow":["GET"]}}],"collection":[{"href":"https:\/\/www.cgvacuum.com\/fr\/wp-json\/wp\/v2\/product"}],"about":[{"href":"https:\/\/www.cgvacuum.com\/fr\/wp-json\/wp\/v2\/types\/product"}],"replies":[{"embeddable":true,"href":"https:\/\/www.cgvacuum.com\/fr\/wp-json\/wp\/v2\/comments?post=281"}],"wp:featuredmedia":[{"embeddable":true,"href":"https:\/\/www.cgvacuum.com\/fr\/wp-json\/wp\/v2\/media\/293"}],"wp:attachment":[{"href":"https:\/\/www.cgvacuum.com\/fr\/wp-json\/wp\/v2\/media?parent=281"}],"wp:term":[{"taxonomy":"application","embeddable":true,"href":"https:\/\/www.cgvacuum.com\/fr\/wp-json\/wp\/v2\/application?post=281"},{"taxonomy":"product_brand","embeddable":true,"href":"https:\/\/www.cgvacuum.com\/fr\/wp-json\/wp\/v2\/product_brand?post=281"},{"taxonomy":"product_cat","embeddable":true,"href":"https:\/\/www.cgvacuum.com\/fr\/wp-json\/wp\/v2\/product_cat?post=281"},{"taxonomy":"product_tag","embeddable":true,"href":"https:\/\/www.cgvacuum.com\/fr\/wp-json\/wp\/v2\/product_tag?post=281"}],"curies":[{"name":"wp","href":"https:\/\/api.w.org\/{rel}","templated":true}]}}