{"id":266,"date":"2025-11-26T13:09:46","date_gmt":"2025-11-26T13:09:46","guid":{"rendered":"https:\/\/www.cgvacuum.com\/?post_type=product&#038;p=266"},"modified":"2025-12-02T09:53:09","modified_gmt":"2025-12-02T09:53:09","slug":"electronics-pvd-coating-machine","status":"publish","type":"product","link":"https:\/\/www.cgvacuum.com\/fr\/produit\/electronics-pvd-coating-machine\/","title":{"rendered":"Machine de rev\u00eatement PVD pour l'\u00e9lectronique Machine de rev\u00eatement sous vide par pulv\u00e9risation cathodique au chrome"},"content":{"rendered":"<h3 class=\"wp-block-heading\">Sp\u00e9cifications de la machine de rev\u00eatement PVD pour l'\u00e9lectronique :<\/h3>\n\n\n\n<figure class=\"wp-block-table\"><table class=\"has-fixed-layout\"><tbody><tr><td><strong>Num\u00e9ro de mod\u00e8le<\/strong><\/td><td><strong>Dimension D*H (mm)<\/strong><\/td><td><strong>Vide ultime (Pa)<\/strong><\/td><td><strong>Temps de pompage (min)<\/strong><\/td><\/tr><tr><td>FC1214<\/td><td>1200 x 1400 mm<\/td><td>\uff1c8\u00d710\u207b\u2074<\/td><td>\uff1c5<\/td><\/tr><tr><td>FC1416<\/td><td>1400 x 1600 mm<\/td><td>\uff1c8\u00d710\u207b\u2074<\/td><td>\uff1c5<\/td><\/tr><tr><td>FC1618<\/td><td>1600 x 1800 mm<\/td><td>\uff1c8\u00d710\u207b\u2074<\/td><td>\uff1c5<\/td><\/tr><tr><td>FC1818<\/td><td>1800 x 1800 mm<\/td><td>\uff1c8\u00d710\u207b\u2074<\/td><td>\uff1c5<\/td><\/tr><tr><td>FC2018<\/td><td>2000*1800 mm<\/td><td>\uff1c8\u00d710\u207b\u2074<\/td><td>\uff1c5<\/td><\/tr><\/tbody><\/table><\/figure>\n\n\n\n<p><strong>*Les sp\u00e9cifications de l'\u00e9quipement peuvent \u00eatre personnalis\u00e9es selon les besoins du client.<\/strong><\/p>\n\n\n\n<div class=\"wp-block-columns is-layout-flex wp-container-core-columns-is-layout-9d6595d7 wp-block-columns-is-layout-flex\">\n<div class=\"wp-block-column is-layout-flow wp-block-column-is-layout-flow\"><div class=\"wp-block-image\">\n<figure class=\"aligncenter size-full\"><img decoding=\"async\" width=\"350\" height=\"350\" src=\"https:\/\/www.cgvacuum.com\/wp-content\/uploads\/2025\/11\/Electronics-Magnetron-Sputtering-Chrome-PVD-Coating-Machine-6.webp\" alt=\"Machine de rev\u00eatement PVD chrome par pulv\u00e9risation cathodique pour l&#039;\u00e9lectronique (6)\" class=\"wp-image-272\" srcset=\"https:\/\/www.cgvacuum.com\/wp-content\/uploads\/2025\/11\/Electronics-Magnetron-Sputtering-Chrome-PVD-Coating-Machine-6.webp 350w, https:\/\/www.cgvacuum.com\/wp-content\/uploads\/2025\/11\/Electronics-Magnetron-Sputtering-Chrome-PVD-Coating-Machine-6-300x300.webp 300w, https:\/\/www.cgvacuum.com\/wp-content\/uploads\/2025\/11\/Electronics-Magnetron-Sputtering-Chrome-PVD-Coating-Machine-6-150x150.webp 150w, https:\/\/www.cgvacuum.com\/wp-content\/uploads\/2025\/11\/Electronics-Magnetron-Sputtering-Chrome-PVD-Coating-Machine-6-100x100.webp 100w\" sizes=\"(max-width: 350px) 100vw, 350px\" \/><\/figure>\n<\/div><\/div>\n\n\n\n<div class=\"wp-block-column is-layout-flow wp-block-column-is-layout-flow\">\n<h3 class=\"wp-block-heading\">Caract\u00e9ristiques de la machine de rev\u00eatement PVD pour l'\u00e9lectronique :<\/h3>\n\n\n\n<p><strong>Technologie de rev\u00eatement \u00e9cologique<\/strong>La technologie de la pulv\u00e9risation magn\u00e9tron : l'\u00e9vaporation d'une cible m\u00e9tallique sous vide, telle que le chrome, entra\u00eene le d\u00e9p\u00f4t d'un film mince uniforme et hautement adh\u00e9sif sur la surface du substrat. Le processus est non polluant et ne produit pas de d\u00e9chets chimiques liquides.<\/p>\n\n\n\n<p><strong>Rev\u00eatement multifonctionnel<\/strong>: Permet de r\u00e9aliser des rev\u00eatements PVD pour le chrome et une vari\u00e9t\u00e9 de m\u00e9taux, r\u00e9alisant la d\u00e9coration, l'anticorrosion et la r\u00e9sistance \u00e0 l'usure. Le rev\u00eatement est brillant et durable, applicable aux pi\u00e8ces \u00e9lectroniques et aux accessoires mat\u00e9riels.<\/p>\n\n\n\n<p><strong>Sc\u00e9narios d'application \u00e9tendus<\/strong>: Il peut \u00eatre rev\u00eatu sur divers substrats, y compris les plastiques, les m\u00e9taux et les c\u00e9ramiques, r\u00e9pondant ainsi aux besoins des produits \u00e9lectroniques et des pi\u00e8ces de pr\u00e9cision. Il peut \u00eatre utilis\u00e9 dans des productions pilotes en petites s\u00e9ries ou dans des productions industrielles \u00e0 grande \u00e9chelle.<\/p>\n\n\n\n<p><strong>Haute pr\u00e9cision et stabilit\u00e9 :<\/strong> \u00c9quip\u00e9 d'un syst\u00e8me de contr\u00f4le automatique PLC et de surveillance du vide, il permet d'obtenir un processus de rev\u00eatement stable et efficace. L'\u00e9paisseur du film est contr\u00f4lable, ce qui garantit l'homog\u00e9n\u00e9it\u00e9 des lots.<\/p>\n\n\n\n<p><strong>Services de personnalisation disponibles<\/strong>: CGVAC peut proposer diff\u00e9rents mat\u00e9riaux de rev\u00eatement, options de couleur et processus en fonction des besoins diversifi\u00e9s des clients. Les conseils d'installation, la mise en service et le service apr\u00e8s-vente garantissent des op\u00e9rations stables \u00e0 long terme.<\/p>\n<\/div>\n<\/div>","protected":false},"excerpt":{"rendered":"<p>La machine de rev\u00eatement PVD pour l'\u00e9lectronique de CGVAC, \u00e9quip\u00e9e de la technologie de rev\u00eatement chrom\u00e9 par pulv\u00e9risation magn\u00e9tron, fournit des solutions PVD pr\u00e9cises, durables et personnalisables. Nous offrons une installation professionnelle, un support technique et un service apr\u00e8s-vente. Contactez CGVAC d\u00e8s aujourd'hui pour obtenir un devis !<\/p>\n<h2>Param\u00e8tres techniques :<\/h2>\n<table style=\"border-collapse: collapse; width: 729.77pt;\" border=\"0\" width=\"973\" cellspacing=\"0\" cellpadding=\"0\">\n<tbody>\n<tr style=\"height: 16.50pt;\">\n<td class=\"et4\" style=\"height: 16.50pt; width: 152.20pt;\" width=\"202\" height=\"22\"><strong>Mat\u00e9riaux cibles<\/strong><\/td>\n<td class=\"et5\" style=\"width: 578.25pt;\" width=\"771\">Titane (Ti), chrome (Cr), DLC \/ cibles de carbone, TiAl \/ TiSiN, syst\u00e8mes de nitrure de chrome \/ nitrure de titane<\/td>\n<\/tr>\n<tr style=\"height: 16.50pt;\">\n<td class=\"et4\" style=\"height: 16.50pt;\" height=\"22\"><strong>Gaz industriels<\/strong><\/td>\n<td class=\"et5\"><span class=\"font1\">Argon (Ar), azote (N<\/span><span class=\"font3\">\u2082<\/span><span class=\"font1\">), l'oxyg\u00e8ne (O<\/span><span class=\"font3\">\u2082<\/span><span class=\"font1\">), C<\/span><span class=\"font3\">\u2082<\/span><span class=\"font1\">H<\/span><span class=\"font3\">\u2082<\/span><span class=\"font1\">\/CH<\/span><span class=\"font3\">\u2084<\/span><span class=\"font1\">, M\u00e9langes de gaz sp\u00e9ciaux<\/span><\/td>\n<\/tr>\n<tr style=\"height: 16.50pt;\">\n<td class=\"et4\" style=\"height: 16.50pt;\" height=\"22\"><strong>Technologie de rev\u00eatement<\/strong><\/td>\n<td class=\"et5\">Pulv\u00e9risation magn\u00e9tron, arc ionique, \u00e9vaporation par faisceau d'\u00e9lectrons, CVD<\/td>\n<\/tr>\n<tr style=\"height: 16.50pt;\">\n<td class=\"et4\" style=\"height: 16.50pt;\" height=\"22\"><strong>Syst\u00e8mes de rev\u00eatement<\/strong><\/td>\n<td class=\"et5\">\n<p><span class=\"font1\">DLC, TCO, films anti-traces de doigts<br \/>Films optiques ITO, SiO\u2082, TiO\u2082<br \/>Rev\u00eatements anticorrosion, r\u00e9sistants \u00e0 l'usure et antireflets<\/span><\/p>\n<\/td>\n<\/tr>\n<tr style=\"height: 16.50pt;\">\n<td class=\"et4\" style=\"height: 16.50pt;\" height=\"22\"><strong>Composants essentiels<\/strong><\/td>\n<td class=\"et6\">Cible d'arc, syst\u00e8me de commande, pompe<\/td>\n<\/tr>\n<tr style=\"height: 16.50pt;\">\n<td class=\"et4\" style=\"height: 16.50pt;\" height=\"22\"><strong>Application<\/strong><\/td>\n<td class=\"et5\">\u00c9lectronique et optique, acier inoxydable, verre, plastiques, c\u00e9ramique<\/td>\n<\/tr>\n<tr style=\"height: 16.50pt;\">\n<td class=\"et4\" style=\"height: 16.50pt;\" height=\"22\"><strong>Personnalisation<\/strong><\/td>\n<td class=\"et6\">Taille, mat\u00e9riau cible, couleur, conception de l'appareil et plan de traitement personnalis\u00e9s<\/td>\n<\/tr>\n<tr style=\"height: 16.50pt;\">\n<td class=\"et4\" style=\"height: 16.50pt;\" height=\"22\"><strong>Service<\/strong><\/td>\n<td class=\"et6\">Rapports d'essais m\u00e9caniques\/\u00e9chantillons, inspection vid\u00e9o \u00e0 la sortie et conseils techniques.<\/td>\n<\/tr>\n<\/tbody>\n<\/table>\n<p>&nbsp;<\/p>\n<p>&nbsp;<\/p>","protected":false},"featured_media":274,"comment_status":"closed","ping_status":"closed","template":"","meta":{"_acf_changed":false},"application":[23],"product_brand":[],"product_cat":[22],"product_tag":[],"class_list":{"0":"post-266","1":"product","2":"type-product","3":"status-publish","4":"has-post-thumbnail","6":"application-electronic-optical-vacuum-coating-machine","7":"product_cat-functional-pvd-coating-machine","9":"first","10":"instock","11":"shipping-taxable","12":"product-type-simple"},"acf":[],"_links":{"self":[{"href":"https:\/\/www.cgvacuum.com\/fr\/wp-json\/wp\/v2\/product\/266","targetHints":{"allow":["GET"]}}],"collection":[{"href":"https:\/\/www.cgvacuum.com\/fr\/wp-json\/wp\/v2\/product"}],"about":[{"href":"https:\/\/www.cgvacuum.com\/fr\/wp-json\/wp\/v2\/types\/product"}],"replies":[{"embeddable":true,"href":"https:\/\/www.cgvacuum.com\/fr\/wp-json\/wp\/v2\/comments?post=266"}],"wp:featuredmedia":[{"embeddable":true,"href":"https:\/\/www.cgvacuum.com\/fr\/wp-json\/wp\/v2\/media\/274"}],"wp:attachment":[{"href":"https:\/\/www.cgvacuum.com\/fr\/wp-json\/wp\/v2\/media?parent=266"}],"wp:term":[{"taxonomy":"application","embeddable":true,"href":"https:\/\/www.cgvacuum.com\/fr\/wp-json\/wp\/v2\/application?post=266"},{"taxonomy":"product_brand","embeddable":true,"href":"https:\/\/www.cgvacuum.com\/fr\/wp-json\/wp\/v2\/product_brand?post=266"},{"taxonomy":"product_cat","embeddable":true,"href":"https:\/\/www.cgvacuum.com\/fr\/wp-json\/wp\/v2\/product_cat?post=266"},{"taxonomy":"product_tag","embeddable":true,"href":"https:\/\/www.cgvacuum.com\/fr\/wp-json\/wp\/v2\/product_tag?post=266"}],"curies":[{"name":"wp","href":"https:\/\/api.w.org\/{rel}","templated":true}]}}