{"id":228,"date":"2025-11-19T08:14:10","date_gmt":"2025-11-19T08:14:10","guid":{"rendered":"https:\/\/www.cgvacuum.com\/?post_type=product&#038;p=228"},"modified":"2025-12-02T09:52:18","modified_gmt":"2025-12-02T09:52:18","slug":"magnetron-sputtering-vacuum-coating-machine-custom","status":"publish","type":"product","link":"https:\/\/www.cgvacuum.com\/fr\/produit\/magnetron-sputtering-vacuum-coating-machine-custom\/","title":{"rendered":"Machine de rev\u00eatement sous vide par pulv\u00e9risation magn\u00e9tron, Machine de rev\u00eatement PVD pour sanitaires"},"content":{"rendered":"<h3 class=\"wp-block-heading\">Sp\u00e9cifications de la machine de rev\u00eatement sous vide par pulv\u00e9risation cathodique Magetron :<\/h3>\n\n\n\n<figure class=\"wp-block-table\"><table class=\"has-fixed-layout\"><tbody><tr><td><strong>Num\u00e9ro de mod\u00e8le<\/strong><\/td><td><strong>Dimensions L x H (mm)<\/strong><\/td><td><strong>Vide ultime (Pa)<\/strong><\/td><td><strong>Temps de pompage (min)<\/strong><\/td><td><strong>Puissance de sout\u00e8nement (kW)<\/strong><\/td><td><strong>Puissance totale (kW)<\/strong><\/td><\/tr><tr><td>CZ1214<\/td><td>1200 x 1400 mm<\/td><td>\u22648\u00d710-\u2074<\/td><td>\uff1c5<\/td><td>40<\/td><td>50<\/td><\/tr><tr><td>CZ1416<\/td><td>1400 x 1600 mm<\/td><td>\u22648\u00d710-\u2074<\/td><td>\uff1c5<\/td><td>60<\/td><td>60<\/td><\/tr><tr><td>CZ1618<\/td><td>1600 x 1800 mm<\/td><td>\u22648\u00d710-\u2074<\/td><td>\uff1c5<\/td><td>80<\/td><td>80<\/td><\/tr><tr><td>CZ1818<\/td><td>1800 x 1800 mm<\/td><td>\u22648\u00d710-\u2074<\/td><td>\uff1c5<\/td><td>160<\/td><td>110<\/td><\/tr><tr><td>CZ2018<\/td><td>2000*1800 mm<\/td><td>\u22648\u00d710-\u2074<\/td><td>\uff1c5<\/td><td>160<\/td><td>120<\/td><\/tr><\/tbody><\/table><\/figure>\n\n\n\n<p><strong>*Les sp\u00e9cifications de l'\u00e9quipement peuvent \u00eatre personnalis\u00e9es selon les besoins du client.<\/strong><\/p>\n\n\n\n<div class=\"wp-block-columns is-layout-flex wp-container-core-columns-is-layout-9d6595d7 wp-block-columns-is-layout-flex\">\n<div class=\"wp-block-column is-layout-flow wp-block-column-is-layout-flow\">\n<figure class=\"wp-block-image size-full\"><img decoding=\"async\" width=\"600\" height=\"600\" src=\"https:\/\/www.cgvacuum.com\/wp-content\/uploads\/2025\/11\/CGVAC-Magnetron-Sputtering-Vacuum-Coating-Machine-PVD-Coating-Machine-for-Sanitary-Ware-Glass-Electric-Component.webp\" alt=\"Machine de rev\u00eatement sous vide par pulv\u00e9risation cathodique CGVAC, machine de rev\u00eatement PVD pour composants \u00e9lectriques en verre sanitaire\" class=\"wp-image-229\" srcset=\"https:\/\/www.cgvacuum.com\/wp-content\/uploads\/2025\/11\/CGVAC-Magnetron-Sputtering-Vacuum-Coating-Machine-PVD-Coating-Machine-for-Sanitary-Ware-Glass-Electric-Component.webp 600w, https:\/\/www.cgvacuum.com\/wp-content\/uploads\/2025\/11\/CGVAC-Magnetron-Sputtering-Vacuum-Coating-Machine-PVD-Coating-Machine-for-Sanitary-Ware-Glass-Electric-Component-300x300.webp 300w, https:\/\/www.cgvacuum.com\/wp-content\/uploads\/2025\/11\/CGVAC-Magnetron-Sputtering-Vacuum-Coating-Machine-PVD-Coating-Machine-for-Sanitary-Ware-Glass-Electric-Component-150x150.webp 150w, https:\/\/www.cgvacuum.com\/wp-content\/uploads\/2025\/11\/CGVAC-Magnetron-Sputtering-Vacuum-Coating-Machine-PVD-Coating-Machine-for-Sanitary-Ware-Glass-Electric-Component-100x100.webp 100w\" sizes=\"(max-width: 600px) 100vw, 600px\" \/><\/figure>\n<\/div>\n\n\n\n<div class=\"wp-block-column is-layout-flow wp-block-column-is-layout-flow\">\n<h3 class=\"wp-block-heading\">Caract\u00e9ristiques de la machine de rev\u00eatement sous vide par pulv\u00e9risation cathodique Magetron :<\/h3>\n\n\n\n<p><strong>Technologie avanc\u00e9e de pulv\u00e9risation magn\u00e9tron :<\/strong> Le plasma \u00e0 haute \u00e9nergie \u00e9jecte des atomes cibles sur le substrat, formant des rev\u00eatements de haute densit\u00e9, tr\u00e8s uniformes et fortement adh\u00e9sifs avec un faible impact thermique, id\u00e9al pour les c\u00e9ramiques, le verre, les m\u00e9taux et les plastiques sensibles \u00e0 la chaleur.<\/p>\n\n\n\n<p><strong>Syst\u00e8me de vide stable et vitesse de pompage rapide<\/strong>: Atteint \u22648\u00d710-\u2074 Pa avec un temps de pompage de \uff1c5 minutes, garantissant une rotation rapide des cycles et une grande efficacit\u00e9 de production.<\/p>\n\n\n\n<p><strong>Compatibilit\u00e9 des rev\u00eatements avec plusieurs secteurs d'activit\u00e9<\/strong>: Prise en charge d'une large gamme de substrats, y compris les articles sanitaires en c\u00e9ramique, la verrerie, la quincaillerie, l'acier inoxydable, l'ABS, le zinc, les composants \u00e9lectroniques, etc.<\/p>\n\n\n\n<p><strong>Grandes options de couleurs et d'effets<\/strong>: Capable de produire des rev\u00eatements TiN or, argent, or rose, noir, rouge fer, arc-en-ciel, couleur AB, bleu diamant, multicolore et d'autres rev\u00eatements d\u00e9coratifs et fonctionnels.<\/p>\n\n\n\n<p><strong>Syst\u00e8me d'automatisation PLC fiable<\/strong>: \u00c9quip\u00e9 d'un automate industriel, de moteurs et de groupes de pompes stables pour des cycles de vide automatis\u00e9s, un contr\u00f4le coh\u00e9rent du processus et des r\u00e9sultats reproductibles.<\/p>\n\n\n\n<p><strong>Forte productivit\u00e9 industrielle<\/strong>: Les mod\u00e8les offrent une capacit\u00e9 de production de 10 \u00e0 30 L\/h, adapt\u00e9e \u00e0 la fabrication continue \u00e0 grande \u00e9chelle.<\/p>\n\n\n\n<p><strong>Soutien complet<\/strong>: CGVAC fournit des rapports d'essai des machines, une inspection vid\u00e9o en sortie, une assistance technique en ligne et une optimisation des processus apr\u00e8s l'installation pour un fonctionnement stable \u00e0 long terme.<\/p>\n<\/div>\n<\/div>","protected":false},"excerpt":{"rendered":"<p>Les machines de rev\u00eatement sous vide par pulv\u00e9risation magn\u00e9tron de CGVAC offrent une qualit\u00e9 de couche mince sup\u00e9rieure, des cycles de production rapides et des solutions de rev\u00eatement enti\u00e8rement personnalisables pour des applications multi-industrielles. N'h\u00e9sitez pas \u00e0 nous contacter pour optimiser votre production !<\/p>\n<h2>Param\u00e8tres techniques :<\/h2>\n<table width=\"973\">\n<tbody>\n<tr>\n<td width=\"202\"><strong>Mat\u00e9riaux cibles<\/strong><\/td>\n<td width=\"771\">Titane (Ti), chrome (Cr), zirconium (Zr), acier inoxydable, ITO, FTO et autres<\/td>\n<\/tr>\n<tr>\n<td><strong>Gaz industriels<\/strong><\/td>\n<td>Argon (Ar), Azote (N\u2082), Oxyg\u00e8ne (O\u2082), H\u2082 (Hydrog\u00e8ne)<\/td>\n<\/tr>\n<tr>\n<td><strong>Technologie de rev\u00eatement<\/strong><\/td>\n<td>Rev\u00eatement sous vide par pulv\u00e9risation cathodique magn\u00e9tron<\/td>\n<\/tr>\n<tr>\n<td><strong>Couleur du rev\u00eatement<\/strong><\/td>\n<td>Or, or rose, noir, argent, bleu, champagne, couleurs mates\/satin\u00e9es et diff\u00e9rentes couleurs<\/td>\n<\/tr>\n<tr>\n<td><strong>Films fonctionnels et optiques<\/strong><\/td>\n<td>ITO, SiO\u2082, TiO\u2082, Cr, Al, Ag, ITO\/Ag\/ITO, films optiques et \u00e9lectroniques<\/td>\n<\/tr>\n<tr>\n<td><strong>Composants essentiels<\/strong><\/td>\n<td>Cible d'arc, syst\u00e8me de commande, pompe<\/td>\n<\/tr>\n<tr>\n<td><strong>Application<\/strong><\/td>\n<td>Acier inoxydable, \u00e9lectronique et optique, verre, int\u00e9rieur et composants automobiles<\/td>\n<\/tr>\n<tr>\n<td><strong>Personnalisation<\/strong><\/td>\n<td>Taille, mat\u00e9riau cible, couleur, conception de l'appareil et plan de traitement personnalis\u00e9s<\/td>\n<\/tr>\n<tr>\n<td><strong>Service<\/strong><\/td>\n<td>Rapports d'essais m\u00e9caniques\/d'\u00e9chantillons, inspection vid\u00e9o \u00e0 la sortie et conseils techniques<\/td>\n<\/tr>\n<\/tbody>\n<\/table>\n<p>&nbsp;<\/p>","protected":false},"featured_media":253,"comment_status":"closed","ping_status":"closed","template":"","meta":{"_acf_changed":false},"application":[29],"product_brand":[],"product_cat":[20],"product_tag":[],"class_list":{"0":"post-228","1":"product","2":"type-product","3":"status-publish","4":"has-post-thumbnail","6":"application-sanitary-ware-pvd-coating-machine","7":"product_cat-magnetron-sputtering-vacuum-coating-machine","9":"first","10":"instock","11":"shipping-taxable","12":"product-type-simple"},"acf":[],"_links":{"self":[{"href":"https:\/\/www.cgvacuum.com\/fr\/wp-json\/wp\/v2\/product\/228","targetHints":{"allow":["GET"]}}],"collection":[{"href":"https:\/\/www.cgvacuum.com\/fr\/wp-json\/wp\/v2\/product"}],"about":[{"href":"https:\/\/www.cgvacuum.com\/fr\/wp-json\/wp\/v2\/types\/product"}],"replies":[{"embeddable":true,"href":"https:\/\/www.cgvacuum.com\/fr\/wp-json\/wp\/v2\/comments?post=228"}],"wp:featuredmedia":[{"embeddable":true,"href":"https:\/\/www.cgvacuum.com\/fr\/wp-json\/wp\/v2\/media\/253"}],"wp:attachment":[{"href":"https:\/\/www.cgvacuum.com\/fr\/wp-json\/wp\/v2\/media?parent=228"}],"wp:term":[{"taxonomy":"application","embeddable":true,"href":"https:\/\/www.cgvacuum.com\/fr\/wp-json\/wp\/v2\/application?post=228"},{"taxonomy":"product_brand","embeddable":true,"href":"https:\/\/www.cgvacuum.com\/fr\/wp-json\/wp\/v2\/product_brand?post=228"},{"taxonomy":"product_cat","embeddable":true,"href":"https:\/\/www.cgvacuum.com\/fr\/wp-json\/wp\/v2\/product_cat?post=228"},{"taxonomy":"product_tag","embeddable":true,"href":"https:\/\/www.cgvacuum.com\/fr\/wp-json\/wp\/v2\/product_tag?post=228"}],"curies":[{"name":"wp","href":"https:\/\/api.w.org\/{rel}","templated":true}]}}