{"id":206,"date":"2025-11-18T08:12:37","date_gmt":"2025-11-18T08:12:37","guid":{"rendered":"https:\/\/www.cgvacuum.com\/?post_type=product&#038;p=206"},"modified":"2025-12-02T09:52:48","modified_gmt":"2025-12-02T09:52:48","slug":"multi-arc-ion-vacuum-coating-machine-custom","status":"publish","type":"product","link":"https:\/\/www.cgvacuum.com\/fr\/produit\/multi-arc-ion-vacuum-coating-machine-custom\/","title":{"rendered":"Machine de rev\u00eatement sous vide multi-arcs ioniques, machine de rev\u00eatement PVD pour appareils sanitaires pour multiples applications"},"content":{"rendered":"<h3 class=\"wp-block-heading\">Sp\u00e9cifications de la machine d'enduction sous vide ionique multi-arc :<\/h3>\n\n\n\n<figure class=\"wp-block-table\"><table><tbody><tr><td><strong>Num\u00e9ro de mod\u00e8le<\/strong><\/td><td><strong>Dimensions L x H (mm)<\/strong><\/td><td><strong>Vide ultime (Pa)<\/strong><\/td><td><strong>Temps de pompage (min)<\/strong>)<\/td><td><strong>Objectifs (PCS)<\/strong><\/td><td><strong>Puissance totale (kW)<\/strong><\/td><\/tr><tr><td>DZ1214<\/td><td>1200 x 1400 mm<\/td><td>\u22648\u00d710-\u2074<\/td><td>\uff1c5<\/td><td>10<\/td><td>50<\/td><\/tr><tr><td>DZ1416<\/td><td>1400 x 1600 mm<\/td><td>\u22648\u00d710-\u2074<\/td><td>\uff1c5<\/td><td>14<\/td><td>60<\/td><\/tr><tr><td>DZ1618<\/td><td>1600 x 1800 mm<\/td><td>\u22648\u00d710-\u2074<\/td><td>\uff1c5<\/td><td>21<\/td><td>80<\/td><\/tr><tr><td>DZ1818<\/td><td>1800 x 1800 mm<\/td><td>\u22648\u00d710-\u2074<\/td><td>\uff1c5<\/td><td>28<\/td><td>110<\/td><\/tr><tr><td>DZ2118<\/td><td>2100 x 1800 mm<\/td><td>\u22648\u00d710-\u2074<\/td><td>\uff1c5<\/td><td>32<\/td><td>120<\/td><\/tr><\/tbody><\/table><\/figure>\n\n\n\n<p><strong>*Les sp\u00e9cifications de l'\u00e9quipement peuvent \u00eatre personnalis\u00e9es en fonction des exigences du client, de la hauteur ou de la taille.<br>La profondeur peut varier de 600 mm \u00e0 10000 mm.<\/strong><\/p>\n\n\n\n<div class=\"wp-block-columns is-layout-flex wp-container-core-columns-is-layout-9d6595d7 wp-block-columns-is-layout-flex\">\n<div class=\"wp-block-column is-layout-flow wp-block-column-is-layout-flow\">\n<figure class=\"wp-block-image size-full\"><img decoding=\"async\" width=\"780\" height=\"780\" src=\"https:\/\/www.cgvacuum.com\/wp-content\/uploads\/2025\/11\/Multi-arc-Ion-Vacuum-Coating-Machine-1.webp\" alt=\"Machine d&#039;enduction sous vide ionique multi-arc (1)\" class=\"wp-image-203\" srcset=\"https:\/\/www.cgvacuum.com\/wp-content\/uploads\/2025\/11\/Multi-arc-Ion-Vacuum-Coating-Machine-1.webp 780w, https:\/\/www.cgvacuum.com\/wp-content\/uploads\/2025\/11\/Multi-arc-Ion-Vacuum-Coating-Machine-1-300x300.webp 300w, https:\/\/www.cgvacuum.com\/wp-content\/uploads\/2025\/11\/Multi-arc-Ion-Vacuum-Coating-Machine-1-150x150.webp 150w, https:\/\/www.cgvacuum.com\/wp-content\/uploads\/2025\/11\/Multi-arc-Ion-Vacuum-Coating-Machine-1-768x768.webp 768w, https:\/\/www.cgvacuum.com\/wp-content\/uploads\/2025\/11\/Multi-arc-Ion-Vacuum-Coating-Machine-1-600x600.webp 600w, https:\/\/www.cgvacuum.com\/wp-content\/uploads\/2025\/11\/Multi-arc-Ion-Vacuum-Coating-Machine-1-100x100.webp 100w\" sizes=\"(max-width: 780px) 100vw, 780px\" \/><\/figure>\n<\/div>\n\n\n\n<div class=\"wp-block-column is-layout-flow wp-block-column-is-layout-flow\">\n<h3 class=\"wp-block-heading\">Caract\u00e9ristiques de la machine d'enduction sous vide ionique \u00e0 arc multiple :<\/h3>\n\n\n\n<p><strong>Technologie de rev\u00eatement avanc\u00e9e :<\/strong> Utilise la technologie de rev\u00eatement sous vide \u00e0 arcs multiples, \u00e9quip\u00e9e d'une pompe de diffusion sous vide d\u00e9velopp\u00e9e par ses soins et d'un programme de rev\u00eatement semi-automatique, ce qui permet d'obtenir des r\u00e9sultats de rev\u00eatement PVD tr\u00e8s efficaces, stables et fiables.<\/p>\n\n\n\n<p><strong>Applications multiples :<\/strong> Adapt\u00e9 \u00e0 divers substrats tels que l'acier inoxydable, l'aluminium, la c\u00e9ramique, le verre, les bijoux et les plastiques, il r\u00e9pond aux besoins des industries de l'\u00e9lectronique, de la d\u00e9coration, de l'industrie et des biens de consommation haut de gamme.<\/p>\n\n\n\n<p><strong>Couleurs personnalisables :<\/strong> Il permet d'ajuster les diff\u00e9rentes couleurs de rev\u00eatement et les param\u00e8tres du processus, y compris les couleurs or, argent et arc-en-ciel, ce qui permet d'obtenir des effets personnalis\u00e9s pour r\u00e9pondre aux besoins sp\u00e9cifiques des clients.<\/p>\n\n\n\n<p><strong>Assistance \u00e0 distance :<\/strong> Fournit des services d'assistance technique vid\u00e9o en ligne pour assurer un fonctionnement stable et efficace des \u00e9quipements et r\u00e9pondre aux besoins de production de masse de B2B.<\/p>\n\n\n\n<p><strong>Fonctionnement facile :<\/strong> Le noyau de contr\u00f4le PLC assure un fonctionnement simple ; l'\u00e9quipement est soumis \u00e0 une inspection de qualit\u00e9 rigoureuse et \u00e0 des essais de fonctionnement pour garantir une production stable \u00e0 long terme.<\/p>\n\n\n\n<p><strong>Respectueux de l'environnement :<\/strong> Le proc\u00e9d\u00e9 de rev\u00eatement PVD \u00e0 arc multiple ne g\u00e9n\u00e8re aucun d\u00e9chet liquide, ce qui permet d'\u00e9conomiser de l'\u00e9nergie et de r\u00e9pondre aux exigences de protection de l'environnement de l'industrie moderne.<\/p>\n<\/div>\n<\/div>","protected":false},"excerpt":{"rendered":"<p>Les machines de rev\u00eatement sous vide multi-arcs CGVAC fournissent des rev\u00eatements PVD durables et \u00e0 haut rendement pour l'acier inoxydable, la c\u00e9ramique, le verre et bien plus encore. Prise en charge de plusieurs substrats et personnalisation compl\u00e8te. Renseignez-vous d\u00e8s maintenant pour optimiser votre production !<\/p>\n<h2>Param\u00e8tres techniques :<\/h2>\n<table width=\"973\">\n<tbody>\n<tr>\n<td width=\"202\"><strong>Mat\u00e9riaux cibles<\/strong><\/td>\n<td width=\"771\">Titane (Ti), chrome (Cr), zirconium (Zr), TiAl, Ni, Cu, Al, Fe, etc.<\/td>\n<\/tr>\n<tr>\n<td><strong>Gaz industriels<\/strong><\/td>\n<td>Argon (Ar), azote (N\u2082), ac\u00e9tyl\u00e8ne (C\u2082H\u2082), oxyg\u00e8ne (O\u2082)<\/td>\n<\/tr>\n<tr>\n<td><strong>Technologie de rev\u00eatement<\/strong><\/td>\n<td>Rev\u00eatement ionique sous vide \u00e0 plusieurs arcs<\/td>\n<\/tr>\n<tr>\n<td><strong>Couleur du rev\u00eatement<\/strong><\/td>\n<td>Argent titane, or, or rose, violet, bleu saphir, perle, ambre, gris fonc\u00e9, noir chrome et multicolore<\/td>\n<\/tr>\n<tr>\n<td><strong>Rev\u00eatements fonctionnels<\/strong><\/td>\n<td>TiN, TiCN, CrN, ZrN, TiAlN, CrAlN, DLC et autres rev\u00eatements durs et r\u00e9sistants \u00e0 l'usure.<\/td>\n<\/tr>\n<tr>\n<td><strong>Composants essentiels<\/strong><\/td>\n<td>Cible d'arc, syst\u00e8me de commande, pompe<\/td>\n<\/tr>\n<tr>\n<td><strong>Application<\/strong><\/td>\n<td>Acier inoxydable, m\u00e9tal, articles sanitaires, vaisselle en c\u00e9ramique, bijoux, verre, carreaux<\/td>\n<\/tr>\n<tr>\n<td><strong>Personnalisation<\/strong><\/td>\n<td>Taille, mat\u00e9riau cible, couleur, conception de l'appareil et plan de traitement personnalis\u00e9s<\/td>\n<\/tr>\n<tr>\n<td><strong>Service<\/strong><\/td>\n<td>Rapports d'essais m\u00e9caniques\/\u00e9chantillons, inspection vid\u00e9o \u00e0 la sortie et conseils techniques.<\/td>\n<\/tr>\n<\/tbody>\n<\/table>\n<p>&nbsp;<\/p>","protected":false},"featured_media":203,"comment_status":"closed","ping_status":"closed","template":"","meta":{"_acf_changed":true},"application":[29],"product_brand":[],"product_cat":[19],"product_tag":[],"class_list":{"0":"post-206","1":"product","2":"type-product","3":"status-publish","4":"has-post-thumbnail","6":"application-sanitary-ware-pvd-coating-machine","7":"product_cat-multi-arc-ion-vacuum-coating-machine","9":"first","10":"instock","11":"shipping-taxable","12":"product-type-simple"},"acf":[],"_links":{"self":[{"href":"https:\/\/www.cgvacuum.com\/fr\/wp-json\/wp\/v2\/product\/206","targetHints":{"allow":["GET"]}}],"collection":[{"href":"https:\/\/www.cgvacuum.com\/fr\/wp-json\/wp\/v2\/product"}],"about":[{"href":"https:\/\/www.cgvacuum.com\/fr\/wp-json\/wp\/v2\/types\/product"}],"replies":[{"embeddable":true,"href":"https:\/\/www.cgvacuum.com\/fr\/wp-json\/wp\/v2\/comments?post=206"}],"wp:featuredmedia":[{"embeddable":true,"href":"https:\/\/www.cgvacuum.com\/fr\/wp-json\/wp\/v2\/media\/203"}],"wp:attachment":[{"href":"https:\/\/www.cgvacuum.com\/fr\/wp-json\/wp\/v2\/media?parent=206"}],"wp:term":[{"taxonomy":"application","embeddable":true,"href":"https:\/\/www.cgvacuum.com\/fr\/wp-json\/wp\/v2\/application?post=206"},{"taxonomy":"product_brand","embeddable":true,"href":"https:\/\/www.cgvacuum.com\/fr\/wp-json\/wp\/v2\/product_brand?post=206"},{"taxonomy":"product_cat","embeddable":true,"href":"https:\/\/www.cgvacuum.com\/fr\/wp-json\/wp\/v2\/product_cat?post=206"},{"taxonomy":"product_tag","embeddable":true,"href":"https:\/\/www.cgvacuum.com\/fr\/wp-json\/wp\/v2\/product_tag?post=206"}],"curies":[{"name":"wp","href":"https:\/\/api.w.org\/{rel}","templated":true}]}}