{"id":1377,"date":"2026-03-17T01:25:03","date_gmt":"2026-03-17T01:25:03","guid":{"rendered":"https:\/\/www.cgvacuum.com\/?post_type=product&#038;p=1377"},"modified":"2026-03-17T01:42:32","modified_gmt":"2026-03-17T01:42:32","slug":"pvd-coating-machine-for-iron-hardware","status":"publish","type":"product","link":"https:\/\/www.cgvacuum.com\/fr\/produit\/pvd-coating-machine-for-iron-hardware\/","title":{"rendered":"Machine de rev\u00eatement PVD pour quincaillerie en fer, Machine de rev\u00eatement sous vide par \u00e9vaporation sur mesure"},"content":{"rendered":"<h3 class=\"wp-block-heading\">Sp\u00e9cifications de la machine de rev\u00eatement PVD pour la quincaillerie en fer :<\/h3>\n\n\n\n<figure class=\"wp-block-table\"><table class=\"has-fixed-layout\"><tbody><tr><td><strong>Num\u00e9ro de mod\u00e8le<\/strong><\/td><td><strong>Dimensions L x H (mm)<\/strong><\/td><td><strong>Vide ultime (Pa)<\/strong><\/td><td><strong>Temps de pompage (min)<\/strong><\/td><td><strong>Puissance totale (kW)<\/strong><\/td><\/tr><tr><td>ZZ1214<\/td><td>1200 x 1400 mm<\/td><td>\u22648\u00d710-\u2074<\/td><td>\uff1c5<\/td><td>35<\/td><\/tr><tr><td>ZZ1416<\/td><td>1400 x 1600 mm<\/td><td>\u22648\u00d710-\u2074<\/td><td>\uff1c5<\/td><td>65<\/td><\/tr><tr><td>ZZ1618<\/td><td>1600 x 1800 mm<\/td><td>\u22648\u00d710-\u2074<\/td><td>\uff1c5<\/td><td>75<\/td><\/tr><tr><td>ZZ1820<\/td><td>1800*2000 mm<\/td><td>\u22648\u00d710-\u2074<\/td><td>\uff1c5<\/td><td>90<\/td><\/tr><tr><td>ZZ2020<\/td><td>2000*2000 mm<\/td><td>\u22648\u00d710-\u2074<\/td><td>\uff1c5<\/td><td>105<\/td><\/tr><\/tbody><\/table><\/figure>\n\n\n\n<p><strong>*Les sp\u00e9cifications de l'\u00e9quipement peuvent \u00eatre personnalis\u00e9es selon les besoins du client.<\/strong><\/p>\n\n\n\n<div class=\"wp-block-columns is-layout-flex wp-container-core-columns-is-layout-9d6595d7 wp-block-columns-is-layout-flex\">\n<div class=\"wp-block-column is-layout-flow wp-block-column-is-layout-flow\">\n<figure class=\"wp-block-image size-full\"><img decoding=\"async\" width=\"760\" height=\"760\" src=\"https:\/\/www.cgvacuum.com\/wp-content\/uploads\/2026\/03\/PVD-Coating-Machine-for-Iron-Hardware-Coating-Evaporation-Vacuum-Coating-Machine-Custom.webp\" alt=\"Machine de rev\u00eatement PVD pour quincaillerie en fer, Machine de rev\u00eatement sous vide par \u00e9vaporation sur mesure\" class=\"wp-image-1378\" srcset=\"https:\/\/www.cgvacuum.com\/wp-content\/uploads\/2026\/03\/PVD-Coating-Machine-for-Iron-Hardware-Coating-Evaporation-Vacuum-Coating-Machine-Custom.webp 760w, https:\/\/www.cgvacuum.com\/wp-content\/uploads\/2026\/03\/PVD-Coating-Machine-for-Iron-Hardware-Coating-Evaporation-Vacuum-Coating-Machine-Custom-300x300.webp 300w, https:\/\/www.cgvacuum.com\/wp-content\/uploads\/2026\/03\/PVD-Coating-Machine-for-Iron-Hardware-Coating-Evaporation-Vacuum-Coating-Machine-Custom-150x150.webp 150w, https:\/\/www.cgvacuum.com\/wp-content\/uploads\/2026\/03\/PVD-Coating-Machine-for-Iron-Hardware-Coating-Evaporation-Vacuum-Coating-Machine-Custom-12x12.webp 12w, https:\/\/www.cgvacuum.com\/wp-content\/uploads\/2026\/03\/PVD-Coating-Machine-for-Iron-Hardware-Coating-Evaporation-Vacuum-Coating-Machine-Custom-600x600.webp 600w, https:\/\/www.cgvacuum.com\/wp-content\/uploads\/2026\/03\/PVD-Coating-Machine-for-Iron-Hardware-Coating-Evaporation-Vacuum-Coating-Machine-Custom-100x100.webp 100w\" sizes=\"(max-width: 760px) 100vw, 760px\" \/><\/figure>\n<\/div>\n\n\n\n<div class=\"wp-block-column is-layout-flow wp-block-column-is-layout-flow\">\n<h3 class=\"wp-block-heading\">Caract\u00e9ristiques de la machine de rev\u00eatement PVD pour la quincaillerie en fer :<\/h3>\n\n\n\n<p><strong>Technologie de rev\u00eatement par \u00e9vaporation \u00e0 haut rendement<\/strong>: L'\u00e9vaporation thermique avanc\u00e9e permet un d\u00e9p\u00f4t stable de vapeur m\u00e9tallique et un rev\u00eatement uniforme sur les composants en fer et en acier.<\/p>\n\n\n\n<p><strong>Excellente adh\u00e9rence sur les supports en fer :<\/strong> Un environnement sous vide optimis\u00e9 et un processus de nettoyage ionique am\u00e9liorent l'adh\u00e9rence du rev\u00eatement, garantissant des finitions durables sur le mat\u00e9riel en fer.<\/p>\n\n\n\n<p><strong>Rev\u00eatements d\u00e9coratifs et fonctionnels :<\/strong> Capable de d\u00e9poser des rev\u00eatements TiN, ZrN, Cr et autres pour obtenir des couleurs d\u00e9coratives telles que l'or, le noir, l'or rose et des effets arc-en-ciel, tout en am\u00e9liorant la r\u00e9sistance \u00e0 l'usure et \u00e0 la corrosion.<\/p>\n\n\n\n<p><strong>Finition de surface uniforme et de haute qualit\u00e9<\/strong>: Le contr\u00f4le pr\u00e9cis de la pression du vide et du taux d'\u00e9vaporation garantit une \u00e9paisseur de rev\u00eatement constante et un aspect de surface lisse.<\/p>\n\n\n\n<p><strong>Large application pour les produits m\u00e9talliques<\/strong>: Convient pour les ferrures, les accessoires de meubles, les poign\u00e9es de porte, les outils, les pi\u00e8ces d\u00e9coratives automobiles et d'autres composants m\u00e9talliques.<\/p>\n\n\n\n<p><strong>Conception d'un syst\u00e8me de vide stable<\/strong>: \u00c9quip\u00e9 d'un syst\u00e8me de pompage \u00e0 vide fiable et d'un syst\u00e8me de contr\u00f4le avanc\u00e9 pour garantir un fonctionnement stable et une efficacit\u00e9 \u00e9lev\u00e9e du rev\u00eatement.<\/p>\n\n\n\n<p><strong>Configuration personnalisable de l'\u00e9quipement<\/strong>: La taille de la chambre, les sources d'\u00e9vaporation et le niveau d'automatisation peuvent \u00eatre personnalis\u00e9s en fonction de la capacit\u00e9 de production et des exigences en mati\u00e8re de rev\u00eatement.<\/p>\n<\/div>\n<\/div>","protected":false},"excerpt":{"rendered":"<p>La machine de rev\u00eatement PVD pour quincaillerie en fer utilise une technologie d'\u00e9vaporation avanc\u00e9e pour cr\u00e9er des rev\u00eatements de haute qualit\u00e9 sur les composants en fer et en acier, am\u00e9liorant ainsi l'apparence, l'adh\u00e9rence et la r\u00e9sistance \u00e0 la corrosion. Des services ODM\/OEM sont disponibles. Contactez CGVAC pour des solutions personnalis\u00e9es et des tarifs.\u00a0<\/p>\n<h2>Param\u00e8tres techniques :<\/h2>\n<table border=\"0\" width=\"973\" cellspacing=\"0\" cellpadding=\"0\">\n<tbody>\n<tr>\n<td width=\"202\" height=\"22\"><strong>Mat\u00e9riaux cibles<\/strong><\/td>\n<td width=\"771\">Fil d'aluminium, Cu, Ag, Cr (thermique), m\u00e9taux d\u00e9coratifs<\/td>\n<\/tr>\n<tr>\n<td height=\"22\"><strong>Technologie de rev\u00eatement<\/strong><\/td>\n<td>Rev\u00eatement sous vide par \u00e9vaporation<\/td>\n<\/tr>\n<tr>\n<td height=\"22\"><strong>Films fonctionnels et optiques<\/strong><\/td>\n<td>Principalement destin\u00e9 aux rev\u00eatements d\u00e9coratifs, il peut \u00eatre int\u00e9gr\u00e9 \u00e0 un rev\u00eatement UV ou \u00e0 des couches pulv\u00e9ris\u00e9es.<\/td>\n<\/tr>\n<tr>\n<td height=\"22\"><strong>Composants essentiels<\/strong><\/td>\n<td>Cible d'arc, syst\u00e8me de commande, pompe<\/td>\n<\/tr>\n<tr>\n<td height=\"22\"><strong>Application<\/strong><\/td>\n<td>Quincaillerie en fer, plastique, c\u00e9ramique quotidienne, verre, bijoux et perles<\/td>\n<\/tr>\n<tr>\n<td height=\"22\"><strong>Personnalisation<\/strong><\/td>\n<td>Taille, mat\u00e9riau cible, couleur, conception de l'appareil et plan de traitement personnalis\u00e9s<\/td>\n<\/tr>\n<tr>\n<td height=\"22\"><strong>Service<\/strong><\/td>\n<td>Rapports d'essais m\u00e9caniques\/\u00e9chantillons, inspection vid\u00e9o \u00e0 la sortie et conseils techniques.<\/td>\n<\/tr>\n<\/tbody>\n<\/table>\n<p>&nbsp;<\/p>","protected":false},"featured_media":1378,"comment_status":"closed","ping_status":"closed","template":"","meta":{"_acf_changed":true},"application":[],"product_brand":[],"product_cat":[21],"product_tag":[],"class_list":{"0":"post-1377","1":"product","2":"type-product","3":"status-publish","4":"has-post-thumbnail","6":"product_cat-evaporation-vacuum-coating-machine","8":"first","9":"instock","10":"shipping-taxable","11":"product-type-simple"},"acf":[],"_links":{"self":[{"href":"https:\/\/www.cgvacuum.com\/fr\/wp-json\/wp\/v2\/product\/1377","targetHints":{"allow":["GET"]}}],"collection":[{"href":"https:\/\/www.cgvacuum.com\/fr\/wp-json\/wp\/v2\/product"}],"about":[{"href":"https:\/\/www.cgvacuum.com\/fr\/wp-json\/wp\/v2\/types\/product"}],"replies":[{"embeddable":true,"href":"https:\/\/www.cgvacuum.com\/fr\/wp-json\/wp\/v2\/comments?post=1377"}],"wp:featuredmedia":[{"embeddable":true,"href":"https:\/\/www.cgvacuum.com\/fr\/wp-json\/wp\/v2\/media\/1378"}],"wp:attachment":[{"href":"https:\/\/www.cgvacuum.com\/fr\/wp-json\/wp\/v2\/media?parent=1377"}],"wp:term":[{"taxonomy":"application","embeddable":true,"href":"https:\/\/www.cgvacuum.com\/fr\/wp-json\/wp\/v2\/application?post=1377"},{"taxonomy":"product_brand","embeddable":true,"href":"https:\/\/www.cgvacuum.com\/fr\/wp-json\/wp\/v2\/product_brand?post=1377"},{"taxonomy":"product_cat","embeddable":true,"href":"https:\/\/www.cgvacuum.com\/fr\/wp-json\/wp\/v2\/product_cat?post=1377"},{"taxonomy":"product_tag","embeddable":true,"href":"https:\/\/www.cgvacuum.com\/fr\/wp-json\/wp\/v2\/product_tag?post=1377"}],"curies":[{"name":"wp","href":"https:\/\/api.w.org\/{rel}","templated":true}]}}