{"id":1327,"date":"2026-02-05T08:23:19","date_gmt":"2026-02-05T08:23:19","guid":{"rendered":"https:\/\/www.cgvacuum.com\/?post_type=product&#038;p=1327"},"modified":"2026-02-05T08:55:37","modified_gmt":"2026-02-05T08:55:37","slug":"pvd-coating-machine-for-furniture","status":"publish","type":"product","link":"https:\/\/www.cgvacuum.com\/fr\/produit\/pvd-coating-machine-for-furniture\/","title":{"rendered":"Machine de rev\u00eatement PVD pour meubles, Machine de rev\u00eatement sous vide ionique multi-arc Chine"},"content":{"rendered":"<h3 class=\"wp-block-heading\">Sp\u00e9cifications de la machine de rev\u00eatement PVD pour meubles :<\/h3>\n\n\n\n<figure class=\"wp-block-table\"><table><tbody><tr><td><strong>Num\u00e9ro de mod\u00e8le<\/strong><\/td><td><strong>Dimensions L x H (mm)<\/strong><\/td><td><strong>Vide ultime (Pa)<\/strong><\/td><td><strong>Temps de pompage (min)<\/strong>)<\/td><td><strong>Objectifs (PCS)<\/strong><\/td><td><strong>Puissance totale (kW)<\/strong><\/td><\/tr><tr><td>DZ1214<\/td><td>1200 x 1400 mm<\/td><td>\u22648\u00d710-\u2074<\/td><td>\uff1c5<\/td><td>10<\/td><td>50<\/td><\/tr><tr><td>DZ1416<\/td><td>1400 x 1600 mm<\/td><td>\u22648\u00d710-\u2074<\/td><td>\uff1c5<\/td><td>14<\/td><td>60<\/td><\/tr><tr><td>DZ1618<\/td><td>1600 x 1800 mm<\/td><td>\u22648\u00d710-\u2074<\/td><td>\uff1c5<\/td><td>21<\/td><td>80<\/td><\/tr><tr><td>DZ1818<\/td><td>1800 x 1800 mm<\/td><td>\u22648\u00d710-\u2074<\/td><td>\uff1c5<\/td><td>28<\/td><td>110<\/td><\/tr><tr><td>DZ2118<\/td><td>2100 x 1800 mm<\/td><td>\u22648\u00d710-\u2074<\/td><td>\uff1c5<\/td><td>32<\/td><td>120<\/td><\/tr><\/tbody><\/table><\/figure>\n\n\n\n<p><strong>*Les sp\u00e9cifications de l'\u00e9quipement peuvent \u00eatre personnalis\u00e9es selon les exigences du client. La hauteur ou la profondeur peut varier de 600 mm \u00e0 10 000 mm.<\/strong><\/p>\n\n\n\n<div class=\"wp-block-columns is-layout-flex wp-container-core-columns-is-layout-9d6595d7 wp-block-columns-is-layout-flex\">\n<div class=\"wp-block-column is-layout-flow wp-block-column-is-layout-flow\">\n<figure class=\"wp-block-image size-full\"><img decoding=\"async\" width=\"800\" height=\"800\" src=\"https:\/\/www.cgvacuum.com\/wp-content\/uploads\/2026\/02\/pvd-coating-machine-for-furniture-multi-arc-ion-vacuum-coating-machine.webp\" alt=\"Machine de rev\u00eatement pvd pour meubles Machine de rev\u00eatement sous vide \u00e0 arc multiple\" class=\"wp-image-1326\" srcset=\"https:\/\/www.cgvacuum.com\/wp-content\/uploads\/2026\/02\/pvd-coating-machine-for-furniture-multi-arc-ion-vacuum-coating-machine.webp 800w, https:\/\/www.cgvacuum.com\/wp-content\/uploads\/2026\/02\/pvd-coating-machine-for-furniture-multi-arc-ion-vacuum-coating-machine-300x300.webp 300w, https:\/\/www.cgvacuum.com\/wp-content\/uploads\/2026\/02\/pvd-coating-machine-for-furniture-multi-arc-ion-vacuum-coating-machine-150x150.webp 150w, https:\/\/www.cgvacuum.com\/wp-content\/uploads\/2026\/02\/pvd-coating-machine-for-furniture-multi-arc-ion-vacuum-coating-machine-768x768.webp 768w, https:\/\/www.cgvacuum.com\/wp-content\/uploads\/2026\/02\/pvd-coating-machine-for-furniture-multi-arc-ion-vacuum-coating-machine-12x12.webp 12w, https:\/\/www.cgvacuum.com\/wp-content\/uploads\/2026\/02\/pvd-coating-machine-for-furniture-multi-arc-ion-vacuum-coating-machine-600x600.webp 600w, https:\/\/www.cgvacuum.com\/wp-content\/uploads\/2026\/02\/pvd-coating-machine-for-furniture-multi-arc-ion-vacuum-coating-machine-100x100.webp 100w\" sizes=\"(max-width: 800px) 100vw, 800px\" \/><\/figure>\n<\/div>\n\n\n\n<div class=\"wp-block-column is-layout-flow wp-block-column-is-layout-flow\">\n<h3 class=\"wp-block-heading\">Caract\u00e9ristiques de la machine de rev\u00eatement PVD pour meubles :<\/h3>\n\n\n\n<p><strong>Technologie avanc\u00e9e de d\u00e9p\u00f4t en phase vapeur (PVD) par ionisation multi-arc<\/strong>: Il garantit des rev\u00eatements uniformes et tr\u00e8s adh\u00e9rents, emp\u00eachant le d\u00e9collement, m\u00eame sur les surfaces de meubles fr\u00e9quemment utilis\u00e9es.<\/p>\n\n\n\n<p><strong>R\u00e9sistant \u00e0 l'usure et \u00e0 la corrosion :<\/strong> Les films PVD offrent une excellente durabilit\u00e9 et une r\u00e9sistance \u00e0 la corrosion, prolongeant la dur\u00e9e de vie de l'acier inoxydable, de l'aluminium et des pi\u00e8ces de mobilier en m\u00e9tal tout en r\u00e9duisant les co\u00fbts d'entretien.<\/p>\n\n\n\n<p><strong>Richesse des couleurs et attrait d\u00e9coratif :<\/strong> Il prend en charge une large gamme de couleurs d\u00e9coratives telles que l'or, le noir et le champagne, parfaites pour les designs de meubles modernes et pour am\u00e9liorer l'esth\u00e9tique et la valeur des produits.<\/p>\n\n\n\n<p><strong>Processus respectueux de l'environnement :<\/strong> Rev\u00eatement PVD enti\u00e8rement sous vide, sans eaux us\u00e9es chimiques ni solvants nocifs, conforme aux normes environnementales internationales.<\/p>\n\n\n\n<p><strong>Efficacit\u00e9 \u00e9lev\u00e9e pour la production de masse :<\/strong> Permet une production automatis\u00e9e par lots, id\u00e9ale pour les fabricants de meubles \u00e0 la recherche d'une production stable et efficace et d'une r\u00e9duction des co\u00fbts.<\/p>\n\n\n\n<p><strong>Solutions de machines PVD flexibles CGVAC : <\/strong>L'\u00e9quipement peut \u00eatre personnalis\u00e9 en fonction de la taille, de la forme, du mat\u00e9riau et de la garantie de rev\u00eatement des meubles ; les produits de rev\u00eatement de meubles conviennent \u00e0 divers meubles.<\/p>\n<\/div>\n<\/div>","protected":false},"excerpt":{"rendered":"<p data-start=\"2608\" data-end=\"2931\">Machine de rev\u00eatement ionique PVD \u00e0 arc multiple CGVAC \u00e0 haut rendement pour meubles, offrant des finitions r\u00e9sistantes \u00e0 l'usure, \u00e0 la corrosion et color\u00e9es. Respectueuse de l'environnement, \u00e9volutive et personnalisable. Contactez-nous pour une solution personnalis\u00e9e de machine de rev\u00eatement sous vide !<\/p>\n<h2>Param\u00e8tres techniques :<\/h2>\n<table width=\"973\">\n<tbody>\n<tr>\n<td width=\"202\"><strong>Mat\u00e9riaux cibles<\/strong><\/td>\n<td width=\"771\">Titane (Ti), chrome (Cr), zirconium (Zr), TiAl, Ni, Cu, Al, Fe, etc.<\/td>\n<\/tr>\n<tr>\n<td><strong>Gaz industriels<\/strong><\/td>\n<td>Argon (Ar), azote (N\u2082), ac\u00e9tyl\u00e8ne (C\u2082H\u2082), oxyg\u00e8ne (O\u2082)<\/td>\n<\/tr>\n<tr>\n<td><strong>Technologie de rev\u00eatement<\/strong><\/td>\n<td>Rev\u00eatement ionique sous vide \u00e0 plusieurs arcs<\/td>\n<\/tr>\n<tr>\n<td><strong>Couleur du rev\u00eatement<\/strong><\/td>\n<td>Argent titane, or, or rose, violet, bleu saphir, perle, ambre, gris fonc\u00e9, noir chrome et multicolore<\/td>\n<\/tr>\n<tr>\n<td><strong>Rev\u00eatements fonctionnels<\/strong><\/td>\n<td>TiN, TiCN, CrN, ZrN, TiAlN, CrAlN, DLC et autres rev\u00eatements durs et r\u00e9sistants \u00e0 l'usure.<\/td>\n<\/tr>\n<tr>\n<td><strong>Composants essentiels<\/strong><\/td>\n<td>Cible d'arc, syst\u00e8me de commande, pompe<\/td>\n<\/tr>\n<tr>\n<td><strong>Application<\/strong><\/td>\n<td>Acier inoxydable, m\u00e9tal, articles sanitaires, vaisselle en c\u00e9ramique, bijoux, verre, carreaux<\/td>\n<\/tr>\n<tr>\n<td><strong>Personnalisation<\/strong><\/td>\n<td>Taille, mat\u00e9riau cible, couleur, conception de l'appareil et plan de traitement personnalis\u00e9s<\/td>\n<\/tr>\n<tr>\n<td><strong>Service<\/strong><\/td>\n<td>Rapports d'essais m\u00e9caniques\/\u00e9chantillons, inspection vid\u00e9o \u00e0 la sortie et conseils techniques.<\/td>\n<\/tr>\n<\/tbody>\n<\/table>\n<p>&nbsp;<\/p>","protected":false},"featured_media":1326,"comment_status":"closed","ping_status":"closed","template":"","meta":{"_acf_changed":true},"application":[26],"product_brand":[],"product_cat":[19],"product_tag":[],"class_list":{"0":"post-1327","1":"product","2":"type-product","3":"status-publish","4":"has-post-thumbnail","6":"application-stainless-steel-pvd-coating-machine","7":"product_cat-multi-arc-ion-vacuum-coating-machine","9":"first","10":"instock","11":"shipping-taxable","12":"product-type-simple"},"acf":[],"_links":{"self":[{"href":"https:\/\/www.cgvacuum.com\/fr\/wp-json\/wp\/v2\/product\/1327","targetHints":{"allow":["GET"]}}],"collection":[{"href":"https:\/\/www.cgvacuum.com\/fr\/wp-json\/wp\/v2\/product"}],"about":[{"href":"https:\/\/www.cgvacuum.com\/fr\/wp-json\/wp\/v2\/types\/product"}],"replies":[{"embeddable":true,"href":"https:\/\/www.cgvacuum.com\/fr\/wp-json\/wp\/v2\/comments?post=1327"}],"wp:featuredmedia":[{"embeddable":true,"href":"https:\/\/www.cgvacuum.com\/fr\/wp-json\/wp\/v2\/media\/1326"}],"wp:attachment":[{"href":"https:\/\/www.cgvacuum.com\/fr\/wp-json\/wp\/v2\/media?parent=1327"}],"wp:term":[{"taxonomy":"application","embeddable":true,"href":"https:\/\/www.cgvacuum.com\/fr\/wp-json\/wp\/v2\/application?post=1327"},{"taxonomy":"product_brand","embeddable":true,"href":"https:\/\/www.cgvacuum.com\/fr\/wp-json\/wp\/v2\/product_brand?post=1327"},{"taxonomy":"product_cat","embeddable":true,"href":"https:\/\/www.cgvacuum.com\/fr\/wp-json\/wp\/v2\/product_cat?post=1327"},{"taxonomy":"product_tag","embeddable":true,"href":"https:\/\/www.cgvacuum.com\/fr\/wp-json\/wp\/v2\/product_tag?post=1327"}],"curies":[{"name":"wp","href":"https:\/\/api.w.org\/{rel}","templated":true}]}}