{"id":1324,"date":"2026-02-05T07:23:30","date_gmt":"2026-02-05T07:23:30","guid":{"rendered":"https:\/\/www.cgvacuum.com\/?post_type=product&#038;p=1324"},"modified":"2026-02-05T08:22:44","modified_gmt":"2026-02-05T08:22:44","slug":"door-handle-pvd-coating-machine","status":"publish","type":"product","link":"https:\/\/www.cgvacuum.com\/fr\/produit\/door-handle-pvd-coating-machine\/","title":{"rendered":"Machine de rev\u00eatement PVD pour poign\u00e9e de porte, Machine de rev\u00eatement sous vide ionique multi-arc pour acier inoxydable"},"content":{"rendered":"<h3 class=\"wp-block-heading\">Sp\u00e9cifications de la machine de rev\u00eatement PVD pour poign\u00e9es de porte :<\/h3>\n\n\n\n<figure class=\"wp-block-table\"><table><tbody><tr><td><strong>Num\u00e9ro de mod\u00e8le<\/strong><\/td><td><strong>Dimensions L x H (mm)<\/strong><\/td><td><strong>Vide ultime (Pa)<\/strong><\/td><td><strong>Temps de pompage (min)<\/strong>)<\/td><td><strong>Objectifs (PCS)<\/strong><\/td><td><strong>Puissance totale (kW)<\/strong><\/td><\/tr><tr><td>DZ1214<\/td><td>1200 x 1400 mm<\/td><td>\u22648\u00d710-\u2074<\/td><td>\uff1c5<\/td><td>10<\/td><td>50<\/td><\/tr><tr><td>DZ1416<\/td><td>1400 x 1600 mm<\/td><td>\u22648\u00d710-\u2074<\/td><td>\uff1c5<\/td><td>14<\/td><td>60<\/td><\/tr><tr><td>DZ1618<\/td><td>1600 x 1800 mm<\/td><td>\u22648\u00d710-\u2074<\/td><td>\uff1c5<\/td><td>21<\/td><td>80<\/td><\/tr><tr><td>DZ1818<\/td><td>1800 x 1800 mm<\/td><td>\u22648\u00d710-\u2074<\/td><td>\uff1c5<\/td><td>28<\/td><td>110<\/td><\/tr><tr><td>DZ2118<\/td><td>2100 x 1800 mm<\/td><td>\u22648\u00d710-\u2074<\/td><td>\uff1c5<\/td><td>32<\/td><td>120<\/td><\/tr><\/tbody><\/table><\/figure>\n\n\n\n<p><strong>*Les sp\u00e9cifications de l'\u00e9quipement peuvent \u00eatre personnalis\u00e9es selon les exigences du client. La hauteur ou la profondeur peut varier de 600 mm \u00e0 10 000 mm.<\/strong><\/p>\n\n\n\n<div class=\"wp-block-columns is-layout-flex wp-container-core-columns-is-layout-9d6595d7 wp-block-columns-is-layout-flex\">\n<div class=\"wp-block-column is-layout-flow wp-block-column-is-layout-flow\">\n<figure class=\"wp-block-image size-full\"><img decoding=\"async\" width=\"760\" height=\"760\" src=\"https:\/\/www.cgvacuum.com\/wp-content\/uploads\/2026\/02\/door-handle-pvd-coating-machine-multi-arc-ion-vacuum-coating-machine.webp\" alt=\"machine de rev\u00eatement pvd pour poign\u00e9es de porte machine de rev\u00eatement ionique sous vide \u00e0 arc multiple\" class=\"wp-image-1325\" srcset=\"https:\/\/www.cgvacuum.com\/wp-content\/uploads\/2026\/02\/door-handle-pvd-coating-machine-multi-arc-ion-vacuum-coating-machine.webp 760w, https:\/\/www.cgvacuum.com\/wp-content\/uploads\/2026\/02\/door-handle-pvd-coating-machine-multi-arc-ion-vacuum-coating-machine-300x300.webp 300w, https:\/\/www.cgvacuum.com\/wp-content\/uploads\/2026\/02\/door-handle-pvd-coating-machine-multi-arc-ion-vacuum-coating-machine-150x150.webp 150w, https:\/\/www.cgvacuum.com\/wp-content\/uploads\/2026\/02\/door-handle-pvd-coating-machine-multi-arc-ion-vacuum-coating-machine-12x12.webp 12w, https:\/\/www.cgvacuum.com\/wp-content\/uploads\/2026\/02\/door-handle-pvd-coating-machine-multi-arc-ion-vacuum-coating-machine-600x600.webp 600w, https:\/\/www.cgvacuum.com\/wp-content\/uploads\/2026\/02\/door-handle-pvd-coating-machine-multi-arc-ion-vacuum-coating-machine-100x100.webp 100w\" sizes=\"(max-width: 760px) 100vw, 760px\" \/><\/figure>\n<\/div>\n\n\n\n<div class=\"wp-block-column is-layout-flow wp-block-column-is-layout-flow\">\n<h3 class=\"wp-block-heading\">Caract\u00e9ristiques de la machine de rev\u00eatement PVD pour poign\u00e9es de porte :<\/h3>\n\n\n\n<p><strong>Compatible avec plusieurs qualit\u00e9s d'acier inoxydable<\/strong>: Convient aux poign\u00e9es de porte en acier inoxydable 304 et 316 ; le pr\u00e9traitement garantit des finitions d\u00e9coratives de haute qualit\u00e9.<\/p>\n\n\n\n<p><strong>Rev\u00eatements \u00e0 haute adh\u00e9rence<\/strong>: Utilise la technologie PVD multi-arc ionique pour former un film fonctionnel dense et uniforme sur les poign\u00e9es de porte en acier inoxydable, am\u00e9liorant ainsi la r\u00e9sistance \u00e0 l'usure et la protection contre les rayures.<\/p>\n\n\n\n<p><strong>Des options de couleurs riches<\/strong>: Les finitions or, or champagne, or rose, gunmetal, noir et arc-en-ciel permettent de r\u00e9pondre \u00e0 diverses exigences en mati\u00e8re de design.<\/p>\n\n\n\n<p><strong>Contr\u00f4le pr\u00e9cis des processus<\/strong>: La gestion avanc\u00e9e de l'alimentation \u00e9lectrique et du flux de gaz garantit une \u00e9paisseur de film uniforme, une couleur stable et une grande uniformit\u00e9 d'un lot \u00e0 l'autre.<\/p>\n\n\n\n<p><strong>Production en grande s\u00e9rie<\/strong>: Les montages rotatifs multipostes et les grandes chambres \u00e0 vide permettent une production continue par lots, am\u00e9liorant l'efficacit\u00e9 et r\u00e9duisant le co\u00fbt unitaire.<\/p>\n\n\n\n<p><strong>Proc\u00e9d\u00e9 respectueux de l'environnement<\/strong>: Le rev\u00eatement sous vide ne n\u00e9cessite pas de solutions chimiques, ne produit pas d'eaux us\u00e9es et ne laisse pas de r\u00e9sidus nocifs, ce qui est tout \u00e0 fait conforme aux normes environnementales internationales.<\/p>\n\n\n\n<p><strong>Convivialit\u00e9 et facilit\u00e9 d'entretien<\/strong>: Syst\u00e8me hautement automatis\u00e9 avec interface intuitive, support de maintenance complet, r\u00e9duisant la main d'\u0153uvre et la complexit\u00e9 op\u00e9rationnelle.<\/p>\n<\/div>\n<\/div>","protected":false},"excerpt":{"rendered":"<p data-start=\"2608\" data-end=\"2931\">Professionnel <strong data-start=\"119\" data-end=\"154\">Machine de rev\u00eatement PVD pour poign\u00e9es de porte<\/strong> avec <strong data-start=\"160\" data-end=\"188\">technologie ionique \u00e0 arc multiple<\/strong> pour une forte adh\u00e9rence, une r\u00e9sistance \u00e0 l'usure et \u00e0 la corrosion, des couleurs \u00e9clatantes et un fonctionnement \u00e9cologique \u00e0 haut rendement. Id\u00e9al pour la production de masse. Contactez-nous pour un <strong data-start=\"360\" data-end=\"395\">solution personnalis\u00e9e de rev\u00eatement PVD<\/strong>!<\/p>\n<h2>Param\u00e8tres techniques :<\/h2>\n<table width=\"973\">\n<tbody>\n<tr>\n<td width=\"202\"><strong>Mat\u00e9riaux cibles<\/strong><\/td>\n<td width=\"771\">Titane (Ti), chrome (Cr), zirconium (Zr), TiAl, Ni, Cu, Al, Fe, etc.<\/td>\n<\/tr>\n<tr>\n<td><strong>Gaz industriels<\/strong><\/td>\n<td>Argon (Ar), azote (N\u2082), ac\u00e9tyl\u00e8ne (C\u2082H\u2082), oxyg\u00e8ne (O\u2082)<\/td>\n<\/tr>\n<tr>\n<td><strong>Technologie de rev\u00eatement<\/strong><\/td>\n<td>Rev\u00eatement ionique sous vide \u00e0 plusieurs arcs<\/td>\n<\/tr>\n<tr>\n<td><strong>Couleur du rev\u00eatement<\/strong><\/td>\n<td>Argent titane, or, or rose, violet, bleu saphir, perle, ambre, gris fonc\u00e9, noir chrome et multicolore<\/td>\n<\/tr>\n<tr>\n<td><strong>Rev\u00eatements fonctionnels<\/strong><\/td>\n<td>TiN, TiCN, CrN, ZrN, TiAlN, CrAlN, DLC et autres rev\u00eatements durs et r\u00e9sistants \u00e0 l'usure.<\/td>\n<\/tr>\n<tr>\n<td><strong>Composants essentiels<\/strong><\/td>\n<td>Cible d'arc, syst\u00e8me de commande, pompe<\/td>\n<\/tr>\n<tr>\n<td><strong>Application<\/strong><\/td>\n<td>Acier inoxydable, m\u00e9tal, articles sanitaires, vaisselle en c\u00e9ramique, bijoux, verre, carreaux<\/td>\n<\/tr>\n<tr>\n<td><strong>Personnalisation<\/strong><\/td>\n<td>Taille, mat\u00e9riau cible, couleur, conception de l'appareil et plan de traitement personnalis\u00e9s<\/td>\n<\/tr>\n<tr>\n<td><strong>Service<\/strong><\/td>\n<td>Rapports d'essais m\u00e9caniques\/\u00e9chantillons, inspection vid\u00e9o \u00e0 la sortie et conseils techniques.<\/td>\n<\/tr>\n<\/tbody>\n<\/table>\n<p>&nbsp;<\/p>","protected":false},"featured_media":1325,"comment_status":"closed","ping_status":"closed","template":"","meta":{"_acf_changed":true},"application":[26],"product_brand":[],"product_cat":[19],"product_tag":[],"class_list":{"0":"post-1324","1":"product","2":"type-product","3":"status-publish","4":"has-post-thumbnail","6":"application-stainless-steel-pvd-coating-machine","7":"product_cat-multi-arc-ion-vacuum-coating-machine","9":"first","10":"instock","11":"shipping-taxable","12":"product-type-simple"},"acf":[],"_links":{"self":[{"href":"https:\/\/www.cgvacuum.com\/fr\/wp-json\/wp\/v2\/product\/1324","targetHints":{"allow":["GET"]}}],"collection":[{"href":"https:\/\/www.cgvacuum.com\/fr\/wp-json\/wp\/v2\/product"}],"about":[{"href":"https:\/\/www.cgvacuum.com\/fr\/wp-json\/wp\/v2\/types\/product"}],"replies":[{"embeddable":true,"href":"https:\/\/www.cgvacuum.com\/fr\/wp-json\/wp\/v2\/comments?post=1324"}],"wp:featuredmedia":[{"embeddable":true,"href":"https:\/\/www.cgvacuum.com\/fr\/wp-json\/wp\/v2\/media\/1325"}],"wp:attachment":[{"href":"https:\/\/www.cgvacuum.com\/fr\/wp-json\/wp\/v2\/media?parent=1324"}],"wp:term":[{"taxonomy":"application","embeddable":true,"href":"https:\/\/www.cgvacuum.com\/fr\/wp-json\/wp\/v2\/application?post=1324"},{"taxonomy":"product_brand","embeddable":true,"href":"https:\/\/www.cgvacuum.com\/fr\/wp-json\/wp\/v2\/product_brand?post=1324"},{"taxonomy":"product_cat","embeddable":true,"href":"https:\/\/www.cgvacuum.com\/fr\/wp-json\/wp\/v2\/product_cat?post=1324"},{"taxonomy":"product_tag","embeddable":true,"href":"https:\/\/www.cgvacuum.com\/fr\/wp-json\/wp\/v2\/product_tag?post=1324"}],"curies":[{"name":"wp","href":"https:\/\/api.w.org\/{rel}","templated":true}]}}