{"id":1296,"date":"2026-01-20T03:22:03","date_gmt":"2026-01-20T03:22:03","guid":{"rendered":"https:\/\/www.cgvacuum.com\/?post_type=product&#038;p=1296"},"modified":"2026-01-20T03:45:44","modified_gmt":"2026-01-20T03:45:44","slug":"ceramics-pvd-vacuum-coating-machine","status":"publish","type":"product","link":"https:\/\/www.cgvacuum.com\/fr\/produit\/ceramics-pvd-vacuum-coating-machine\/","title":{"rendered":"CGVAC Machine de rev\u00eatement sous vide PVD pour c\u00e9ramiques pour des finitions c\u00e9ramiques de qualit\u00e9"},"content":{"rendered":"<h3 class=\"wp-block-heading\">Sp\u00e9cifications de la machine de rev\u00eatement sous vide PVD pour c\u00e9ramiques :<\/h3>\n\n\n\n<figure class=\"wp-block-table\"><table class=\"has-fixed-layout\"><tbody><tr><td><strong>Num\u00e9ro de mod\u00e8le<\/strong><\/td><td><strong>Dimension D*H (mm)<\/strong><\/td><td><strong>Vide ultime (Pa)<\/strong><\/td><td><strong>Temps de pompage (min)<\/strong><\/td><\/tr><tr><td>FC1214<\/td><td>1200 x 1400 mm<\/td><td>\uff1c8\u00d710\u207b\u2074<\/td><td>\uff1c5<\/td><\/tr><tr><td>FC1416<\/td><td>1400 x 1600 mm<\/td><td>\uff1c8\u00d710\u207b\u2074<\/td><td>\uff1c5<\/td><\/tr><tr><td>FC1618<\/td><td>1600 x 1800 mm<\/td><td>\uff1c8\u00d710\u207b\u2074<\/td><td>\uff1c5<\/td><\/tr><tr><td>FC1818<\/td><td>1800 x 1800 mm<\/td><td>\uff1c8\u00d710\u207b\u2074<\/td><td>\uff1c5<\/td><\/tr><tr><td>FC2018<\/td><td>2000*1800 mm<\/td><td>\uff1c8\u00d710\u207b\u2074<\/td><td>\uff1c5<\/td><\/tr><\/tbody><\/table><\/figure>\n\n\n\n<p><strong>*Les sp\u00e9cifications de l'\u00e9quipement peuvent \u00eatre personnalis\u00e9es selon les besoins du client.<\/strong><\/p>\n\n\n\n<div class=\"wp-block-columns is-layout-flex wp-container-core-columns-is-layout-9d6595d7 wp-block-columns-is-layout-flex\">\n<div class=\"wp-block-column is-layout-flow wp-block-column-is-layout-flow\"><div class=\"wp-block-image\">\n<figure class=\"aligncenter size-full\"><img decoding=\"async\" width=\"350\" height=\"350\" src=\"https:\/\/www.cgvacuum.com\/wp-content\/uploads\/2026\/01\/Ceramics-PVD-Vacuum-Coating-Machine-Manufacturer-in-China-CGVAC.webp\" alt=\"Machine d&#039;enduction sous vide PVD pour c\u00e9ramiques en Chine CGVAC\" class=\"wp-image-1294\" srcset=\"https:\/\/www.cgvacuum.com\/wp-content\/uploads\/2026\/01\/Ceramics-PVD-Vacuum-Coating-Machine-Manufacturer-in-China-CGVAC.webp 350w, https:\/\/www.cgvacuum.com\/wp-content\/uploads\/2026\/01\/Ceramics-PVD-Vacuum-Coating-Machine-Manufacturer-in-China-CGVAC-300x300.webp 300w, https:\/\/www.cgvacuum.com\/wp-content\/uploads\/2026\/01\/Ceramics-PVD-Vacuum-Coating-Machine-Manufacturer-in-China-CGVAC-150x150.webp 150w, https:\/\/www.cgvacuum.com\/wp-content\/uploads\/2026\/01\/Ceramics-PVD-Vacuum-Coating-Machine-Manufacturer-in-China-CGVAC-12x12.webp 12w, https:\/\/www.cgvacuum.com\/wp-content\/uploads\/2026\/01\/Ceramics-PVD-Vacuum-Coating-Machine-Manufacturer-in-China-CGVAC-100x100.webp 100w\" sizes=\"(max-width: 350px) 100vw, 350px\" \/><\/figure>\n<\/div><\/div>\n\n\n\n<div class=\"wp-block-column is-layout-flow wp-block-column-is-layout-flow\">\n<h3 class=\"wp-block-heading\">Caract\u00e9ristiques de la machine de rev\u00eatement sous vide PVD pour c\u00e9ramiques :<\/h3>\n\n\n\n<p><strong>Polyvalence multi-processus : <\/strong>Il prend en charge le placage ionique multiarc, la pulv\u00e9risation magn\u00e9tron et l'\u00e9vaporation, ce qui permet une s\u00e9lection souple des proc\u00e9d\u00e9s de rev\u00eatement pour diff\u00e9rents types de c\u00e9ramiques et d'effets d\u00e9coratifs.<\/p>\n\n\n\n<p><strong>Finitions homog\u00e8nes et \u00e9clatantes :<\/strong> Permet d'obtenir des rev\u00eatements m\u00e9talliques ou color\u00e9s lisses, uniformes et \u00e9clatants, garantissant un aspect de haute qualit\u00e9 sur des formes complexes et des lots de grande taille.<\/p>\n\n\n\n<p><strong>Film durable \u00e0 forte adh\u00e9rence :<\/strong> Les param\u00e8tres optimis\u00e9s du processus am\u00e9liorent l'adh\u00e9rence aux substrats c\u00e9ramiques, offrant une protection durable contre le d\u00e9collement, les rayures et l'usure quotidienne.<\/p>\n\n\n\n<p><strong>Production de masse \u00e0 haut rendement<\/strong>: La conception multi-stations et le chargement \u00e0 haute capacit\u00e9 augmentent le d\u00e9bit, r\u00e9duisent le temps de cycle et permettent une int\u00e9gration transparente dans les lignes de production de c\u00e9ramique existantes.<\/p>\n\n\n\n<p><strong>Applications c\u00e9ramiques \u00e9tendues : <\/strong>Elle convient pour la vaisselle d\u00e9corative, la c\u00e9ramique d'art, les carreaux et les composants sp\u00e9cialis\u00e9s. La plateforme est suffisamment polyvalente pour traiter les c\u00e9ramiques de tous les jours ainsi que les produits d\u00e9coratifs haut de gamme.<\/p>\n<\/div>\n<\/div>","protected":false},"excerpt":{"rendered":"<p>La machine de rev\u00eatement sous vide PVD pour c\u00e9ramiques CGVAC garantit des couleurs homog\u00e8nes, des films durables et une production de masse efficace. Des solutions directes pour les fabricants avec des installations personnalis\u00e9es.  Si vous avez besoin d'optimiser votre production de c\u00e9ramique, contactez-nous pour obtenir des sp\u00e9cifications.<\/p>\n<h2>Param\u00e8tres techniques :<\/h2>\n<table style=\"border-collapse: collapse; width: 729.77pt;\" border=\"0\" width=\"973\" cellspacing=\"0\" cellpadding=\"0\">\n<tbody>\n<tr style=\"height: 16.50pt;\">\n<td class=\"et4\" style=\"height: 16.50pt; width: 152.20pt;\" width=\"202\" height=\"22\"><strong>Mat\u00e9riaux cibles<\/strong><\/td>\n<td class=\"et5\" style=\"width: 578.25pt;\" width=\"771\">Titane (Ti), chrome (Cr), DLC \/ cibles de carbone, TiAl \/ TiSiN, syst\u00e8mes de nitrure de chrome \/ nitrure de titane<\/td>\n<\/tr>\n<tr style=\"height: 16.50pt;\">\n<td class=\"et4\" style=\"height: 16.50pt;\" height=\"22\"><strong>Gaz industriels<\/strong><\/td>\n<td class=\"et5\"><span class=\"font1\">Argon (Ar), azote (N<\/span><span class=\"font3\">\u2082<\/span><span class=\"font1\">), l'oxyg\u00e8ne (O<\/span><span class=\"font3\">\u2082<\/span><span class=\"font1\">), C<\/span><span class=\"font3\">\u2082<\/span><span class=\"font1\">H<\/span><span class=\"font3\">\u2082<\/span><span class=\"font1\">\/CH<\/span><span class=\"font3\">\u2084<\/span><span class=\"font1\">, M\u00e9langes de gaz sp\u00e9ciaux<\/span><\/td>\n<\/tr>\n<tr style=\"height: 16.50pt;\">\n<td class=\"et4\" style=\"height: 16.50pt;\" height=\"22\"><strong>Technologie de rev\u00eatement<\/strong><\/td>\n<td class=\"et5\">Pulv\u00e9risation magn\u00e9tron, arc ionique, \u00e9vaporation par faisceau d'\u00e9lectrons, CVD<\/td>\n<\/tr>\n<tr style=\"height: 16.50pt;\">\n<td class=\"et4\" style=\"height: 16.50pt;\" height=\"22\"><strong>Syst\u00e8mes de rev\u00eatement<\/strong><\/td>\n<td class=\"et5\">\n<p><span class=\"font1\">DLC, TCO, films anti-traces de doigts<br \/>Films optiques ITO, SiO\u2082, TiO\u2082<br \/>Rev\u00eatements anticorrosion, r\u00e9sistants \u00e0 l'usure et antireflets<\/span><\/p>\n<\/td>\n<\/tr>\n<tr style=\"height: 16.50pt;\">\n<td class=\"et4\" style=\"height: 16.50pt;\" height=\"22\"><strong>Composants essentiels<\/strong><\/td>\n<td class=\"et6\">Cible d'arc, syst\u00e8me de commande, pompe<\/td>\n<\/tr>\n<tr style=\"height: 16.50pt;\">\n<td class=\"et4\" style=\"height: 16.50pt;\" height=\"22\"><strong>Application<\/strong><\/td>\n<td class=\"et5\">\u00c9lectronique et optique, acier inoxydable, verre, plastiques, c\u00e9ramique<\/td>\n<\/tr>\n<tr style=\"height: 16.50pt;\">\n<td class=\"et4\" style=\"height: 16.50pt;\" height=\"22\"><strong>Personnalisation<\/strong><\/td>\n<td class=\"et6\">Taille, mat\u00e9riau cible, couleur, conception de l'appareil et plan de traitement personnalis\u00e9s<\/td>\n<\/tr>\n<tr style=\"height: 16.50pt;\">\n<td class=\"et4\" style=\"height: 16.50pt;\" height=\"22\"><strong>Service<\/strong><\/td>\n<td class=\"et6\">Rapports d'essais m\u00e9caniques\/\u00e9chantillons, inspection vid\u00e9o \u00e0 la sortie et conseils techniques.<\/td>\n<\/tr>\n<\/tbody>\n<\/table>\n<p>&nbsp;<\/p>\n<p>&nbsp;<\/p>","protected":false},"featured_media":1294,"comment_status":"closed","ping_status":"closed","template":"","meta":{"_acf_changed":true},"application":[27],"product_brand":[],"product_cat":[22],"product_tag":[],"class_list":{"0":"post-1296","1":"product","2":"type-product","3":"status-publish","4":"has-post-thumbnail","6":"application-daily-ceramics-pvd-coating-machine","7":"product_cat-functional-pvd-coating-machine","9":"first","10":"instock","11":"shipping-taxable","12":"product-type-simple"},"acf":[],"_links":{"self":[{"href":"https:\/\/www.cgvacuum.com\/fr\/wp-json\/wp\/v2\/product\/1296","targetHints":{"allow":["GET"]}}],"collection":[{"href":"https:\/\/www.cgvacuum.com\/fr\/wp-json\/wp\/v2\/product"}],"about":[{"href":"https:\/\/www.cgvacuum.com\/fr\/wp-json\/wp\/v2\/types\/product"}],"replies":[{"embeddable":true,"href":"https:\/\/www.cgvacuum.com\/fr\/wp-json\/wp\/v2\/comments?post=1296"}],"wp:featuredmedia":[{"embeddable":true,"href":"https:\/\/www.cgvacuum.com\/fr\/wp-json\/wp\/v2\/media\/1294"}],"wp:attachment":[{"href":"https:\/\/www.cgvacuum.com\/fr\/wp-json\/wp\/v2\/media?parent=1296"}],"wp:term":[{"taxonomy":"application","embeddable":true,"href":"https:\/\/www.cgvacuum.com\/fr\/wp-json\/wp\/v2\/application?post=1296"},{"taxonomy":"product_brand","embeddable":true,"href":"https:\/\/www.cgvacuum.com\/fr\/wp-json\/wp\/v2\/product_brand?post=1296"},{"taxonomy":"product_cat","embeddable":true,"href":"https:\/\/www.cgvacuum.com\/fr\/wp-json\/wp\/v2\/product_cat?post=1296"},{"taxonomy":"product_tag","embeddable":true,"href":"https:\/\/www.cgvacuum.com\/fr\/wp-json\/wp\/v2\/product_tag?post=1296"}],"curies":[{"name":"wp","href":"https:\/\/api.w.org\/{rel}","templated":true}]}}