{"id":1267,"date":"2026-01-09T03:04:48","date_gmt":"2026-01-09T03:04:48","guid":{"rendered":"https:\/\/www.cgvacuum.com\/?post_type=product&#038;p=1267"},"modified":"2026-01-20T02:02:19","modified_gmt":"2026-01-20T02:02:19","slug":"functional-pvd-coating-machine-for-glass","status":"publish","type":"product","link":"https:\/\/www.cgvacuum.com\/fr\/produit\/functional-pvd-coating-machine-for-glass\/","title":{"rendered":"Machine de rev\u00eatement PVD fonctionnelle pour le verre, machine de rev\u00eatement sous vide, fabricant en Chine"},"content":{"rendered":"<h3 class=\"wp-block-heading\">Sp\u00e9cifications de la machine de rev\u00eatement PVD fonctionnelle pour le verre :<\/h3>\n\n\n\n<figure class=\"wp-block-table\"><table class=\"has-fixed-layout\"><tbody><tr><td><strong>Num\u00e9ro de mod\u00e8le<\/strong><\/td><td><strong>Dimension D*H (mm)<\/strong><\/td><td><strong>Vide ultime (Pa)<\/strong><\/td><td><strong>Temps de pompage (min)<\/strong><\/td><\/tr><tr><td>FC1214<\/td><td>1200 x 1400 mm<\/td><td>\uff1c8\u00d710\u207b\u2074<\/td><td>\uff1c5<\/td><\/tr><tr><td>FC1416<\/td><td>1400 x 1600 mm<\/td><td>\uff1c8\u00d710\u207b\u2074<\/td><td>\uff1c5<\/td><\/tr><tr><td>FC1618<\/td><td>1600 x 1800 mm<\/td><td>\uff1c8\u00d710\u207b\u2074<\/td><td>\uff1c5<\/td><\/tr><tr><td>FC1818<\/td><td>1800 x 1800 mm<\/td><td>\uff1c8\u00d710\u207b\u2074<\/td><td>\uff1c5<\/td><\/tr><tr><td>FC2018<\/td><td>2000*1800 mm<\/td><td>\uff1c8\u00d710\u207b\u2074<\/td><td>\uff1c5<\/td><\/tr><\/tbody><\/table><\/figure>\n\n\n\n<p><strong>*Les sp\u00e9cifications de l'\u00e9quipement peuvent \u00eatre personnalis\u00e9es selon les besoins du client.<\/strong><\/p>\n\n\n\n<div class=\"wp-block-columns is-layout-flex wp-container-core-columns-is-layout-9d6595d7 wp-block-columns-is-layout-flex\">\n<div class=\"wp-block-column is-layout-flow wp-block-column-is-layout-flow\"><div class=\"wp-block-image\">\n<figure class=\"aligncenter size-full\"><img decoding=\"async\" width=\"680\" height=\"312\" src=\"https:\/\/www.cgvacuum.com\/wp-content\/uploads\/2026\/01\/Functional-PVD-Coating-Machine-for-Glass.webp\" alt=\"Machine de rev\u00eatement PVD fonctionnelle pour le verre\" class=\"wp-image-1270\" srcset=\"https:\/\/www.cgvacuum.com\/wp-content\/uploads\/2026\/01\/Functional-PVD-Coating-Machine-for-Glass.webp 680w, https:\/\/www.cgvacuum.com\/wp-content\/uploads\/2026\/01\/Functional-PVD-Coating-Machine-for-Glass-300x138.webp 300w, https:\/\/www.cgvacuum.com\/wp-content\/uploads\/2026\/01\/Functional-PVD-Coating-Machine-for-Glass-18x8.webp 18w, https:\/\/www.cgvacuum.com\/wp-content\/uploads\/2026\/01\/Functional-PVD-Coating-Machine-for-Glass-600x275.webp 600w\" sizes=\"(max-width: 680px) 100vw, 680px\" \/><\/figure>\n<\/div><\/div>\n\n\n\n<div class=\"wp-block-column is-layout-flow wp-block-column-is-layout-flow\">\n<h3 class=\"wp-block-heading\">Caract\u00e9ristiques de la machine de rev\u00eatement PVD fonctionnelle pour le verre :<\/h3>\n\n\n\n<p><strong>Int\u00e9gration multitechnologique : <\/strong>L'\u00e9quipement permet une configuration flexible de diverses technologies de rev\u00eatement PVD, y compris la pulv\u00e9risation magn\u00e9tron, l'\u00e9vaporation par faisceau d'\u00e9lectrons, le placage ionique multi-arc et les processus de d\u00e9p\u00f4t composite, ce qui permet de s\u00e9lectionner la solution optimale en fonction des diff\u00e9rentes applications du verre. Un seul syst\u00e8me peut r\u00e9pondre \u00e0 divers besoins de rev\u00eatement fonctionnel, tels que les films \u00e0 faible \u00e9missivit\u00e9, les films d\u00e9coratifs, les films AR, les films conducteurs et les films anti-empreintes digitales.<\/p>\n\n\n\n<p><strong>Processus de rev\u00eatement optimis\u00e9 :<\/strong> Sp\u00e9cifiquement optimis\u00e9 pour les caract\u00e9ristiques des substrats en verre, le syst\u00e8me se concentre sur l'uniformit\u00e9 du plasma, l'adh\u00e9rence du film et le contr\u00f4le des contraintes, garantissant des couches de film uniformes et stables sur de grandes surfaces en verre, r\u00e9duisant les risques de d\u00e9collement, de trous d'\u00e9pingle et de diff\u00e9rences de couleur, et r\u00e9pondant aux exigences d'utilisation \u00e0 long terme des verres architecturaux et industriels.<\/p>\n\n\n\n<p><strong>Verre de grande taille Capacit\u00e9 de traitement : <\/strong>L'\u00e9quipement prend en charge l'enduction de verre sur de grandes surfaces et la production de lots continus. La taille des cavit\u00e9s, la disposition des cibles et les m\u00e9thodes de transport sont personnalisables, ce qui permet d'\u00e9quilibrer un d\u00e9bit \u00e9lev\u00e9 et la consistance du film, et convient donc aux sc\u00e9narios de fabrication industrielle de moyens et grands volumes.<\/p>\n\n\n\n<p><strong>Syst\u00e8me de vide \u00e0 haute stabilit\u00e9 :<\/strong> \u00c9quip\u00e9 d'un syst\u00e8me de vide mature et fiable et d'une plate-forme de contr\u00f4le automatis\u00e9e, il permet un r\u00e9glage pr\u00e9cis et une ex\u00e9cution r\u00e9p\u00e9table des param\u00e8tres du processus, garantissant des performances de film constantes pour diff\u00e9rents lots et conditions d'exploitation. Il s'agit d'une garantie fiable pour la production \u00e0 grande \u00e9chelle de films de verre fonctionnels.<\/p>\n\n\n\n<p><strong>Plate-forme de compatibilit\u00e9 multi-mat\u00e9riaux<\/strong>: Permet le d\u00e9p\u00f4t de m\u00e9taux, d'alliages, d'oxydes, de nitrures et d'autres mat\u00e9riaux di\u00e9lectriques de haute puret\u00e9, permettant l'int\u00e9gration de fonctions multiples telles que la conductivit\u00e9, l'isolation thermique, la d\u00e9coration et la r\u00e9sistance \u00e0 l'usure, apportant ainsi une plus grande valeur ajout\u00e9e aux produits en verre.<\/p>\n\n\n\n<p><strong>Fourniture directe par le fabricant : <\/strong>CGVAC, l'un des principaux fabricants de machines de rev\u00eatement PVD en Chine, fournit des solutions sur mesure bas\u00e9es sur la taille du verre des clients, la planification de la capacit\u00e9 de production et les exigences du syst\u00e8me de film, aidant les clients \u00e0 contr\u00f4ler efficacement les co\u00fbts d'investissement tout en garantissant la performance et la fiabilit\u00e9 de l'\u00e9quipement.<\/p>\n<\/div>\n<\/div>","protected":false},"excerpt":{"rendered":"<p>La machine de rev\u00eatement PVD fonctionnelle CGVAC pour le verre fournit des rev\u00eatements multi-mat\u00e9riaux et de haute uniformit\u00e9 pour le verre architectural, industriel et d\u00e9coratif, assure un contr\u00f4le de l'\u00e9paisseur inf\u00e9rieur au nanom\u00e8tre, des rev\u00eatements denses et \u00e0 faible perte, et une reproductibilit\u00e9 stable d'un lot \u00e0 l'autre. Approvisionnement direct de l'usine, contactez-nous pour des solutions de rev\u00eatement sous vide personnalis\u00e9es.<\/p>\n<h2>Param\u00e8tres techniques :<\/h2>\n<table style=\"border-collapse: collapse; width: 729.77pt;\" border=\"0\" width=\"973\" cellspacing=\"0\" cellpadding=\"0\">\n<tbody>\n<tr style=\"height: 16.50pt;\">\n<td class=\"et4\" style=\"height: 16.50pt; width: 152.20pt;\" width=\"202\" height=\"22\"><strong>Mat\u00e9riaux cibles<\/strong><\/td>\n<td class=\"et5\" style=\"width: 578.25pt;\" width=\"771\">Titane (Ti), chrome (Cr), DLC \/ cibles de carbone, TiAl \/ TiSiN, syst\u00e8mes de nitrure de chrome \/ nitrure de titane<\/td>\n<\/tr>\n<tr style=\"height: 16.50pt;\">\n<td class=\"et4\" style=\"height: 16.50pt;\" height=\"22\"><strong>Gaz industriels<\/strong><\/td>\n<td class=\"et5\"><span class=\"font1\">Argon (Ar), azote (N<\/span><span class=\"font3\">\u2082<\/span><span class=\"font1\">), l'oxyg\u00e8ne (O<\/span><span class=\"font3\">\u2082<\/span><span class=\"font1\">), C<\/span><span class=\"font3\">\u2082<\/span><span class=\"font1\">H<\/span><span class=\"font3\">\u2082<\/span><span class=\"font1\">\/CH<\/span><span class=\"font3\">\u2084<\/span><span class=\"font1\">, M\u00e9langes de gaz sp\u00e9ciaux<\/span><\/td>\n<\/tr>\n<tr style=\"height: 16.50pt;\">\n<td class=\"et4\" style=\"height: 16.50pt;\" height=\"22\"><strong>Technologie de rev\u00eatement<\/strong><\/td>\n<td class=\"et5\">Pulv\u00e9risation magn\u00e9tron, arc ionique, \u00e9vaporation par faisceau d'\u00e9lectrons, CVD<\/td>\n<\/tr>\n<tr style=\"height: 16.50pt;\">\n<td class=\"et4\" style=\"height: 16.50pt;\" height=\"22\"><strong>Syst\u00e8mes de rev\u00eatement<\/strong><\/td>\n<td class=\"et5\">\n<p><span class=\"font1\">DLC, TCO, films anti-traces de doigts<br \/>Films optiques ITO, SiO\u2082, TiO\u2082<br \/>Rev\u00eatements anticorrosion, r\u00e9sistants \u00e0 l'usure et antireflets<\/span><\/p>\n<\/td>\n<\/tr>\n<tr style=\"height: 16.50pt;\">\n<td class=\"et4\" style=\"height: 16.50pt;\" height=\"22\"><strong>Composants essentiels<\/strong><\/td>\n<td class=\"et6\">Cible d'arc, syst\u00e8me de commande, pompe<\/td>\n<\/tr>\n<tr style=\"height: 16.50pt;\">\n<td class=\"et4\" style=\"height: 16.50pt;\" height=\"22\"><strong>Application<\/strong><\/td>\n<td class=\"et5\">\u00c9lectronique et optique, acier inoxydable, verre, plastiques, c\u00e9ramique<\/td>\n<\/tr>\n<tr style=\"height: 16.50pt;\">\n<td class=\"et4\" style=\"height: 16.50pt;\" height=\"22\"><strong>Personnalisation<\/strong><\/td>\n<td class=\"et6\">Taille, mat\u00e9riau cible, couleur, conception de l'appareil et plan de traitement personnalis\u00e9s<\/td>\n<\/tr>\n<tr style=\"height: 16.50pt;\">\n<td class=\"et4\" style=\"height: 16.50pt;\" height=\"22\"><strong>Service<\/strong><\/td>\n<td class=\"et6\">Rapports d'essais m\u00e9caniques\/\u00e9chantillons, inspection vid\u00e9o \u00e0 la sortie et conseils techniques.<\/td>\n<\/tr>\n<\/tbody>\n<\/table>\n<p>&nbsp;<\/p>\n<p>&nbsp;<\/p>","protected":false},"featured_media":1284,"comment_status":"closed","ping_status":"closed","template":"","meta":{"_acf_changed":true},"application":[25],"product_brand":[],"product_cat":[22],"product_tag":[],"class_list":{"0":"post-1267","1":"product","2":"type-product","3":"status-publish","4":"has-post-thumbnail","6":"application-glass-pvd-coating-machine","7":"product_cat-functional-pvd-coating-machine","9":"first","10":"instock","11":"shipping-taxable","12":"product-type-simple"},"acf":[],"_links":{"self":[{"href":"https:\/\/www.cgvacuum.com\/fr\/wp-json\/wp\/v2\/product\/1267","targetHints":{"allow":["GET"]}}],"collection":[{"href":"https:\/\/www.cgvacuum.com\/fr\/wp-json\/wp\/v2\/product"}],"about":[{"href":"https:\/\/www.cgvacuum.com\/fr\/wp-json\/wp\/v2\/types\/product"}],"replies":[{"embeddable":true,"href":"https:\/\/www.cgvacuum.com\/fr\/wp-json\/wp\/v2\/comments?post=1267"}],"wp:featuredmedia":[{"embeddable":true,"href":"https:\/\/www.cgvacuum.com\/fr\/wp-json\/wp\/v2\/media\/1284"}],"wp:attachment":[{"href":"https:\/\/www.cgvacuum.com\/fr\/wp-json\/wp\/v2\/media?parent=1267"}],"wp:term":[{"taxonomy":"application","embeddable":true,"href":"https:\/\/www.cgvacuum.com\/fr\/wp-json\/wp\/v2\/application?post=1267"},{"taxonomy":"product_brand","embeddable":true,"href":"https:\/\/www.cgvacuum.com\/fr\/wp-json\/wp\/v2\/product_brand?post=1267"},{"taxonomy":"product_cat","embeddable":true,"href":"https:\/\/www.cgvacuum.com\/fr\/wp-json\/wp\/v2\/product_cat?post=1267"},{"taxonomy":"product_tag","embeddable":true,"href":"https:\/\/www.cgvacuum.com\/fr\/wp-json\/wp\/v2\/product_tag?post=1267"}],"curies":[{"name":"wp","href":"https:\/\/api.w.org\/{rel}","templated":true}]}}