{"id":1256,"date":"2025-12-30T08:27:19","date_gmt":"2025-12-30T08:27:19","guid":{"rendered":"https:\/\/www.cgvacuum.com\/?post_type=product&#038;p=1256"},"modified":"2025-12-30T09:14:33","modified_gmt":"2025-12-30T09:14:33","slug":"magnetron-sputtering-vacuum-coating-machine-for-jewelry-beads","status":"publish","type":"product","link":"https:\/\/www.cgvacuum.com\/fr\/produit\/magnetron-sputtering-vacuum-coating-machine-for-jewelry-beads\/","title":{"rendered":"Machine de rev\u00eatement sous vide par pulv\u00e9risation magn\u00e9tron pour perles de bijouterie, machines de rev\u00eatement PVD"},"content":{"rendered":"<h3 class=\"wp-block-heading\">Sp\u00e9cifications de la machine de rev\u00eatement sous vide par pulv\u00e9risation cathodique magn\u00e9tron pour perles de bijouterie :<\/h3>\n\n\n\n<figure class=\"wp-block-table\"><table class=\"has-fixed-layout\"><tbody><tr><td><strong>Num\u00e9ro de mod\u00e8le<\/strong><\/td><td><strong>Dimensions L x H (mm)<\/strong><\/td><td><strong>Vide ultime (Pa)<\/strong><\/td><td><strong>Temps de pompage (min)<\/strong><\/td><td><strong>Puissance de sout\u00e8nement (kW)<\/strong><\/td><td><strong>Puissance totale (kW)<\/strong><\/td><\/tr><tr><td>CZ1214<\/td><td>1200 x 1400 mm<\/td><td>\u22648\u00d710-\u2074<\/td><td>\uff1c5<\/td><td>40<\/td><td>50<\/td><\/tr><tr><td>CZ1416<\/td><td>1400 x 1600 mm<\/td><td>\u22648\u00d710-\u2074<\/td><td>\uff1c5<\/td><td>60<\/td><td>60<\/td><\/tr><tr><td>CZ1618<\/td><td>1600 x 1800 mm<\/td><td>\u22648\u00d710-\u2074<\/td><td>\uff1c5<\/td><td>80<\/td><td>80<\/td><\/tr><tr><td>CZ1818<\/td><td>1800 x 1800 mm<\/td><td>\u22648\u00d710-\u2074<\/td><td>\uff1c5<\/td><td>160<\/td><td>110<\/td><\/tr><tr><td>CZ2018<\/td><td>2000*1800 mm<\/td><td>\u22648\u00d710-\u2074<\/td><td>\uff1c5<\/td><td>160<\/td><td>120<\/td><\/tr><\/tbody><\/table><\/figure>\n\n\n\n<p><strong>*Les sp\u00e9cifications de l'\u00e9quipement peuvent \u00eatre personnalis\u00e9es selon les besoins du client.<\/strong><\/p>\n\n\n\n<div class=\"wp-block-columns is-layout-flex wp-container-core-columns-is-layout-9d6595d7 wp-block-columns-is-layout-flex\">\n<div class=\"wp-block-column is-layout-flow wp-block-column-is-layout-flow\">\n<figure class=\"wp-block-image size-full\"><img decoding=\"async\" width=\"800\" height=\"800\" src=\"https:\/\/www.cgvacuum.com\/wp-content\/uploads\/2025\/12\/Magnetron-Sputtering-Vacuum-Coating-Machine-for-Jewelry-Beads.webp\" alt=\"Machine de rev\u00eatement sous vide par pulv\u00e9risation magn\u00e9tron pour perles de bijouterie\" class=\"wp-image-1252\" srcset=\"https:\/\/www.cgvacuum.com\/wp-content\/uploads\/2025\/12\/Magnetron-Sputtering-Vacuum-Coating-Machine-for-Jewelry-Beads.webp 800w, https:\/\/www.cgvacuum.com\/wp-content\/uploads\/2025\/12\/Magnetron-Sputtering-Vacuum-Coating-Machine-for-Jewelry-Beads-300x300.webp 300w, https:\/\/www.cgvacuum.com\/wp-content\/uploads\/2025\/12\/Magnetron-Sputtering-Vacuum-Coating-Machine-for-Jewelry-Beads-150x150.webp 150w, https:\/\/www.cgvacuum.com\/wp-content\/uploads\/2025\/12\/Magnetron-Sputtering-Vacuum-Coating-Machine-for-Jewelry-Beads-768x768.webp 768w, https:\/\/www.cgvacuum.com\/wp-content\/uploads\/2025\/12\/Magnetron-Sputtering-Vacuum-Coating-Machine-for-Jewelry-Beads-12x12.webp 12w, https:\/\/www.cgvacuum.com\/wp-content\/uploads\/2025\/12\/Magnetron-Sputtering-Vacuum-Coating-Machine-for-Jewelry-Beads-600x600.webp 600w, https:\/\/www.cgvacuum.com\/wp-content\/uploads\/2025\/12\/Magnetron-Sputtering-Vacuum-Coating-Machine-for-Jewelry-Beads-100x100.webp 100w\" sizes=\"(max-width: 800px) 100vw, 800px\" \/><\/figure>\n<\/div>\n\n\n\n<div class=\"wp-block-column is-layout-flow wp-block-column-is-layout-flow\">\n<h3 class=\"wp-block-heading\">Caract\u00e9ristiques de la machine de rev\u00eatement sous vide par pulv\u00e9risation cathodique pour perles de bijouterie :<\/h3>\n\n\n\n<p><strong>Technologie de pulv\u00e9risation cathodique magn\u00e9tron :<\/strong> Par rapport \u00e0 la galvanoplastie traditionnelle ou au d\u00e9p\u00f4t en phase vapeur \u00e0 arc multiple, la pulv\u00e9risation magn\u00e9tron offre une densit\u00e9 de film plus \u00e9lev\u00e9e, une couleur plus uniforme et une adh\u00e9rence plus forte, ce qui permet de d\u00e9corer avec une grande pr\u00e9cision des formes complexes et de petites perles, am\u00e9liorant ainsi la qualit\u00e9 et le toucher des bijoux.<\/p>\n\n\n\n<p><strong>Compatibilit\u00e9 multi-mat\u00e9riaux :<\/strong> le syst\u00e8me peut traiter des billes de verre creuses, des billes de plastique solides, des billes m\u00e9talliques, etc., et des rev\u00eatements PVD de haute qualit\u00e9 peuvent \u00eatre obtenus sans changer l'\u00e9quipement pour chaque mat\u00e9riau.<\/p>\n\n\n\n<p><strong>Des effets de couleurs riches<\/strong>: Permet une vari\u00e9t\u00e9 d'effets d\u00e9coratifs, y compris l'or, l'argent, l'or rose, le titane noir, les couleurs de l'arc-en-ciel et les couleurs d\u00e9grad\u00e9es, tout en produisant des finitions mates, brillantes ou m\u00e9talliques pour r\u00e9pondre aux besoins de conception cr\u00e9ative.<\/p>\n\n\n\n<p><strong>Rev\u00eatement de surface fin<\/strong>: La pulv\u00e9risation magn\u00e9tron assure une couverture uniforme \u00e0 360\u00b0 de la surface de la perle, ce qui permet une d\u00e9coration m\u00e9tallique parfaite, m\u00eame sur les petites perles.<\/p>\n\n\n\n<p><strong>Proc\u00e9d\u00e9 \u00e0 basse temp\u00e9rature<\/strong>: Le d\u00e9p\u00f4t \u00e0 basse temp\u00e9rature garantit que les plastiques sensibles \u00e0 la chaleur ou les perles de verre ne se d\u00e9forment pas et ne se d\u00e9colorent pas, conservant ainsi l'\u00e9clat et l'int\u00e9grit\u00e9 structurelle du mat\u00e9riau d'origine.<\/p>\n\n\n\n<p><strong>Compatible avec les petites commandes et les commandes en grandes quantit\u00e9s<\/strong>: Il permet de r\u00e9aliser un rev\u00eatement tr\u00e8s homog\u00e8ne, de la personnalisation \u00e0 la production de masse, et convient \u00e0 la fabrication de perles de marque et \u00e0 la fabrication en gros.<\/p>\n\n\n\n<p><strong>Technologie PVD respectueuse de l'environnement<\/strong>: Processus de rev\u00eatement enti\u00e8rement sous vide, sans cyanure ni d\u00e9chets de m\u00e9taux lourds, conforme aux normes environnementales internationales (REACH, RoHS), s\u00fbr et \u00e9cologique.<\/p>\n\n\n\n<p><strong>Solutions de processus personnalisables<\/strong>: CGVAC propose des configurations de cibles, des structures de cavit\u00e9s et des sch\u00e9mas d'automatisation sur mesure en fonction de la taille des perles, de la quantit\u00e9 et des crit\u00e8res de conception, ce qui permet de trouver un \u00e9quilibre entre la conception de bijoux sur mesure de haute qualit\u00e9 et la fabrication \u00e0 grande \u00e9chelle.<\/p>\n<\/div>\n<\/div>","protected":false},"excerpt":{"rendered":"<p data-start=\"145\" data-end=\"355\">La machine de rev\u00eatement sous vide par pulv\u00e9risation magn\u00e9tron pour perles de bijouterie offre des rev\u00eatements PVD pr\u00e9cis et \u00e0 haute adh\u00e9rence sur les perles en verre, en plastique et en m\u00e9tal. Fournisseur direct de machines de rev\u00eatement PVD CGVAC, nous offrons une assistance technique, y compris l'installation vid\u00e9o en ligne et des conseils techniques \u00e0 distance. Nous vous invitons \u00e0 d\u00e9couvrir les solutions d\u00e9coratives personnalis\u00e9es propos\u00e9es par CGVAC.<\/p>\n<h2>Param\u00e8tres techniques :<\/h2>\n<table width=\"973\">\n<tbody>\n<tr>\n<td width=\"202\"><strong>Mat\u00e9riaux cibles<\/strong><\/td>\n<td width=\"771\">Titane (Ti), chrome (Cr), zirconium (Zr), acier inoxydable, ITO, FTO et autres<\/td>\n<\/tr>\n<tr>\n<td><strong>Gaz industriels<\/strong><\/td>\n<td>Argon (Ar), Azote (N\u2082), Oxyg\u00e8ne (O\u2082), H\u2082 (Hydrog\u00e8ne)<\/td>\n<\/tr>\n<tr>\n<td><strong>Technologie de rev\u00eatement<\/strong><\/td>\n<td>Rev\u00eatement sous vide par pulv\u00e9risation cathodique magn\u00e9tron<\/td>\n<\/tr>\n<tr>\n<td><strong>Couleur du rev\u00eatement<\/strong><\/td>\n<td>Or, or rose, noir, argent, bleu, champagne, couleurs mates\/satin\u00e9es et diff\u00e9rentes couleurs<\/td>\n<\/tr>\n<tr>\n<td><strong>Films fonctionnels et optiques<\/strong><\/td>\n<td>ITO, SiO\u2082, TiO\u2082, Cr, Al, Ag, ITO\/Ag\/ITO, films optiques et \u00e9lectroniques<\/td>\n<\/tr>\n<tr>\n<td><strong>Composants essentiels<\/strong><\/td>\n<td>Cible d'arc, syst\u00e8me de commande, pompe<\/td>\n<\/tr>\n<tr>\n<td><strong>Application<\/strong><\/td>\n<td>Acier inoxydable, \u00e9lectronique et optique, verre, int\u00e9rieur et composants automobiles<\/td>\n<\/tr>\n<tr>\n<td><strong>Personnalisation<\/strong><\/td>\n<td>Taille, mat\u00e9riau cible, couleur, conception de l'appareil et plan de traitement personnalis\u00e9s<\/td>\n<\/tr>\n<tr>\n<td><strong>Service<\/strong><\/td>\n<td>Rapports d'essais m\u00e9caniques\/d'\u00e9chantillons, inspection vid\u00e9o \u00e0 la sortie et conseils techniques<\/td>\n<\/tr>\n<\/tbody>\n<\/table>\n<p>&nbsp;<\/p>","protected":false},"featured_media":1252,"comment_status":"closed","ping_status":"closed","template":"","meta":{"_acf_changed":true},"application":[28],"product_brand":[],"product_cat":[20],"product_tag":[],"class_list":{"0":"post-1256","1":"product","2":"type-product","3":"status-publish","4":"has-post-thumbnail","6":"application-jewelry-beads-pvd-coating-machine","7":"product_cat-magnetron-sputtering-vacuum-coating-machine","9":"first","10":"instock","11":"shipping-taxable","12":"product-type-simple"},"acf":[],"_links":{"self":[{"href":"https:\/\/www.cgvacuum.com\/fr\/wp-json\/wp\/v2\/product\/1256","targetHints":{"allow":["GET"]}}],"collection":[{"href":"https:\/\/www.cgvacuum.com\/fr\/wp-json\/wp\/v2\/product"}],"about":[{"href":"https:\/\/www.cgvacuum.com\/fr\/wp-json\/wp\/v2\/types\/product"}],"replies":[{"embeddable":true,"href":"https:\/\/www.cgvacuum.com\/fr\/wp-json\/wp\/v2\/comments?post=1256"}],"wp:featuredmedia":[{"embeddable":true,"href":"https:\/\/www.cgvacuum.com\/fr\/wp-json\/wp\/v2\/media\/1252"}],"wp:attachment":[{"href":"https:\/\/www.cgvacuum.com\/fr\/wp-json\/wp\/v2\/media?parent=1256"}],"wp:term":[{"taxonomy":"application","embeddable":true,"href":"https:\/\/www.cgvacuum.com\/fr\/wp-json\/wp\/v2\/application?post=1256"},{"taxonomy":"product_brand","embeddable":true,"href":"https:\/\/www.cgvacuum.com\/fr\/wp-json\/wp\/v2\/product_brand?post=1256"},{"taxonomy":"product_cat","embeddable":true,"href":"https:\/\/www.cgvacuum.com\/fr\/wp-json\/wp\/v2\/product_cat?post=1256"},{"taxonomy":"product_tag","embeddable":true,"href":"https:\/\/www.cgvacuum.com\/fr\/wp-json\/wp\/v2\/product_tag?post=1256"}],"curies":[{"name":"wp","href":"https:\/\/api.w.org\/{rel}","templated":true}]}}