{"id":1255,"date":"2025-12-30T08:00:54","date_gmt":"2025-12-30T08:00:54","guid":{"rendered":"https:\/\/www.cgvacuum.com\/?post_type=product&#038;p=1255"},"modified":"2025-12-30T08:26:07","modified_gmt":"2025-12-30T08:26:07","slug":"magnetron-sputtering-vacuum-coating-machine-for-ceramic-tableware","status":"publish","type":"product","link":"https:\/\/www.cgvacuum.com\/fr\/produit\/magnetron-sputtering-vacuum-coating-machine-for-ceramic-tableware\/","title":{"rendered":"Machine de rev\u00eatement sous vide par pulv\u00e9risation magn\u00e9tron pour vaisselle en c\u00e9ramique, machine de rev\u00eatement PVD pour c\u00e9ramiques"},"content":{"rendered":"<h3 class=\"wp-block-heading\">Sp\u00e9cifications de la machine de rev\u00eatement sous vide par pulv\u00e9risation cathodique magn\u00e9tron pour la vaisselle en c\u00e9ramique :<\/h3>\n\n\n\n<figure class=\"wp-block-table\"><table class=\"has-fixed-layout\"><tbody><tr><td><strong>Num\u00e9ro de mod\u00e8le<\/strong><\/td><td><strong>Dimensions L x H (mm)<\/strong><\/td><td><strong>Vide ultime (Pa)<\/strong><\/td><td><strong>Temps de pompage (min)<\/strong><\/td><td><strong>Puissance de sout\u00e8nement (kW)<\/strong><\/td><td><strong>Puissance totale (kW)<\/strong><\/td><\/tr><tr><td>CZ1214<\/td><td>1200 x 1400 mm<\/td><td>\u22648\u00d710-\u2074<\/td><td>\uff1c5<\/td><td>40<\/td><td>50<\/td><\/tr><tr><td>CZ1416<\/td><td>1400 x 1600 mm<\/td><td>\u22648\u00d710-\u2074<\/td><td>\uff1c5<\/td><td>60<\/td><td>60<\/td><\/tr><tr><td>CZ1618<\/td><td>1600 x 1800 mm<\/td><td>\u22648\u00d710-\u2074<\/td><td>\uff1c5<\/td><td>80<\/td><td>80<\/td><\/tr><tr><td>CZ1818<\/td><td>1800 x 1800 mm<\/td><td>\u22648\u00d710-\u2074<\/td><td>\uff1c5<\/td><td>160<\/td><td>110<\/td><\/tr><tr><td>CZ2018<\/td><td>2000*1800 mm<\/td><td>\u22648\u00d710-\u2074<\/td><td>\uff1c5<\/td><td>160<\/td><td>120<\/td><\/tr><\/tbody><\/table><\/figure>\n\n\n\n<p><strong>*Les sp\u00e9cifications de l'\u00e9quipement peuvent \u00eatre personnalis\u00e9es selon les besoins du client.<\/strong><\/p>\n\n\n\n<div class=\"wp-block-columns is-layout-flex wp-container-core-columns-is-layout-9d6595d7 wp-block-columns-is-layout-flex\">\n<div class=\"wp-block-column is-layout-flow wp-block-column-is-layout-flow\">\n<figure class=\"wp-block-image size-full\"><img decoding=\"async\" width=\"800\" height=\"800\" src=\"https:\/\/www.cgvacuum.com\/wp-content\/uploads\/2025\/12\/Magnetron-Sputtering-Vacuum-Coating-Machine-for-Ceramic-Tableware.webp\" alt=\"Machine de rev\u00eatement sous vide par pulv\u00e9risation magn\u00e9tron pour vaisselle en c\u00e9ramique\" class=\"wp-image-1254\" srcset=\"https:\/\/www.cgvacuum.com\/wp-content\/uploads\/2025\/12\/Magnetron-Sputtering-Vacuum-Coating-Machine-for-Ceramic-Tableware.webp 800w, https:\/\/www.cgvacuum.com\/wp-content\/uploads\/2025\/12\/Magnetron-Sputtering-Vacuum-Coating-Machine-for-Ceramic-Tableware-300x300.webp 300w, https:\/\/www.cgvacuum.com\/wp-content\/uploads\/2025\/12\/Magnetron-Sputtering-Vacuum-Coating-Machine-for-Ceramic-Tableware-150x150.webp 150w, https:\/\/www.cgvacuum.com\/wp-content\/uploads\/2025\/12\/Magnetron-Sputtering-Vacuum-Coating-Machine-for-Ceramic-Tableware-768x768.webp 768w, https:\/\/www.cgvacuum.com\/wp-content\/uploads\/2025\/12\/Magnetron-Sputtering-Vacuum-Coating-Machine-for-Ceramic-Tableware-12x12.webp 12w, https:\/\/www.cgvacuum.com\/wp-content\/uploads\/2025\/12\/Magnetron-Sputtering-Vacuum-Coating-Machine-for-Ceramic-Tableware-600x600.webp 600w, https:\/\/www.cgvacuum.com\/wp-content\/uploads\/2025\/12\/Magnetron-Sputtering-Vacuum-Coating-Machine-for-Ceramic-Tableware-100x100.webp 100w\" sizes=\"(max-width: 800px) 100vw, 800px\" \/><\/figure>\n<\/div>\n\n\n\n<div class=\"wp-block-column is-layout-flow wp-block-column-is-layout-flow\">\n<h3 class=\"wp-block-heading\">Caract\u00e9ristiques de la machine de rev\u00eatement sous vide par pulv\u00e9risation cathodique magn\u00e9tron pour la vaisselle en c\u00e9ramique :<\/h3>\n\n\n\n<p><strong>Rev\u00eatement PVD \u00e0 haute adh\u00e9rence : <\/strong>L'\u00e9quipement de rev\u00eatement sous vide par pulv\u00e9risation magn\u00e9tron de CGVAC optimise le processus pour les substrats c\u00e9ramiques, en obtenant une forte adh\u00e9rence entre le film m\u00e9tallique et la c\u00e9ramique \u00e9maill\u00e9e. Le rev\u00eatement est stable et r\u00e9sistant \u00e0 l'\u00e9caillage.<\/p>\n\n\n\n<p><strong>Effet de rev\u00eatement uniforme et constant :<\/strong> Gr\u00e2ce \u00e0 une structure de pulv\u00e9risation magn\u00e9tron \u00e0 cibles multiples et \u00e0 une technologie pr\u00e9cise de contr\u00f4le du plasma, l'\u00e9paisseur et la couleur du rev\u00eatement sont uniformes sur toute la surface et les bords de la c\u00e9ramique. Des effets d\u00e9coratifs PVD haut de gamme tels que le titane noir, l'or, l'or rose et le gris canon peuvent \u00eatre obtenus, ce qui am\u00e9liore consid\u00e9rablement la valeur ajout\u00e9e du produit et la reconnaissance de la marque.<\/p>\n\n\n\n<p><strong>Proc\u00e9d\u00e9 de rev\u00eatement \u00e0 basse temp\u00e9rature :<\/strong> L'\u00e9quipement prend en charge les processus de d\u00e9p\u00f4t \u00e0 basse temp\u00e9rature, \u00e9vitant ainsi d'endommager la gla\u00e7ure c\u00e9ramique, les d\u00e9calcomanies et les couches d\u00e9coratives caus\u00e9es par les temp\u00e9ratures \u00e9lev\u00e9es. Il est particuli\u00e8rement adapt\u00e9 au traitement de surface de la vaisselle en c\u00e9ramique fine, des c\u00e9ramiques d\u00e9coratives et des produits personnalis\u00e9s haut de gamme.<\/p>\n\n\n\n<p><strong>Syst\u00e8me de contr\u00f4le hautement automatis\u00e9 :<\/strong> Un syst\u00e8me de contr\u00f4le intelligent PLC + \u00e9cran tactile int\u00e9gr\u00e9 permet de visualiser les param\u00e8tres de rev\u00eatement et de g\u00e9rer la r\u00e9p\u00e9tabilit\u00e9 du processus, ce qui r\u00e9duit l'intervention humaine, am\u00e9liore l'uniformit\u00e9 et le rendement du rev\u00eatement et r\u00e9duit les co\u00fbts de production \u00e0 long terme.<\/p>\n\n\n\n<p><strong>Adaptable \u00e0 divers produits c\u00e9ramiques : <\/strong>L'\u00e9quipement de CGVAC permet de traiter des articles de table en c\u00e9ramique (assiettes, bols, tasses, pi\u00e8ces de bordure, etc.) de tailles et de formes diverses. Gr\u00e2ce \u00e0 des fixations personnalis\u00e9es et \u00e0 des rayonnages rotatifs, il permet un rev\u00eatement par lots en continu, adapt\u00e9 \u00e0 la production \u00e0 grande \u00e9chelle et \u00e0 l'ex\u00e9cution des commandes.<\/p>\n\n\n\n<p><strong>Configuration personnalisable de l'\u00e9quipement :<\/strong> CGVAC peut fournir des conceptions personnalis\u00e9es pour la configuration de la cible, la taille de la cavit\u00e9, le niveau d'automatisation et les solutions de processus bas\u00e9es sur le type de produit c\u00e9ramique, les exigences de capacit\u00e9 de production et l'effet de rev\u00eatement, r\u00e9pondant ainsi aux divers besoins des c\u00e9ramiques \u00e0 usage quotidien, des c\u00e9ramiques pour appareils sanitaires et des c\u00e9ramiques d\u00e9coratives haut de gamme.<\/p>\n\n\n\n<p><strong>Solution de m\u00e9tallisation c\u00e9ramique respectueuse de l'environnement :<\/strong> Le proc\u00e9d\u00e9 PVD par pulv\u00e9risation magn\u00e9tron est exempt de cyanure et de d\u00e9chets liquides de m\u00e9taux lourds, ce qui le rend conforme aux r\u00e9glementations environnementales internationales telles que REACH et RoHS. Cela permet aux entreprises c\u00e9ramiques de r\u00e9duire les risques li\u00e9s \u00e0 la conformit\u00e9 environnementale et de r\u00e9pondre aux exigences de fabrication \u00e9cologique des march\u00e9s d'exportation.<\/p>\n<\/div>\n<\/div>","protected":false},"excerpt":{"rendered":"<p>La machine de rev\u00eatement sous vide par pulv\u00e9risation magn\u00e9tron pour la vaisselle en c\u00e9ramique assure une m\u00e9tallisation PVD uniforme et \u00e0 haute adh\u00e9rence sur les c\u00e9ramiques. Id\u00e9ale pour les rev\u00eatements c\u00e9ramiques d\u00e9coratifs. Contactez-nous pour des solutions techniques.<\/p>\n<h2>Param\u00e8tres techniques :<\/h2>\n<table width=\"973\">\n<tbody>\n<tr>\n<td width=\"202\"><strong>Mat\u00e9riaux cibles<\/strong><\/td>\n<td width=\"771\">Titane (Ti), chrome (Cr), zirconium (Zr), acier inoxydable, ITO, FTO et autres<\/td>\n<\/tr>\n<tr>\n<td><strong>Gaz industriels<\/strong><\/td>\n<td>Argon (Ar), Azote (N\u2082), Oxyg\u00e8ne (O\u2082), H\u2082 (Hydrog\u00e8ne)<\/td>\n<\/tr>\n<tr>\n<td><strong>Technologie de rev\u00eatement<\/strong><\/td>\n<td>Rev\u00eatement sous vide par pulv\u00e9risation cathodique magn\u00e9tron<\/td>\n<\/tr>\n<tr>\n<td><strong>Couleur du rev\u00eatement<\/strong><\/td>\n<td>Or, or rose, noir, argent, bleu, champagne, couleurs mates\/satin\u00e9es et diff\u00e9rentes couleurs<\/td>\n<\/tr>\n<tr>\n<td><strong>Films fonctionnels et optiques<\/strong><\/td>\n<td>ITO, SiO\u2082, TiO\u2082, Cr, Al, Ag, ITO\/Ag\/ITO, films optiques et \u00e9lectroniques<\/td>\n<\/tr>\n<tr>\n<td><strong>Composants essentiels<\/strong><\/td>\n<td>Cible d'arc, syst\u00e8me de commande, pompe<\/td>\n<\/tr>\n<tr>\n<td><strong>Application<\/strong><\/td>\n<td>Acier inoxydable, \u00e9lectronique et optique, verre, int\u00e9rieur et composants automobiles<\/td>\n<\/tr>\n<tr>\n<td><strong>Personnalisation<\/strong><\/td>\n<td>Taille, mat\u00e9riau cible, couleur, conception de l'appareil et plan de traitement personnalis\u00e9s<\/td>\n<\/tr>\n<tr>\n<td><strong>Service<\/strong><\/td>\n<td>Rapports d'essais m\u00e9caniques\/d'\u00e9chantillons, inspection vid\u00e9o \u00e0 la sortie et conseils techniques<\/td>\n<\/tr>\n<\/tbody>\n<\/table>\n<p>&nbsp;<\/p>","protected":false},"featured_media":1254,"comment_status":"closed","ping_status":"closed","template":"","meta":{"_acf_changed":true},"application":[27],"product_brand":[],"product_cat":[20],"product_tag":[],"class_list":{"0":"post-1255","1":"product","2":"type-product","3":"status-publish","4":"has-post-thumbnail","6":"application-daily-ceramics-pvd-coating-machine","7":"product_cat-magnetron-sputtering-vacuum-coating-machine","9":"first","10":"instock","11":"shipping-taxable","12":"product-type-simple"},"acf":[],"_links":{"self":[{"href":"https:\/\/www.cgvacuum.com\/fr\/wp-json\/wp\/v2\/product\/1255","targetHints":{"allow":["GET"]}}],"collection":[{"href":"https:\/\/www.cgvacuum.com\/fr\/wp-json\/wp\/v2\/product"}],"about":[{"href":"https:\/\/www.cgvacuum.com\/fr\/wp-json\/wp\/v2\/types\/product"}],"replies":[{"embeddable":true,"href":"https:\/\/www.cgvacuum.com\/fr\/wp-json\/wp\/v2\/comments?post=1255"}],"wp:featuredmedia":[{"embeddable":true,"href":"https:\/\/www.cgvacuum.com\/fr\/wp-json\/wp\/v2\/media\/1254"}],"wp:attachment":[{"href":"https:\/\/www.cgvacuum.com\/fr\/wp-json\/wp\/v2\/media?parent=1255"}],"wp:term":[{"taxonomy":"application","embeddable":true,"href":"https:\/\/www.cgvacuum.com\/fr\/wp-json\/wp\/v2\/application?post=1255"},{"taxonomy":"product_brand","embeddable":true,"href":"https:\/\/www.cgvacuum.com\/fr\/wp-json\/wp\/v2\/product_brand?post=1255"},{"taxonomy":"product_cat","embeddable":true,"href":"https:\/\/www.cgvacuum.com\/fr\/wp-json\/wp\/v2\/product_cat?post=1255"},{"taxonomy":"product_tag","embeddable":true,"href":"https:\/\/www.cgvacuum.com\/fr\/wp-json\/wp\/v2\/product_tag?post=1255"}],"curies":[{"name":"wp","href":"https:\/\/api.w.org\/{rel}","templated":true}]}}