{"id":1251,"date":"2025-12-29T09:35:24","date_gmt":"2025-12-29T09:35:24","guid":{"rendered":"https:\/\/www.cgvacuum.com\/?post_type=product&#038;p=1251"},"modified":"2025-12-29T09:58:32","modified_gmt":"2025-12-29T09:58:32","slug":"magnetron-sputtering-vacuum-coating-machine-for-plastic","status":"publish","type":"product","link":"https:\/\/www.cgvacuum.com\/fr\/produit\/magnetron-sputtering-vacuum-coating-machine-for-plastic\/","title":{"rendered":"Machine de rev\u00eatement sous vide par pulv\u00e9risation magn\u00e9tron pour plastique, machine de rev\u00eatement PVD Chine"},"content":{"rendered":"<h3 class=\"wp-block-heading\">Sp\u00e9cifications de la machine d'enduction sous vide par pulv\u00e9risation magn\u00e9tron pour le plastique :<\/h3>\n\n\n\n<figure class=\"wp-block-table\"><table class=\"has-fixed-layout\"><tbody><tr><td><strong>Num\u00e9ro de mod\u00e8le<\/strong><\/td><td><strong>Dimensions L x H (mm)<\/strong><\/td><td><strong>Vide ultime (Pa)<\/strong><\/td><td><strong>Temps de pompage (min)<\/strong><\/td><td><strong>Puissance de sout\u00e8nement (kW)<\/strong><\/td><td><strong>Puissance totale (kW)<\/strong><\/td><\/tr><tr><td>CZ1214<\/td><td>1200 x 1400 mm<\/td><td>\u22648\u00d710-\u2074<\/td><td>\uff1c5<\/td><td>40<\/td><td>50<\/td><\/tr><tr><td>CZ1416<\/td><td>1400 x 1600 mm<\/td><td>\u22648\u00d710-\u2074<\/td><td>\uff1c5<\/td><td>60<\/td><td>60<\/td><\/tr><tr><td>CZ1618<\/td><td>1600 x 1800 mm<\/td><td>\u22648\u00d710-\u2074<\/td><td>\uff1c5<\/td><td>80<\/td><td>80<\/td><\/tr><tr><td>CZ1818<\/td><td>1800 x 1800 mm<\/td><td>\u22648\u00d710-\u2074<\/td><td>\uff1c5<\/td><td>160<\/td><td>110<\/td><\/tr><tr><td>CZ2018<\/td><td>2000*1800 mm<\/td><td>\u22648\u00d710-\u2074<\/td><td>\uff1c5<\/td><td>160<\/td><td>120<\/td><\/tr><\/tbody><\/table><\/figure>\n\n\n\n<p><strong>*Les sp\u00e9cifications de l'\u00e9quipement peuvent \u00eatre personnalis\u00e9es selon les besoins du client.<\/strong><\/p>\n\n\n\n<div class=\"wp-block-columns is-layout-flex wp-container-core-columns-is-layout-9d6595d7 wp-block-columns-is-layout-flex\">\n<div class=\"wp-block-column is-layout-flow wp-block-column-is-layout-flow\">\n<figure class=\"wp-block-image size-full\"><img decoding=\"async\" width=\"800\" height=\"800\" src=\"https:\/\/www.cgvacuum.com\/wp-content\/uploads\/2025\/12\/Magnetron-Sputtering-Vacuum-Coating-Machine-for-Plastic.webp\" alt=\"Machine de rev\u00eatement sous vide par pulv\u00e9risation magn\u00e9tron pour plastique\" class=\"wp-image-1253\" srcset=\"https:\/\/www.cgvacuum.com\/wp-content\/uploads\/2025\/12\/Magnetron-Sputtering-Vacuum-Coating-Machine-for-Plastic.webp 800w, https:\/\/www.cgvacuum.com\/wp-content\/uploads\/2025\/12\/Magnetron-Sputtering-Vacuum-Coating-Machine-for-Plastic-300x300.webp 300w, https:\/\/www.cgvacuum.com\/wp-content\/uploads\/2025\/12\/Magnetron-Sputtering-Vacuum-Coating-Machine-for-Plastic-150x150.webp 150w, https:\/\/www.cgvacuum.com\/wp-content\/uploads\/2025\/12\/Magnetron-Sputtering-Vacuum-Coating-Machine-for-Plastic-768x768.webp 768w, https:\/\/www.cgvacuum.com\/wp-content\/uploads\/2025\/12\/Magnetron-Sputtering-Vacuum-Coating-Machine-for-Plastic-12x12.webp 12w, https:\/\/www.cgvacuum.com\/wp-content\/uploads\/2025\/12\/Magnetron-Sputtering-Vacuum-Coating-Machine-for-Plastic-600x600.webp 600w, https:\/\/www.cgvacuum.com\/wp-content\/uploads\/2025\/12\/Magnetron-Sputtering-Vacuum-Coating-Machine-for-Plastic-100x100.webp 100w\" sizes=\"(max-width: 800px) 100vw, 800px\" \/><\/figure>\n<\/div>\n\n\n\n<div class=\"wp-block-column is-layout-flow wp-block-column-is-layout-flow\">\n<h3 class=\"wp-block-heading\">Caract\u00e9ristiques de la machine d'enduction sous vide par pulv\u00e9risation magn\u00e9tron pour le plastique :<\/h3>\n\n\n\n<p><strong>Technologie avanc\u00e9e de pulv\u00e9risation magn\u00e9tron :<\/strong> Utilisant le principe de la pulv\u00e9risation magn\u00e9tron, il g\u00e9n\u00e8re efficacement du plasma, am\u00e9liorant l'utilisation de la cible et garantissant une excellente uniformit\u00e9 du film, ce qui permet d'obtenir un rev\u00eatement PVD tr\u00e8s adh\u00e9rent, stable et r\u00e9sistant \u00e0 l'usure sur les surfaces en plastique.<\/p>\n\n\n\n<p><strong>Service d'enduction plastique sp\u00e9cialis\u00e9 :<\/strong> Les films d\u00e9coratifs et fonctionnels peuvent \u00eatre form\u00e9s sur l'ABS, le PC, le PS, le PMMA et d'autres plastiques afin d'obtenir des textures m\u00e9talliques, des effets de galvanoplastie, une r\u00e9flexion optique, une protection contre les rayures et les empreintes digitales.<\/p>\n\n\n\n<p><strong>Contr\u00f4le pr\u00e9cis des processus :<\/strong> Le syst\u00e8me de contr\u00f4le automatis\u00e9 ajuste le niveau de vide, la puissance de pulv\u00e9risation et le d\u00e9bit de gaz, optimisant les param\u00e8tres de rev\u00eatement pour diff\u00e9rents mat\u00e9riaux plastiques afin d'assurer la coh\u00e9rence de la production de masse.<\/p>\n\n\n\n<p><strong>Production stable et \u00e0 haut rendement :<\/strong> Forte capacit\u00e9 de production continue, adapt\u00e9e \u00e0 la transformation de produits plastiques \u00e0 grande \u00e9chelle, r\u00e9duisant les temps d'arr\u00eat et les co\u00fbts de maintenance, et am\u00e9liorant l'efficacit\u00e9 de la ligne de production.<\/p>\n\n\n\n<p><strong>Applications plastiques multi-industrielles<\/strong>: Largement utilis\u00e9 dans les bo\u00eetiers \u00e9lectroniques, les pi\u00e8ces int\u00e9rieures automobiles, les accessoires m\u00e9nagers en plastique, les composants optiques en plastique et d'autres domaines, il permet d'obtenir un traitement de surface \u00e0 haute valeur ajout\u00e9e.<\/p>\n\n\n\n<p><strong>Soutien \u00e0 la personnalisation<\/strong>: CGVAC fournit une personnalisation compl\u00e8te des machines et une assistance technique pour s'assurer que les processus d'enduction plastique r\u00e9pondent aux besoins individuels des clients et que l'\u00e9quipement est stable et fiable.<\/p>\n\n\n\n<p><strong>Respectueux de l'environnement et s\u00fbr :<\/strong> Le processus de pulv\u00e9risation sous vide est \u00e9cologique et respectueux de l'environnement, il ne produit pas de d\u00e9chets liquides et il est adapt\u00e9 aux exigences de s\u00e9curit\u00e9 de la production de produits en plastique.<\/p>\n<\/div>\n<\/div>","protected":false},"excerpt":{"rendered":"<p>La machine de rev\u00eatement sous vide par pulv\u00e9risation magn\u00e9tron CGVAC pour plastique permet d'obtenir des rev\u00eatements PVD de haute qualit\u00e9 sur des plastiques tels que l'ABS, le PC et le PMMA, offrant une adh\u00e9rence uniforme, des finitions m\u00e9talliques, une durabilit\u00e9 et une personnalisation pour les applications \u00e9lectroniques, automobiles et d\u00e9coratives. N'h\u00e9sitez pas \u00e0 nous contacter pour obtenir plus d'informations !<\/p>\n<h2>Param\u00e8tres techniques :<\/h2>\n<table width=\"973\">\n<tbody>\n<tr>\n<td width=\"202\"><strong>Mat\u00e9riaux cibles<\/strong><\/td>\n<td width=\"771\">Titane (Ti), chrome (Cr), zirconium (Zr), acier inoxydable, ITO, FTO et autres<\/td>\n<\/tr>\n<tr>\n<td><strong>Gaz industriels<\/strong><\/td>\n<td>Argon (Ar), Azote (N\u2082), Oxyg\u00e8ne (O\u2082), H\u2082 (Hydrog\u00e8ne)<\/td>\n<\/tr>\n<tr>\n<td><strong>Technologie de rev\u00eatement<\/strong><\/td>\n<td>Rev\u00eatement sous vide par pulv\u00e9risation cathodique magn\u00e9tron<\/td>\n<\/tr>\n<tr>\n<td><strong>Couleur du rev\u00eatement<\/strong><\/td>\n<td>Or, or rose, noir, argent, bleu, champagne, couleurs mates\/satin\u00e9es et diff\u00e9rentes couleurs<\/td>\n<\/tr>\n<tr>\n<td><strong>Films fonctionnels et optiques<\/strong><\/td>\n<td>ITO, SiO\u2082, TiO\u2082, Cr, Al, Ag, ITO\/Ag\/ITO, films optiques et \u00e9lectroniques<\/td>\n<\/tr>\n<tr>\n<td><strong>Composants essentiels<\/strong><\/td>\n<td>Cible d'arc, syst\u00e8me de commande, pompe<\/td>\n<\/tr>\n<tr>\n<td><strong>Application<\/strong><\/td>\n<td>Acier inoxydable, \u00e9lectronique et optique, verre, int\u00e9rieur et composants automobiles<\/td>\n<\/tr>\n<tr>\n<td><strong>Personnalisation<\/strong><\/td>\n<td>Taille, mat\u00e9riau cible, couleur, conception de l'appareil et plan de traitement personnalis\u00e9s<\/td>\n<\/tr>\n<tr>\n<td><strong>Service<\/strong><\/td>\n<td>Rapports d'essais m\u00e9caniques\/d'\u00e9chantillons, inspection vid\u00e9o \u00e0 la sortie et conseils techniques<\/td>\n<\/tr>\n<\/tbody>\n<\/table>\n<p>&nbsp;<\/p>","protected":false},"featured_media":1253,"comment_status":"closed","ping_status":"closed","template":"","meta":{"_acf_changed":true},"application":[24],"product_brand":[],"product_cat":[20],"product_tag":[],"class_list":{"0":"post-1251","1":"product","2":"type-product","3":"status-publish","4":"has-post-thumbnail","6":"application-plastic-pvd-coating-machine","7":"product_cat-magnetron-sputtering-vacuum-coating-machine","9":"first","10":"instock","11":"shipping-taxable","12":"product-type-simple"},"acf":[],"_links":{"self":[{"href":"https:\/\/www.cgvacuum.com\/fr\/wp-json\/wp\/v2\/product\/1251","targetHints":{"allow":["GET"]}}],"collection":[{"href":"https:\/\/www.cgvacuum.com\/fr\/wp-json\/wp\/v2\/product"}],"about":[{"href":"https:\/\/www.cgvacuum.com\/fr\/wp-json\/wp\/v2\/types\/product"}],"replies":[{"embeddable":true,"href":"https:\/\/www.cgvacuum.com\/fr\/wp-json\/wp\/v2\/comments?post=1251"}],"wp:featuredmedia":[{"embeddable":true,"href":"https:\/\/www.cgvacuum.com\/fr\/wp-json\/wp\/v2\/media\/1253"}],"wp:attachment":[{"href":"https:\/\/www.cgvacuum.com\/fr\/wp-json\/wp\/v2\/media?parent=1251"}],"wp:term":[{"taxonomy":"application","embeddable":true,"href":"https:\/\/www.cgvacuum.com\/fr\/wp-json\/wp\/v2\/application?post=1251"},{"taxonomy":"product_brand","embeddable":true,"href":"https:\/\/www.cgvacuum.com\/fr\/wp-json\/wp\/v2\/product_brand?post=1251"},{"taxonomy":"product_cat","embeddable":true,"href":"https:\/\/www.cgvacuum.com\/fr\/wp-json\/wp\/v2\/product_cat?post=1251"},{"taxonomy":"product_tag","embeddable":true,"href":"https:\/\/www.cgvacuum.com\/fr\/wp-json\/wp\/v2\/product_tag?post=1251"}],"curies":[{"name":"wp","href":"https:\/\/api.w.org\/{rel}","templated":true}]}}