{"id":1240,"date":"2025-12-19T06:19:47","date_gmt":"2025-12-19T06:19:47","guid":{"rendered":"https:\/\/www.cgvacuum.com\/?post_type=product&#038;p=1240"},"modified":"2025-12-19T06:39:44","modified_gmt":"2025-12-19T06:39:44","slug":"magnetron-sputtering-vacuum-coating-machine","status":"publish","type":"product","link":"https:\/\/www.cgvacuum.com\/fr\/produit\/magnetron-sputtering-vacuum-coating-machine\/","title":{"rendered":"Machine de rev\u00eatement sous vide par pulv\u00e9risation magn\u00e9tron, machine de rev\u00eatement PVD pour int\u00e9rieurs et composants automobiles"},"content":{"rendered":"<h3 class=\"wp-block-heading\">Sp\u00e9cifications de la machine de rev\u00eatement sous vide par pulv\u00e9risation magn\u00e9tron :<\/h3>\n\n\n\n<figure class=\"wp-block-table\"><table class=\"has-fixed-layout\"><tbody><tr><td><strong>Num\u00e9ro de mod\u00e8le<\/strong><\/td><td><strong>Dimensions L x H (mm)<\/strong><\/td><td><strong>Vide ultime (Pa)<\/strong><\/td><td><strong>Temps de pompage (min)<\/strong><\/td><td><strong>Puissance de sout\u00e8nement (kW)<\/strong><\/td><td><strong>Puissance totale (kW)<\/strong><\/td><\/tr><tr><td>CZ1214<\/td><td>1200 x 1400 mm<\/td><td>\u22648\u00d710-\u2074<\/td><td>\uff1c5<\/td><td>40<\/td><td>50<\/td><\/tr><tr><td>CZ1416<\/td><td>1400 x 1600 mm<\/td><td>\u22648\u00d710-\u2074<\/td><td>\uff1c5<\/td><td>60<\/td><td>60<\/td><\/tr><tr><td>CZ1618<\/td><td>1600 x 1800 mm<\/td><td>\u22648\u00d710-\u2074<\/td><td>\uff1c5<\/td><td>80<\/td><td>80<\/td><\/tr><tr><td>CZ1818<\/td><td>1800 x 1800 mm<\/td><td>\u22648\u00d710-\u2074<\/td><td>\uff1c5<\/td><td>160<\/td><td>110<\/td><\/tr><tr><td>CZ2018<\/td><td>2000*1800 mm<\/td><td>\u22648\u00d710-\u2074<\/td><td>\uff1c5<\/td><td>160<\/td><td>120<\/td><\/tr><\/tbody><\/table><\/figure>\n\n\n\n<p><strong>*Les sp\u00e9cifications de l'\u00e9quipement peuvent \u00eatre personnalis\u00e9es selon les besoins du client.<\/strong><\/p>\n\n\n\n<div class=\"wp-block-columns is-layout-flex wp-container-core-columns-is-layout-9d6595d7 wp-block-columns-is-layout-flex\">\n<div class=\"wp-block-column is-layout-flow wp-block-column-is-layout-flow\">\n<figure class=\"wp-block-image size-full\"><img decoding=\"async\" width=\"600\" height=\"600\" src=\"https:\/\/www.cgvacuum.com\/wp-content\/uploads\/2025\/12\/Magnetron-Sputtering-Vacuum-Coating-Machine-Automotive-Interior-Components-PVD-Coating-Machine.webp\" alt=\"Machine de rev\u00eatement sous vide par pulv\u00e9risation magn\u00e9tron Machine de rev\u00eatement PVD pour int\u00e9rieurs et composants automobiles\" class=\"wp-image-1237\" srcset=\"https:\/\/www.cgvacuum.com\/wp-content\/uploads\/2025\/12\/Magnetron-Sputtering-Vacuum-Coating-Machine-Automotive-Interior-Components-PVD-Coating-Machine.webp 600w, https:\/\/www.cgvacuum.com\/wp-content\/uploads\/2025\/12\/Magnetron-Sputtering-Vacuum-Coating-Machine-Automotive-Interior-Components-PVD-Coating-Machine-300x300.webp 300w, https:\/\/www.cgvacuum.com\/wp-content\/uploads\/2025\/12\/Magnetron-Sputtering-Vacuum-Coating-Machine-Automotive-Interior-Components-PVD-Coating-Machine-150x150.webp 150w, https:\/\/www.cgvacuum.com\/wp-content\/uploads\/2025\/12\/Magnetron-Sputtering-Vacuum-Coating-Machine-Automotive-Interior-Components-PVD-Coating-Machine-12x12.webp 12w, https:\/\/www.cgvacuum.com\/wp-content\/uploads\/2025\/12\/Magnetron-Sputtering-Vacuum-Coating-Machine-Automotive-Interior-Components-PVD-Coating-Machine-100x100.webp 100w\" sizes=\"(max-width: 600px) 100vw, 600px\" \/><\/figure>\n<\/div>\n\n\n\n<div class=\"wp-block-column is-layout-flow wp-block-column-is-layout-flow\">\n<h3 class=\"wp-block-heading\">Caract\u00e9ristiques de la machine de rev\u00eatement sous vide par pulv\u00e9risation magn\u00e9tron :<\/h3>\n\n\n\n<p><strong>Source de pulv\u00e9risation magn\u00e9tron de qualit\u00e9 industrielle : <\/strong>Une structure de champ magn\u00e9tique tr\u00e8s stable assure une sortie continue et uniforme du plasma, ce qui permet un d\u00e9p\u00f4t dense et contr\u00f4lable de couches minces pour r\u00e9pondre aux doubles exigences des pi\u00e8ces automobiles en mati\u00e8re de rev\u00eatements \u00e0 la fois esth\u00e9tiques et fonctionnels.<\/p>\n\n\n\n<p><strong>Structure de la chambre \u00e0 vide de grande taille : <\/strong>Une chambre spacieuse et une disposition optimis\u00e9e de la cible s'adaptent aux exigences de taille et de serrage des lots de pi\u00e8ces int\u00e9rieures et structurelles automobiles, am\u00e9liorant ainsi l'efficacit\u00e9 du rev\u00eatement en un seul passage.<\/p>\n\n\n\n<p><strong>Capacit\u00e9 de d\u00e9p\u00f4t par pulv\u00e9risation cathodique \u00e0 basse temp\u00e9rature : <\/strong>Le processus de pulv\u00e9risation magn\u00e9tron a une faible charge thermique et convient aux plastiques, aux mat\u00e9riaux composites et aux pi\u00e8ces m\u00e9talliques, \u00e9vitant la d\u00e9formation ou la d\u00e9gradation des performances due aux zones affect\u00e9es par la chaleur.<\/p>\n\n\n\n<p><strong>Contr\u00f4le de l'\u00e9paisseur du film avec une grande uniformit\u00e9<\/strong>: Gr\u00e2ce \u00e0 un contr\u00f4le coordonn\u00e9 de la configuration de la cible, du serrage rotatif et des param\u00e8tres de d\u00e9p\u00f4t, une \u00e9paisseur de film constante est assur\u00e9e sur la surface de pi\u00e8ces courbes complexes.<\/p>\n\n\n\n<p><strong>Contr\u00f4le automatis\u00e9 PLC : <\/strong>Un syst\u00e8me de contr\u00f4le automatis\u00e9 int\u00e9gr\u00e9 permet de stocker et d'extraire les param\u00e8tres du processus, s'adaptant ainsi \u00e0 la production de masse de pi\u00e8ces automobiles.<\/p>\n\n\n\n<p><strong>Service \u00e0 long terme et soutien technique<\/strong>: En tant que fabricant professionnel d'\u00e9quipements de rev\u00eatement sous vide, CGVAC fournit une assistance compl\u00e8te depuis la s\u00e9lection de l'\u00e9quipement, la conception de la structure de la cavit\u00e9, la configuration du processus, jusqu'\u00e0 l'installation, la mise en service et la formation technique, garantissant que le syst\u00e8me de pulv\u00e9risation magn\u00e9tron est parfaitement adapt\u00e9 au processus de production du client et qu'il peut fonctionner de mani\u00e8re stable pendant une longue p\u00e9riode de temps.<\/p>\n<\/div>\n<\/div>","protected":false},"excerpt":{"rendered":"<p>La machine de rev\u00eatement sous vide par pulv\u00e9risation magn\u00e9tron est con\u00e7ue pour les applications d'int\u00e9rieur et de composants automobiles. Elle permet d'obtenir des rev\u00eatements uniformes \u00e0 basse temp\u00e9rature avec une grande stabilit\u00e9 du processus. CGVAC fournit un support \u00e0 long terme. Contactez-nous pour des solutions d'\u00e9quipement personnalis\u00e9es.<\/p>\n<h2>Param\u00e8tres techniques :<\/h2>\n<table width=\"973\">\n<tbody>\n<tr>\n<td width=\"202\"><strong>Mat\u00e9riaux cibles<\/strong><\/td>\n<td width=\"771\">Titane (Ti), chrome (Cr), zirconium (Zr), acier inoxydable, ITO, FTO et autres<\/td>\n<\/tr>\n<tr>\n<td><strong>Gaz industriels<\/strong><\/td>\n<td>Argon (Ar), Azote (N\u2082), Oxyg\u00e8ne (O\u2082), H\u2082 (Hydrog\u00e8ne)<\/td>\n<\/tr>\n<tr>\n<td><strong>Technologie de rev\u00eatement<\/strong><\/td>\n<td>Rev\u00eatement sous vide par pulv\u00e9risation cathodique magn\u00e9tron<\/td>\n<\/tr>\n<tr>\n<td><strong>Couleur du rev\u00eatement<\/strong><\/td>\n<td>Or, or rose, noir, argent, bleu, champagne, couleurs mates\/satin\u00e9es et diff\u00e9rentes couleurs<\/td>\n<\/tr>\n<tr>\n<td><strong>Films fonctionnels et optiques<\/strong><\/td>\n<td>ITO, SiO\u2082, TiO\u2082, Cr, Al, Ag, ITO\/Ag\/ITO, films optiques et \u00e9lectroniques<\/td>\n<\/tr>\n<tr>\n<td><strong>Composants essentiels<\/strong><\/td>\n<td>Cible d'arc, syst\u00e8me de commande, pompe<\/td>\n<\/tr>\n<tr>\n<td><strong>Application<\/strong><\/td>\n<td>Acier inoxydable, \u00e9lectronique et optique, verre, int\u00e9rieur et composants automobiles<\/td>\n<\/tr>\n<tr>\n<td><strong>Personnalisation<\/strong><\/td>\n<td>Taille, mat\u00e9riau cible, couleur, conception de l'appareil et plan de traitement personnalis\u00e9s<\/td>\n<\/tr>\n<tr>\n<td><strong>Service<\/strong><\/td>\n<td>Rapports d'essais m\u00e9caniques\/d'\u00e9chantillons, inspection vid\u00e9o \u00e0 la sortie et conseils techniques<\/td>\n<\/tr>\n<\/tbody>\n<\/table>\n<p>&nbsp;<\/p>","protected":false},"featured_media":1237,"comment_status":"closed","ping_status":"closed","template":"","meta":{"_acf_changed":true},"application":[24],"product_brand":[],"product_cat":[20],"product_tag":[],"class_list":{"0":"post-1240","1":"product","2":"type-product","3":"status-publish","4":"has-post-thumbnail","6":"application-plastic-pvd-coating-machine","7":"product_cat-magnetron-sputtering-vacuum-coating-machine","9":"first","10":"instock","11":"shipping-taxable","12":"product-type-simple"},"acf":[],"_links":{"self":[{"href":"https:\/\/www.cgvacuum.com\/fr\/wp-json\/wp\/v2\/product\/1240","targetHints":{"allow":["GET"]}}],"collection":[{"href":"https:\/\/www.cgvacuum.com\/fr\/wp-json\/wp\/v2\/product"}],"about":[{"href":"https:\/\/www.cgvacuum.com\/fr\/wp-json\/wp\/v2\/types\/product"}],"replies":[{"embeddable":true,"href":"https:\/\/www.cgvacuum.com\/fr\/wp-json\/wp\/v2\/comments?post=1240"}],"wp:featuredmedia":[{"embeddable":true,"href":"https:\/\/www.cgvacuum.com\/fr\/wp-json\/wp\/v2\/media\/1237"}],"wp:attachment":[{"href":"https:\/\/www.cgvacuum.com\/fr\/wp-json\/wp\/v2\/media?parent=1240"}],"wp:term":[{"taxonomy":"application","embeddable":true,"href":"https:\/\/www.cgvacuum.com\/fr\/wp-json\/wp\/v2\/application?post=1240"},{"taxonomy":"product_brand","embeddable":true,"href":"https:\/\/www.cgvacuum.com\/fr\/wp-json\/wp\/v2\/product_brand?post=1240"},{"taxonomy":"product_cat","embeddable":true,"href":"https:\/\/www.cgvacuum.com\/fr\/wp-json\/wp\/v2\/product_cat?post=1240"},{"taxonomy":"product_tag","embeddable":true,"href":"https:\/\/www.cgvacuum.com\/fr\/wp-json\/wp\/v2\/product_tag?post=1240"}],"curies":[{"name":"wp","href":"https:\/\/api.w.org\/{rel}","templated":true}]}}