{"id":1236,"date":"2025-12-19T03:25:41","date_gmt":"2025-12-19T03:25:41","guid":{"rendered":"https:\/\/www.cgvacuum.com\/?post_type=product&#038;p=1236"},"modified":"2025-12-19T04:01:05","modified_gmt":"2025-12-19T04:01:05","slug":"pvd-coating-machine-for-electronics","status":"publish","type":"product","link":"https:\/\/www.cgvacuum.com\/fr\/produit\/pvd-coating-machine-for-electronics\/","title":{"rendered":"Machine de rev\u00eatement PVD pour l'\u00e9lectronique, fabricant de machines de rev\u00eatement sous vide par pulv\u00e9risation magn\u00e9tron"},"content":{"rendered":"<h3 class=\"wp-block-heading\">Sp\u00e9cifications de la machine de rev\u00eatement PVD pour l'\u00e9lectronique :<\/h3>\n\n\n\n<figure class=\"wp-block-table\"><table class=\"has-fixed-layout\"><tbody><tr><td><strong>Num\u00e9ro de mod\u00e8le<\/strong><\/td><td><strong>Dimensions L x H (mm)<\/strong><\/td><td><strong>Vide ultime (Pa)<\/strong><\/td><td><strong>Temps de pompage (min)<\/strong><\/td><td><strong>Puissance de sout\u00e8nement (kW)<\/strong><\/td><td><strong>Puissance totale (kW)<\/strong><\/td><\/tr><tr><td>CZ1214<\/td><td>1200 x 1400 mm<\/td><td>\u22648\u00d710-\u2074<\/td><td>\uff1c5<\/td><td>40<\/td><td>50<\/td><\/tr><tr><td>CZ1416<\/td><td>1400 x 1600 mm<\/td><td>\u22648\u00d710-\u2074<\/td><td>\uff1c5<\/td><td>60<\/td><td>60<\/td><\/tr><tr><td>CZ1618<\/td><td>1600 x 1800 mm<\/td><td>\u22648\u00d710-\u2074<\/td><td>\uff1c5<\/td><td>80<\/td><td>80<\/td><\/tr><tr><td>CZ1818<\/td><td>1800 x 1800 mm<\/td><td>\u22648\u00d710-\u2074<\/td><td>\uff1c5<\/td><td>160<\/td><td>110<\/td><\/tr><tr><td>CZ2018<\/td><td>2000*1800 mm<\/td><td>\u22648\u00d710-\u2074<\/td><td>\uff1c5<\/td><td>160<\/td><td>120<\/td><\/tr><\/tbody><\/table><\/figure>\n\n\n\n<p><strong>*Les sp\u00e9cifications de l'\u00e9quipement peuvent \u00eatre personnalis\u00e9es selon les besoins du client.<\/strong><\/p>\n\n\n\n<div class=\"wp-block-columns is-layout-flex wp-container-core-columns-is-layout-9d6595d7 wp-block-columns-is-layout-flex\">\n<div class=\"wp-block-column is-layout-flow wp-block-column-is-layout-flow\">\n<figure class=\"wp-block-image size-full\"><img decoding=\"async\" width=\"7008\" height=\"4672\" src=\"https:\/\/www.cgvacuum.com\/wp-content\/uploads\/2025\/12\/PVD-Coating-Machine-for-Electronics-Magnetron-Sputtering-Vacuum-Coating-Machine-Manufacturer.webp\" alt=\"Machine de rev\u00eatement PVD pour l&#039;\u00e9lectronique Machine de rev\u00eatement sous vide par pulv\u00e9risation cathodique magn\u00e9tron Fabricant\" class=\"wp-image-1239\" srcset=\"https:\/\/www.cgvacuum.com\/wp-content\/uploads\/2025\/12\/PVD-Coating-Machine-for-Electronics-Magnetron-Sputtering-Vacuum-Coating-Machine-Manufacturer.webp 7008w, https:\/\/www.cgvacuum.com\/wp-content\/uploads\/2025\/12\/PVD-Coating-Machine-for-Electronics-Magnetron-Sputtering-Vacuum-Coating-Machine-Manufacturer-300x200.webp 300w, https:\/\/www.cgvacuum.com\/wp-content\/uploads\/2025\/12\/PVD-Coating-Machine-for-Electronics-Magnetron-Sputtering-Vacuum-Coating-Machine-Manufacturer-768x512.webp 768w, https:\/\/www.cgvacuum.com\/wp-content\/uploads\/2025\/12\/PVD-Coating-Machine-for-Electronics-Magnetron-Sputtering-Vacuum-Coating-Machine-Manufacturer-18x12.webp 18w, https:\/\/www.cgvacuum.com\/wp-content\/uploads\/2025\/12\/PVD-Coating-Machine-for-Electronics-Magnetron-Sputtering-Vacuum-Coating-Machine-Manufacturer-1200x800.webp 1200w, https:\/\/www.cgvacuum.com\/wp-content\/uploads\/2025\/12\/PVD-Coating-Machine-for-Electronics-Magnetron-Sputtering-Vacuum-Coating-Machine-Manufacturer-600x400.webp 600w\" sizes=\"(max-width: 7008px) 100vw, 7008px\" \/><\/figure>\n<\/div>\n\n\n\n<div class=\"wp-block-column is-layout-flow wp-block-column-is-layout-flow\">\n<h3 class=\"wp-block-heading\">Caract\u00e9ristiques de la machine de rev\u00eatement PVD pour l'\u00e9lectronique :<\/h3>\n\n\n\n<p><strong>Source de pulv\u00e9risation magn\u00e9tron \u00e0 haute stabilit\u00e9 :<\/strong> La distribution optimis\u00e9e du champ magn\u00e9tique et la structure de la cible cr\u00e9ent un plasma stable et de haute densit\u00e9, permettant le d\u00e9p\u00f4t de couches minces \u00e0 faible endommagement et \u00e0 taux contr\u00f4lable, afin de r\u00e9pondre aux exigences de consistance des couches des appareils \u00e9lectroniques.<\/p>\n\n\n\n<p><strong>Structure de chambre \u00e0 vide \u00e0 haute propret\u00e9<\/strong>: La structure interne de la chambre est optimis\u00e9e pour la propret\u00e9 des rev\u00eatements \u00e9lectroniques, r\u00e9duisant efficacement la contamination particulaire et l'introduction d'impuret\u00e9s, am\u00e9liorant la puret\u00e9 et la fiabilit\u00e9 du film.<\/p>\n\n\n\n<p><strong>Contr\u00f4le pr\u00e9cis de la puissance de pulv\u00e9risation<\/strong>: Le syst\u00e8me ind\u00e9pendant d'alimentation et de r\u00e9gulation de la puissance permet de r\u00e9aliser des d\u00e9p\u00f4ts fins \u00e0 faible puissance et des d\u00e9p\u00f4ts \u00e0 haute efficacit\u00e9 \u00e9nerg\u00e9tique, s'adaptant ainsi aux diff\u00e9rentes fen\u00eatres de traitement des films fonctionnels \u00e9lectroniques.<\/p>\n\n\n\n<p><strong>Effet de rev\u00eatement constant :<\/strong> Gr\u00e2ce au contr\u00f4le coordonn\u00e9 de la distance cible-substrat, du syst\u00e8me de rotation et des param\u00e8tres de d\u00e9p\u00f4t, on obtient une \u00e9paisseur de film uniforme et des effets de pulv\u00e9risation hautement reproductibles sur la surface des composants \u00e9lectroniques.<\/p>\n\n\n\n<p><strong>Adaptation du processus de pulv\u00e9risation cryog\u00e9nique : <\/strong>La pulv\u00e9risation magn\u00e9tron pr\u00e9sente une zone affect\u00e9e par la chaleur minimale, adapt\u00e9e aux substrats \u00e9lectroniques sensibles \u00e0 la temp\u00e9rature et aux composants de pr\u00e9cision, ce qui r\u00e9duit le risque de stress thermique.<\/p>\n\n\n\n<p><strong>Syst\u00e8me de contr\u00f4le automatis\u00e9 int\u00e9gr\u00e9 :<\/strong> Il permet de stocker et d'extraire les param\u00e8tres du processus, ce qui garantit des performances de rev\u00eatement tr\u00e8s constantes dans la production de masse.<\/p>\n\n\n\n<p><strong>Compatibilit\u00e9 avec les applications multi-\u00e9lectroniques<\/strong>: S'adapte aux exigences de rev\u00eatement des diff\u00e9rents sc\u00e9narios d'application \u00e9lectronique, y compris l'am\u00e9lioration fonctionnelle, la protection de la surface et l'am\u00e9lioration des performances, fournissant une plate-forme universelle de rev\u00eatement par pulv\u00e9risation cathodique pour l'industrie \u00e9lectronique.<\/p>\n<\/div>\n<\/div>","protected":false},"excerpt":{"rendered":"<p>La machine de rev\u00eatement PVD pour l'\u00e9lectronique de CGVAC fournit des couches minces pr\u00e9cises, uniformes et reproductibles pour les capteurs, les composants \u00e9lectroniques et les pi\u00e8ces de pr\u00e9cision. Nous proposons des configurations personnalisables, une grande stabilit\u00e9 et une assistance technique compl\u00e8te. Contactez-nous pour des solutions PVD sur mesure dans de nombreuses industries.<\/p>\n<h2>Param\u00e8tres techniques :<\/h2>\n<table width=\"973\">\n<tbody>\n<tr>\n<td width=\"202\"><strong>Mat\u00e9riaux cibles<\/strong><\/td>\n<td width=\"771\">Titane (Ti), chrome (Cr), zirconium (Zr), acier inoxydable, ITO, FTO et autres<\/td>\n<\/tr>\n<tr>\n<td><strong>Gaz industriels<\/strong><\/td>\n<td>Argon (Ar), Azote (N\u2082), Oxyg\u00e8ne (O\u2082), H\u2082 (Hydrog\u00e8ne)<\/td>\n<\/tr>\n<tr>\n<td><strong>Technologie de rev\u00eatement<\/strong><\/td>\n<td>Rev\u00eatement sous vide par pulv\u00e9risation cathodique magn\u00e9tron<\/td>\n<\/tr>\n<tr>\n<td><strong>Couleur du rev\u00eatement<\/strong><\/td>\n<td>Or, or rose, noir, argent, bleu, champagne, couleurs mates\/satin\u00e9es et diff\u00e9rentes couleurs<\/td>\n<\/tr>\n<tr>\n<td><strong>Films fonctionnels et optiques<\/strong><\/td>\n<td>ITO, SiO\u2082, TiO\u2082, Cr, Al, Ag, ITO\/Ag\/ITO, films optiques et \u00e9lectroniques<\/td>\n<\/tr>\n<tr>\n<td><strong>Composants essentiels<\/strong><\/td>\n<td>Cible d'arc, syst\u00e8me de commande, pompe<\/td>\n<\/tr>\n<tr>\n<td><strong>Application<\/strong><\/td>\n<td>Acier inoxydable, \u00e9lectronique et optique, verre, int\u00e9rieur et composants automobiles<\/td>\n<\/tr>\n<tr>\n<td><strong>Personnalisation<\/strong><\/td>\n<td>Taille, mat\u00e9riau cible, couleur, conception de l'appareil et plan de traitement personnalis\u00e9s<\/td>\n<\/tr>\n<tr>\n<td><strong>Service<\/strong><\/td>\n<td>Rapports d'essais m\u00e9caniques\/d'\u00e9chantillons, inspection vid\u00e9o \u00e0 la sortie et conseils techniques<\/td>\n<\/tr>\n<\/tbody>\n<\/table>\n<p>&nbsp;<\/p>","protected":false},"featured_media":1238,"comment_status":"closed","ping_status":"closed","template":"","meta":{"_acf_changed":true},"application":[23],"product_brand":[],"product_cat":[20],"product_tag":[],"class_list":{"0":"post-1236","1":"product","2":"type-product","3":"status-publish","4":"has-post-thumbnail","6":"application-electronic-optical-vacuum-coating-machine","7":"product_cat-magnetron-sputtering-vacuum-coating-machine","9":"first","10":"instock","11":"shipping-taxable","12":"product-type-simple"},"acf":[],"_links":{"self":[{"href":"https:\/\/www.cgvacuum.com\/fr\/wp-json\/wp\/v2\/product\/1236","targetHints":{"allow":["GET"]}}],"collection":[{"href":"https:\/\/www.cgvacuum.com\/fr\/wp-json\/wp\/v2\/product"}],"about":[{"href":"https:\/\/www.cgvacuum.com\/fr\/wp-json\/wp\/v2\/types\/product"}],"replies":[{"embeddable":true,"href":"https:\/\/www.cgvacuum.com\/fr\/wp-json\/wp\/v2\/comments?post=1236"}],"wp:featuredmedia":[{"embeddable":true,"href":"https:\/\/www.cgvacuum.com\/fr\/wp-json\/wp\/v2\/media\/1238"}],"wp:attachment":[{"href":"https:\/\/www.cgvacuum.com\/fr\/wp-json\/wp\/v2\/media?parent=1236"}],"wp:term":[{"taxonomy":"application","embeddable":true,"href":"https:\/\/www.cgvacuum.com\/fr\/wp-json\/wp\/v2\/application?post=1236"},{"taxonomy":"product_brand","embeddable":true,"href":"https:\/\/www.cgvacuum.com\/fr\/wp-json\/wp\/v2\/product_brand?post=1236"},{"taxonomy":"product_cat","embeddable":true,"href":"https:\/\/www.cgvacuum.com\/fr\/wp-json\/wp\/v2\/product_cat?post=1236"},{"taxonomy":"product_tag","embeddable":true,"href":"https:\/\/www.cgvacuum.com\/fr\/wp-json\/wp\/v2\/product_tag?post=1236"}],"curies":[{"name":"wp","href":"https:\/\/api.w.org\/{rel}","templated":true}]}}