{"id":1232,"date":"2025-12-19T02:16:47","date_gmt":"2025-12-19T02:16:47","guid":{"rendered":"https:\/\/www.cgvacuum.com\/?post_type=product&#038;p=1232"},"modified":"2025-12-19T02:49:00","modified_gmt":"2025-12-19T02:49:00","slug":"multi-arc-ion-vacuum-coating-machine","status":"publish","type":"product","link":"https:\/\/www.cgvacuum.com\/fr\/produit\/multi-arc-ion-vacuum-coating-machine\/","title":{"rendered":"Machine de rev\u00eatement sous vide multi-arcs ioniques, fabricant de machines de rev\u00eatement PVD sur verre en Chine"},"content":{"rendered":"<h3 class=\"wp-block-heading\">Sp\u00e9cifications de la machine de rev\u00eatement sous vide ionique multi-arcs pour le verre :<\/h3>\n\n\n\n<figure class=\"wp-block-table\"><table><tbody><tr><td><strong>Num\u00e9ro de mod\u00e8le<\/strong><\/td><td><strong>Dimensions L x H (mm)<\/strong><\/td><td><strong>Vide ultime (Pa)<\/strong><\/td><td><strong>Temps de pompage (min)<\/strong>)<\/td><td><strong>Objectifs (PCS)<\/strong><\/td><td><strong>Puissance totale (kW)<\/strong><\/td><\/tr><tr><td>DZ1214<\/td><td>1200 x 1400 mm<\/td><td>\u22648\u00d710-\u2074<\/td><td>\uff1c5<\/td><td>10<\/td><td>50<\/td><\/tr><tr><td>DZ1416<\/td><td>1400 x 1600 mm<\/td><td>\u22648\u00d710-\u2074<\/td><td>\uff1c5<\/td><td>14<\/td><td>60<\/td><\/tr><tr><td>DZ1618<\/td><td>1600 x 1800 mm<\/td><td>\u22648\u00d710-\u2074<\/td><td>\uff1c5<\/td><td>21<\/td><td>80<\/td><\/tr><tr><td>DZ1818<\/td><td>1800 x 1800 mm<\/td><td>\u22648\u00d710-\u2074<\/td><td>\uff1c5<\/td><td>28<\/td><td>110<\/td><\/tr><tr><td>DZ2118<\/td><td>2100 x 1800 mm<\/td><td>\u22648\u00d710-\u2074<\/td><td>\uff1c5<\/td><td>32<\/td><td>120<\/td><\/tr><\/tbody><\/table><\/figure>\n\n\n\n<p><strong>*Les sp\u00e9cifications de l'\u00e9quipement peuvent \u00eatre personnalis\u00e9es selon les exigences du client. La hauteur ou la profondeur peut varier de 600 mm \u00e0 10 000 mm.<\/strong><\/p>\n\n\n\n<div class=\"wp-block-columns is-layout-flex wp-container-core-columns-is-layout-9d6595d7 wp-block-columns-is-layout-flex\">\n<div class=\"wp-block-column is-layout-flow wp-block-column-is-layout-flow\">\n<figure class=\"wp-block-image size-full\"><img decoding=\"async\" width=\"800\" height=\"800\" src=\"https:\/\/www.cgvacuum.com\/wp-content\/uploads\/2025\/12\/Multi-Arc-Ion-Vacuum-Coating-Machine-Glass-PVD-Coating-Machine.webp\" alt=\"Machine de rev\u00eatement sous vide ionique multi-arcs Machine de rev\u00eatement PVD pour verre\" class=\"wp-image-1233\" srcset=\"https:\/\/www.cgvacuum.com\/wp-content\/uploads\/2025\/12\/Multi-Arc-Ion-Vacuum-Coating-Machine-Glass-PVD-Coating-Machine.webp 800w, https:\/\/www.cgvacuum.com\/wp-content\/uploads\/2025\/12\/Multi-Arc-Ion-Vacuum-Coating-Machine-Glass-PVD-Coating-Machine-300x300.webp 300w, https:\/\/www.cgvacuum.com\/wp-content\/uploads\/2025\/12\/Multi-Arc-Ion-Vacuum-Coating-Machine-Glass-PVD-Coating-Machine-150x150.webp 150w, https:\/\/www.cgvacuum.com\/wp-content\/uploads\/2025\/12\/Multi-Arc-Ion-Vacuum-Coating-Machine-Glass-PVD-Coating-Machine-768x768.webp 768w, https:\/\/www.cgvacuum.com\/wp-content\/uploads\/2025\/12\/Multi-Arc-Ion-Vacuum-Coating-Machine-Glass-PVD-Coating-Machine-12x12.webp 12w, https:\/\/www.cgvacuum.com\/wp-content\/uploads\/2025\/12\/Multi-Arc-Ion-Vacuum-Coating-Machine-Glass-PVD-Coating-Machine-600x600.webp 600w, https:\/\/www.cgvacuum.com\/wp-content\/uploads\/2025\/12\/Multi-Arc-Ion-Vacuum-Coating-Machine-Glass-PVD-Coating-Machine-100x100.webp 100w\" sizes=\"(max-width: 800px) 100vw, 800px\" \/><\/figure>\n<\/div>\n\n\n\n<div class=\"wp-block-column is-layout-flow wp-block-column-is-layout-flow\">\n<h3 class=\"wp-block-heading\">Caract\u00e9ristiques de la machine de rev\u00eatement sous vide ionique multi-arcs pour le verre :<\/h3>\n\n\n\n<p><strong>Syst\u00e8me de d\u00e9p\u00f4t \u00e0 source ionique multi-arcs<\/strong>: \u00c9quip\u00e9 d'une source d'ions multi-arcs hautement stable, il g\u00e9n\u00e8re un faisceau d'ions \u00e0 haute \u00e9nergie, permettant un d\u00e9p\u00f4t de film \u00e0 haute adh\u00e9rence et haute densit\u00e9, particuli\u00e8rement adapt\u00e9 aux exigences de rev\u00eatement fonctionnel et d\u00e9coratif sur les surfaces en verre.<\/p>\n\n\n\n<p><strong>Bombardement ionique intense :<\/strong> Le proc\u00e9d\u00e9 de placage ionique multi-arcs se caract\u00e9rise par un bombardement ionique intense, qui am\u00e9liore efficacement l'\u00e9tat de liaison de la surface du verre et renforce la force d'adh\u00e9rence entre le film et le substrat.<\/p>\n\n\n\n<p><strong>Contr\u00f4le pr\u00e9cis du rev\u00eatement : <\/strong>La structure optimis\u00e9e de la chambre \u00e0 vide et la conception de la distribution des ions garantissent un d\u00e9p\u00f4t uniforme du film sur diff\u00e9rentes zones du substrat en verre, r\u00e9duisant ainsi les diff\u00e9rences d'\u00e9paisseur et de couleur.<\/p>\n\n\n\n<p><strong>R\u00e9glage ind\u00e9pendant de plusieurs param\u00e8tres de processus : <\/strong>Permet un contr\u00f4le pr\u00e9cis du courant de la source d'arc, de la tension de polarisation, de l'alimentation \u00e9lectrique et des param\u00e8tres du gaz, s'adaptant \u00e0 diff\u00e9rents types de verre et exigences de rev\u00eatement, am\u00e9liorant ainsi la stabilit\u00e9 et la r\u00e9p\u00e9tabilit\u00e9 du processus.<\/p>\n\n\n\n<p><strong>Structure multicouche et composite du film : <\/strong>Permet le d\u00e9p\u00f4t par empilement de films de placage ionique multi-arcs, r\u00e9pondant \u00e0 diverses exigences en mati\u00e8re de structure de film, telles que la r\u00e9sistance \u00e0 l'usure, la r\u00e9sistance \u00e0 la corrosion, la coloration d\u00e9corative et le renforcement de surface.<\/p>\n\n\n\n<p><strong>Syst\u00e8me automatis\u00e9 de serrage et de rotation : <\/strong>La structure de serrage rotative multi-axes assure une distribution uniforme des ions sur le verre pendant le processus de rev\u00eatement, am\u00e9liorant ainsi la coh\u00e9rence du rev\u00eatement du verre sur de grandes surfaces ou par lots.<\/p>\n\n\n\n<p><strong>Solutions applicatives multi-sectorielles :<\/strong> Les \u00e9quipements de rev\u00eatement sous vide multi-arcs CGVAC sont utilis\u00e9s pour le verre architectural et d\u00e9coratif, le verre pour meubles et appareils \u00e9lectrom\u00e9nagers, le verre pour l'\u00e9clairage et l'art, le verre fonctionnel, etc. Ils offrent \u00e0 l'industrie du verre une solution PVD ionique multi-arcs compl\u00e8te qui concilie aspects d\u00e9coratifs et fonctionnels.<\/p>\n<\/div>\n<\/div>","protected":false},"excerpt":{"rendered":"<p data-start=\"2608\" data-end=\"2931\">La machine de rev\u00eatement sous vide ionique multi-arcs haute stabilit\u00e9 CGVAC, con\u00e7ue pour offrir des performances de rev\u00eatement du verre constantes, permet d'obtenir des rev\u00eatements uniformes \u00e0 haute adh\u00e9rence pour les applications sur verre. Demandez d\u00e8s maintenant la configuration personnalis\u00e9e de la machine de rev\u00eatement PVD pour verre.<\/p>\n<h2>Param\u00e8tres techniques :<\/h2>\n<table width=\"973\">\n<tbody>\n<tr>\n<td width=\"202\"><strong>Mat\u00e9riaux cibles<\/strong><\/td>\n<td width=\"771\">Titane (Ti), chrome (Cr), zirconium (Zr), TiAl, Ni, Cu, Al, Fe, etc.<\/td>\n<\/tr>\n<tr>\n<td><strong>Gaz industriels<\/strong><\/td>\n<td>Argon (Ar), azote (N\u2082), ac\u00e9tyl\u00e8ne (C\u2082H\u2082), oxyg\u00e8ne (O\u2082)<\/td>\n<\/tr>\n<tr>\n<td><strong>Technologie de rev\u00eatement<\/strong><\/td>\n<td>Rev\u00eatement ionique sous vide \u00e0 plusieurs arcs<\/td>\n<\/tr>\n<tr>\n<td><strong>Couleur du rev\u00eatement<\/strong><\/td>\n<td>Argent titane, or, or rose, violet, bleu saphir, perle, ambre, gris fonc\u00e9, noir chrome et multicolore<\/td>\n<\/tr>\n<tr>\n<td><strong>Rev\u00eatements fonctionnels<\/strong><\/td>\n<td>TiN, TiCN, CrN, ZrN, TiAlN, CrAlN, DLC et autres rev\u00eatements durs et r\u00e9sistants \u00e0 l'usure.<\/td>\n<\/tr>\n<tr>\n<td><strong>Composants essentiels<\/strong><\/td>\n<td>Cible d'arc, syst\u00e8me de commande, pompe<\/td>\n<\/tr>\n<tr>\n<td><strong>Application<\/strong><\/td>\n<td>Acier inoxydable, m\u00e9tal, articles sanitaires, vaisselle en c\u00e9ramique, bijoux, verre, carreaux<\/td>\n<\/tr>\n<tr>\n<td><strong>Personnalisation<\/strong><\/td>\n<td>Taille, mat\u00e9riau cible, couleur, conception de l'appareil et plan de traitement personnalis\u00e9s<\/td>\n<\/tr>\n<tr>\n<td><strong>Service<\/strong><\/td>\n<td>Rapports d'essais m\u00e9caniques\/\u00e9chantillons, inspection vid\u00e9o \u00e0 la sortie et conseils techniques.<\/td>\n<\/tr>\n<\/tbody>\n<\/table>\n<p>&nbsp;<\/p>","protected":false},"featured_media":1233,"comment_status":"closed","ping_status":"closed","template":"","meta":{"_acf_changed":true},"application":[25],"product_brand":[],"product_cat":[19],"product_tag":[],"class_list":{"0":"post-1232","1":"product","2":"type-product","3":"status-publish","4":"has-post-thumbnail","6":"application-glass-pvd-coating-machine","7":"product_cat-multi-arc-ion-vacuum-coating-machine","9":"first","10":"instock","11":"shipping-taxable","12":"product-type-simple"},"acf":[],"_links":{"self":[{"href":"https:\/\/www.cgvacuum.com\/fr\/wp-json\/wp\/v2\/product\/1232","targetHints":{"allow":["GET"]}}],"collection":[{"href":"https:\/\/www.cgvacuum.com\/fr\/wp-json\/wp\/v2\/product"}],"about":[{"href":"https:\/\/www.cgvacuum.com\/fr\/wp-json\/wp\/v2\/types\/product"}],"replies":[{"embeddable":true,"href":"https:\/\/www.cgvacuum.com\/fr\/wp-json\/wp\/v2\/comments?post=1232"}],"wp:featuredmedia":[{"embeddable":true,"href":"https:\/\/www.cgvacuum.com\/fr\/wp-json\/wp\/v2\/media\/1233"}],"wp:attachment":[{"href":"https:\/\/www.cgvacuum.com\/fr\/wp-json\/wp\/v2\/media?parent=1232"}],"wp:term":[{"taxonomy":"application","embeddable":true,"href":"https:\/\/www.cgvacuum.com\/fr\/wp-json\/wp\/v2\/application?post=1232"},{"taxonomy":"product_brand","embeddable":true,"href":"https:\/\/www.cgvacuum.com\/fr\/wp-json\/wp\/v2\/product_brand?post=1232"},{"taxonomy":"product_cat","embeddable":true,"href":"https:\/\/www.cgvacuum.com\/fr\/wp-json\/wp\/v2\/product_cat?post=1232"},{"taxonomy":"product_tag","embeddable":true,"href":"https:\/\/www.cgvacuum.com\/fr\/wp-json\/wp\/v2\/product_tag?post=1232"}],"curies":[{"name":"wp","href":"https:\/\/api.w.org\/{rel}","templated":true}]}}