{"id":1230,"date":"2025-12-18T09:53:28","date_gmt":"2025-12-18T09:53:28","guid":{"rendered":"https:\/\/www.cgvacuum.com\/?post_type=product&#038;p=1230"},"modified":"2025-12-19T06:53:42","modified_gmt":"2025-12-19T06:53:42","slug":"pvd-coating-machine-for-jewelry","status":"publish","type":"product","link":"https:\/\/www.cgvacuum.com\/fr\/produit\/pvd-coating-machine-for-jewelry\/","title":{"rendered":"Machine de rev\u00eatement PVD pour bijoux Fabricant de machines de rev\u00eatement sous vide par \u00e9vaporation CGVAC"},"content":{"rendered":"<h3 class=\"wp-block-heading\">Sp\u00e9cifications de la machine de rev\u00eatement PVD pour la bijouterie :<\/h3>\n\n\n\n<figure class=\"wp-block-table\"><table class=\"has-fixed-layout\"><tbody><tr><td><strong>Num\u00e9ro de mod\u00e8le<\/strong><\/td><td><strong>Dimensions L x H (mm)<\/strong><\/td><td><strong>Vide ultime (Pa)<\/strong><\/td><td><strong>Temps de pompage (min)<\/strong><\/td><td><strong>Puissance totale (kW)<\/strong><\/td><\/tr><tr><td>ZZ1214<\/td><td>1200 x 1400 mm<\/td><td>\u22648\u00d710-\u2074<\/td><td>\uff1c5<\/td><td>35<\/td><\/tr><tr><td>ZZ1416<\/td><td>1400 x 1600 mm<\/td><td>\u22648\u00d710-\u2074<\/td><td>\uff1c5<\/td><td>65<\/td><\/tr><tr><td>ZZ1618<\/td><td>1600 x 1800 mm<\/td><td>\u22648\u00d710-\u2074<\/td><td>\uff1c5<\/td><td>75<\/td><\/tr><tr><td>ZZ1820<\/td><td>1800*2000 mm<\/td><td>\u22648\u00d710-\u2074<\/td><td>\uff1c5<\/td><td>90<\/td><\/tr><tr><td>ZZ2020<\/td><td>2000*2000 mm<\/td><td>\u22648\u00d710-\u2074<\/td><td>\uff1c5<\/td><td>105<\/td><\/tr><\/tbody><\/table><\/figure>\n\n\n\n<p><strong>*Les sp\u00e9cifications de l'\u00e9quipement peuvent \u00eatre personnalis\u00e9es selon les besoins du client.<\/strong><\/p>\n\n\n\n<div class=\"wp-block-columns is-layout-flex wp-container-core-columns-is-layout-9d6595d7 wp-block-columns-is-layout-flex\">\n<div class=\"wp-block-column is-layout-flow wp-block-column-is-layout-flow\">\n<figure class=\"wp-block-image size-full\"><img decoding=\"async\" width=\"750\" height=\"750\" src=\"https:\/\/www.cgvacuum.com\/wp-content\/uploads\/2025\/12\/pvd-coating-machine-for-jewelry.webp\" alt=\"Machine de rev\u00eatement PVD pour bijoux\" class=\"wp-image-1231\" srcset=\"https:\/\/www.cgvacuum.com\/wp-content\/uploads\/2025\/12\/pvd-coating-machine-for-jewelry.webp 750w, https:\/\/www.cgvacuum.com\/wp-content\/uploads\/2025\/12\/pvd-coating-machine-for-jewelry-300x300.webp 300w, https:\/\/www.cgvacuum.com\/wp-content\/uploads\/2025\/12\/pvd-coating-machine-for-jewelry-150x150.webp 150w, https:\/\/www.cgvacuum.com\/wp-content\/uploads\/2025\/12\/pvd-coating-machine-for-jewelry-12x12.webp 12w, https:\/\/www.cgvacuum.com\/wp-content\/uploads\/2025\/12\/pvd-coating-machine-for-jewelry-600x600.webp 600w, https:\/\/www.cgvacuum.com\/wp-content\/uploads\/2025\/12\/pvd-coating-machine-for-jewelry-100x100.webp 100w\" sizes=\"(max-width: 750px) 100vw, 750px\" \/><\/figure>\n<\/div>\n\n\n\n<div class=\"wp-block-column is-layout-flow wp-block-column-is-layout-flow\">\n<h3 class=\"wp-block-heading\">Caract\u00e9ristiques de la machine de rev\u00eatement PVD pour bijoux :<\/h3>\n\n\n\n<p><strong>Chambre de pulv\u00e9risation magn\u00e9tron \u00e0 haute stabilit\u00e9<\/strong>: Les syst\u00e8mes de d\u00e9p\u00f4t en phase vapeur par pulv\u00e9risation magn\u00e9tron de CGVAC pour la bijouterie sont dot\u00e9s d'une chambre \u00e0 vide robuste et d'une construction soud\u00e9e avec pr\u00e9cision. Cette stabilit\u00e9 m\u00e9canique minimise les vibrations et les d\u00e9formations thermiques pendant le fonctionnement, garantissant une \u00e9paisseur de rev\u00eatement uniforme, une couleur constante et une qualit\u00e9 reproductible pour les applications de bijouterie haut de gamme.<\/p>\n\n\n\n<p><strong>Appareils tournants multipostes :<\/strong> \u00c9quip\u00e9 d'une rotation multi-axes et d'une fixation polyvalente, le syst\u00e8me peut accueillir des bagues, des colliers, des pendentifs et des boucles d'oreilles. La conception m\u00e9canique assure une couverture compl\u00e8te de l'angle pendant la pulv\u00e9risation, am\u00e9liorant l'adh\u00e9rence du rev\u00eatement et la couverture des bords, et r\u00e9duisant les retouches pour les pi\u00e8ces d\u00e9coratives complexes.<\/p>\n\n\n\n<p><strong>Configuration modulaire de la cible<\/strong>: Gr\u00e2ce \u00e0 une conception flexible de magn\u00e9tron \u00e0 cibles multiples, l'\u00e9quipement peut recevoir du Ti, du Cr, du Zr, de l'acier inoxydable et d'autres mat\u00e9riaux. Cela permet d'obtenir une large gamme de finitions d\u00e9coratives telles que l'or, l'or rose, le noir et le bronze \u00e0 canon. Une seule machine peut prendre en charge plusieurs styles de rev\u00eatement, ce qui maximise le retour sur investissement pour les fabricants de bijoux.<\/p>\n\n\n\n<p><strong>Syst\u00e8mes de vide et d'entra\u00eenement efficaces<\/strong>: Les syst\u00e8mes PVD de CGVAC int\u00e8grent une pompe \u00e0 vide haute performance et des syst\u00e8mes d'entra\u00eenement m\u00e9canique stables, permettant un pompage rapide et un fonctionnement continu fiable. M\u00eame en cas de forte charge de production, le syst\u00e8me maintient un contr\u00f4le pr\u00e9cis du processus, \u00e9quilibrant la productivit\u00e9 avec une qualit\u00e9 de surface digne d'un bijou - id\u00e9al pour les OEM, les ODM ou la production \u00e0 grande \u00e9chelle.<\/p>\n\n\n\n<p><strong>Plate-forme multisectorielle offrant des solutions de rev\u00eatement cl\u00e9s en main<\/strong>: Construit sur une plate-forme m\u00e9canique modulaire, l'\u00e9quipement de pulv\u00e9risation cathodique de CGVAC convient non seulement aux bijoux, mais aussi \u00e0 la quincaillerie de salle de bain, \u00e0 l'acier inoxydable, au verre, \u00e0 la c\u00e9ramique et aux applications de d\u00e9coration plastique. CGVAC fournit une solution compl\u00e8te - de la s\u00e9lection de l'\u00e9quipement et de la configuration du processus au d\u00e9ploiement de l'application - permettant des capacit\u00e9s de rev\u00eatement polyvalentes, \u00e9volutives et multi-industrielles.<\/p>\n<\/div>\n<\/div>","protected":false},"excerpt":{"rendered":"<p>Machine de rev\u00eatement PVD CGVAC pour la bijouterie avec pulv\u00e9risation magn\u00e9tron \u00e0 haute stabilit\u00e9, fixations multi-axes pour les formes complexes, et cibles modulaires pour les finitions d\u00e9coratives et fonctionnelles. Id\u00e9ale pour la bijouterie, l'acier inoxydable, le verre et les rev\u00eatements multi-industriels. Renseignez-vous d\u00e8s maintenant pour obtenir des solutions de rev\u00eatement personnalis\u00e9es.<\/p>\n<h2>Param\u00e8tres techniques :<\/h2>\n<table border=\"0\" width=\"973\" cellspacing=\"0\" cellpadding=\"0\">\n<tbody>\n<tr>\n<td width=\"202\" height=\"22\"><strong>Mat\u00e9riaux cibles<\/strong><\/td>\n<td width=\"771\">Fil d'aluminium, Cu, Ag, Cr (thermique), m\u00e9taux d\u00e9coratifs<\/td>\n<\/tr>\n<tr>\n<td height=\"22\"><strong>Technologie de rev\u00eatement<\/strong><\/td>\n<td>Rev\u00eatement sous vide par \u00e9vaporation<\/td>\n<\/tr>\n<tr>\n<td height=\"22\"><strong>Films fonctionnels et optiques<\/strong><\/td>\n<td>Principalement destin\u00e9 aux rev\u00eatements d\u00e9coratifs, il peut \u00eatre int\u00e9gr\u00e9 \u00e0 un rev\u00eatement UV ou \u00e0 des couches pulv\u00e9ris\u00e9es.<\/td>\n<\/tr>\n<tr>\n<td height=\"22\"><strong>Composants essentiels<\/strong><\/td>\n<td>Cible d'arc, syst\u00e8me de commande, pompe<\/td>\n<\/tr>\n<tr>\n<td height=\"22\"><strong>Application<\/strong><\/td>\n<td>Plastiques, c\u00e9ramiques courantes, verre, bijoux et perles, acier inoxydable<\/td>\n<\/tr>\n<tr>\n<td height=\"22\"><strong>Personnalisation<\/strong><\/td>\n<td>Taille, mat\u00e9riau cible, couleur, conception de l'appareil et plan de traitement personnalis\u00e9s<\/td>\n<\/tr>\n<tr>\n<td height=\"22\"><strong>Service<\/strong><\/td>\n<td>Rapports d'essais m\u00e9caniques\/\u00e9chantillons, inspection vid\u00e9o \u00e0 la sortie et conseils techniques.<\/td>\n<\/tr>\n<\/tbody>\n<\/table>\n<p>&nbsp;<\/p>","protected":false},"featured_media":1231,"comment_status":"closed","ping_status":"closed","template":"","meta":{"_acf_changed":true},"application":[28],"product_brand":[],"product_cat":[21],"product_tag":[],"class_list":{"0":"post-1230","1":"product","2":"type-product","3":"status-publish","4":"has-post-thumbnail","6":"application-jewelry-beads-pvd-coating-machine","7":"product_cat-evaporation-vacuum-coating-machine","9":"first","10":"instock","11":"shipping-taxable","12":"product-type-simple"},"acf":[],"_links":{"self":[{"href":"https:\/\/www.cgvacuum.com\/fr\/wp-json\/wp\/v2\/product\/1230","targetHints":{"allow":["GET"]}}],"collection":[{"href":"https:\/\/www.cgvacuum.com\/fr\/wp-json\/wp\/v2\/product"}],"about":[{"href":"https:\/\/www.cgvacuum.com\/fr\/wp-json\/wp\/v2\/types\/product"}],"replies":[{"embeddable":true,"href":"https:\/\/www.cgvacuum.com\/fr\/wp-json\/wp\/v2\/comments?post=1230"}],"wp:featuredmedia":[{"embeddable":true,"href":"https:\/\/www.cgvacuum.com\/fr\/wp-json\/wp\/v2\/media\/1231"}],"wp:attachment":[{"href":"https:\/\/www.cgvacuum.com\/fr\/wp-json\/wp\/v2\/media?parent=1230"}],"wp:term":[{"taxonomy":"application","embeddable":true,"href":"https:\/\/www.cgvacuum.com\/fr\/wp-json\/wp\/v2\/application?post=1230"},{"taxonomy":"product_brand","embeddable":true,"href":"https:\/\/www.cgvacuum.com\/fr\/wp-json\/wp\/v2\/product_brand?post=1230"},{"taxonomy":"product_cat","embeddable":true,"href":"https:\/\/www.cgvacuum.com\/fr\/wp-json\/wp\/v2\/product_cat?post=1230"},{"taxonomy":"product_tag","embeddable":true,"href":"https:\/\/www.cgvacuum.com\/fr\/wp-json\/wp\/v2\/product_tag?post=1230"}],"curies":[{"name":"wp","href":"https:\/\/api.w.org\/{rel}","templated":true}]}}