{"id":1214,"date":"2025-12-09T06:39:48","date_gmt":"2025-12-09T06:39:48","guid":{"rendered":"https:\/\/www.cgvacuum.com\/?post_type=product&#038;p=1214"},"modified":"2025-12-18T10:12:21","modified_gmt":"2025-12-18T10:12:21","slug":"pvd-coating-machine-for-glass","status":"publish","type":"product","link":"https:\/\/www.cgvacuum.com\/fr\/produit\/pvd-coating-machine-for-glass\/","title":{"rendered":"Machine de rev\u00eatement PVD pour verre Machine de rev\u00eatement sous vide par \u00e9vaporation Usine"},"content":{"rendered":"<h3 class=\"wp-block-heading\">Sp\u00e9cifications de la machine de rev\u00eatement PVD pour le verre :<\/h3>\n\n\n\n<figure class=\"wp-block-table\"><table class=\"has-fixed-layout\"><tbody><tr><td><strong>Num\u00e9ro de mod\u00e8le<\/strong><\/td><td><strong>Dimensions L x H (mm)<\/strong><\/td><td><strong>Vide ultime (Pa)<\/strong><\/td><td><strong>Temps de pompage (min)<\/strong><\/td><td><strong>Puissance totale (kW)<\/strong><\/td><\/tr><tr><td>ZZ1214<\/td><td>1200 x 1400 mm<\/td><td>\u22648\u00d710-\u2074<\/td><td>\uff1c5<\/td><td>35<\/td><\/tr><tr><td>ZZ1416<\/td><td>1400 x 1600 mm<\/td><td>\u22648\u00d710-\u2074<\/td><td>\uff1c5<\/td><td>65<\/td><\/tr><tr><td>ZZ1618<\/td><td>1600 x 1800 mm<\/td><td>\u22648\u00d710-\u2074<\/td><td>\uff1c5<\/td><td>75<\/td><\/tr><tr><td>ZZ1820<\/td><td>1800*2000 mm<\/td><td>\u22648\u00d710-\u2074<\/td><td>\uff1c5<\/td><td>90<\/td><\/tr><tr><td>ZZ2020<\/td><td>2000*2000 mm<\/td><td>\u22648\u00d710-\u2074<\/td><td>\uff1c5<\/td><td>105<\/td><\/tr><\/tbody><\/table><\/figure>\n\n\n\n<p><strong>*Les sp\u00e9cifications de l'\u00e9quipement peuvent \u00eatre personnalis\u00e9es selon les besoins du client.<\/strong><\/p>\n\n\n\n<div class=\"wp-block-columns is-layout-flex wp-container-core-columns-is-layout-9d6595d7 wp-block-columns-is-layout-flex\">\n<div class=\"wp-block-column is-layout-flow wp-block-column-is-layout-flow\">\n<figure class=\"wp-block-image size-full\"><img decoding=\"async\" width=\"760\" height=\"760\" src=\"https:\/\/www.cgvacuum.com\/wp-content\/uploads\/2025\/12\/PVD-coating-machine-for-Glass.webp\" alt=\"Machine de rev\u00eatement PVD pour verre\" class=\"wp-image-1215\" srcset=\"https:\/\/www.cgvacuum.com\/wp-content\/uploads\/2025\/12\/PVD-coating-machine-for-Glass.webp 760w, https:\/\/www.cgvacuum.com\/wp-content\/uploads\/2025\/12\/PVD-coating-machine-for-Glass-300x300.webp 300w, https:\/\/www.cgvacuum.com\/wp-content\/uploads\/2025\/12\/PVD-coating-machine-for-Glass-150x150.webp 150w, https:\/\/www.cgvacuum.com\/wp-content\/uploads\/2025\/12\/PVD-coating-machine-for-Glass-12x12.webp 12w, https:\/\/www.cgvacuum.com\/wp-content\/uploads\/2025\/12\/PVD-coating-machine-for-Glass-600x600.webp 600w, https:\/\/www.cgvacuum.com\/wp-content\/uploads\/2025\/12\/PVD-coating-machine-for-Glass-100x100.webp 100w\" sizes=\"(max-width: 760px) 100vw, 760px\" \/><\/figure>\n<\/div>\n\n\n\n<div class=\"wp-block-column is-layout-flow wp-block-column-is-layout-flow\">\n<h3 class=\"wp-block-heading\">Caract\u00e9ristiques de la machine de rev\u00eatement PVD pour le verre :<\/h3>\n\n\n\n<p><strong>Configuration de la source d'\u00e9vaporation sp\u00e9cifique au verre<\/strong>: Utilisant une source d'\u00e9vaporation par r\u00e9sistance \u00e0 haut rendement ou une source d'\u00e9vaporation par faisceau d'\u00e9lectrons, il g\u00e9n\u00e8re de mani\u00e8re stable un flux de vapeur m\u00e9tallique, garantissant un rev\u00eatement uniforme et bien adh\u00e9rent sur la surface du verre. Il est particuli\u00e8rement adapt\u00e9 au traitement du verre transparent, translucide et color\u00e9.<\/p>\n\n\n\n<p><strong>Chambre \u00e0 vide verticale de grande taille :<\/strong> La structure cylindrique verticale assure un flux d'air plus stable et une meilleure uniformit\u00e9 du film optique, ce qui permet de traiter de grandes surfaces ou plusieurs substrats de verre. Elle s'adapte parfaitement aux besoins de production du verre architectural, du verre d'ameublement et du verre d\u00e9coratif.<\/p>\n\n\n\n<p><strong>Syst\u00e8me de contr\u00f4le pr\u00e9cis de la temp\u00e9rature : <\/strong>L'\u00e9quipement int\u00e8gre un mode de mont\u00e9e en temp\u00e9rature et un contr\u00f4le du refroidissement pour \u00e9viter la d\u00e9formation et la fissuration du verre dues \u00e0 la dilatation thermique pendant le rev\u00eatement, ce qui am\u00e9liore la stabilit\u00e9 du processus.<\/p>\n\n\n\n<p><strong>D\u00e9p\u00f4t par \u00e9vaporation de films multicouches :<\/strong> Il peut d\u00e9poser des structures multicouches telles que des films m\u00e9talliques, des films d'oxyde et des couches protectrices, ce qui permet de r\u00e9pondre \u00e0 diverses applications, notamment la r\u00e9flexion optique, l'ajustement de la transmission de la lumi\u00e8re, la d\u00e9coration des couleurs et l'am\u00e9lioration fonctionnelle.<\/p>\n\n\n\n<p><strong>M\u00e9canisme de serrage rotatif automatique<\/strong>: Le cadre rotatif \u00e0 angles multiples assure un d\u00e9p\u00f4t uniforme du film sur le verre. La structure de blindage permet un rev\u00eatement localis\u00e9 dans diff\u00e9rentes zones, ce qui convient au traitement du verre d'art et du verre d\u00e9coratif.<\/p>\n\n\n\n<p><strong>Syst\u00e8me de pompage \u00e0 vide \u00e0 haut rendement :<\/strong> \u00c9quip\u00e9 d'une combinaison de pompes m\u00e9caniques \u00e0 haut rendement et de pompes \u00e0 diffusion\/turbomol\u00e9culaires, il atteint des niveaux de vide id\u00e9aux en peu de temps, ce qui augmente la dur\u00e9e du cycle de production et am\u00e9liore la puret\u00e9 du film.<\/p>\n\n\n\n<p><strong>Un large \u00e9ventail d'industries<\/strong>: Il s'agit de verre isolant et de verre r\u00e9fl\u00e9chissant, de verre d'ameublement comprenant des panneaux de porte et des panneaux d\u00e9coratifs, de verre d'\u00e9clairage, tel que des abat-jour et des composants optiques, et de verre d'art : \u0153uvres d'art et cadeaux. Rev\u00eatements stables par \u00e9vaporation pour un large \u00e9ventail d'industries.<\/p>\n<\/div>\n<\/div>","protected":false},"excerpt":{"rendered":"<p>CGVAC Machine de rev\u00eatement PVD pour le verre avec une \u00e9vaporation optimis\u00e9e et des performances de vide stables. CGVAC offre une solution personnalis\u00e9e et un support technique complet. Contactez-nous pour des options de machines personnalis\u00e9es.<\/p>\n<h2>Param\u00e8tres techniques :<\/h2>\n<table border=\"0\" width=\"973\" cellspacing=\"0\" cellpadding=\"0\">\n<tbody>\n<tr>\n<td width=\"202\" height=\"22\"><strong>Mat\u00e9riaux cibles<\/strong><\/td>\n<td width=\"771\">Fil d'aluminium, Cu, Ag, Cr (thermique), m\u00e9taux d\u00e9coratifs<\/td>\n<\/tr>\n<tr>\n<td height=\"22\"><strong>Technologie de rev\u00eatement<\/strong><\/td>\n<td>Rev\u00eatement sous vide par \u00e9vaporation<\/td>\n<\/tr>\n<tr>\n<td height=\"22\"><strong>Films fonctionnels et optiques<\/strong><\/td>\n<td>Principalement destin\u00e9 aux rev\u00eatements d\u00e9coratifs, il peut \u00eatre int\u00e9gr\u00e9 \u00e0 un rev\u00eatement UV ou \u00e0 des couches pulv\u00e9ris\u00e9es.<\/td>\n<\/tr>\n<tr>\n<td height=\"22\"><strong>Composants essentiels<\/strong><\/td>\n<td>Cible d'arc, syst\u00e8me de commande, pompe<\/td>\n<\/tr>\n<tr>\n<td height=\"22\"><strong>Application<\/strong><\/td>\n<td>Plastiques, c\u00e9ramiques courantes, verre, bijoux et perles, acier inoxydable<\/td>\n<\/tr>\n<tr>\n<td height=\"22\"><strong>Personnalisation<\/strong><\/td>\n<td>Taille, mat\u00e9riau cible, couleur, conception de l'appareil et plan de traitement personnalis\u00e9s<\/td>\n<\/tr>\n<tr>\n<td height=\"22\"><strong>Service<\/strong><\/td>\n<td>Rapports d'essais m\u00e9caniques\/\u00e9chantillons, inspection vid\u00e9o \u00e0 la sortie et conseils techniques.<\/td>\n<\/tr>\n<\/tbody>\n<\/table>\n<p>&nbsp;<\/p>","protected":false},"featured_media":1215,"comment_status":"closed","ping_status":"closed","template":"","meta":{"_acf_changed":true},"application":[25],"product_brand":[],"product_cat":[21],"product_tag":[],"class_list":{"0":"post-1214","1":"product","2":"type-product","3":"status-publish","4":"has-post-thumbnail","6":"application-glass-pvd-coating-machine","7":"product_cat-evaporation-vacuum-coating-machine","9":"first","10":"instock","11":"shipping-taxable","12":"product-type-simple"},"acf":[],"_links":{"self":[{"href":"https:\/\/www.cgvacuum.com\/fr\/wp-json\/wp\/v2\/product\/1214","targetHints":{"allow":["GET"]}}],"collection":[{"href":"https:\/\/www.cgvacuum.com\/fr\/wp-json\/wp\/v2\/product"}],"about":[{"href":"https:\/\/www.cgvacuum.com\/fr\/wp-json\/wp\/v2\/types\/product"}],"replies":[{"embeddable":true,"href":"https:\/\/www.cgvacuum.com\/fr\/wp-json\/wp\/v2\/comments?post=1214"}],"wp:featuredmedia":[{"embeddable":true,"href":"https:\/\/www.cgvacuum.com\/fr\/wp-json\/wp\/v2\/media\/1215"}],"wp:attachment":[{"href":"https:\/\/www.cgvacuum.com\/fr\/wp-json\/wp\/v2\/media?parent=1214"}],"wp:term":[{"taxonomy":"application","embeddable":true,"href":"https:\/\/www.cgvacuum.com\/fr\/wp-json\/wp\/v2\/application?post=1214"},{"taxonomy":"product_brand","embeddable":true,"href":"https:\/\/www.cgvacuum.com\/fr\/wp-json\/wp\/v2\/product_brand?post=1214"},{"taxonomy":"product_cat","embeddable":true,"href":"https:\/\/www.cgvacuum.com\/fr\/wp-json\/wp\/v2\/product_cat?post=1214"},{"taxonomy":"product_tag","embeddable":true,"href":"https:\/\/www.cgvacuum.com\/fr\/wp-json\/wp\/v2\/product_tag?post=1214"}],"curies":[{"name":"wp","href":"https:\/\/api.w.org\/{rel}","templated":true}]}}