{"id":1212,"date":"2025-12-09T06:12:08","date_gmt":"2025-12-09T06:12:08","guid":{"rendered":"https:\/\/www.cgvacuum.com\/?post_type=product&#038;p=1212"},"modified":"2025-12-18T09:51:05","modified_gmt":"2025-12-18T09:51:05","slug":"pvd-coating-machine-for-stainless-steel-hardware","status":"publish","type":"product","link":"https:\/\/www.cgvacuum.com\/fr\/produit\/pvd-coating-machine-for-stainless-steel-hardware\/","title":{"rendered":"Machine de rev\u00eatement PVD pour quincaillerie en acier inoxydable, machine de rev\u00eatement sous vide par pulv\u00e9risation magn\u00e9tron"},"content":{"rendered":"<h3 class=\"wp-block-heading\">Sp\u00e9cifications de la machine de rev\u00eatement PVD pour la quincaillerie en acier inoxydable :<\/h3>\n\n\n\n<figure class=\"wp-block-table\"><table class=\"has-fixed-layout\"><tbody><tr><td><strong>Num\u00e9ro de mod\u00e8le<\/strong><\/td><td><strong>Dimensions L x H (mm)<\/strong><\/td><td><strong>Vide ultime (Pa)<\/strong><\/td><td><strong>Temps de pompage (min)<\/strong><\/td><td><strong>Puissance de sout\u00e8nement (kW)<\/strong><\/td><td><strong>Puissance totale (kW)<\/strong><\/td><\/tr><tr><td>CZ1214<\/td><td>1200 x 1400 mm<\/td><td>\u22648\u00d710-\u2074<\/td><td>\uff1c5<\/td><td>40<\/td><td>50<\/td><\/tr><tr><td>CZ1416<\/td><td>1400 x 1600 mm<\/td><td>\u22648\u00d710-\u2074<\/td><td>\uff1c5<\/td><td>60<\/td><td>60<\/td><\/tr><tr><td>CZ1618<\/td><td>1600 x 1800 mm<\/td><td>\u22648\u00d710-\u2074<\/td><td>\uff1c5<\/td><td>80<\/td><td>80<\/td><\/tr><tr><td>CZ1818<\/td><td>1800 x 1800 mm<\/td><td>\u22648\u00d710-\u2074<\/td><td>\uff1c5<\/td><td>160<\/td><td>110<\/td><\/tr><tr><td>CZ2018<\/td><td>2000*1800 mm<\/td><td>\u22648\u00d710-\u2074<\/td><td>\uff1c5<\/td><td>160<\/td><td>120<\/td><\/tr><\/tbody><\/table><\/figure>\n\n\n\n<p><strong>*Les sp\u00e9cifications de l'\u00e9quipement peuvent \u00eatre personnalis\u00e9es selon les besoins du client.<\/strong><\/p>\n\n\n\n<div class=\"wp-block-columns is-layout-flex wp-container-core-columns-is-layout-9d6595d7 wp-block-columns-is-layout-flex\">\n<div class=\"wp-block-column is-layout-flow wp-block-column-is-layout-flow\">\n<figure class=\"wp-block-image size-full\"><img decoding=\"async\" width=\"800\" height=\"800\" src=\"https:\/\/www.cgvacuum.com\/wp-content\/uploads\/2025\/12\/PVD-Coating-Machine-for-Stainless-Steel-Hardware.webp\" alt=\"Machine de rev\u00eatement PVD pour quincaillerie en acier inoxydable\" class=\"wp-image-1213\" srcset=\"https:\/\/www.cgvacuum.com\/wp-content\/uploads\/2025\/12\/PVD-Coating-Machine-for-Stainless-Steel-Hardware.webp 800w, https:\/\/www.cgvacuum.com\/wp-content\/uploads\/2025\/12\/PVD-Coating-Machine-for-Stainless-Steel-Hardware-300x300.webp 300w, https:\/\/www.cgvacuum.com\/wp-content\/uploads\/2025\/12\/PVD-Coating-Machine-for-Stainless-Steel-Hardware-150x150.webp 150w, https:\/\/www.cgvacuum.com\/wp-content\/uploads\/2025\/12\/PVD-Coating-Machine-for-Stainless-Steel-Hardware-768x768.webp 768w, https:\/\/www.cgvacuum.com\/wp-content\/uploads\/2025\/12\/PVD-Coating-Machine-for-Stainless-Steel-Hardware-12x12.webp 12w, https:\/\/www.cgvacuum.com\/wp-content\/uploads\/2025\/12\/PVD-Coating-Machine-for-Stainless-Steel-Hardware-600x600.webp 600w, https:\/\/www.cgvacuum.com\/wp-content\/uploads\/2025\/12\/PVD-Coating-Machine-for-Stainless-Steel-Hardware-100x100.webp 100w\" sizes=\"(max-width: 800px) 100vw, 800px\" \/><\/figure>\n<\/div>\n\n\n\n<div class=\"wp-block-column is-layout-flow wp-block-column-is-layout-flow\">\n<h3 class=\"wp-block-heading\">Caract\u00e9ristiques de la machine de rev\u00eatement PVD pour la quincaillerie en acier inoxydable :<\/h3>\n\n\n\n<p><strong>Structure de d\u00e9p\u00f4t par pulv\u00e9risation magn\u00e9tron \u00e0 haute efficacit\u00e9 : <\/strong>Gr\u00e2ce \u00e0 une distribution optimis\u00e9e du champ magn\u00e9tique et \u00e0 des composants cibles tr\u00e8s stables, il forme un plasma plus dense, am\u00e9liorant la densit\u00e9 du film, l'adh\u00e9rence et la r\u00e9sistance \u00e0 la corrosion, ce qui convient aux traitements de surface de l'acier inoxydable et du mat\u00e9riel informatique \u00e0 hautes exigences.<\/p>\n\n\n\n<p><strong>Contr\u00f4le pr\u00e9cis du rev\u00eatement : <\/strong>La conception de la cavit\u00e9 am\u00e9liore le contr\u00f4le de l'uniformit\u00e9. Gr\u00e2ce \u00e0 un r\u00e9glage pr\u00e9cis du flux d'air et \u00e0 un environnement de d\u00e9p\u00f4t \u00e0 basse pression, il permet d'obtenir une \u00e9paisseur de film et une couleur plus homog\u00e8nes sur des pi\u00e8ces de mat\u00e9riel \u00e0 g\u00e9om\u00e9trie complexe.<\/p>\n\n\n\n<p><strong>Contr\u00f4le programm\u00e9 li\u00e9 \u00e0 plusieurs processus<\/strong>: Il prend en charge des combinaisons programmables de pr\u00e9-nettoyage, d'activation par plasma, de d\u00e9p\u00f4t par pulv\u00e9risation cathodique et de rev\u00eatement r\u00e9actif. Des fichiers de processus ind\u00e9pendants peuvent \u00eatre d\u00e9finis en fonction des diff\u00e9rents mat\u00e9riaux de quincaillerie et de l'acier inoxydable, ce qui permet une commutation rapide et une r\u00e9p\u00e9tabilit\u00e9 constante.<\/p>\n\n\n\n<p><strong>Syst\u00e8me de rotation \u00e0 haute charge :<\/strong> Gr\u00e2ce \u00e0 une rotation multiaxiale et \u00e0 une structure \u00e0 vitesse variable, il maintient l'angle optimal pour les lots de pi\u00e8ces de mat\u00e9riel pendant le d\u00e9p\u00f4t, am\u00e9liorant ainsi la coh\u00e9rence et l'efficacit\u00e9 des rev\u00eatements en grande quantit\u00e9.<\/p>\n\n\n\n<p><strong>Aide \u00e0 la personnalisation<\/strong>: Prend en charge les cibles m\u00e9talliques, les cibles d'alliage, les combinaisons multi-cibles et les processus de gaz r\u00e9actifs tels que la nitruration, le carbure et l'oxydation, permettant le d\u00e9p\u00f4t de divers films fonctionnels et d\u00e9coratifs.<\/p>\n\n\n\n<p><strong>Compatibilit\u00e9 multi-mat\u00e9riaux :<\/strong> La polarisation r\u00e9glable, l'\u00e9nergie de d\u00e9p\u00f4t contr\u00f4lable et l'activation ionique permettent un rev\u00eatement compatible avec divers mat\u00e9riaux m\u00e9talliques tels que l'acier inoxydable, l'alliage de zinc, le cuivre et l'alliage d'aluminium, am\u00e9liorant ainsi l'adh\u00e9rence du film.<\/p>\n\n\n\n<p><strong>Efficacit\u00e9 et durabilit\u00e9 \u00e9lev\u00e9es : <\/strong>Un refroidissement efficace, une stabilit\u00e9 de puissance optimis\u00e9e et des composants de vide \u00e0 longue dur\u00e9e de vie permettent un fonctionnement continu \u00e0 long terme, r\u00e9duisant la maintenance tout en maintenant un \u00e9quilibre entre l'efficacit\u00e9 du d\u00e9p\u00f4t et la consommation d'\u00e9nergie.<\/p>\n<\/div>\n<\/div>","protected":false},"excerpt":{"rendered":"<p>La machine de rev\u00eatement PVD sous vide \u00e0 haute stabilit\u00e9 pour la quincaillerie en acier inoxydable est dot\u00e9e d'un syst\u00e8me PVD \u00e0 pulv\u00e9risation cathodique de qualit\u00e9 industrielle, garantissant des rev\u00eatements constants et de haute qualit\u00e9. Les fournitures du fabricant CGVAC assurent un fonctionnement stable. Contactez-nous pour configurer votre installation de rev\u00eatement sur mesure.<\/p>\n<h2>Param\u00e8tres techniques :<\/h2>\n<table width=\"973\">\n<tbody>\n<tr>\n<td width=\"202\"><strong>Mat\u00e9riaux cibles<\/strong><\/td>\n<td width=\"771\">Titane (Ti), chrome (Cr), zirconium (Zr), acier inoxydable, ITO, FTO et autres<\/td>\n<\/tr>\n<tr>\n<td><strong>Gaz industriels<\/strong><\/td>\n<td>Argon (Ar), Azote (N\u2082), Oxyg\u00e8ne (O\u2082), H\u2082 (Hydrog\u00e8ne)<\/td>\n<\/tr>\n<tr>\n<td><strong>Technologie de rev\u00eatement<\/strong><\/td>\n<td>Rev\u00eatement sous vide par pulv\u00e9risation cathodique magn\u00e9tron<\/td>\n<\/tr>\n<tr>\n<td><strong>Couleur du rev\u00eatement<\/strong><\/td>\n<td>Or, or rose, noir, argent, bleu, champagne, couleurs mates\/satin\u00e9es et diff\u00e9rentes couleurs<\/td>\n<\/tr>\n<tr>\n<td><strong>Films fonctionnels et optiques<\/strong><\/td>\n<td>ITO, SiO\u2082, TiO\u2082, Cr, Al, Ag, ITO\/Ag\/ITO, films optiques et \u00e9lectroniques<\/td>\n<\/tr>\n<tr>\n<td><strong>Composants essentiels<\/strong><\/td>\n<td>Cible d'arc, syst\u00e8me de commande, pompe<\/td>\n<\/tr>\n<tr>\n<td><strong>Application<\/strong><\/td>\n<td>Acier inoxydable, \u00e9lectronique et optique, verre, int\u00e9rieur et composants automobiles<\/td>\n<\/tr>\n<tr>\n<td><strong>Personnalisation<\/strong><\/td>\n<td>Taille, mat\u00e9riau cible, couleur, conception de l'appareil et plan de traitement personnalis\u00e9s<\/td>\n<\/tr>\n<tr>\n<td><strong>Service<\/strong><\/td>\n<td>Rapports d'essais m\u00e9caniques\/d'\u00e9chantillons, inspection vid\u00e9o \u00e0 la sortie et conseils techniques<\/td>\n<\/tr>\n<\/tbody>\n<\/table>\n<p>&nbsp;<\/p>","protected":false},"featured_media":1213,"comment_status":"closed","ping_status":"closed","template":"","meta":{"_acf_changed":true},"application":[26],"product_brand":[],"product_cat":[20],"product_tag":[],"class_list":{"0":"post-1212","1":"product","2":"type-product","3":"status-publish","4":"has-post-thumbnail","6":"application-stainless-steel-pvd-coating-machine","7":"product_cat-magnetron-sputtering-vacuum-coating-machine","9":"first","10":"instock","11":"shipping-taxable","12":"product-type-simple"},"acf":[],"_links":{"self":[{"href":"https:\/\/www.cgvacuum.com\/fr\/wp-json\/wp\/v2\/product\/1212","targetHints":{"allow":["GET"]}}],"collection":[{"href":"https:\/\/www.cgvacuum.com\/fr\/wp-json\/wp\/v2\/product"}],"about":[{"href":"https:\/\/www.cgvacuum.com\/fr\/wp-json\/wp\/v2\/types\/product"}],"replies":[{"embeddable":true,"href":"https:\/\/www.cgvacuum.com\/fr\/wp-json\/wp\/v2\/comments?post=1212"}],"wp:featuredmedia":[{"embeddable":true,"href":"https:\/\/www.cgvacuum.com\/fr\/wp-json\/wp\/v2\/media\/1213"}],"wp:attachment":[{"href":"https:\/\/www.cgvacuum.com\/fr\/wp-json\/wp\/v2\/media?parent=1212"}],"wp:term":[{"taxonomy":"application","embeddable":true,"href":"https:\/\/www.cgvacuum.com\/fr\/wp-json\/wp\/v2\/application?post=1212"},{"taxonomy":"product_brand","embeddable":true,"href":"https:\/\/www.cgvacuum.com\/fr\/wp-json\/wp\/v2\/product_brand?post=1212"},{"taxonomy":"product_cat","embeddable":true,"href":"https:\/\/www.cgvacuum.com\/fr\/wp-json\/wp\/v2\/product_cat?post=1212"},{"taxonomy":"product_tag","embeddable":true,"href":"https:\/\/www.cgvacuum.com\/fr\/wp-json\/wp\/v2\/product_tag?post=1212"}],"curies":[{"name":"wp","href":"https:\/\/api.w.org\/{rel}","templated":true}]}}