{"id":1209,"date":"2025-12-09T03:29:28","date_gmt":"2025-12-09T03:29:28","guid":{"rendered":"https:\/\/www.cgvacuum.com\/?post_type=product&#038;p=1209"},"modified":"2025-12-18T09:52:03","modified_gmt":"2025-12-18T09:52:03","slug":"pvd-coating-machine-for-ceramics","status":"publish","type":"product","link":"https:\/\/www.cgvacuum.com\/fr\/produit\/pvd-coating-machine-for-ceramics\/","title":{"rendered":"Machine de rev\u00eatement PVD pour vaisselle en c\u00e9ramique et poterie, fabricant de machines de rev\u00eatement sous vide \u00e0 ions multi-arcs CGVAC"},"content":{"rendered":"<h3 class=\"wp-block-heading\">Sp\u00e9cifications de la machine de rev\u00eatement PVD pour c\u00e9ramiques :<\/h3>\n\n\n\n<figure class=\"wp-block-table\"><table><tbody><tr><td><strong>Num\u00e9ro de mod\u00e8le<\/strong><\/td><td><strong>Dimensions L x H (mm)<\/strong><\/td><td><strong>Vide ultime (Pa)<\/strong><\/td><td><strong>Temps de pompage (min)<\/strong>)<\/td><td><strong>Objectifs (PCS)<\/strong><\/td><td><strong>Puissance totale (kW)<\/strong><\/td><\/tr><tr><td>DZ1214<\/td><td>1200 x 1400 mm<\/td><td>\u22648\u00d710-\u2074<\/td><td>\uff1c5<\/td><td>10<\/td><td>50<\/td><\/tr><tr><td>DZ1416<\/td><td>1400 x 1600 mm<\/td><td>\u22648\u00d710-\u2074<\/td><td>\uff1c5<\/td><td>14<\/td><td>60<\/td><\/tr><tr><td>DZ1618<\/td><td>1600 x 1800 mm<\/td><td>\u22648\u00d710-\u2074<\/td><td>\uff1c5<\/td><td>21<\/td><td>80<\/td><\/tr><tr><td>DZ1818<\/td><td>1800 x 1800 mm<\/td><td>\u22648\u00d710-\u2074<\/td><td>\uff1c5<\/td><td>28<\/td><td>110<\/td><\/tr><tr><td>DZ2118<\/td><td>2100 x 1800 mm<\/td><td>\u22648\u00d710-\u2074<\/td><td>\uff1c5<\/td><td>32<\/td><td>120<\/td><\/tr><\/tbody><\/table><\/figure>\n\n\n\n<p><strong>*Les sp\u00e9cifications de l'\u00e9quipement peuvent \u00eatre personnalis\u00e9es selon les besoins du client. La hauteur ou la profondeur peut varier de 600 mm \u00e0 10 000 mm.<\/strong><\/p>\n\n\n\n<div class=\"wp-block-columns is-layout-flex wp-container-core-columns-is-layout-9d6595d7 wp-block-columns-is-layout-flex\">\n<div class=\"wp-block-column is-layout-flow wp-block-column-is-layout-flow\">\n<figure class=\"wp-block-image size-full\"><img decoding=\"async\" width=\"750\" height=\"750\" src=\"https:\/\/www.cgvacuum.com\/wp-content\/uploads\/2025\/12\/Multi-Arc-Ion-Vacuum-Coating-Machine-for-Ceramics.webp\" alt=\"Machine d&#039;enduction sous vide ionique multi-arcs pour c\u00e9ramiques\" class=\"wp-image-1210\" srcset=\"https:\/\/www.cgvacuum.com\/wp-content\/uploads\/2025\/12\/Multi-Arc-Ion-Vacuum-Coating-Machine-for-Ceramics.webp 750w, https:\/\/www.cgvacuum.com\/wp-content\/uploads\/2025\/12\/Multi-Arc-Ion-Vacuum-Coating-Machine-for-Ceramics-300x300.webp 300w, https:\/\/www.cgvacuum.com\/wp-content\/uploads\/2025\/12\/Multi-Arc-Ion-Vacuum-Coating-Machine-for-Ceramics-150x150.webp 150w, https:\/\/www.cgvacuum.com\/wp-content\/uploads\/2025\/12\/Multi-Arc-Ion-Vacuum-Coating-Machine-for-Ceramics-12x12.webp 12w, https:\/\/www.cgvacuum.com\/wp-content\/uploads\/2025\/12\/Multi-Arc-Ion-Vacuum-Coating-Machine-for-Ceramics-600x600.webp 600w, https:\/\/www.cgvacuum.com\/wp-content\/uploads\/2025\/12\/Multi-Arc-Ion-Vacuum-Coating-Machine-for-Ceramics-100x100.webp 100w\" sizes=\"(max-width: 750px) 100vw, 750px\" \/><\/figure>\n<\/div>\n\n\n\n<div class=\"wp-block-column is-layout-flow wp-block-column-is-layout-flow\">\n<h3 class=\"wp-block-heading\">Caract\u00e9ristiques de la machine de rev\u00eatement PVD pour c\u00e9ramiques :<\/h3>\n\n\n\n<p><strong>Processus de rev\u00eatement optimis\u00e9 pour les produits c\u00e9ramiques :<\/strong> La source d'ions unique \u00e0 arcs multiples est compatible avec la c\u00e9ramique, la terre cuite, les \u00e9maux et toutes sortes de mat\u00e9riaux de vaisselle. Le rev\u00eatement est uniforme et pr\u00e9sente une forte adh\u00e9rence, ce qui am\u00e9liore efficacement la r\u00e9sistance \u00e0 l'usure et aux rayures ainsi que les propri\u00e9t\u00e9s d\u00e9coratives de la surface des articles en c\u00e9ramique.<\/p>\n\n\n\n<p><strong>Syst\u00e8me de rev\u00eatement de haute pr\u00e9cision :<\/strong> Il conserve la pr\u00e9cision du contr\u00f4le de la temp\u00e9rature et de la conception de la chambre \u00e0 vide, ce qui permet de personnaliser les param\u00e8tres du processus pour diff\u00e9rents \u00e9maux c\u00e9ramiques et substrats. Cette pr\u00e9cision permet d'obtenir des rev\u00eatements stables \u00e0 haute temp\u00e9rature, sans fissure ni d\u00e9formation.<\/p>\n\n\n\n<p><strong>Options de rev\u00eatement multifonctionnelles :<\/strong> Gr\u00e2ce \u00e0 un r\u00e9glage souple de l'\u00e9paisseur, de la couleur et des performances du film, il est possible de poser des films fonctionnels, d\u00e9coratifs et r\u00e9sistants \u00e0 l'usure pour r\u00e9pondre aux besoins des produits c\u00e9ramiques en termes d'esth\u00e9tique et de performances.<\/p>\n\n\n\n<p><strong>Capacit\u00e9 \u00e9lev\u00e9e et fonctionnement stable : <\/strong>Le syst\u00e8me de contr\u00f4le automatis\u00e9 permet une production de masse afin d'am\u00e9liorer l'efficacit\u00e9. La construction tr\u00e8s durable de l'\u00e9quipement permet un fonctionnement continu sur une longue p\u00e9riode et assure la stabilit\u00e9 de la ligne de production.<\/p>\n\n\n\n<p><strong>Conception \u00e9cologique et \u00e9conome en \u00e9nergie<\/strong>: La conception optimis\u00e9e de la circulation sous vide et l'utilisation \u00e9lev\u00e9e des cibles r\u00e9duisent la consommation de mat\u00e9riaux. Le contr\u00f4le de la consommation d'\u00e9nergie \u00e0 haut rendement r\u00e9pond aux exigences de la fabrication \u00e9cologique moderne.<\/p>\n\n\n\n<p><strong>Solutions multi-industries et multi-applications :<\/strong> Il s'applique \u00e0 la vaisselle, \u00e0 l'artisanat en c\u00e9ramique, aux cadeaux en c\u00e9ramique, \u00e0 la porcelaine d\u00e9corative, \u00e0 la c\u00e9ramique d'art et \u00e0 de nombreux autres produits.<\/p>\n\n\n\n<p><strong>Combinaisons de rev\u00eatements personnalis\u00e9es :<\/strong> De la fonctionnalit\u00e9, comme la r\u00e9sistance aux rayures, \u00e0 la corrosion et \u00e0 l'usure, \u00e0 l'esth\u00e9tique, comme l'\u00e9clat m\u00e9tallique et la richesse des couleurs, CGVAC offre des solutions illimit\u00e9es.<\/p>\n<\/div>\n<\/div>","protected":false},"excerpt":{"rendered":"<p data-start=\"2608\" data-end=\"2931\">La machine de rev\u00eatement PVD pour c\u00e9ramiques de CGVAC avec la technologie de rev\u00eatement sous vide PVD ionique multi-arc fournit des rev\u00eatements multicouches de haute pr\u00e9cision pour la vaisselle, la poterie et les c\u00e9ramiques d\u00e9coratives. CGVAC fournit des solutions de machines personnalis\u00e9es et un support technique pour vous aider \u00e0 construire une ligne de production de rev\u00eatement. Contactez-nous pour des solutions de rev\u00eatement personnalis\u00e9es !<\/p>\n<h2>Param\u00e8tres techniques :<\/h2>\n<table width=\"973\">\n<tbody>\n<tr>\n<td width=\"202\"><strong>Mat\u00e9riaux cibles<\/strong><\/td>\n<td width=\"771\">Titane (Ti), chrome (Cr), zirconium (Zr), TiAl, Ni, Cu, Al, Fe, etc.<\/td>\n<\/tr>\n<tr>\n<td><strong>Gaz industriels<\/strong><\/td>\n<td>Argon (Ar), azote (N\u2082), ac\u00e9tyl\u00e8ne (C\u2082H\u2082), oxyg\u00e8ne (O\u2082)<\/td>\n<\/tr>\n<tr>\n<td><strong>Technologie de rev\u00eatement<\/strong><\/td>\n<td>Rev\u00eatement ionique sous vide \u00e0 plusieurs arcs<\/td>\n<\/tr>\n<tr>\n<td><strong>Couleur du rev\u00eatement<\/strong><\/td>\n<td>Argent titane, or, or rose, violet, bleu saphir, perle, ambre, gris fonc\u00e9, noir chrome et multicolore<\/td>\n<\/tr>\n<tr>\n<td><strong>Rev\u00eatements fonctionnels<\/strong><\/td>\n<td>TiN, TiCN, CrN, ZrN, TiAlN, CrAlN, DLC et autres rev\u00eatements durs et r\u00e9sistants \u00e0 l'usure.<\/td>\n<\/tr>\n<tr>\n<td><strong>Composants essentiels<\/strong><\/td>\n<td>Cible d'arc, syst\u00e8me de commande, pompe<\/td>\n<\/tr>\n<tr>\n<td><strong>Application<\/strong><\/td>\n<td>Acier inoxydable, m\u00e9tal, articles sanitaires, vaisselle en c\u00e9ramique, bijoux, verre, carreaux<\/td>\n<\/tr>\n<tr>\n<td><strong>Personnalisation<\/strong><\/td>\n<td>Taille, mat\u00e9riau cible, couleur, conception de l'appareil et plan de traitement personnalis\u00e9s<\/td>\n<\/tr>\n<tr>\n<td><strong>Service<\/strong><\/td>\n<td>Rapports d'essais m\u00e9caniques\/\u00e9chantillons, inspection vid\u00e9o \u00e0 la sortie et conseils techniques.<\/td>\n<\/tr>\n<\/tbody>\n<\/table>\n<p>&nbsp;<\/p>","protected":false},"featured_media":1211,"comment_status":"closed","ping_status":"closed","template":"","meta":{"_acf_changed":true},"application":[27],"product_brand":[],"product_cat":[19],"product_tag":[],"class_list":{"0":"post-1209","1":"product","2":"type-product","3":"status-publish","4":"has-post-thumbnail","6":"application-daily-ceramics-pvd-coating-machine","7":"product_cat-multi-arc-ion-vacuum-coating-machine","9":"first","10":"instock","11":"shipping-taxable","12":"product-type-simple"},"acf":[],"_links":{"self":[{"href":"https:\/\/www.cgvacuum.com\/fr\/wp-json\/wp\/v2\/product\/1209","targetHints":{"allow":["GET"]}}],"collection":[{"href":"https:\/\/www.cgvacuum.com\/fr\/wp-json\/wp\/v2\/product"}],"about":[{"href":"https:\/\/www.cgvacuum.com\/fr\/wp-json\/wp\/v2\/types\/product"}],"replies":[{"embeddable":true,"href":"https:\/\/www.cgvacuum.com\/fr\/wp-json\/wp\/v2\/comments?post=1209"}],"wp:featuredmedia":[{"embeddable":true,"href":"https:\/\/www.cgvacuum.com\/fr\/wp-json\/wp\/v2\/media\/1211"}],"wp:attachment":[{"href":"https:\/\/www.cgvacuum.com\/fr\/wp-json\/wp\/v2\/media?parent=1209"}],"wp:term":[{"taxonomy":"application","embeddable":true,"href":"https:\/\/www.cgvacuum.com\/fr\/wp-json\/wp\/v2\/application?post=1209"},{"taxonomy":"product_brand","embeddable":true,"href":"https:\/\/www.cgvacuum.com\/fr\/wp-json\/wp\/v2\/product_brand?post=1209"},{"taxonomy":"product_cat","embeddable":true,"href":"https:\/\/www.cgvacuum.com\/fr\/wp-json\/wp\/v2\/product_cat?post=1209"},{"taxonomy":"product_tag","embeddable":true,"href":"https:\/\/www.cgvacuum.com\/fr\/wp-json\/wp\/v2\/product_tag?post=1209"}],"curies":[{"name":"wp","href":"https:\/\/api.w.org\/{rel}","templated":true}]}}