{"id":1204,"date":"2025-12-09T02:39:40","date_gmt":"2025-12-09T02:39:40","guid":{"rendered":"https:\/\/www.cgvacuum.com\/?post_type=product&#038;p=1204"},"modified":"2025-12-18T09:51:38","modified_gmt":"2025-12-18T09:51:38","slug":"pvd-coating-machine-for-plastic","status":"publish","type":"product","link":"https:\/\/www.cgvacuum.com\/fr\/produit\/pvd-coating-machine-for-plastic\/","title":{"rendered":"Machine de rev\u00eatement PVD pour plastique, machine de rev\u00eatement sous vide ionique multi-arcs Syst\u00e8me PVD"},"content":{"rendered":"<h3 class=\"wp-block-heading\">Sp\u00e9cifications de la machine de rev\u00eatement PVD pour plastique :<\/h3>\n\n\n\n<figure class=\"wp-block-table\"><table><tbody><tr><td><strong>Num\u00e9ro de mod\u00e8le<\/strong><\/td><td><strong>Dimensions L x H (mm)<\/strong><\/td><td><strong>Vide ultime (Pa)<\/strong><\/td><td><strong>Temps de pompage (min)<\/strong>)<\/td><td><strong>Objectifs (PCS)<\/strong><\/td><td><strong>Puissance totale (kW)<\/strong><\/td><\/tr><tr><td>DZ1214<\/td><td>1200 x 1400 mm<\/td><td>\u22648\u00d710-\u2074<\/td><td>\uff1c5<\/td><td>10<\/td><td>50<\/td><\/tr><tr><td>DZ1416<\/td><td>1400 x 1600 mm<\/td><td>\u22648\u00d710-\u2074<\/td><td>\uff1c5<\/td><td>14<\/td><td>60<\/td><\/tr><tr><td>DZ1618<\/td><td>1600 x 1800 mm<\/td><td>\u22648\u00d710-\u2074<\/td><td>\uff1c5<\/td><td>21<\/td><td>80<\/td><\/tr><tr><td>DZ1818<\/td><td>1800 x 1800 mm<\/td><td>\u22648\u00d710-\u2074<\/td><td>\uff1c5<\/td><td>28<\/td><td>110<\/td><\/tr><tr><td>DZ2118<\/td><td>2100 x 1800 mm<\/td><td>\u22648\u00d710-\u2074<\/td><td>\uff1c5<\/td><td>32<\/td><td>120<\/td><\/tr><\/tbody><\/table><\/figure>\n\n\n\n<p><strong>*Les sp\u00e9cifications de l'\u00e9quipement peuvent \u00eatre personnalis\u00e9es selon les besoins du client. La hauteur ou la profondeur peut varier de 600 mm \u00e0 10 000 mm.<\/strong><\/p>\n\n\n\n<div class=\"wp-block-columns is-layout-flex wp-container-core-columns-is-layout-9d6595d7 wp-block-columns-is-layout-flex\">\n<div class=\"wp-block-column is-layout-flow wp-block-column-is-layout-flow\">\n<figure class=\"wp-block-image size-full\"><img decoding=\"async\" width=\"755\" height=\"755\" src=\"https:\/\/www.cgvacuum.com\/wp-content\/uploads\/2025\/12\/PVD-Coating-Machine-for-Plastic.webp\" alt=\"Machine de rev\u00eatement PVD pour plastique Multi Arc Ion\" class=\"wp-image-1205\" srcset=\"https:\/\/www.cgvacuum.com\/wp-content\/uploads\/2025\/12\/PVD-Coating-Machine-for-Plastic.webp 755w, https:\/\/www.cgvacuum.com\/wp-content\/uploads\/2025\/12\/PVD-Coating-Machine-for-Plastic-300x300.webp 300w, https:\/\/www.cgvacuum.com\/wp-content\/uploads\/2025\/12\/PVD-Coating-Machine-for-Plastic-150x150.webp 150w, https:\/\/www.cgvacuum.com\/wp-content\/uploads\/2025\/12\/PVD-Coating-Machine-for-Plastic-12x12.webp 12w, https:\/\/www.cgvacuum.com\/wp-content\/uploads\/2025\/12\/PVD-Coating-Machine-for-Plastic-600x600.webp 600w, https:\/\/www.cgvacuum.com\/wp-content\/uploads\/2025\/12\/PVD-Coating-Machine-for-Plastic-100x100.webp 100w\" sizes=\"(max-width: 755px) 100vw, 755px\" \/><\/figure>\n<\/div>\n\n\n\n<div class=\"wp-block-column is-layout-flow wp-block-column-is-layout-flow\">\n<h3 class=\"wp-block-heading\">Caract\u00e9ristiques de la machine de rev\u00eatement PVD pour plastique :<\/h3>\n\n\n\n<p><strong>Technologie de placage ionique multi-arc enti\u00e8rement automatis\u00e9e<\/strong>: Gr\u00e2ce \u00e0 une source d'ions multi-arcs avanc\u00e9e, il garantit des taux de d\u00e9p\u00f4t \u00e9lev\u00e9s, des couches de film uniformes et une forte adh\u00e9rence. Le contr\u00f4le pr\u00e9cis de l'\u00e9paisseur du film permet d'obtenir des rev\u00eatements de premi\u00e8re qualit\u00e9 pour les surfaces plastiques et m\u00e9talliques.<\/p>\n\n\n\n<p><strong>Applicabilit\u00e9 multi-mat\u00e9riaux<\/strong>: Peut traiter divers produits en plastique, pi\u00e8ces m\u00e9talliques et mat\u00e9riaux composites.<\/p>\n\n\n\n<p><strong>Vari\u00e9t\u00e9 des solutions de rev\u00eatement<\/strong>: Textures m\u00e9talliques, couleurs d\u00e9coratives, films fonctionnels r\u00e9sistants \u00e0 l'usure, rev\u00eatements anticorrosion, etc.<\/p>\n\n\n\n<p><strong>Conception modulaire<\/strong>: \u00c9quip\u00e9 d'un syst\u00e8me de contr\u00f4le intelligent, il permet de passer de la production en lots \u00e0 la production en petites s\u00e9ries. La conception modulaire de l'\u00e9quipement permet d'am\u00e9liorer l'efficacit\u00e9 et l'efficience en termes de r\u00e9duction des co\u00fbts de maintenance et des temps d'arr\u00eat.<\/p>\n\n\n\n<p><strong>Stable et fiable<\/strong>: fabriqu\u00e9 \u00e0 partir de mat\u00e9riaux hautement r\u00e9sistants, adapt\u00e9 \u00e0 une production continue \u00e0 long terme. Le syst\u00e8me de vide de pr\u00e9cision garantit la r\u00e9gularit\u00e9 du film et une adh\u00e9rence \u00e9lev\u00e9e.<\/p>\n\n\n\n<p><strong>Haute efficacit\u00e9 et \u00e9conomie d'\u00e9nergie :<\/strong> Le d\u00e9p\u00f4t rapide raccourcit les cycles de production. La conception \u00e0 faible consommation d'\u00e9nergie am\u00e9liore l'efficacit\u00e9 de la production et les performances environnementales.<\/p>\n\n\n\n<p><strong>Solutions compl\u00e8tes de rev\u00eatement PVD multi-applications<\/strong>: Des solutions de rev\u00eatement tout-en-un sont propos\u00e9es pour les appareils \u00e9lectroniques grand public, les pi\u00e8ces int\u00e9rieures automobiles, les emballages cosm\u00e9tiques, les outils m\u00e9talliques, les produits en acier inoxydable, etc., afin de r\u00e9pondre aux diff\u00e9rents besoins fonctionnels et d\u00e9coratifs des clients dans divers secteurs industriels.<\/p>\n<\/div>\n<\/div>","protected":false},"excerpt":{"rendered":"<p data-start=\"2608\" data-end=\"2931\">Machine de rev\u00eatement PVD CGVAC pour plastique, syst\u00e8me de rev\u00eatement sous vide PVD \u00e0 arcs multiples, prend en charge le rev\u00eatement de haute qualit\u00e9 du plastique et de divers autres mat\u00e9riaux, offrant des solutions flexibles et multi-applications pour r\u00e9pondre aux besoins de rev\u00eatement d\u00e9coratif et fonctionnel. Contactez-nous d\u00e8s maintenant pour obtenir des solutions personnalis\u00e9es et une assistance technique !<\/p>\n<h2>Param\u00e8tres techniques :<\/h2>\n<table width=\"973\">\n<tbody>\n<tr>\n<td width=\"202\"><strong>Mat\u00e9riaux cibles<\/strong><\/td>\n<td width=\"771\">Titane (Ti), chrome (Cr), zirconium (Zr), TiAl, Ni, Cu, Al, Fe, etc.<\/td>\n<\/tr>\n<tr>\n<td><strong>Gaz industriels<\/strong><\/td>\n<td>Argon (Ar), azote (N\u2082), ac\u00e9tyl\u00e8ne (C\u2082H\u2082), oxyg\u00e8ne (O\u2082)<\/td>\n<\/tr>\n<tr>\n<td><strong>Technologie de rev\u00eatement<\/strong><\/td>\n<td>Rev\u00eatement ionique sous vide \u00e0 plusieurs arcs<\/td>\n<\/tr>\n<tr>\n<td><strong>Couleur du rev\u00eatement<\/strong><\/td>\n<td>Argent titane, or, or rose, violet, bleu saphir, perle, ambre, gris fonc\u00e9, noir chrome et multicolore<\/td>\n<\/tr>\n<tr>\n<td><strong>Rev\u00eatements fonctionnels<\/strong><\/td>\n<td>TiN, TiCN, CrN, ZrN, TiAlN, CrAlN, DLC et autres rev\u00eatements durs et r\u00e9sistants \u00e0 l'usure.<\/td>\n<\/tr>\n<tr>\n<td><strong>Composants essentiels<\/strong><\/td>\n<td>Cible d'arc, syst\u00e8me de commande, pompe<\/td>\n<\/tr>\n<tr>\n<td><strong>Application<\/strong><\/td>\n<td>Acier inoxydable, m\u00e9tal, articles sanitaires, vaisselle en c\u00e9ramique, bijoux, verre, carreaux<\/td>\n<\/tr>\n<tr>\n<td><strong>Personnalisation<\/strong><\/td>\n<td>Taille, mat\u00e9riau cible, couleur, conception de l'appareil et plan de traitement personnalis\u00e9s<\/td>\n<\/tr>\n<tr>\n<td><strong>Service<\/strong><\/td>\n<td>Rapports d'essais m\u00e9caniques\/\u00e9chantillons, inspection vid\u00e9o \u00e0 la sortie et conseils techniques.<\/td>\n<\/tr>\n<\/tbody>\n<\/table>\n<p>&nbsp;<\/p>","protected":false},"featured_media":1205,"comment_status":"closed","ping_status":"closed","template":"","meta":{"_acf_changed":true},"application":[24],"product_brand":[],"product_cat":[19],"product_tag":[],"class_list":{"0":"post-1204","1":"product","2":"type-product","3":"status-publish","4":"has-post-thumbnail","6":"application-plastic-pvd-coating-machine","7":"product_cat-multi-arc-ion-vacuum-coating-machine","9":"first","10":"instock","11":"shipping-taxable","12":"product-type-simple"},"acf":[],"_links":{"self":[{"href":"https:\/\/www.cgvacuum.com\/fr\/wp-json\/wp\/v2\/product\/1204","targetHints":{"allow":["GET"]}}],"collection":[{"href":"https:\/\/www.cgvacuum.com\/fr\/wp-json\/wp\/v2\/product"}],"about":[{"href":"https:\/\/www.cgvacuum.com\/fr\/wp-json\/wp\/v2\/types\/product"}],"replies":[{"embeddable":true,"href":"https:\/\/www.cgvacuum.com\/fr\/wp-json\/wp\/v2\/comments?post=1204"}],"wp:featuredmedia":[{"embeddable":true,"href":"https:\/\/www.cgvacuum.com\/fr\/wp-json\/wp\/v2\/media\/1205"}],"wp:attachment":[{"href":"https:\/\/www.cgvacuum.com\/fr\/wp-json\/wp\/v2\/media?parent=1204"}],"wp:term":[{"taxonomy":"application","embeddable":true,"href":"https:\/\/www.cgvacuum.com\/fr\/wp-json\/wp\/v2\/application?post=1204"},{"taxonomy":"product_brand","embeddable":true,"href":"https:\/\/www.cgvacuum.com\/fr\/wp-json\/wp\/v2\/product_brand?post=1204"},{"taxonomy":"product_cat","embeddable":true,"href":"https:\/\/www.cgvacuum.com\/fr\/wp-json\/wp\/v2\/product_cat?post=1204"},{"taxonomy":"product_tag","embeddable":true,"href":"https:\/\/www.cgvacuum.com\/fr\/wp-json\/wp\/v2\/product_tag?post=1204"}],"curies":[{"name":"wp","href":"https:\/\/api.w.org\/{rel}","templated":true}]}}