{"id":1196,"date":"2025-12-03T08:46:57","date_gmt":"2025-12-03T08:46:57","guid":{"rendered":"https:\/\/www.cgvacuum.com\/?post_type=product&#038;p=1196"},"modified":"2025-12-03T09:33:04","modified_gmt":"2025-12-03T09:33:04","slug":"plastic-pvd-coating-machine","status":"publish","type":"product","link":"https:\/\/www.cgvacuum.com\/fr\/produit\/plastic-pvd-coating-machine\/","title":{"rendered":"Machine de rev\u00eatement PVD plastique CGVAC Fabricant chinois de machines de rev\u00eatement PVD fonctionnel"},"content":{"rendered":"<h3 class=\"wp-block-heading\">Sp\u00e9cifications de la machine de rev\u00eatement PVD plastique :<\/h3>\n\n\n\n<figure class=\"wp-block-table\"><table class=\"has-fixed-layout\"><tbody><tr><td><strong>Num\u00e9ro de mod\u00e8le<\/strong><\/td><td><strong>Dimension D*H (mm)<\/strong><\/td><td><strong>Vide ultime (Pa)<\/strong><\/td><td><strong>Temps de pompage (min)<\/strong><\/td><\/tr><tr><td>FC1214<\/td><td>1200 x 1400 mm<\/td><td>\uff1c8\u00d710\u207b\u2074<\/td><td>\uff1c5<\/td><\/tr><tr><td>FC1416<\/td><td>1400 x 1600 mm<\/td><td>\uff1c8\u00d710\u207b\u2074<\/td><td>\uff1c5<\/td><\/tr><tr><td>FC1618<\/td><td>1600 x 1800 mm<\/td><td>\uff1c8\u00d710\u207b\u2074<\/td><td>\uff1c5<\/td><\/tr><tr><td>FC1818<\/td><td>1800 x 1800 mm<\/td><td>\uff1c8\u00d710\u207b\u2074<\/td><td>\uff1c5<\/td><\/tr><tr><td>FC2018<\/td><td>2000*1800 mm<\/td><td>\uff1c8\u00d710\u207b\u2074<\/td><td>\uff1c5<\/td><\/tr><\/tbody><\/table><\/figure>\n\n\n\n<p><strong>*Les sp\u00e9cifications de l'\u00e9quipement peuvent \u00eatre personnalis\u00e9es selon les besoins du client.<\/strong><\/p>\n\n\n\n<div class=\"wp-block-columns is-layout-flex wp-container-core-columns-is-layout-9d6595d7 wp-block-columns-is-layout-flex\">\n<div class=\"wp-block-column is-layout-flow wp-block-column-is-layout-flow\"><div class=\"wp-block-image\">\n<figure class=\"aligncenter size-full\"><img decoding=\"async\" width=\"680\" height=\"312\" src=\"https:\/\/www.cgvacuum.com\/wp-content\/uploads\/2025\/12\/plastic-pvd-coating-machine.webp\" alt=\"Machine de rev\u00eatement PVD plastique\" class=\"wp-image-1197\" srcset=\"https:\/\/www.cgvacuum.com\/wp-content\/uploads\/2025\/12\/plastic-pvd-coating-machine.webp 680w, https:\/\/www.cgvacuum.com\/wp-content\/uploads\/2025\/12\/plastic-pvd-coating-machine-300x138.webp 300w, https:\/\/www.cgvacuum.com\/wp-content\/uploads\/2025\/12\/plastic-pvd-coating-machine-18x8.webp 18w, https:\/\/www.cgvacuum.com\/wp-content\/uploads\/2025\/12\/plastic-pvd-coating-machine-600x275.webp 600w\" sizes=\"(max-width: 680px) 100vw, 680px\" \/><\/figure>\n<\/div><\/div>\n\n\n\n<div class=\"wp-block-column is-layout-flow wp-block-column-is-layout-flow\">\n<h3 class=\"wp-block-heading\">Caract\u00e9ristiques de la machine de rev\u00eatement PVD plastique :<\/h3>\n\n\n\n<p><strong>Syst\u00e8me de rev\u00eatement \u00e0 basse temp\u00e9rature :<\/strong> Gr\u00e2ce \u00e0 la technologie de chambre \u00e0 \u00e9vaporation \u00e0 basse temp\u00e9rature et \u00e0 contr\u00f4le pr\u00e9cis de la temp\u00e9rature d\u00e9velopp\u00e9e en interne par CGVAC, ce syst\u00e8me \u00e9vite efficacement la d\u00e9formation, le gauchissement et les dommages superficiels des plastiques tels que l'ABS, le PC, le PP et le PMMA pendant le processus de rev\u00eatement, garantissant ainsi la stabilit\u00e9 des lots et un rendement \u00e9lev\u00e9.<\/p>\n\n\n\n<p><strong>Adh\u00e9rence am\u00e9lior\u00e9e :<\/strong> Combinant l'activation de surface par plasma, le rev\u00eatement assist\u00e9 par ionisation et un processus de couche de transition m\u00e9tallique, ce syst\u00e8me am\u00e9liore consid\u00e9rablement l'adh\u00e9rence du film, rendant les rev\u00eatements fonctionnels plus r\u00e9sistants \u00e0 l'usure, aux rayures et \u00e0 la transpiration, ce qui le rend id\u00e9al pour les industries haut de gamme telles que les bo\u00eetiers \u00e9lectroniques, les garnitures automobiles et les emballages cosm\u00e9tiques.<\/p>\n\n\n\n<p><strong>Compatibilit\u00e9 multi-processus :<\/strong> Prend en charge diverses couches de films fonctionnels et d\u00e9coratifs sur les surfaces en plastique, notamment les films durcis r\u00e9sistants aux rayures, les films anti-traces de doigts AF, les films de blindage EMI\/conducteurs, les films m\u00e9talliques r\u00e9sistants \u00e0 l'usure et les films d\u00e9coratifs color\u00e9s. Une seule machine r\u00e9pond \u00e0 l'ensemble des besoins des fabricants de plusieurs types de produits en plastique.<\/p>\n\n\n\n<p><strong>Structure personnalisable<\/strong>: Le CGVAC peut \u00eatre configur\u00e9 avec des chambres multi-stations, des cintres rotatifs, des structures de fixation multicouches et des syst\u00e8mes d'alimentation automatiques en fonction de la taille de l'usine. Cela permet une production continue, stable et \u00e0 haute capacit\u00e9, adapt\u00e9e \u00e0 la livraison de commandes en gros volumes pour les clients B2B. Assistance technique \u00e0 long terme : nous fournissons un service complet, comprenant une formation sur l'ensemble du processus, une assistance au d\u00e9bogage de la production en s\u00e9rie, des diagnostics \u00e0 distance \u00e0 l'\u00e9tranger et un service sur site, ainsi qu'un approvisionnement stable en pi\u00e8ces de rechange, aidant ainsi les clients \u00e0 mettre rapidement en place des lignes de production de rev\u00eatements PVD plastiques reproductibles, \u00e9volutives et tr\u00e8s stables.<\/p>\n<\/div>\n<\/div>","protected":false},"excerpt":{"rendered":"<p>Machine de rev\u00eatement PVD plastique CGVAC avec syst\u00e8me \u00e0 basse temp\u00e9rature, processus d'adh\u00e9rence puissant et rev\u00eatements multifonctionnels. Elle permet d'obtenir un rev\u00eatement plastique hautement efficace, uniforme et fonctionnel. Solutions personnalis\u00e9es et assistance technique compl\u00e8te, contactez-nous d\u00e8s maintenant pour obtenir une solution de rev\u00eatement plastique de haute qualit\u00e9 !<\/p>\n<h2>Param\u00e8tres techniques :<\/h2>\n<table style=\"border-collapse: collapse; width: 729.77pt;\" border=\"0\" width=\"973\" cellspacing=\"0\" cellpadding=\"0\">\n<tbody>\n<tr style=\"height: 16.50pt;\">\n<td class=\"et4\" style=\"height: 16.50pt; width: 152.20pt;\" width=\"202\" height=\"22\"><strong>Mat\u00e9riaux cibles<\/strong><\/td>\n<td class=\"et5\" style=\"width: 578.25pt;\" width=\"771\">Titane (Ti), chrome (Cr), DLC \/ cibles de carbone, TiAl \/ TiSiN, syst\u00e8mes de nitrure de chrome \/ nitrure de titane<\/td>\n<\/tr>\n<tr style=\"height: 16.50pt;\">\n<td class=\"et4\" style=\"height: 16.50pt;\" height=\"22\"><strong>Gaz industriels<\/strong><\/td>\n<td class=\"et5\"><span class=\"font1\">Argon (Ar), azote (N<\/span><span class=\"font3\">\u2082<\/span><span class=\"font1\">), l'oxyg\u00e8ne (O<\/span><span class=\"font3\">\u2082<\/span><span class=\"font1\">), C<\/span><span class=\"font3\">\u2082<\/span><span class=\"font1\">H<\/span><span class=\"font3\">\u2082<\/span><span class=\"font1\">\/CH<\/span><span class=\"font3\">\u2084<\/span><span class=\"font1\">, M\u00e9langes de gaz sp\u00e9ciaux<\/span><\/td>\n<\/tr>\n<tr style=\"height: 16.50pt;\">\n<td class=\"et4\" style=\"height: 16.50pt;\" height=\"22\"><strong>Technologie de rev\u00eatement<\/strong><\/td>\n<td class=\"et5\">Pulv\u00e9risation magn\u00e9tron, arc ionique, \u00e9vaporation par faisceau d'\u00e9lectrons, CVD<\/td>\n<\/tr>\n<tr style=\"height: 16.50pt;\">\n<td class=\"et4\" style=\"height: 16.50pt;\" height=\"22\"><strong>Syst\u00e8mes de rev\u00eatement<\/strong><\/td>\n<td class=\"et5\">\n<p><span class=\"font1\">DLC, TCO, films anti-traces de doigts<br \/>Films optiques ITO, SiO\u2082, TiO\u2082<br \/>Rev\u00eatements anticorrosion, r\u00e9sistants \u00e0 l'usure et antireflets<\/span><\/p>\n<\/td>\n<\/tr>\n<tr style=\"height: 16.50pt;\">\n<td class=\"et4\" style=\"height: 16.50pt;\" height=\"22\"><strong>Composants essentiels<\/strong><\/td>\n<td class=\"et6\">Cible d'arc, syst\u00e8me de commande, pompe<\/td>\n<\/tr>\n<tr style=\"height: 16.50pt;\">\n<td class=\"et4\" style=\"height: 16.50pt;\" height=\"22\"><strong>Application<\/strong><\/td>\n<td class=\"et5\">\u00c9lectronique et optique, acier inoxydable, verre, plastiques, c\u00e9ramique<\/td>\n<\/tr>\n<tr style=\"height: 16.50pt;\">\n<td class=\"et4\" style=\"height: 16.50pt;\" height=\"22\"><strong>Personnalisation<\/strong><\/td>\n<td class=\"et6\">Taille, mat\u00e9riau cible, couleur, conception de l'appareil et plan de traitement personnalis\u00e9s<\/td>\n<\/tr>\n<tr style=\"height: 16.50pt;\">\n<td class=\"et4\" style=\"height: 16.50pt;\" height=\"22\"><strong>Service<\/strong><\/td>\n<td class=\"et6\">Rapports d'essais m\u00e9caniques\/\u00e9chantillons, inspection vid\u00e9o \u00e0 la sortie et conseils techniques.<\/td>\n<\/tr>\n<\/tbody>\n<\/table>\n<p>&nbsp;<\/p>\n<p>&nbsp;<\/p>","protected":false},"featured_media":1198,"comment_status":"closed","ping_status":"closed","template":"","meta":{"_acf_changed":true},"application":[24],"product_brand":[],"product_cat":[22],"product_tag":[],"class_list":{"0":"post-1196","1":"product","2":"type-product","3":"status-publish","4":"has-post-thumbnail","6":"application-plastic-pvd-coating-machine","7":"product_cat-functional-pvd-coating-machine","9":"first","10":"instock","11":"shipping-taxable","12":"product-type-simple"},"acf":[],"_links":{"self":[{"href":"https:\/\/www.cgvacuum.com\/fr\/wp-json\/wp\/v2\/product\/1196","targetHints":{"allow":["GET"]}}],"collection":[{"href":"https:\/\/www.cgvacuum.com\/fr\/wp-json\/wp\/v2\/product"}],"about":[{"href":"https:\/\/www.cgvacuum.com\/fr\/wp-json\/wp\/v2\/types\/product"}],"replies":[{"embeddable":true,"href":"https:\/\/www.cgvacuum.com\/fr\/wp-json\/wp\/v2\/comments?post=1196"}],"wp:featuredmedia":[{"embeddable":true,"href":"https:\/\/www.cgvacuum.com\/fr\/wp-json\/wp\/v2\/media\/1198"}],"wp:attachment":[{"href":"https:\/\/www.cgvacuum.com\/fr\/wp-json\/wp\/v2\/media?parent=1196"}],"wp:term":[{"taxonomy":"application","embeddable":true,"href":"https:\/\/www.cgvacuum.com\/fr\/wp-json\/wp\/v2\/application?post=1196"},{"taxonomy":"product_brand","embeddable":true,"href":"https:\/\/www.cgvacuum.com\/fr\/wp-json\/wp\/v2\/product_brand?post=1196"},{"taxonomy":"product_cat","embeddable":true,"href":"https:\/\/www.cgvacuum.com\/fr\/wp-json\/wp\/v2\/product_cat?post=1196"},{"taxonomy":"product_tag","embeddable":true,"href":"https:\/\/www.cgvacuum.com\/fr\/wp-json\/wp\/v2\/product_tag?post=1196"}],"curies":[{"name":"wp","href":"https:\/\/api.w.org\/{rel}","templated":true}]}}