{"id":1194,"date":"2025-12-03T07:51:33","date_gmt":"2025-12-03T07:51:33","guid":{"rendered":"https:\/\/www.cgvacuum.com\/?post_type=product&#038;p=1194"},"modified":"2026-02-28T06:40:11","modified_gmt":"2026-02-28T06:40:11","slug":"ceramics-pvd-coating-machine","status":"publish","type":"product","link":"https:\/\/www.cgvacuum.com\/fr\/produit\/ceramics-pvd-coating-machine\/","title":{"rendered":"Machine de rev\u00eatement PVD pour c\u00e9ramiques, Machine de rev\u00eatement sous vide par \u00e9vaporation pour ornements en c\u00e9ramique"},"content":{"rendered":"<h3 class=\"wp-block-heading\">Sp\u00e9cifications de la machine de rev\u00eatement PVD pour c\u00e9ramiques :<\/h3>\n\n\n\n<figure class=\"wp-block-table\"><table class=\"has-fixed-layout\"><tbody><tr><td><strong>Num\u00e9ro de mod\u00e8le<\/strong><\/td><td><strong>Dimensions L x H (mm)<\/strong><\/td><td><strong>Vide ultime (Pa)<\/strong><\/td><td><strong>Temps de pompage (min)<\/strong><\/td><td><strong>Puissance totale (kW)<\/strong><\/td><\/tr><tr><td>ZZ1214<\/td><td>1200 x 1400 mm<\/td><td>\u22648\u00d710-\u2074<\/td><td>\uff1c5<\/td><td>35<\/td><\/tr><tr><td>ZZ1416<\/td><td>1400 x 1600 mm<\/td><td>\u22648\u00d710-\u2074<\/td><td>\uff1c5<\/td><td>65<\/td><\/tr><tr><td>ZZ1618<\/td><td>1600 x 1800 mm<\/td><td>\u22648\u00d710-\u2074<\/td><td>\uff1c5<\/td><td>75<\/td><\/tr><tr><td>ZZ1820<\/td><td>1800*2000 mm<\/td><td>\u22648\u00d710-\u2074<\/td><td>\uff1c5<\/td><td>90<\/td><\/tr><tr><td>ZZ2020<\/td><td>2000*2000 mm<\/td><td>\u22648\u00d710-\u2074<\/td><td>\uff1c5<\/td><td>105<\/td><\/tr><\/tbody><\/table><\/figure>\n\n\n\n<p><strong>*Les sp\u00e9cifications de l'\u00e9quipement peuvent \u00eatre personnalis\u00e9es selon les besoins du client.<\/strong><\/p>\n\n\n\n<div class=\"wp-block-columns is-layout-flex wp-container-core-columns-is-layout-9d6595d7 wp-block-columns-is-layout-flex\">\n<div class=\"wp-block-column is-layout-flow wp-block-column-is-layout-flow\">\n<figure class=\"wp-block-image size-full\"><img decoding=\"async\" width=\"750\" height=\"750\" src=\"https:\/\/www.cgvacuum.com\/wp-content\/uploads\/2025\/12\/ceramics-pvd-coating-machine.webp\" alt=\"Machine de rev\u00eatement PVD pour c\u00e9ramiques\" class=\"wp-image-1195\" srcset=\"https:\/\/www.cgvacuum.com\/wp-content\/uploads\/2025\/12\/ceramics-pvd-coating-machine.webp 750w, https:\/\/www.cgvacuum.com\/wp-content\/uploads\/2025\/12\/ceramics-pvd-coating-machine-300x300.webp 300w, https:\/\/www.cgvacuum.com\/wp-content\/uploads\/2025\/12\/ceramics-pvd-coating-machine-150x150.webp 150w, https:\/\/www.cgvacuum.com\/wp-content\/uploads\/2025\/12\/ceramics-pvd-coating-machine-12x12.webp 12w, https:\/\/www.cgvacuum.com\/wp-content\/uploads\/2025\/12\/ceramics-pvd-coating-machine-600x600.webp 600w, https:\/\/www.cgvacuum.com\/wp-content\/uploads\/2025\/12\/ceramics-pvd-coating-machine-100x100.webp 100w\" sizes=\"(max-width: 750px) 100vw, 750px\" \/><\/figure>\n<\/div>\n\n\n\n<div class=\"wp-block-column is-layout-flow wp-block-column-is-layout-flow\">\n<h3 class=\"wp-block-heading\">Caract\u00e9ristiques de la machine de rev\u00eatement PVD pour c\u00e9ramiques :<\/h3>\n\n\n\n<p><strong>Structure de chambre \u00e0 grande capacit\u00e9 :<\/strong> L'\u00e9quipement PVD \u00e0 \u00e9vaporation haute efficacit\u00e9 utilise une chambre \u00e0 vide agrandie et un cadre rotatif multicouche r\u00e9glable, pouvant accueillir des pi\u00e8ces en c\u00e9ramique de diff\u00e9rentes tailles et formes. Cela permet un traitement par lots \u00e0 haute efficacit\u00e9, augmentant consid\u00e9rablement la capacit\u00e9 de production et r\u00e9duisant les co\u00fbts de rev\u00eatement unitaires.<\/p>\n\n\n\n<p><strong>Syst\u00e8me de source d'\u00e9vaporation \u00e0 haut rendement<\/strong>: \u00c9quip\u00e9 d'une source d'\u00e9vaporation \u00e0 haut rendement et d'un circuit d'\u00e9vaporation optimis\u00e9, il permet de d\u00e9poser rapidement des films d\u00e9coratifs en or, en or rose et dans d'autres couleurs, pour des couleurs satur\u00e9es et une luminosit\u00e9 uniforme, id\u00e9al pour am\u00e9liorer l'apparence des c\u00e9ramiques quotidiennes de milieu et haut de gamme.<\/p>\n\n\n\n<p><strong>Technologie de pr\u00e9traitement au plasma : <\/strong>Dispositif de nettoyage plasma haute efficacit\u00e9 int\u00e9gr\u00e9, sp\u00e9cialement con\u00e7u pour les caract\u00e9ristiques de faible \u00e9nergie de surface de la c\u00e9ramique, am\u00e9liore consid\u00e9rablement l'adh\u00e9rence du film et r\u00e9duit les probl\u00e8mes tels que le d\u00e9collement du film et les taches, garantissant une qualit\u00e9 stable dans les rev\u00eatements par lots.<\/p>\n\n\n\n<p><strong>Proc\u00e9d\u00e9 de rev\u00eatement \u00e0 basse temp\u00e9rature :<\/strong> Gr\u00e2ce \u00e0 un syst\u00e8me de contr\u00f4le pr\u00e9cis de la temp\u00e9rature et \u00e0 un processus \u00e0 basse temp\u00e9rature, il \u00e9vite efficacement les fissures ou la perte de gla\u00e7ure caus\u00e9es par les chocs thermiques, et convient \u00e0 tous les produits c\u00e9ramiques quotidiens et artistiques.<\/p>\n\n\n\n<p><strong>Solution unique pour le rev\u00eatement c\u00e9ramique<\/strong>En tant que fabricant professionnel de machines de rev\u00eatement sous vide, CGVAC fournit une gamme compl\u00e8te de services de rev\u00eatement pour l'industrie c\u00e9ramique, notamment la personnalisation des \u00e9quipements, la conception des fixations, la formulation des processus, la normalisation des couleurs, la mise en service sur site et l'assistance technique apr\u00e8s-vente, aidant ainsi les usines \u00e0 mettre rapidement en place des lignes de production de rev\u00eatement PVD stables et \u00e0 haute capacit\u00e9.<\/p>\n<\/div>\n<\/div>","protected":false},"excerpt":{"rendered":"<p>Machines de rev\u00eatement PVD en c\u00e9ramique avec rev\u00eatement PVD par \u00e9vaporation \u00e0 haut rendement. Qualit\u00e9 de film stable, forte adh\u00e9rence, temps de cycle rapide et fixations enti\u00e8rement personnalis\u00e9es. Con\u00e7ues par CGVAC avec une ing\u00e9nierie robuste et un support technique global. Contactez-nous pour des solutions de rev\u00eatement c\u00e9ramique et des devis.<\/p>\n<h2>Param\u00e8tres techniques :<\/h2>\n<table border=\"0\" width=\"973\" cellspacing=\"0\" cellpadding=\"0\">\n<tbody>\n<tr>\n<td width=\"202\" height=\"22\"><strong>Mat\u00e9riaux cibles<\/strong><\/td>\n<td width=\"771\">Fil d'aluminium, Cu, Ag, Cr (thermique), m\u00e9taux d\u00e9coratifs<\/td>\n<\/tr>\n<tr>\n<td height=\"22\"><strong>Technologie de rev\u00eatement<\/strong><\/td>\n<td>Rev\u00eatement sous vide par \u00e9vaporation<\/td>\n<\/tr>\n<tr>\n<td height=\"22\"><strong>Films fonctionnels et optiques<\/strong><\/td>\n<td>Principalement destin\u00e9 aux rev\u00eatements d\u00e9coratifs, il peut \u00eatre int\u00e9gr\u00e9 \u00e0 un rev\u00eatement UV ou \u00e0 des couches pulv\u00e9ris\u00e9es.<\/td>\n<\/tr>\n<tr>\n<td height=\"22\"><strong>Composants essentiels<\/strong><\/td>\n<td>Cible d'arc, syst\u00e8me de commande, pompe<\/td>\n<\/tr>\n<tr>\n<td height=\"22\"><strong>Application<\/strong><\/td>\n<td>Plastiques, c\u00e9ramiques courantes, verre, bijoux et perles, acier inoxydable<\/td>\n<\/tr>\n<tr>\n<td height=\"22\"><strong>Personnalisation<\/strong><\/td>\n<td>Taille, mat\u00e9riau cible, couleur, conception de l'appareil et plan de traitement personnalis\u00e9s<\/td>\n<\/tr>\n<tr>\n<td height=\"22\"><strong>Service<\/strong><\/td>\n<td>Rapports d'essais m\u00e9caniques\/\u00e9chantillons, inspection vid\u00e9o \u00e0 la sortie et conseils techniques.<\/td>\n<\/tr>\n<\/tbody>\n<\/table>\n<p>&nbsp;<\/p>","protected":false},"featured_media":1195,"comment_status":"closed","ping_status":"closed","template":"","meta":{"_acf_changed":true},"application":[27],"product_brand":[],"product_cat":[21],"product_tag":[],"class_list":{"0":"post-1194","1":"product","2":"type-product","3":"status-publish","4":"has-post-thumbnail","6":"application-daily-ceramics-pvd-coating-machine","7":"product_cat-evaporation-vacuum-coating-machine","9":"first","10":"instock","11":"shipping-taxable","12":"product-type-simple"},"acf":[],"_links":{"self":[{"href":"https:\/\/www.cgvacuum.com\/fr\/wp-json\/wp\/v2\/product\/1194","targetHints":{"allow":["GET"]}}],"collection":[{"href":"https:\/\/www.cgvacuum.com\/fr\/wp-json\/wp\/v2\/product"}],"about":[{"href":"https:\/\/www.cgvacuum.com\/fr\/wp-json\/wp\/v2\/types\/product"}],"replies":[{"embeddable":true,"href":"https:\/\/www.cgvacuum.com\/fr\/wp-json\/wp\/v2\/comments?post=1194"}],"wp:featuredmedia":[{"embeddable":true,"href":"https:\/\/www.cgvacuum.com\/fr\/wp-json\/wp\/v2\/media\/1195"}],"wp:attachment":[{"href":"https:\/\/www.cgvacuum.com\/fr\/wp-json\/wp\/v2\/media?parent=1194"}],"wp:term":[{"taxonomy":"application","embeddable":true,"href":"https:\/\/www.cgvacuum.com\/fr\/wp-json\/wp\/v2\/application?post=1194"},{"taxonomy":"product_brand","embeddable":true,"href":"https:\/\/www.cgvacuum.com\/fr\/wp-json\/wp\/v2\/product_brand?post=1194"},{"taxonomy":"product_cat","embeddable":true,"href":"https:\/\/www.cgvacuum.com\/fr\/wp-json\/wp\/v2\/product_cat?post=1194"},{"taxonomy":"product_tag","embeddable":true,"href":"https:\/\/www.cgvacuum.com\/fr\/wp-json\/wp\/v2\/product_tag?post=1194"}],"curies":[{"name":"wp","href":"https:\/\/api.w.org\/{rel}","templated":true}]}}