{"id":1191,"date":"2025-12-02T09:53:20","date_gmt":"2025-12-02T09:53:20","guid":{"rendered":"https:\/\/www.cgvacuum.com\/?post_type=product&#038;p=1191"},"modified":"2025-12-02T10:26:09","modified_gmt":"2025-12-02T10:26:09","slug":"glass-pvd-coating-machine","status":"publish","type":"product","link":"https:\/\/www.cgvacuum.com\/fr\/produit\/glass-pvd-coating-machine\/","title":{"rendered":"Machine de rev\u00eatement PVD sur verre, machine de rev\u00eatement sous vide par pulv\u00e9risation magn\u00e9tron"},"content":{"rendered":"<h3 class=\"wp-block-heading\">Sp\u00e9cifications de la machine de rev\u00eatement PVD sur verre :<\/h3>\n\n\n\n<figure class=\"wp-block-table\"><table class=\"has-fixed-layout\"><tbody><tr><td><strong>Num\u00e9ro de mod\u00e8le<\/strong><\/td><td><strong>Dimensions L x H (mm)<\/strong><\/td><td><strong>Vide ultime (Pa)<\/strong><\/td><td><strong>Temps de pompage (min)<\/strong><\/td><td><strong>Puissance de sout\u00e8nement (kW)<\/strong><\/td><td><strong>Puissance totale (kW)<\/strong><\/td><\/tr><tr><td>CZ1214<\/td><td>1200 x 1400 mm<\/td><td>\u22648\u00d710-\u2074<\/td><td>\uff1c5<\/td><td>40<\/td><td>50<\/td><\/tr><tr><td>CZ1416<\/td><td>1400 x 1600 mm<\/td><td>\u22648\u00d710-\u2074<\/td><td>\uff1c5<\/td><td>60<\/td><td>60<\/td><\/tr><tr><td>CZ1618<\/td><td>1600 x 1800 mm<\/td><td>\u22648\u00d710-\u2074<\/td><td>\uff1c5<\/td><td>80<\/td><td>80<\/td><\/tr><tr><td>CZ1818<\/td><td>1800 x 1800 mm<\/td><td>\u22648\u00d710-\u2074<\/td><td>\uff1c5<\/td><td>160<\/td><td>110<\/td><\/tr><tr><td>CZ2018<\/td><td>2000*1800 mm<\/td><td>\u22648\u00d710-\u2074<\/td><td>\uff1c5<\/td><td>160<\/td><td>120<\/td><\/tr><\/tbody><\/table><\/figure>\n\n\n\n<p><strong>*Les sp\u00e9cifications de l'\u00e9quipement peuvent \u00eatre personnalis\u00e9es selon les besoins du client.<\/strong><\/p>\n\n\n\n<div class=\"wp-block-columns is-layout-flex wp-container-core-columns-is-layout-9d6595d7 wp-block-columns-is-layout-flex\">\n<div class=\"wp-block-column is-layout-flow wp-block-column-is-layout-flow\">\n<figure class=\"wp-block-image size-full\"><img decoding=\"async\" width=\"800\" height=\"800\" src=\"https:\/\/www.cgvacuum.com\/wp-content\/uploads\/2025\/12\/glass-pvd-coating-machine-CGVAC-PVD-Coating-Machine-Manufacturers-in-China.webp\" alt=\"Machine de rev\u00eatement PVD pour verre CGVAC Fabricants de machines de rev\u00eatement PVD en Chine\" class=\"wp-image-1192\" srcset=\"https:\/\/www.cgvacuum.com\/wp-content\/uploads\/2025\/12\/glass-pvd-coating-machine-CGVAC-PVD-Coating-Machine-Manufacturers-in-China.webp 800w, https:\/\/www.cgvacuum.com\/wp-content\/uploads\/2025\/12\/glass-pvd-coating-machine-CGVAC-PVD-Coating-Machine-Manufacturers-in-China-300x300.webp 300w, https:\/\/www.cgvacuum.com\/wp-content\/uploads\/2025\/12\/glass-pvd-coating-machine-CGVAC-PVD-Coating-Machine-Manufacturers-in-China-150x150.webp 150w, https:\/\/www.cgvacuum.com\/wp-content\/uploads\/2025\/12\/glass-pvd-coating-machine-CGVAC-PVD-Coating-Machine-Manufacturers-in-China-768x768.webp 768w, https:\/\/www.cgvacuum.com\/wp-content\/uploads\/2025\/12\/glass-pvd-coating-machine-CGVAC-PVD-Coating-Machine-Manufacturers-in-China-12x12.webp 12w, https:\/\/www.cgvacuum.com\/wp-content\/uploads\/2025\/12\/glass-pvd-coating-machine-CGVAC-PVD-Coating-Machine-Manufacturers-in-China-600x600.webp 600w, https:\/\/www.cgvacuum.com\/wp-content\/uploads\/2025\/12\/glass-pvd-coating-machine-CGVAC-PVD-Coating-Machine-Manufacturers-in-China-100x100.webp 100w\" sizes=\"(max-width: 800px) 100vw, 800px\" \/><\/figure>\n<\/div>\n\n\n\n<div class=\"wp-block-column is-layout-flow wp-block-column-is-layout-flow\">\n<h3 class=\"wp-block-heading\">Caract\u00e9ristiques de la machine de rev\u00eatement PVD sur verre :<\/h3>\n\n\n\n<p><strong>Haute adh\u00e9rence et durabilit\u00e9 du film<\/strong>Des ions pulv\u00e9ris\u00e9s \u00e0 haute \u00e9nergie bombardent la surface du verre, assurant une liaison solide entre le film et le substrat, am\u00e9liorant la r\u00e9sistance \u00e0 l'usure, \u00e0 la corrosion et au d\u00e9collement, ce qui convient \u00e0 une utilisation \u00e0 long terme et \u00e0 des sc\u00e9narios d'assemblage \u00e0 haute fr\u00e9quence.<\/p>\n\n\n\n<p><strong>D\u00e9p\u00f4t uniforme de film sur une grande surface<\/strong>: La technologie de pulv\u00e9risation magn\u00e9tron permet d'obtenir une \u00e9paisseur uniforme et un brillant stable sur les surfaces planes, courbes ou complexes en verre, r\u00e9pondant ainsi aux besoins du verre d\u00e9coratif, du verre optique et des rev\u00eatements fonctionnels.<\/p>\n\n\n\n<p><strong>Performances pr\u00e9cises et contr\u00f4lables du film<\/strong>: Le syst\u00e8me PLC permet de r\u00e9gler avec pr\u00e9cision la puissance de pulv\u00e9risation, le d\u00e9bit de gaz, le vide de la chambre et le temps de d\u00e9p\u00f4t, ce qui permet un contr\u00f4le pr\u00e9cis des films multicouches, des films fonctionnels et des films d\u00e9coratifs personnalis\u00e9s, garantissant ainsi la coh\u00e9rence de la production en s\u00e9rie.<\/p>\n\n\n\n<p><strong>Capacit\u00e9 de traitement par lots et d\u00e9bit \u00e9lev\u00e9 :<\/strong> La conception d'outils multi-cibles et rotatifs permet le traitement simultan\u00e9 de feuilles de verre, d'articles en verre et de produits complexes, am\u00e9liorant ainsi consid\u00e9rablement l'efficacit\u00e9 de la production.<\/p>\n\n\n\n<p><strong>Assistance compl\u00e8te du fabricant CGVAC : <\/strong>Nous fournissons une solution compl\u00e8te allant de la personnalisation des \u00e9quipements, la conception des chambres, les solutions de fixation, \u00e0 la formulation des processus et au service apr\u00e8s-vente, aidant ainsi nos clients \u00e0 obtenir rapidement des rev\u00eatements de haute qualit\u00e9.<\/p>\n<\/div>\n<\/div>","protected":false},"excerpt":{"rendered":"<p>La machine de rev\u00eatement sous vide PVD pour verre CGVAC avec pulv\u00e9risation magn\u00e9tron offre un rev\u00eatement hautement efficace, pr\u00e9cis et flexible pour le verre plat ou incurv\u00e9. Conception multi-cibles, fonctionnement stable et solutions enti\u00e8rement personnalis\u00e9es disponibles. Contactez-nous d\u00e8s aujourd'hui !<\/p>\n<h2>Param\u00e8tres techniques :<\/h2>\n<table width=\"973\">\n<tbody>\n<tr>\n<td width=\"202\"><strong>Mat\u00e9riaux cibles<\/strong><\/td>\n<td width=\"771\">Titane (Ti), chrome (Cr), zirconium (Zr), acier inoxydable, ITO, FTO et autres<\/td>\n<\/tr>\n<tr>\n<td><strong>Gaz industriels<\/strong><\/td>\n<td>Argon (Ar), Azote (N\u2082), Oxyg\u00e8ne (O\u2082), H\u2082 (Hydrog\u00e8ne)<\/td>\n<\/tr>\n<tr>\n<td><strong>Technologie de rev\u00eatement<\/strong><\/td>\n<td>Rev\u00eatement sous vide par pulv\u00e9risation cathodique magn\u00e9tron<\/td>\n<\/tr>\n<tr>\n<td><strong>Couleur du rev\u00eatement<\/strong><\/td>\n<td>Or, or rose, noir, argent, bleu, champagne, couleurs mates\/satin\u00e9es et diff\u00e9rentes couleurs<\/td>\n<\/tr>\n<tr>\n<td><strong>Films fonctionnels et optiques<\/strong><\/td>\n<td>ITO, SiO\u2082, TiO\u2082, Cr, Al, Ag, ITO\/Ag\/ITO, films optiques et \u00e9lectroniques<\/td>\n<\/tr>\n<tr>\n<td><strong>Composants essentiels<\/strong><\/td>\n<td>Cible d'arc, syst\u00e8me de commande, pompe<\/td>\n<\/tr>\n<tr>\n<td><strong>Application<\/strong><\/td>\n<td>Acier inoxydable, \u00e9lectronique et optique, verre, int\u00e9rieur et composants automobiles<\/td>\n<\/tr>\n<tr>\n<td><strong>Personnalisation<\/strong><\/td>\n<td>Taille, mat\u00e9riau cible, couleur, conception de l'appareil et plan de traitement personnalis\u00e9s<\/td>\n<\/tr>\n<tr>\n<td><strong>Service<\/strong><\/td>\n<td>Rapports d'essais m\u00e9caniques\/d'\u00e9chantillons, inspection vid\u00e9o \u00e0 la sortie et conseils techniques<\/td>\n<\/tr>\n<\/tbody>\n<\/table>\n<p>&nbsp;<\/p>","protected":false},"featured_media":1192,"comment_status":"closed","ping_status":"closed","template":"","meta":{"_acf_changed":true},"application":[25],"product_brand":[],"product_cat":[20],"product_tag":[],"class_list":{"0":"post-1191","1":"product","2":"type-product","3":"status-publish","4":"has-post-thumbnail","6":"application-glass-pvd-coating-machine","7":"product_cat-magnetron-sputtering-vacuum-coating-machine","9":"first","10":"instock","11":"shipping-taxable","12":"product-type-simple"},"acf":[],"_links":{"self":[{"href":"https:\/\/www.cgvacuum.com\/fr\/wp-json\/wp\/v2\/product\/1191","targetHints":{"allow":["GET"]}}],"collection":[{"href":"https:\/\/www.cgvacuum.com\/fr\/wp-json\/wp\/v2\/product"}],"about":[{"href":"https:\/\/www.cgvacuum.com\/fr\/wp-json\/wp\/v2\/types\/product"}],"replies":[{"embeddable":true,"href":"https:\/\/www.cgvacuum.com\/fr\/wp-json\/wp\/v2\/comments?post=1191"}],"wp:featuredmedia":[{"embeddable":true,"href":"https:\/\/www.cgvacuum.com\/fr\/wp-json\/wp\/v2\/media\/1192"}],"wp:attachment":[{"href":"https:\/\/www.cgvacuum.com\/fr\/wp-json\/wp\/v2\/media?parent=1191"}],"wp:term":[{"taxonomy":"application","embeddable":true,"href":"https:\/\/www.cgvacuum.com\/fr\/wp-json\/wp\/v2\/application?post=1191"},{"taxonomy":"product_brand","embeddable":true,"href":"https:\/\/www.cgvacuum.com\/fr\/wp-json\/wp\/v2\/product_brand?post=1191"},{"taxonomy":"product_cat","embeddable":true,"href":"https:\/\/www.cgvacuum.com\/fr\/wp-json\/wp\/v2\/product_cat?post=1191"},{"taxonomy":"product_tag","embeddable":true,"href":"https:\/\/www.cgvacuum.com\/fr\/wp-json\/wp\/v2\/product_tag?post=1191"}],"curies":[{"name":"wp","href":"https:\/\/api.w.org\/{rel}","templated":true}]}}