{"id":1184,"date":"2025-12-02T09:07:46","date_gmt":"2025-12-02T09:07:46","guid":{"rendered":"https:\/\/www.cgvacuum.com\/?post_type=product&#038;p=1184"},"modified":"2025-12-02T09:38:02","modified_gmt":"2025-12-02T09:38:02","slug":"stainless-steel-pvd-coating-machine","status":"publish","type":"product","link":"https:\/\/www.cgvacuum.com\/fr\/produit\/stainless-steel-pvd-coating-machine\/","title":{"rendered":"Machine de rev\u00eatement PVD en acier inoxydable, machine de rev\u00eatement sous vide ionique multi-arcs CGVAC"},"content":{"rendered":"<h3 class=\"wp-block-heading\">Sp\u00e9cifications de la machine de rev\u00eatement PVD en acier inoxydable :<\/h3>\n\n\n\n<figure class=\"wp-block-table\"><table><tbody><tr><td><strong>Num\u00e9ro de mod\u00e8le<\/strong><\/td><td><strong>Dimensions L x H (mm)<\/strong><\/td><td><strong>Vide ultime (Pa)<\/strong><\/td><td><strong>Temps de pompage (min)<\/strong>)<\/td><td><strong>Objectifs (PCS)<\/strong><\/td><td><strong>Puissance totale (kW)<\/strong><\/td><\/tr><tr><td>DZ1214<\/td><td>1200 x 1400 mm<\/td><td>\u22648\u00d710-\u2074<\/td><td>\uff1c5<\/td><td>10<\/td><td>50<\/td><\/tr><tr><td>DZ1416<\/td><td>1400 x 1600 mm<\/td><td>\u22648\u00d710-\u2074<\/td><td>\uff1c5<\/td><td>14<\/td><td>60<\/td><\/tr><tr><td>DZ1618<\/td><td>1600 x 1800 mm<\/td><td>\u22648\u00d710-\u2074<\/td><td>\uff1c5<\/td><td>21<\/td><td>80<\/td><\/tr><tr><td>DZ1818<\/td><td>1800 x 1800 mm<\/td><td>\u22648\u00d710-\u2074<\/td><td>\uff1c5<\/td><td>28<\/td><td>110<\/td><\/tr><tr><td>DZ2118<\/td><td>2100 x 1800 mm<\/td><td>\u22648\u00d710-\u2074<\/td><td>\uff1c5<\/td><td>32<\/td><td>120<\/td><\/tr><\/tbody><\/table><\/figure>\n\n\n\n<p><strong>*Les sp\u00e9cifications de l'\u00e9quipement peuvent \u00eatre personnalis\u00e9es selon les besoins du client. La hauteur ou la profondeur peut varier de 600 mm \u00e0 10 000 mm.<\/strong><\/p>\n\n\n\n<div class=\"wp-block-columns is-layout-flex wp-container-core-columns-is-layout-9d6595d7 wp-block-columns-is-layout-flex\">\n<div class=\"wp-block-column is-layout-flow wp-block-column-is-layout-flow\">\n<figure class=\"wp-block-image size-full\"><img decoding=\"async\" width=\"600\" height=\"600\" src=\"https:\/\/www.cgvacuum.com\/wp-content\/uploads\/2025\/12\/stainless-steel-pvd-coating-machine.webp\" alt=\"Machine de rev\u00eatement PVD en acier inoxydable, rev\u00eatement ionique sous vide multi-arcs\" class=\"wp-image-1183\" srcset=\"https:\/\/www.cgvacuum.com\/wp-content\/uploads\/2025\/12\/stainless-steel-pvd-coating-machine.webp 600w, https:\/\/www.cgvacuum.com\/wp-content\/uploads\/2025\/12\/stainless-steel-pvd-coating-machine-300x300.webp 300w, https:\/\/www.cgvacuum.com\/wp-content\/uploads\/2025\/12\/stainless-steel-pvd-coating-machine-150x150.webp 150w, https:\/\/www.cgvacuum.com\/wp-content\/uploads\/2025\/12\/stainless-steel-pvd-coating-machine-12x12.webp 12w, https:\/\/www.cgvacuum.com\/wp-content\/uploads\/2025\/12\/stainless-steel-pvd-coating-machine-100x100.webp 100w\" sizes=\"(max-width: 600px) 100vw, 600px\" \/><\/figure>\n<\/div>\n\n\n\n<div class=\"wp-block-column is-layout-flow wp-block-column-is-layout-flow\">\n<h3 class=\"wp-block-heading\">Caract\u00e9ristiques de la machine de rev\u00eatement PVD en acier inoxydable :<\/h3>\n\n\n\n<p><strong>Technologie d'ionisation multi-arcs :<\/strong> Des particules d'\u00e9vaporation \u00e0 haute \u00e9nergie sont g\u00e9n\u00e9r\u00e9es \u00e0 la surface d'une cible m\u00e9tallique \u00e0 l'aide d'un arc \u00e9lectrique, ce qui entra\u00eene une ionisation \u00e9lev\u00e9e. Ces ions m\u00e9talliques \u00e0 haute \u00e9nergie sont acc\u00e9l\u00e9r\u00e9s et d\u00e9pos\u00e9s \u00e0 la surface de pi\u00e8ces en acier inoxydable, formant un film mince avec une adh\u00e9rence extr\u00eamement forte.<\/p>\n\n\n\n<p><strong>Film haute performance<\/strong>: La technologie d'ionisation multi-arc d\u00e9pose un film de nitrure m\u00e9tallique \u00e0 haute duret\u00e9, am\u00e9liorant consid\u00e9rablement la r\u00e9sistance aux rayures, \u00e0 l'usure et \u00e0 la corrosion \u00e0 long terme des surfaces en acier inoxydable.<\/p>\n\n\n\n<p><strong>Capacit\u00e9 de rev\u00eatement uniforme sur de grandes surfaces<\/strong>: La disposition de la cavit\u00e9 et de la cible, sp\u00e9cialement con\u00e7ue pour les pi\u00e8ces d\u00e9coratives en t\u00f4le et en acier inoxydable, permet d'obtenir un effet de rev\u00eatement uniforme sur une grande surface, avec une \u00e9paisseur et une couleur homog\u00e8nes.<\/p>\n\n\n\n<p><strong>D\u00e9bit \u00e9lev\u00e9 :<\/strong> La conception multi-cibles et \u00e0 d\u00e9p\u00f4t rapide convient \u00e0 la production en s\u00e9rie continue, am\u00e9liorant ainsi l'efficacit\u00e9 de la production et r\u00e9duisant les co\u00fbts unitaires.<\/p>\n\n\n\n<p><strong>\u00c9conomique et stable :<\/strong> Le syst\u00e8me de vide optimis\u00e9 et la longue dur\u00e9e de vie de la source \u00e0 arc du CGVAC garantissent une faible consommation d'\u00e9nergie, une maintenance ais\u00e9e et un fonctionnement continu et efficace de la cha\u00eene de production d'acier inoxydable.<\/p>\n\n\n\n<p><strong>Assistance compl\u00e8te<\/strong>: Nous proposons une personnalisation compl\u00e8te des dimensions des cavit\u00e9s, de la quantit\u00e9 de source cible, de l'alimentation \u00e9lectrique et des fixations d'outillage, associ\u00e9e \u00e0 des solutions de rev\u00eatement sp\u00e9cifiques \u00e0 l'acier inoxydable, afin de garantir la stabilit\u00e9 de la production et la qualit\u00e9 du film.<\/p>\n<\/div>\n<\/div>","protected":false},"excerpt":{"rendered":"<p data-start=\"2608\" data-end=\"2931\">Machine de rev\u00eatement PVD haute performance CGVAC en acier inoxydable avec technologie ionique multi-arcs, fournissant des films durables, uniformes et r\u00e9sistants \u00e0 la corrosion pour les produits en acier inoxydable. Solutions de rev\u00eatement personnalis\u00e9es compl\u00e8tes et assistance disponibles. N'h\u00e9sitez pas \u00e0 nous contacter pour une solution de rev\u00eatement PVD en acier inoxydable !<\/p>\n<h2>Param\u00e8tres techniques :<\/h2>\n<table width=\"973\">\n<tbody>\n<tr>\n<td width=\"202\"><strong>Mat\u00e9riaux cibles<\/strong><\/td>\n<td width=\"771\">Titane (Ti), chrome (Cr), zirconium (Zr), TiAl, Ni, Cu, Al, Fe, etc.<\/td>\n<\/tr>\n<tr>\n<td><strong>Gaz industriels<\/strong><\/td>\n<td>Argon (Ar), azote (N\u2082), ac\u00e9tyl\u00e8ne (C\u2082H\u2082), oxyg\u00e8ne (O\u2082)<\/td>\n<\/tr>\n<tr>\n<td><strong>Technologie de rev\u00eatement<\/strong><\/td>\n<td>Rev\u00eatement ionique sous vide \u00e0 plusieurs arcs<\/td>\n<\/tr>\n<tr>\n<td><strong>Couleur du rev\u00eatement<\/strong><\/td>\n<td>Argent titane, or, or rose, violet, bleu saphir, perle, ambre, gris fonc\u00e9, noir chrome et multicolore<\/td>\n<\/tr>\n<tr>\n<td><strong>Rev\u00eatements fonctionnels<\/strong><\/td>\n<td>TiN, TiCN, CrN, ZrN, TiAlN, CrAlN, DLC et autres rev\u00eatements durs et r\u00e9sistants \u00e0 l'usure.<\/td>\n<\/tr>\n<tr>\n<td><strong>Composants essentiels<\/strong><\/td>\n<td>Cible d'arc, syst\u00e8me de commande, pompe<\/td>\n<\/tr>\n<tr>\n<td><strong>Application<\/strong><\/td>\n<td>Acier inoxydable, m\u00e9tal, articles sanitaires, vaisselle en c\u00e9ramique, bijoux, verre, carreaux<\/td>\n<\/tr>\n<tr>\n<td><strong>Personnalisation<\/strong><\/td>\n<td>Taille, mat\u00e9riau cible, couleur, conception de l'appareil et plan de traitement personnalis\u00e9s<\/td>\n<\/tr>\n<tr>\n<td><strong>Service<\/strong><\/td>\n<td>Rapports d'essais m\u00e9caniques\/\u00e9chantillons, inspection vid\u00e9o \u00e0 la sortie et conseils techniques.<\/td>\n<\/tr>\n<\/tbody>\n<\/table>\n<p>&nbsp;<\/p>","protected":false},"featured_media":1183,"comment_status":"closed","ping_status":"closed","template":"","meta":{"_acf_changed":true},"application":[26],"product_brand":[],"product_cat":[19],"product_tag":[],"class_list":{"0":"post-1184","1":"product","2":"type-product","3":"status-publish","4":"has-post-thumbnail","6":"application-stainless-steel-pvd-coating-machine","7":"product_cat-multi-arc-ion-vacuum-coating-machine","9":"first","10":"instock","11":"shipping-taxable","12":"product-type-simple"},"acf":[],"_links":{"self":[{"href":"https:\/\/www.cgvacuum.com\/fr\/wp-json\/wp\/v2\/product\/1184","targetHints":{"allow":["GET"]}}],"collection":[{"href":"https:\/\/www.cgvacuum.com\/fr\/wp-json\/wp\/v2\/product"}],"about":[{"href":"https:\/\/www.cgvacuum.com\/fr\/wp-json\/wp\/v2\/types\/product"}],"replies":[{"embeddable":true,"href":"https:\/\/www.cgvacuum.com\/fr\/wp-json\/wp\/v2\/comments?post=1184"}],"wp:featuredmedia":[{"embeddable":true,"href":"https:\/\/www.cgvacuum.com\/fr\/wp-json\/wp\/v2\/media\/1183"}],"wp:attachment":[{"href":"https:\/\/www.cgvacuum.com\/fr\/wp-json\/wp\/v2\/media?parent=1184"}],"wp:term":[{"taxonomy":"application","embeddable":true,"href":"https:\/\/www.cgvacuum.com\/fr\/wp-json\/wp\/v2\/application?post=1184"},{"taxonomy":"product_brand","embeddable":true,"href":"https:\/\/www.cgvacuum.com\/fr\/wp-json\/wp\/v2\/product_brand?post=1184"},{"taxonomy":"product_cat","embeddable":true,"href":"https:\/\/www.cgvacuum.com\/fr\/wp-json\/wp\/v2\/product_cat?post=1184"},{"taxonomy":"product_tag","embeddable":true,"href":"https:\/\/www.cgvacuum.com\/fr\/wp-json\/wp\/v2\/product_tag?post=1184"}],"curies":[{"name":"wp","href":"https:\/\/api.w.org\/{rel}","templated":true}]}}