{"id":1181,"date":"2025-12-02T07:29:32","date_gmt":"2025-12-02T07:29:32","guid":{"rendered":"https:\/\/www.cgvacuum.com\/?post_type=product&#038;p=1181"},"modified":"2025-12-02T09:02:38","modified_gmt":"2025-12-02T09:02:38","slug":"jewelry-pvd-coating-machine","status":"publish","type":"product","link":"https:\/\/www.cgvacuum.com\/fr\/produit\/jewelry-pvd-coating-machine\/","title":{"rendered":"Machine de rev\u00eatement PVD pour bijoux, fabricant de machines de rev\u00eatement sous vide multi-arcs ioniques"},"content":{"rendered":"<h3 class=\"wp-block-heading\">Sp\u00e9cifications de la machine de rev\u00eatement PVD pour bijoux :<\/h3>\n\n\n\n<figure class=\"wp-block-table\"><table><tbody><tr><td><strong>Num\u00e9ro de mod\u00e8le<\/strong><\/td><td><strong>Dimensions L x H (mm)<\/strong><\/td><td><strong>Vide ultime (Pa)<\/strong><\/td><td><strong>Temps de pompage (min)<\/strong>)<\/td><td><strong>Objectifs (PCS)<\/strong><\/td><td><strong>Puissance totale (kW)<\/strong><\/td><\/tr><tr><td>DZ1214<\/td><td>1200 x 1400 mm<\/td><td>\u22648\u00d710-\u2074<\/td><td>\uff1c5<\/td><td>10<\/td><td>50<\/td><\/tr><tr><td>DZ1416<\/td><td>1400 x 1600 mm<\/td><td>\u22648\u00d710-\u2074<\/td><td>\uff1c5<\/td><td>14<\/td><td>60<\/td><\/tr><tr><td>DZ1618<\/td><td>1600 x 1800 mm<\/td><td>\u22648\u00d710-\u2074<\/td><td>\uff1c5<\/td><td>21<\/td><td>80<\/td><\/tr><tr><td>DZ1818<\/td><td>1800 x 1800 mm<\/td><td>\u22648\u00d710-\u2074<\/td><td>\uff1c5<\/td><td>28<\/td><td>110<\/td><\/tr><tr><td>DZ2118<\/td><td>2100 x 1800 mm<\/td><td>\u22648\u00d710-\u2074<\/td><td>\uff1c5<\/td><td>32<\/td><td>120<\/td><\/tr><\/tbody><\/table><\/figure>\n\n\n\n<p><strong>*Les sp\u00e9cifications de l'\u00e9quipement peuvent \u00eatre personnalis\u00e9es selon les besoins du client. La hauteur ou la profondeur peut varier de 600 mm \u00e0 10 000 mm.<\/strong><\/p>\n\n\n\n<div class=\"wp-block-columns is-layout-flex wp-container-core-columns-is-layout-9d6595d7 wp-block-columns-is-layout-flex\">\n<div class=\"wp-block-column is-layout-flow wp-block-column-is-layout-flow\">\n<figure class=\"wp-block-image size-full\"><img decoding=\"async\" width=\"750\" height=\"750\" src=\"https:\/\/www.cgvacuum.com\/wp-content\/uploads\/2025\/12\/jewelry-pvd-coating-machine.webp\" alt=\"Machine de rev\u00eatement PVD pour bijoux\" class=\"wp-image-1182\" srcset=\"https:\/\/www.cgvacuum.com\/wp-content\/uploads\/2025\/12\/jewelry-pvd-coating-machine.webp 750w, https:\/\/www.cgvacuum.com\/wp-content\/uploads\/2025\/12\/jewelry-pvd-coating-machine-300x300.webp 300w, https:\/\/www.cgvacuum.com\/wp-content\/uploads\/2025\/12\/jewelry-pvd-coating-machine-150x150.webp 150w, https:\/\/www.cgvacuum.com\/wp-content\/uploads\/2025\/12\/jewelry-pvd-coating-machine-12x12.webp 12w, https:\/\/www.cgvacuum.com\/wp-content\/uploads\/2025\/12\/jewelry-pvd-coating-machine-600x600.webp 600w, https:\/\/www.cgvacuum.com\/wp-content\/uploads\/2025\/12\/jewelry-pvd-coating-machine-100x100.webp 100w\" sizes=\"(max-width: 750px) 100vw, 750px\" \/><\/figure>\n<\/div>\n\n\n\n<div class=\"wp-block-column is-layout-flow wp-block-column-is-layout-flow\">\n<h3 class=\"wp-block-heading\">Caract\u00e9ristiques de la machine de rev\u00eatement PVD pour bijoux :<\/h3>\n\n\n\n<p><strong>Haute adh\u00e9rence et couche dense :<\/strong> La source d'ions multi-arcs g\u00e9n\u00e8re des ions m\u00e9talliques \u00e0 haute \u00e9nergie, ce qui se traduit par une forte adh\u00e9rence, une duret\u00e9 \u00e9lev\u00e9e et une excellente r\u00e9sistance \u00e0 l'usure et \u00e0 la corrosion, garantissant que les bijoux ne se d\u00e9colorent pas m\u00eame apr\u00e8s une longue p\u00e9riode d'utilisation.<\/p>\n\n\n\n<p><strong>Contr\u00f4le pr\u00e9cis et grande homog\u00e9n\u00e9it\u00e9 des lots :<\/strong> Le syst\u00e8me d'automatisation PLC contr\u00f4le avec pr\u00e9cision le niveau de vide, le courant d'arc et le d\u00e9bit de gaz, permettant d'obtenir une \u00e9paisseur de film uniforme et une couleur stable, et r\u00e9solvant ainsi le probl\u00e8me des diff\u00e9rences de couleur dans l'industrie de la bijouterie.<\/p>\n\n\n\n<p><strong>Conception haute efficacit\u00e9 et multi-cibles :<\/strong> La structure multi-arcs acc\u00e9l\u00e8re la vitesse de d\u00e9p\u00f4t, ce qui convient \u00e0 la production en s\u00e9rie continue de petits bijoux, ce qui se traduit par un faible co\u00fbt unitaire.<\/p>\n\n\n\n<p><strong>Applicabilit\u00e9 multi-secteurs<\/strong>: L'\u00e9quipement de rev\u00eatement sous vide multi-arcs de Chuanggao convient non seulement aux bijoux, mais peut \u00e9galement recouvrir divers mat\u00e9riaux tels que les appareils sanitaires, la quincaillerie, l'acier inoxydable, le verre et les plastiques, am\u00e9liorant ainsi le retour sur investissement.<\/p>\n\n\n\n<p><strong>Assistance compl\u00e8te pour les solutions :<\/strong> CGVAC fournit des solutions compl\u00e8tes, la conception de fixations, la personnalisation des \u00e9quipements et un service apr\u00e8s-vente afin d'aider ses clients \u00e0 atteindre rapidement une production de masse et \u00e0 am\u00e9liorer la comp\u00e9titivit\u00e9 de leurs produits.<\/p>\n<\/div>\n<\/div>","protected":false},"excerpt":{"rendered":"<p>La machine de rev\u00eatement PVD pour bijoux utilise un rev\u00eatement sous vide PVD \u00e0 ions multi-arcs, ce qui permet d'obtenir une adh\u00e9rence \u00e9lev\u00e9e du film, une r\u00e9sistance \u00e0 la corrosion, une uniformit\u00e9, une stabilit\u00e9 et une capacit\u00e9 de production \u00e9lev\u00e9e. CGVAC fournit des solutions de rev\u00eatement compl\u00e8tes et personnalis\u00e9es. Contactez-nous d\u00e8s maintenant !<\/p>\n<h2>Param\u00e8tres techniques :<\/h2>\n<table width=\"973\">\n<tbody>\n<tr>\n<td width=\"202\"><strong>Mat\u00e9riaux cibles<\/strong><\/td>\n<td width=\"771\">Titane (Ti), chrome (Cr), zirconium (Zr), TiAl, Ni, Cu, Al, Fe, etc.<\/td>\n<\/tr>\n<tr>\n<td><strong>Gaz industriels<\/strong><\/td>\n<td>Argon (Ar), azote (N\u2082), ac\u00e9tyl\u00e8ne (C\u2082H\u2082), oxyg\u00e8ne (O\u2082)<\/td>\n<\/tr>\n<tr>\n<td><strong>Technologie de rev\u00eatement<\/strong><\/td>\n<td>Rev\u00eatement ionique sous vide \u00e0 plusieurs arcs<\/td>\n<\/tr>\n<tr>\n<td><strong>Couleur du rev\u00eatement<\/strong><\/td>\n<td>Argent titane, or, or rose, violet, bleu saphir, perle, ambre, gris fonc\u00e9, noir chrome et multicolore<\/td>\n<\/tr>\n<tr>\n<td><strong>Rev\u00eatements fonctionnels<\/strong><\/td>\n<td>TiN, TiCN, CrN, ZrN, TiAlN, CrAlN, DLC et autres rev\u00eatements durs et r\u00e9sistants \u00e0 l'usure.<\/td>\n<\/tr>\n<tr>\n<td><strong>Composants essentiels<\/strong><\/td>\n<td>Cible d'arc, syst\u00e8me de commande, pompe<\/td>\n<\/tr>\n<tr>\n<td><strong>Application<\/strong><\/td>\n<td>Acier inoxydable, m\u00e9tal, articles sanitaires, vaisselle en c\u00e9ramique, bijoux, verre, carreaux<\/td>\n<\/tr>\n<tr>\n<td><strong>Personnalisation<\/strong><\/td>\n<td>Taille, mat\u00e9riau cible, couleur, conception de l'appareil et plan de traitement personnalis\u00e9s<\/td>\n<\/tr>\n<tr>\n<td><strong>Service<\/strong><\/td>\n<td>Rapports d'essais m\u00e9caniques\/\u00e9chantillons, inspection vid\u00e9o \u00e0 la sortie et conseils techniques.<\/td>\n<\/tr>\n<\/tbody>\n<\/table>\n<p>&nbsp;<\/p>","protected":false},"featured_media":1182,"comment_status":"closed","ping_status":"closed","template":"","meta":{"_acf_changed":true},"application":[28],"product_brand":[],"product_cat":[19],"product_tag":[],"class_list":{"0":"post-1181","1":"product","2":"type-product","3":"status-publish","4":"has-post-thumbnail","6":"application-jewelry-beads-pvd-coating-machine","7":"product_cat-multi-arc-ion-vacuum-coating-machine","9":"first","10":"instock","11":"shipping-taxable","12":"product-type-simple"},"acf":[],"_links":{"self":[{"href":"https:\/\/www.cgvacuum.com\/fr\/wp-json\/wp\/v2\/product\/1181","targetHints":{"allow":["GET"]}}],"collection":[{"href":"https:\/\/www.cgvacuum.com\/fr\/wp-json\/wp\/v2\/product"}],"about":[{"href":"https:\/\/www.cgvacuum.com\/fr\/wp-json\/wp\/v2\/types\/product"}],"replies":[{"embeddable":true,"href":"https:\/\/www.cgvacuum.com\/fr\/wp-json\/wp\/v2\/comments?post=1181"}],"wp:featuredmedia":[{"embeddable":true,"href":"https:\/\/www.cgvacuum.com\/fr\/wp-json\/wp\/v2\/media\/1182"}],"wp:attachment":[{"href":"https:\/\/www.cgvacuum.com\/fr\/wp-json\/wp\/v2\/media?parent=1181"}],"wp:term":[{"taxonomy":"application","embeddable":true,"href":"https:\/\/www.cgvacuum.com\/fr\/wp-json\/wp\/v2\/application?post=1181"},{"taxonomy":"product_brand","embeddable":true,"href":"https:\/\/www.cgvacuum.com\/fr\/wp-json\/wp\/v2\/product_brand?post=1181"},{"taxonomy":"product_cat","embeddable":true,"href":"https:\/\/www.cgvacuum.com\/fr\/wp-json\/wp\/v2\/product_cat?post=1181"},{"taxonomy":"product_tag","embeddable":true,"href":"https:\/\/www.cgvacuum.com\/fr\/wp-json\/wp\/v2\/product_tag?post=1181"}],"curies":[{"name":"wp","href":"https:\/\/api.w.org\/{rel}","templated":true}]}}