{"id":281,"date":"2025-11-26T13:09:53","date_gmt":"2025-11-26T13:09:53","guid":{"rendered":"https:\/\/www.cgvacuum.com\/?post_type=product&#038;p=281"},"modified":"2026-03-17T01:44:39","modified_gmt":"2026-03-17T01:44:39","slug":"evaporation-vacuum-coating-machine-custom","status":"publish","type":"product","link":"https:\/\/www.cgvacuum.com\/es\/producto\/evaporation-vacuum-coating-machine-custom\/","title":{"rendered":"M\u00e1quina barnizadora al vac\u00edo por evaporaci\u00f3n de pl\u00e1stico, Proveedor de m\u00e1quina barnizadora PVD"},"content":{"rendered":"<h3 class=\"wp-block-heading\">Especificaciones de la m\u00e1quina de recubrimiento al vac\u00edo por evaporaci\u00f3n:<\/h3>\n\n\n\n<figure class=\"wp-block-table\"><table class=\"has-fixed-layout\"><tbody><tr><td><strong>N\u00famero de modelo<\/strong><\/td><td><strong>Dimensiones DxH (mm)<\/strong><\/td><td><strong>Vac\u00edo final (Pa)<\/strong><\/td><td><strong>Tiempo de bombeo (min)<\/strong><\/td><td><strong>Potencia total (kW)<\/strong><\/td><\/tr><tr><td>ZZ1214<\/td><td>1200 x 1400 mm<\/td><td>\u22648\u00d710-\u2074<\/td><td>\uff1c5<\/td><td>35<\/td><\/tr><tr><td>ZZ1416<\/td><td>1400 x 1600 mm<\/td><td>\u22648\u00d710-\u2074<\/td><td>\uff1c5<\/td><td>65<\/td><\/tr><tr><td>ZZ1618<\/td><td>1600 x 1800 mm<\/td><td>\u22648\u00d710-\u2074<\/td><td>\uff1c5<\/td><td>75<\/td><\/tr><tr><td>ZZ1820<\/td><td>1800 x 2000 mm<\/td><td>\u22648\u00d710-\u2074<\/td><td>\uff1c5<\/td><td>90<\/td><\/tr><tr><td>ZZ2020<\/td><td>2000*2000 mm<\/td><td>\u22648\u00d710-\u2074<\/td><td>\uff1c5<\/td><td>105<\/td><\/tr><\/tbody><\/table><\/figure>\n\n\n\n<p><strong>*Las especificaciones del equipo se pueden personalizar seg\u00fan los requisitos del cliente.<\/strong><\/p>\n\n\n\n<div class=\"wp-block-columns is-layout-flex wp-container-core-columns-is-layout-9d6595d7 wp-block-columns-is-layout-flex\">\n<div class=\"wp-block-column is-layout-flow wp-block-column-is-layout-flow\">\n<figure class=\"wp-block-image size-full\"><img decoding=\"async\" width=\"800\" height=\"760\" src=\"https:\/\/www.cgvacuum.com\/wp-content\/uploads\/2025\/11\/Evaporation-Vacuum-Coating-Machine-Plastic-PVD-Coating-Machine-1-1.webp\" alt=\"M\u00e1quina de recubrimiento al vac\u00edo por evaporaci\u00f3n, m\u00e1quina de recubrimiento PVD para pl\u00e1sticos (1)\" class=\"wp-image-294\" srcset=\"https:\/\/www.cgvacuum.com\/wp-content\/uploads\/2025\/11\/Evaporation-Vacuum-Coating-Machine-Plastic-PVD-Coating-Machine-1-1.webp 800w, https:\/\/www.cgvacuum.com\/wp-content\/uploads\/2025\/11\/Evaporation-Vacuum-Coating-Machine-Plastic-PVD-Coating-Machine-1-1-300x285.webp 300w, https:\/\/www.cgvacuum.com\/wp-content\/uploads\/2025\/11\/Evaporation-Vacuum-Coating-Machine-Plastic-PVD-Coating-Machine-1-1-768x730.webp 768w, https:\/\/www.cgvacuum.com\/wp-content\/uploads\/2025\/11\/Evaporation-Vacuum-Coating-Machine-Plastic-PVD-Coating-Machine-1-1-600x570.webp 600w\" sizes=\"(max-width: 800px) 100vw, 800px\" \/><\/figure>\n<\/div>\n\n\n\n<div class=\"wp-block-column is-layout-flow wp-block-column-is-layout-flow\">\n<h3 class=\"wp-block-heading\">Caracter\u00edsticas de la m\u00e1quina de recubrimiento al vac\u00edo por evaporaci\u00f3n:<\/h3>\n\n\n\n<p><strong>Dise\u00f1ado espec\u00edficamente para sustratos de pl\u00e1stico y ABS.<\/strong> Gracias a la tecnolog\u00eda de PVD evaporativo y al control de la temperatura, los par\u00e1metros del proceso se optimizan para que los materiales sensibles al calor garanticen una alta adherencia y una calidad de revestimiento estable.<\/p>\n\n\n\n<p><strong>Efecto decorativo met\u00e1lico de alto brillo.<\/strong> Es posible aplicar revestimientos de calidad espejo en plata, oro, cromo y colores iridiscentes, con un brillo superficial uniforme y un color intenso.<\/p>\n\n\n\n<p><strong>Estructura de pel\u00edcula densa y excelente adherencia.<\/strong> La tecnolog\u00eda PVD evaporativa minimiza la p\u00e9rdida de iones, lo que da como resultado una estructura de revestimiento de gran pureza que es resistente al desgaste, duradera y mantiene la estabilidad del color a largo plazo.<\/p>\n\n\n\n<p><strong>Capacidad de deposici\u00f3n y producci\u00f3n en masa de gran eficacia.<\/strong> El dise\u00f1o optimizado de la c\u00e1mara de vac\u00edo y los accesorios giratorios permiten un vac\u00edo r\u00e1pido, un recubrimiento uniforme y un alto rendimiento, lo que resulta adecuado para la producci\u00f3n industrial continua.<\/p>\n\n\n\n<p><strong>Admite personalizaci\u00f3n multicolor y espesor de pel\u00edcula controlable.<\/strong> Compatible con varias fuentes de evaporaci\u00f3n, lo que permite ajustar el grosor del revestimiento, el color y la textura met\u00e1lica para satisfacer diversas necesidades decorativas.<\/p>\n\n\n\n<p><strong>Proceso de revestimiento ecol\u00f3gico.<\/strong> No requiere productos qu\u00edmicos de galvanoplastia, cero emisiones contaminantes y cumple las normas de fabricaci\u00f3n ecol\u00f3gica.<\/p>\n\n\n\n<p><strong>Sistema de control automatizado inteligente. <\/strong>Gesti\u00f3n automatizada del revestimiento mediante PLC, funcionamiento sencillo y f\u00e1cil gesti\u00f3n de la producci\u00f3n y programaci\u00f3n del proceso.<\/p>\n\n\n\n<p><strong>Amplia gama de aplicaciones. <\/strong>Adecuado para industrias como las de productos pl\u00e1sticos, electrodom\u00e9sticos, envases de cosm\u00e9ticos, interiores de autom\u00f3viles y artesan\u00eda.<\/p>\n\n\n\n<p><strong>Asistencia t\u00e9cnica durante todo el proceso.<\/strong> Admite la personalizaci\u00f3n de equipos, soluciones de procesos, depuraci\u00f3n, servicio posventa y mantenimiento a largo plazo para garantizar una producci\u00f3n en masa estable.<\/p>\n<\/div>\n<\/div>","protected":false},"excerpt":{"rendered":"<p>Las m\u00e1quinas de revestimiento al vac\u00edo por evaporaci\u00f3n de pl\u00e1sticos CGVAC est\u00e1n dise\u00f1adas para el revestimiento decorativo eficaz de sustratos de pl\u00e1stico y ABS. Ofrecemos soluciones de maquinaria personalizables y asistencia t\u00e9cnica completa. P\u00f3ngase en contacto con nosotros para hablar de sus necesidades.<\/p>\n<h2>Par\u00e1metros t\u00e9cnicos:<\/h2>\n<table border=\"0\" width=\"973\" cellspacing=\"0\" cellpadding=\"0\">\n<tbody>\n<tr>\n<td width=\"202\" height=\"22\"><strong>Materiales<\/strong><\/td>\n<td width=\"771\">Alambre de Al, Cu, Ag, Cr (t\u00e9rmico), Metales decorativos<\/td>\n<\/tr>\n<tr>\n<td height=\"22\"><strong>Tecnolog\u00eda de revestimiento<\/strong><\/td>\n<td>Revestimiento al vac\u00edo por evaporaci\u00f3n<\/td>\n<\/tr>\n<tr>\n<td height=\"22\"><strong>Pel\u00edculas funcionales y \u00f3pticas<\/strong><\/td>\n<td>Principalmente para recubrimientos decorativos, se puede integrar con recubrimientos UV o capas pulverizadas.<\/td>\n<\/tr>\n<tr>\n<td height=\"22\"><strong>Componentes b\u00e1sicos<\/strong><\/td>\n<td>Objetivo del arco, sistema de control, bomba<\/td>\n<\/tr>\n<tr>\n<td height=\"22\"><strong>Aplicaci\u00f3n<\/strong><\/td>\n<td>Pl\u00e1sticos, cer\u00e1mica de uso diario, vidrio, joyer\u00eda y abalorios, acero inoxidable.<\/td>\n<\/tr>\n<tr>\n<td height=\"22\"><strong>Personalizaci\u00f3n<\/strong><\/td>\n<td>Tama\u00f1o, material de destino, color, dise\u00f1o de fijaci\u00f3n y plan de proceso personalizados<\/td>\n<\/tr>\n<tr>\n<td height=\"22\"><strong>Servicio<\/strong><\/td>\n<td>Informes de pruebas mec\u00e1nicas\/muestras, v\u00eddeo de inspecci\u00f3n de salida y orientaci\u00f3n t\u00e9cnica.<\/td>\n<\/tr>\n<\/tbody>\n<\/table>\n<p>&nbsp;<\/p>","protected":false},"featured_media":293,"comment_status":"closed","ping_status":"closed","template":"","meta":{"_acf_changed":false},"application":[24],"product_brand":[],"product_cat":[21],"product_tag":[],"class_list":{"0":"post-281","1":"product","2":"type-product","3":"status-publish","4":"has-post-thumbnail","6":"application-plastic-pvd-coating-machine","7":"product_cat-evaporation-vacuum-coating-machine","9":"first","10":"instock","11":"shipping-taxable","12":"product-type-simple"},"acf":[],"_links":{"self":[{"href":"https:\/\/www.cgvacuum.com\/es\/wp-json\/wp\/v2\/product\/281","targetHints":{"allow":["GET"]}}],"collection":[{"href":"https:\/\/www.cgvacuum.com\/es\/wp-json\/wp\/v2\/product"}],"about":[{"href":"https:\/\/www.cgvacuum.com\/es\/wp-json\/wp\/v2\/types\/product"}],"replies":[{"embeddable":true,"href":"https:\/\/www.cgvacuum.com\/es\/wp-json\/wp\/v2\/comments?post=281"}],"wp:featuredmedia":[{"embeddable":true,"href":"https:\/\/www.cgvacuum.com\/es\/wp-json\/wp\/v2\/media\/293"}],"wp:attachment":[{"href":"https:\/\/www.cgvacuum.com\/es\/wp-json\/wp\/v2\/media?parent=281"}],"wp:term":[{"taxonomy":"application","embeddable":true,"href":"https:\/\/www.cgvacuum.com\/es\/wp-json\/wp\/v2\/application?post=281"},{"taxonomy":"product_brand","embeddable":true,"href":"https:\/\/www.cgvacuum.com\/es\/wp-json\/wp\/v2\/product_brand?post=281"},{"taxonomy":"product_cat","embeddable":true,"href":"https:\/\/www.cgvacuum.com\/es\/wp-json\/wp\/v2\/product_cat?post=281"},{"taxonomy":"product_tag","embeddable":true,"href":"https:\/\/www.cgvacuum.com\/es\/wp-json\/wp\/v2\/product_tag?post=281"}],"curies":[{"name":"wp","href":"https:\/\/api.w.org\/{rel}","templated":true}]}}