{"id":266,"date":"2025-11-26T13:09:46","date_gmt":"2025-11-26T13:09:46","guid":{"rendered":"https:\/\/www.cgvacuum.com\/?post_type=product&#038;p=266"},"modified":"2025-12-02T09:53:09","modified_gmt":"2025-12-02T09:53:09","slug":"electronics-pvd-coating-machine","status":"publish","type":"product","link":"https:\/\/www.cgvacuum.com\/es\/producto\/electronics-pvd-coating-machine\/","title":{"rendered":"Electr\u00f3nica PVD M\u00e1quina de recubrimiento Magnetr\u00f3n Sputtering Cromo M\u00e1quina de recubrimiento al vac\u00edo"},"content":{"rendered":"<h3 class=\"wp-block-heading\">Especificaciones de la m\u00e1quina de recubrimiento PVD para electr\u00f3nica:<\/h3>\n\n\n\n<figure class=\"wp-block-table\"><table class=\"has-fixed-layout\"><tbody><tr><td><strong>N\u00famero de modelo<\/strong><\/td><td><strong>Dimensi\u00f3n D*H (mm)<\/strong><\/td><td><strong>Vac\u00edo final (Pa)<\/strong><\/td><td><strong>Tiempo de bombeo (min)<\/strong><\/td><\/tr><tr><td>FC1214<\/td><td>1200 x 1400 mm<\/td><td>\uff1c8\u00d710\u207b\u2074<\/td><td>\uff1c5<\/td><\/tr><tr><td>FC1416<\/td><td>1400 x 1600 mm<\/td><td>\uff1c8\u00d710\u207b\u2074<\/td><td>\uff1c5<\/td><\/tr><tr><td>FC1618<\/td><td>1600 x 1800 mm<\/td><td>\uff1c8\u00d710\u207b\u2074<\/td><td>\uff1c5<\/td><\/tr><tr><td>FC1818<\/td><td>1800 x 1800 mm<\/td><td>\uff1c8\u00d710\u207b\u2074<\/td><td>\uff1c5<\/td><\/tr><tr><td>FC2018<\/td><td>2000*1800 mm<\/td><td>\uff1c8\u00d710\u207b\u2074<\/td><td>\uff1c5<\/td><\/tr><\/tbody><\/table><\/figure>\n\n\n\n<p><strong>*Las especificaciones del equipo se pueden personalizar seg\u00fan los requisitos del cliente.<\/strong><\/p>\n\n\n\n<div class=\"wp-block-columns is-layout-flex wp-container-core-columns-is-layout-9d6595d7 wp-block-columns-is-layout-flex\">\n<div class=\"wp-block-column is-layout-flow wp-block-column-is-layout-flow\"><div class=\"wp-block-image\">\n<figure class=\"aligncenter size-full\"><img decoding=\"async\" width=\"350\" height=\"350\" src=\"https:\/\/www.cgvacuum.com\/wp-content\/uploads\/2025\/11\/Electronics-Magnetron-Sputtering-Chrome-PVD-Coating-Machine-6.webp\" alt=\"M\u00e1quina de revestimiento PVD de cromo por pulverizaci\u00f3n cat\u00f3dica para electr\u00f3nica (6)\" class=\"wp-image-272\" srcset=\"https:\/\/www.cgvacuum.com\/wp-content\/uploads\/2025\/11\/Electronics-Magnetron-Sputtering-Chrome-PVD-Coating-Machine-6.webp 350w, https:\/\/www.cgvacuum.com\/wp-content\/uploads\/2025\/11\/Electronics-Magnetron-Sputtering-Chrome-PVD-Coating-Machine-6-300x300.webp 300w, https:\/\/www.cgvacuum.com\/wp-content\/uploads\/2025\/11\/Electronics-Magnetron-Sputtering-Chrome-PVD-Coating-Machine-6-150x150.webp 150w, https:\/\/www.cgvacuum.com\/wp-content\/uploads\/2025\/11\/Electronics-Magnetron-Sputtering-Chrome-PVD-Coating-Machine-6-100x100.webp 100w\" sizes=\"(max-width: 350px) 100vw, 350px\" \/><\/figure>\n<\/div><\/div>\n\n\n\n<div class=\"wp-block-column is-layout-flow wp-block-column-is-layout-flow\">\n<h3 class=\"wp-block-heading\">Caracter\u00edsticas de la m\u00e1quina de recubrimiento PVD para electr\u00f3nica:<\/h3>\n\n\n\n<p><strong>Tecnolog\u00eda de revestimiento ecol\u00f3gico<\/strong>mediante la tecnolog\u00eda de pulverizaci\u00f3n cat\u00f3dica por magnetr\u00f3n, la evaporaci\u00f3n de un blanco met\u00e1lico en el vac\u00edo, como el cromo, da lugar a la deposici\u00f3n de una fina pel\u00edcula uniforme y altamente adhesiva sobre la superficie del sustrato. El proceso no es contaminante y no tiene residuos qu\u00edmicos l\u00edquidos.<\/p>\n\n\n\n<p><strong>Revestimiento multifuncional<\/strong>: Soporta recubrimientos de PVD para el cromo y una variedad de metales, la realizaci\u00f3n de la decoraci\u00f3n, anti-corrosi\u00f3n, y resistencia al desgaste. El revestimiento es brillante y duradero, aplicable a piezas electr\u00f3nicas y accesorios de hardware.<\/p>\n\n\n\n<p><strong>Amplios escenarios de aplicaci\u00f3n<\/strong>: Puede recubrirse sobre diversos sustratos, incluidos pl\u00e1sticos, metales y cer\u00e1mica, satisfaciendo las necesidades de productos electr\u00f3nicos y piezas de precisi\u00f3n. Puede utilizarse en producciones piloto de lotes peque\u00f1os o en producciones industriales a gran escala.<\/p>\n\n\n\n<p><strong>Alta precisi\u00f3n y estabilidad:<\/strong> Equipada con un control autom\u00e1tico PLC y un sistema de supervisi\u00f3n del vac\u00edo, consigue un proceso de recubrimiento estable y eficaz. El grosor de la pel\u00edcula es controlable, lo que garantiza la uniformidad de los lotes.<\/p>\n\n\n\n<p><strong>Servicios de personalizaci\u00f3n disponibles<\/strong>: CGVAC puede ofrecer diferentes materiales de revestimiento, opciones de color y procesos de acuerdo con las diversas necesidades de los clientes. La orientaci\u00f3n para la instalaci\u00f3n, la puesta en marcha y el servicio posventa garantizan un funcionamiento estable a largo plazo.<\/p>\n<\/div>\n<\/div>","protected":false},"excerpt":{"rendered":"<p>La m\u00e1quina de recubrimiento PVD para electr\u00f3nica CGVAC con tecnolog\u00eda de recubrimiento de cromo por pulverizaci\u00f3n cat\u00f3dica de magnetr\u00f3n proporciona soluciones PVD precisas, duraderas y personalizables. Ofrecemos instalaci\u00f3n profesional, soporte t\u00e9cnico y servicio postventa. P\u00f3ngase en contacto con CGVAC hoy mismo para obtener su presupuesto.<\/p>\n<h2>Par\u00e1metros t\u00e9cnicos:<\/h2>\n<table style=\"border-collapse: collapse; width: 729.77pt;\" border=\"0\" width=\"973\" cellspacing=\"0\" cellpadding=\"0\">\n<tbody>\n<tr style=\"height: 16.50pt;\">\n<td class=\"et4\" style=\"height: 16.50pt; width: 152.20pt;\" width=\"202\" height=\"22\"><strong>Materiales<\/strong><\/td>\n<td class=\"et5\" style=\"width: 578.25pt;\" width=\"771\">Titanio (Ti), cromo (Cr), DLC \/ blancos de carbono, TiAl \/ TiSiN, sistemas de nitruro de cromo \/ nitruro de titanio<\/td>\n<\/tr>\n<tr style=\"height: 16.50pt;\">\n<td class=\"et4\" style=\"height: 16.50pt;\" height=\"22\"><strong>Gases industriales<\/strong><\/td>\n<td class=\"et5\"><span class=\"font1\">Arg\u00f3n (Ar), Nitr\u00f3geno (N<\/span><span class=\"font3\">\u2082<\/span><span class=\"font1\">), Ox\u00edgeno (O<\/span><span class=\"font3\">\u2082<\/span><span class=\"font1\">), C<\/span><span class=\"font3\">\u2082<\/span><span class=\"font1\">H<\/span><span class=\"font3\">\u2082<\/span><span class=\"font1\">\/CH<\/span><span class=\"font3\">\u2084<\/span><span class=\"font1\">, Mezclas de gases especiales<\/span><\/td>\n<\/tr>\n<tr style=\"height: 16.50pt;\">\n<td class=\"et4\" style=\"height: 16.50pt;\" height=\"22\"><strong>Tecnolog\u00eda de revestimiento<\/strong><\/td>\n<td class=\"et5\">Pulverizaci\u00f3n cat\u00f3dica por magnetr\u00f3n, arco i\u00f3nico, evaporaci\u00f3n por haz de electrones, CVD<\/td>\n<\/tr>\n<tr style=\"height: 16.50pt;\">\n<td class=\"et4\" style=\"height: 16.50pt;\" height=\"22\"><strong>Sistemas de recubrimiento<\/strong><\/td>\n<td class=\"et5\">\n<p><span class=\"font1\">DLC, TCO, l\u00e1minas antihuellas<br \/>Pel\u00edculas \u00f3pticas de ITO, SiO\u2082, TiO\u2082<br \/>Recubrimientos anticorrosivos, resistentes al desgaste y antirreflectantes.<\/span><\/p>\n<\/td>\n<\/tr>\n<tr style=\"height: 16.50pt;\">\n<td class=\"et4\" style=\"height: 16.50pt;\" height=\"22\"><strong>Componentes b\u00e1sicos<\/strong><\/td>\n<td class=\"et6\">Objetivo del arco, sistema de control, bomba<\/td>\n<\/tr>\n<tr style=\"height: 16.50pt;\">\n<td class=\"et4\" style=\"height: 16.50pt;\" height=\"22\"><strong>Aplicaci\u00f3n<\/strong><\/td>\n<td class=\"et5\">Electr\u00f3nica y \u00f3ptica, acero inoxidable, vidrio, pl\u00e1sticos, cer\u00e1mica<\/td>\n<\/tr>\n<tr style=\"height: 16.50pt;\">\n<td class=\"et4\" style=\"height: 16.50pt;\" height=\"22\"><strong>Personalizaci\u00f3n<\/strong><\/td>\n<td class=\"et6\">Tama\u00f1o, material de destino, color, dise\u00f1o de fijaci\u00f3n y plan de proceso personalizados<\/td>\n<\/tr>\n<tr style=\"height: 16.50pt;\">\n<td class=\"et4\" style=\"height: 16.50pt;\" height=\"22\"><strong>Servicio<\/strong><\/td>\n<td class=\"et6\">Informes de pruebas mec\u00e1nicas\/muestras, v\u00eddeo de inspecci\u00f3n de salida y orientaci\u00f3n t\u00e9cnica.<\/td>\n<\/tr>\n<\/tbody>\n<\/table>\n<p>&nbsp;<\/p>\n<p>&nbsp;<\/p>","protected":false},"featured_media":274,"comment_status":"closed","ping_status":"closed","template":"","meta":{"_acf_changed":false},"application":[23],"product_brand":[],"product_cat":[22],"product_tag":[],"class_list":{"0":"post-266","1":"product","2":"type-product","3":"status-publish","4":"has-post-thumbnail","6":"application-electronic-optical-vacuum-coating-machine","7":"product_cat-functional-pvd-coating-machine","9":"first","10":"instock","11":"shipping-taxable","12":"product-type-simple"},"acf":[],"_links":{"self":[{"href":"https:\/\/www.cgvacuum.com\/es\/wp-json\/wp\/v2\/product\/266","targetHints":{"allow":["GET"]}}],"collection":[{"href":"https:\/\/www.cgvacuum.com\/es\/wp-json\/wp\/v2\/product"}],"about":[{"href":"https:\/\/www.cgvacuum.com\/es\/wp-json\/wp\/v2\/types\/product"}],"replies":[{"embeddable":true,"href":"https:\/\/www.cgvacuum.com\/es\/wp-json\/wp\/v2\/comments?post=266"}],"wp:featuredmedia":[{"embeddable":true,"href":"https:\/\/www.cgvacuum.com\/es\/wp-json\/wp\/v2\/media\/274"}],"wp:attachment":[{"href":"https:\/\/www.cgvacuum.com\/es\/wp-json\/wp\/v2\/media?parent=266"}],"wp:term":[{"taxonomy":"application","embeddable":true,"href":"https:\/\/www.cgvacuum.com\/es\/wp-json\/wp\/v2\/application?post=266"},{"taxonomy":"product_brand","embeddable":true,"href":"https:\/\/www.cgvacuum.com\/es\/wp-json\/wp\/v2\/product_brand?post=266"},{"taxonomy":"product_cat","embeddable":true,"href":"https:\/\/www.cgvacuum.com\/es\/wp-json\/wp\/v2\/product_cat?post=266"},{"taxonomy":"product_tag","embeddable":true,"href":"https:\/\/www.cgvacuum.com\/es\/wp-json\/wp\/v2\/product_tag?post=266"}],"curies":[{"name":"wp","href":"https:\/\/api.w.org\/{rel}","templated":true}]}}