{"id":228,"date":"2025-11-19T08:14:10","date_gmt":"2025-11-19T08:14:10","guid":{"rendered":"https:\/\/www.cgvacuum.com\/?post_type=product&#038;p=228"},"modified":"2025-12-02T09:52:18","modified_gmt":"2025-12-02T09:52:18","slug":"magnetron-sputtering-vacuum-coating-machine-custom","status":"publish","type":"product","link":"https:\/\/www.cgvacuum.com\/es\/producto\/magnetron-sputtering-vacuum-coating-machine-custom\/","title":{"rendered":"M\u00e1quina de revestimiento al vac\u00edo por pulverizaci\u00f3n de magnetr\u00f3n, M\u00e1quina de revestimiento PVD para loza sanitaria"},"content":{"rendered":"<h3 class=\"wp-block-heading\">Especificaciones de la m\u00e1quina de revestimiento al vac\u00edo por pulverizaci\u00f3n cat\u00f3dica Magetron:<\/h3>\n\n\n\n<figure class=\"wp-block-table\"><table class=\"has-fixed-layout\"><tbody><tr><td><strong>N\u00famero de modelo<\/strong><\/td><td><strong>Dimensiones DxH (mm)<\/strong><\/td><td><strong>Vac\u00edo final (Pa)<\/strong><\/td><td><strong>Tiempo de bombeo (min)<\/strong><\/td><td><strong>Potencia de soplado (kW)<\/strong><\/td><td><strong>Potencia total (kW)<\/strong><\/td><\/tr><tr><td>CZ1214<\/td><td>1200 x 1400 mm<\/td><td>\u22648\u00d710-\u2074<\/td><td>\uff1c5<\/td><td>40<\/td><td>50<\/td><\/tr><tr><td>CZ1416<\/td><td>1400 x 1600 mm<\/td><td>\u22648\u00d710-\u2074<\/td><td>\uff1c5<\/td><td>60<\/td><td>60<\/td><\/tr><tr><td>CZ1618<\/td><td>1600 x 1800 mm<\/td><td>\u22648\u00d710-\u2074<\/td><td>\uff1c5<\/td><td>80<\/td><td>80<\/td><\/tr><tr><td>CZ1818<\/td><td>1800 x 1800 mm<\/td><td>\u22648\u00d710-\u2074<\/td><td>\uff1c5<\/td><td>160<\/td><td>110<\/td><\/tr><tr><td>CZ2018<\/td><td>2000*1800 mm<\/td><td>\u22648\u00d710-\u2074<\/td><td>\uff1c5<\/td><td>160<\/td><td>120<\/td><\/tr><\/tbody><\/table><\/figure>\n\n\n\n<p><strong>*Las especificaciones del equipo se pueden personalizar seg\u00fan los requisitos del cliente.<\/strong><\/p>\n\n\n\n<div class=\"wp-block-columns is-layout-flex wp-container-core-columns-is-layout-9d6595d7 wp-block-columns-is-layout-flex\">\n<div class=\"wp-block-column is-layout-flow wp-block-column-is-layout-flow\">\n<figure class=\"wp-block-image size-full\"><img decoding=\"async\" width=\"600\" height=\"600\" src=\"https:\/\/www.cgvacuum.com\/wp-content\/uploads\/2025\/11\/CGVAC-Magnetron-Sputtering-Vacuum-Coating-Machine-PVD-Coating-Machine-for-Sanitary-Ware-Glass-Electric-Component.webp\" alt=\"CGVAC Magnetron Sputtering Vacuum Coating Machine, PVD Coating Machine for Sanitary Ware Glass Electric Component\" class=\"wp-image-229\" srcset=\"https:\/\/www.cgvacuum.com\/wp-content\/uploads\/2025\/11\/CGVAC-Magnetron-Sputtering-Vacuum-Coating-Machine-PVD-Coating-Machine-for-Sanitary-Ware-Glass-Electric-Component.webp 600w, https:\/\/www.cgvacuum.com\/wp-content\/uploads\/2025\/11\/CGVAC-Magnetron-Sputtering-Vacuum-Coating-Machine-PVD-Coating-Machine-for-Sanitary-Ware-Glass-Electric-Component-300x300.webp 300w, https:\/\/www.cgvacuum.com\/wp-content\/uploads\/2025\/11\/CGVAC-Magnetron-Sputtering-Vacuum-Coating-Machine-PVD-Coating-Machine-for-Sanitary-Ware-Glass-Electric-Component-150x150.webp 150w, https:\/\/www.cgvacuum.com\/wp-content\/uploads\/2025\/11\/CGVAC-Magnetron-Sputtering-Vacuum-Coating-Machine-PVD-Coating-Machine-for-Sanitary-Ware-Glass-Electric-Component-100x100.webp 100w\" sizes=\"(max-width: 600px) 100vw, 600px\" \/><\/figure>\n<\/div>\n\n\n\n<div class=\"wp-block-column is-layout-flow wp-block-column-is-layout-flow\">\n<h3 class=\"wp-block-heading\">Caracter\u00edsticas de la m\u00e1quina de revestimiento al vac\u00edo por pulverizaci\u00f3n cat\u00f3dica Magetron:<\/h3>\n\n\n\n<p><strong>Tecnolog\u00eda avanzada de pulverizaci\u00f3n cat\u00f3dica por magnetr\u00f3n:<\/strong> El plasma de alta energ\u00eda expulsa los \u00e1tomos objetivo sobre el sustrato, formando revestimientos de alta densidad, altamente uniformes y fuertemente adhesivos con bajo impacto t\u00e9rmico, ideales para cer\u00e1mica, vidrio, metales y pl\u00e1sticos sensibles al calor.<\/p>\n\n\n\n<p><strong>Sistema de vac\u00edo estable y velocidad de bombeo r\u00e1pida<\/strong>: Alcanza \u22648\u00d710-\u2074 Pa con un tiempo de bombeo de \uff1c5 minutos, lo que garantiza un r\u00e1pido cambio de ciclo y una alta eficiencia de producci\u00f3n.<\/p>\n\n\n\n<p><strong>Compatibilidad de revestimientos multiindustria<\/strong>: Admite una amplia gama de sustratos, como cer\u00e1mica sanitaria, cristaler\u00eda, ferreter\u00eda, acero inoxidable, ABS, zinc y componentes electr\u00f3nicos, etc.<\/p>\n\n\n\n<p><strong>Amplias opciones de colores y efectos<\/strong>: Capaz de producir TiN oro, plata, oro rosa, negro, rojo hierro, arco iris, color AB, azul diamante, multicolor y m\u00e1s revestimientos decorativos y funcionales.<\/p>\n\n\n\n<p><strong>Sistema de automatizaci\u00f3n PLC fiable<\/strong>: Equipada con PLC de grado industrial, motores estables y grupos de bombas para ciclos de vac\u00edo automatizados, control de procesos consistente y resultados repetibles.<\/p>\n\n\n\n<p><strong>Fuerte productividad industrial<\/strong>: Los modelos proporcionan una capacidad de producci\u00f3n de 10-30 L\/h, adecuada para la fabricaci\u00f3n continua a gran escala.<\/p>\n\n\n\n<p><strong>Apoyo integral<\/strong>: CGVAC proporciona informes de pruebas de la m\u00e1quina, inspecci\u00f3n de salida por v\u00eddeo, asistencia t\u00e9cnica en l\u00ednea y optimizaci\u00f3n del proceso posterior a la instalaci\u00f3n para un funcionamiento estable a largo plazo.<\/p>\n<\/div>\n<\/div>","protected":false},"excerpt":{"rendered":"<p>Las m\u00e1quinas de recubrimiento por vac\u00edo para sputtering magnetr\u00f3nico CGVAC ofrecen una calidad superior de pel\u00edcula fina, ciclos de producci\u00f3n r\u00e1pidos y soluciones de recubrimiento totalmente personalizables para aplicaciones multisectoriales. P\u00f3ngase en contacto con nosotros para optimizar su producci\u00f3n.<\/p>\n<h2>Par\u00e1metros t\u00e9cnicos:<\/h2>\n<table width=\"973\">\n<tbody>\n<tr>\n<td width=\"202\"><strong>Materiales<\/strong><\/td>\n<td width=\"771\">Titanio (Ti), Cromo (Cr), Circonio (Zr), Acero inoxidable, ITO, FTO y otros<\/td>\n<\/tr>\n<tr>\n<td><strong>Gases industriales<\/strong><\/td>\n<td>Arg\u00f3n (Ar), Nitr\u00f3geno (N\u2082), Ox\u00edgeno (O\u2082), H\u2082 (Hidr\u00f3geno).<\/td>\n<\/tr>\n<tr>\n<td><strong>Tecnolog\u00eda de revestimiento<\/strong><\/td>\n<td>Recubrimiento por magnetr\u00f3n sputtering al vac\u00edo<\/td>\n<\/tr>\n<tr>\n<td><strong>Color del revestimiento<\/strong><\/td>\n<td>Oro, oro rosa, negro, plata, azul, champ\u00e1n, colores mate\/satinados y diferentes colores.<\/td>\n<\/tr>\n<tr>\n<td><strong>Pel\u00edculas funcionales y \u00f3pticas<\/strong><\/td>\n<td>ITO, SiO\u2082, TiO\u2082, Cr, Al, Ag, ITO\/Ag\/ITO, pel\u00edculas \u00f3pticas y electr\u00f3nicas<\/td>\n<\/tr>\n<tr>\n<td><strong>Componentes b\u00e1sicos<\/strong><\/td>\n<td>Objetivo del arco, sistema de control, bomba<\/td>\n<\/tr>\n<tr>\n<td><strong>Aplicaci\u00f3n<\/strong><\/td>\n<td>Acero inoxidable, electr\u00f3nica y \u00f3ptica, vidrio, interiores y componentes de autom\u00f3viles.<\/td>\n<\/tr>\n<tr>\n<td><strong>Personalizaci\u00f3n<\/strong><\/td>\n<td>Tama\u00f1o, material de destino, color, dise\u00f1o de fijaci\u00f3n y plan de proceso personalizados<\/td>\n<\/tr>\n<tr>\n<td><strong>Servicio<\/strong><\/td>\n<td>Informes de pruebas mec\u00e1nicas\/de muestras, inspecci\u00f3n de salida en v\u00eddeo y orientaci\u00f3n t\u00e9cnica.<\/td>\n<\/tr>\n<\/tbody>\n<\/table>\n<p>&nbsp;<\/p>","protected":false},"featured_media":253,"comment_status":"closed","ping_status":"closed","template":"","meta":{"_acf_changed":false},"application":[29],"product_brand":[],"product_cat":[20],"product_tag":[],"class_list":{"0":"post-228","1":"product","2":"type-product","3":"status-publish","4":"has-post-thumbnail","6":"application-sanitary-ware-pvd-coating-machine","7":"product_cat-magnetron-sputtering-vacuum-coating-machine","9":"first","10":"instock","11":"shipping-taxable","12":"product-type-simple"},"acf":[],"_links":{"self":[{"href":"https:\/\/www.cgvacuum.com\/es\/wp-json\/wp\/v2\/product\/228","targetHints":{"allow":["GET"]}}],"collection":[{"href":"https:\/\/www.cgvacuum.com\/es\/wp-json\/wp\/v2\/product"}],"about":[{"href":"https:\/\/www.cgvacuum.com\/es\/wp-json\/wp\/v2\/types\/product"}],"replies":[{"embeddable":true,"href":"https:\/\/www.cgvacuum.com\/es\/wp-json\/wp\/v2\/comments?post=228"}],"wp:featuredmedia":[{"embeddable":true,"href":"https:\/\/www.cgvacuum.com\/es\/wp-json\/wp\/v2\/media\/253"}],"wp:attachment":[{"href":"https:\/\/www.cgvacuum.com\/es\/wp-json\/wp\/v2\/media?parent=228"}],"wp:term":[{"taxonomy":"application","embeddable":true,"href":"https:\/\/www.cgvacuum.com\/es\/wp-json\/wp\/v2\/application?post=228"},{"taxonomy":"product_brand","embeddable":true,"href":"https:\/\/www.cgvacuum.com\/es\/wp-json\/wp\/v2\/product_brand?post=228"},{"taxonomy":"product_cat","embeddable":true,"href":"https:\/\/www.cgvacuum.com\/es\/wp-json\/wp\/v2\/product_cat?post=228"},{"taxonomy":"product_tag","embeddable":true,"href":"https:\/\/www.cgvacuum.com\/es\/wp-json\/wp\/v2\/product_tag?post=228"}],"curies":[{"name":"wp","href":"https:\/\/api.w.org\/{rel}","templated":true}]}}