{"id":206,"date":"2025-11-18T08:12:37","date_gmt":"2025-11-18T08:12:37","guid":{"rendered":"https:\/\/www.cgvacuum.com\/?post_type=product&#038;p=206"},"modified":"2025-12-02T09:52:48","modified_gmt":"2025-12-02T09:52:48","slug":"multi-arc-ion-vacuum-coating-machine-custom","status":"publish","type":"product","link":"https:\/\/www.cgvacuum.com\/es\/producto\/multi-arc-ion-vacuum-coating-machine-custom\/","title":{"rendered":"M\u00e1quina de recubrimiento al vac\u00edo con iones de arco m\u00faltiple, m\u00e1quina de recubrimiento PVD para art\u00edculos sanitarios para m\u00faltiples aplicaciones"},"content":{"rendered":"<h3 class=\"wp-block-heading\">Especificaciones de la m\u00e1quina de recubrimiento al vac\u00edo de iones de arco m\u00faltiple:<\/h3>\n\n\n\n<figure class=\"wp-block-table\"><table><tbody><tr><td><strong>N\u00famero de modelo<\/strong><\/td><td><strong>Dimensiones DxH (mm)<\/strong><\/td><td><strong>Vac\u00edo final (Pa)<\/strong><\/td><td><strong>Tiempo de bombeo (min)<\/strong>)<\/td><td><strong>Objetivos (PCS)<\/strong><\/td><td><strong>Potencia total (kW)<\/strong><\/td><\/tr><tr><td>DZ1214<\/td><td>1200 x 1400 mm<\/td><td>\u22648\u00d710-\u2074<\/td><td>\uff1c5<\/td><td>10<\/td><td>50<\/td><\/tr><tr><td>DZ1416<\/td><td>1400 x 1600 mm<\/td><td>\u22648\u00d710-\u2074<\/td><td>\uff1c5<\/td><td>14<\/td><td>60<\/td><\/tr><tr><td>DZ1618<\/td><td>1600 x 1800 mm<\/td><td>\u22648\u00d710-\u2074<\/td><td>\uff1c5<\/td><td>21<\/td><td>80<\/td><\/tr><tr><td>DZ1818<\/td><td>1800 x 1800 mm<\/td><td>\u22648\u00d710-\u2074<\/td><td>\uff1c5<\/td><td>28<\/td><td>110<\/td><\/tr><tr><td>DZ2118<\/td><td>2100 x 1800 mm<\/td><td>\u22648\u00d710-\u2074<\/td><td>\uff1c5<\/td><td>32<\/td><td>120<\/td><\/tr><\/tbody><\/table><\/figure>\n\n\n\n<p><strong>*Las especificaciones del equipo pueden personalizarse seg\u00fan los requisitos del cliente, altura o<br>La profundidad puede oscilar entre 600 mm y 10000 mm.<\/strong><\/p>\n\n\n\n<div class=\"wp-block-columns is-layout-flex wp-container-core-columns-is-layout-9d6595d7 wp-block-columns-is-layout-flex\">\n<div class=\"wp-block-column is-layout-flow wp-block-column-is-layout-flow\">\n<figure class=\"wp-block-image size-full\"><img decoding=\"async\" width=\"780\" height=\"780\" src=\"https:\/\/www.cgvacuum.com\/wp-content\/uploads\/2025\/11\/Multi-arc-Ion-Vacuum-Coating-Machine-1.webp\" alt=\"M\u00e1quina de revestimiento al vac\u00edo de iones multiarco (1)\" class=\"wp-image-203\" srcset=\"https:\/\/www.cgvacuum.com\/wp-content\/uploads\/2025\/11\/Multi-arc-Ion-Vacuum-Coating-Machine-1.webp 780w, https:\/\/www.cgvacuum.com\/wp-content\/uploads\/2025\/11\/Multi-arc-Ion-Vacuum-Coating-Machine-1-300x300.webp 300w, https:\/\/www.cgvacuum.com\/wp-content\/uploads\/2025\/11\/Multi-arc-Ion-Vacuum-Coating-Machine-1-150x150.webp 150w, https:\/\/www.cgvacuum.com\/wp-content\/uploads\/2025\/11\/Multi-arc-Ion-Vacuum-Coating-Machine-1-768x768.webp 768w, https:\/\/www.cgvacuum.com\/wp-content\/uploads\/2025\/11\/Multi-arc-Ion-Vacuum-Coating-Machine-1-600x600.webp 600w, https:\/\/www.cgvacuum.com\/wp-content\/uploads\/2025\/11\/Multi-arc-Ion-Vacuum-Coating-Machine-1-100x100.webp 100w\" sizes=\"(max-width: 780px) 100vw, 780px\" \/><\/figure>\n<\/div>\n\n\n\n<div class=\"wp-block-column is-layout-flow wp-block-column-is-layout-flow\">\n<h3 class=\"wp-block-heading\">Caracter\u00edsticas de la m\u00e1quina de recubrimiento al vac\u00edo de iones multiarco:<\/h3>\n\n\n\n<p><strong>Tecnolog\u00eda de revestimiento avanzada:<\/strong> Utiliza la tecnolog\u00eda de revestimiento al vac\u00edo multiarco, equipada con una bomba de difusi\u00f3n al vac\u00edo de desarrollo propio y un programa de revestimiento semiautom\u00e1tico, consiguiendo resultados de revestimiento PVD de alta eficiencia, estables y fiables.<\/p>\n\n\n\n<p><strong>M\u00faltiples aplicaciones:<\/strong> Adecuada para diversos sustratos, como acero inoxidable, aluminio, cer\u00e1mica, vidrio, joyer\u00eda y pl\u00e1sticos, satisface las necesidades de los sectores de la electr\u00f3nica, la decoraci\u00f3n, la industria y los bienes de consumo de gama alta.<\/p>\n\n\n\n<p><strong>Colores personalizables:<\/strong> Admite ajustes de varios colores de revestimiento y par\u00e1metros de proceso, incluidos los colores oro, plata y arco iris, lo que permite obtener efectos personalizados para satisfacer los requisitos espec\u00edficos de los clientes.<\/p>\n\n\n\n<p><strong>Servicio de asistencia a distancia:<\/strong> Proporciona servicios de asistencia t\u00e9cnica de v\u00eddeo en l\u00ednea para garantizar un funcionamiento estable y eficaz de los equipos y apoyar las necesidades de producci\u00f3n masiva B2B.<\/p>\n\n\n\n<p><strong>F\u00e1cil manejo:<\/strong> El n\u00facleo de control PLC garantiza un funcionamiento sencillo; el equipo se somete a una rigurosa inspecci\u00f3n de calidad y a un funcionamiento de prueba para garantizar una producci\u00f3n estable a largo plazo.<\/p>\n\n\n\n<p><strong>Respetuoso con el medio ambiente:<\/strong> El proceso de recubrimiento PVD multiarco no genera residuos l\u00edquidos, por lo que ahorra energ\u00eda y cumple los modernos requisitos de protecci\u00f3n medioambiental de la industria.<\/p>\n<\/div>\n<\/div>","protected":false},"excerpt":{"rendered":"<p>Las m\u00e1quinas de revestimiento al vac\u00edo multiarco CGVAC ofrecen revestimientos PVD duraderos y de alta eficacia para acero inoxidable, cer\u00e1mica, vidrio y otros materiales. Admiten m\u00faltiples sustratos y una personalizaci\u00f3n completa. Cons\u00faltenos ahora para optimizar su producci\u00f3n.<\/p>\n<h2>Par\u00e1metros t\u00e9cnicos:<\/h2>\n<table width=\"973\">\n<tbody>\n<tr>\n<td width=\"202\"><strong>Materiales<\/strong><\/td>\n<td width=\"771\">Titanio (Ti), cromo (Cr), circonio (Zr), TiAl, Ni, Cu, Al, Fe, etc.<\/td>\n<\/tr>\n<tr>\n<td><strong>Gases industriales<\/strong><\/td>\n<td>Arg\u00f3n (Ar), Nitr\u00f3geno (N\u2082), Acetileno (C\u2082H\u2082), Ox\u00edgeno (O\u2082).<\/td>\n<\/tr>\n<tr>\n<td><strong>Tecnolog\u00eda de revestimiento<\/strong><\/td>\n<td>Recubrimiento i\u00f3nico multiarco al vac\u00edo<\/td>\n<\/tr>\n<tr>\n<td><strong>Color del revestimiento<\/strong><\/td>\n<td>Plata titanio, oro, oro rosa, morado, azul zafiro, perla, \u00e1mbar, gris oscuro, negro cromado y multicolor.<\/td>\n<\/tr>\n<tr>\n<td><strong>Revestimientos funcionales<\/strong><\/td>\n<td>TiN, TiCN, CrN, ZrN, TiAlN, CrAlN, DLC y otros recubrimientos duros y resistentes al desgaste.<\/td>\n<\/tr>\n<tr>\n<td><strong>Componentes b\u00e1sicos<\/strong><\/td>\n<td>Objetivo del arco, sistema de control, bomba<\/td>\n<\/tr>\n<tr>\n<td><strong>Aplicaci\u00f3n<\/strong><\/td>\n<td>Acero inoxidable, metal, art\u00edculos sanitarios, vajillas de cer\u00e1mica, joyer\u00eda, vidrio, azulejos.<\/td>\n<\/tr>\n<tr>\n<td><strong>Personalizaci\u00f3n<\/strong><\/td>\n<td>Tama\u00f1o, material de destino, color, dise\u00f1o de fijaci\u00f3n y plan de proceso personalizados<\/td>\n<\/tr>\n<tr>\n<td><strong>Servicio<\/strong><\/td>\n<td>Informes de pruebas mec\u00e1nicas\/muestras, v\u00eddeo de inspecci\u00f3n de salida y orientaci\u00f3n t\u00e9cnica.<\/td>\n<\/tr>\n<\/tbody>\n<\/table>\n<p>&nbsp;<\/p>","protected":false},"featured_media":203,"comment_status":"closed","ping_status":"closed","template":"","meta":{"_acf_changed":true},"application":[29],"product_brand":[],"product_cat":[19],"product_tag":[],"class_list":{"0":"post-206","1":"product","2":"type-product","3":"status-publish","4":"has-post-thumbnail","6":"application-sanitary-ware-pvd-coating-machine","7":"product_cat-multi-arc-ion-vacuum-coating-machine","9":"first","10":"instock","11":"shipping-taxable","12":"product-type-simple"},"acf":[],"_links":{"self":[{"href":"https:\/\/www.cgvacuum.com\/es\/wp-json\/wp\/v2\/product\/206","targetHints":{"allow":["GET"]}}],"collection":[{"href":"https:\/\/www.cgvacuum.com\/es\/wp-json\/wp\/v2\/product"}],"about":[{"href":"https:\/\/www.cgvacuum.com\/es\/wp-json\/wp\/v2\/types\/product"}],"replies":[{"embeddable":true,"href":"https:\/\/www.cgvacuum.com\/es\/wp-json\/wp\/v2\/comments?post=206"}],"wp:featuredmedia":[{"embeddable":true,"href":"https:\/\/www.cgvacuum.com\/es\/wp-json\/wp\/v2\/media\/203"}],"wp:attachment":[{"href":"https:\/\/www.cgvacuum.com\/es\/wp-json\/wp\/v2\/media?parent=206"}],"wp:term":[{"taxonomy":"application","embeddable":true,"href":"https:\/\/www.cgvacuum.com\/es\/wp-json\/wp\/v2\/application?post=206"},{"taxonomy":"product_brand","embeddable":true,"href":"https:\/\/www.cgvacuum.com\/es\/wp-json\/wp\/v2\/product_brand?post=206"},{"taxonomy":"product_cat","embeddable":true,"href":"https:\/\/www.cgvacuum.com\/es\/wp-json\/wp\/v2\/product_cat?post=206"},{"taxonomy":"product_tag","embeddable":true,"href":"https:\/\/www.cgvacuum.com\/es\/wp-json\/wp\/v2\/product_tag?post=206"}],"curies":[{"name":"wp","href":"https:\/\/api.w.org\/{rel}","templated":true}]}}