{"id":1377,"date":"2026-03-17T01:25:03","date_gmt":"2026-03-17T01:25:03","guid":{"rendered":"https:\/\/www.cgvacuum.com\/?post_type=product&#038;p=1377"},"modified":"2026-03-17T01:42:32","modified_gmt":"2026-03-17T01:42:32","slug":"pvd-coating-machine-for-iron-hardware","status":"publish","type":"product","link":"https:\/\/www.cgvacuum.com\/es\/producto\/pvd-coating-machine-for-iron-hardware\/","title":{"rendered":"M\u00e1quina de recubrimiento PVD para recubrimiento de herrajes de hierro, m\u00e1quina de recubrimiento al vac\u00edo por evaporaci\u00f3n personalizada"},"content":{"rendered":"<h3 class=\"wp-block-heading\">Especificaciones de la m\u00e1quina de revestimiento PVD para herrajes de hierro :<\/h3>\n\n\n\n<figure class=\"wp-block-table\"><table class=\"has-fixed-layout\"><tbody><tr><td><strong>N\u00famero de modelo<\/strong><\/td><td><strong>Dimensiones DxH (mm)<\/strong><\/td><td><strong>Vac\u00edo final (Pa)<\/strong><\/td><td><strong>Tiempo de bombeo (min)<\/strong><\/td><td><strong>Potencia total (kW)<\/strong><\/td><\/tr><tr><td>ZZ1214<\/td><td>1200 x 1400 mm<\/td><td>\u22648\u00d710-\u2074<\/td><td>\uff1c5<\/td><td>35<\/td><\/tr><tr><td>ZZ1416<\/td><td>1400 x 1600 mm<\/td><td>\u22648\u00d710-\u2074<\/td><td>\uff1c5<\/td><td>65<\/td><\/tr><tr><td>ZZ1618<\/td><td>1600 x 1800 mm<\/td><td>\u22648\u00d710-\u2074<\/td><td>\uff1c5<\/td><td>75<\/td><\/tr><tr><td>ZZ1820<\/td><td>1800 x 2000 mm<\/td><td>\u22648\u00d710-\u2074<\/td><td>\uff1c5<\/td><td>90<\/td><\/tr><tr><td>ZZ2020<\/td><td>2000*2000 mm<\/td><td>\u22648\u00d710-\u2074<\/td><td>\uff1c5<\/td><td>105<\/td><\/tr><\/tbody><\/table><\/figure>\n\n\n\n<p><strong>*Las especificaciones del equipo se pueden personalizar seg\u00fan los requisitos del cliente.<\/strong><\/p>\n\n\n\n<div class=\"wp-block-columns is-layout-flex wp-container-core-columns-is-layout-9d6595d7 wp-block-columns-is-layout-flex\">\n<div class=\"wp-block-column is-layout-flow wp-block-column-is-layout-flow\">\n<figure class=\"wp-block-image size-full\"><img decoding=\"async\" width=\"760\" height=\"760\" src=\"https:\/\/www.cgvacuum.com\/wp-content\/uploads\/2026\/03\/PVD-Coating-Machine-for-Iron-Hardware-Coating-Evaporation-Vacuum-Coating-Machine-Custom.webp\" alt=\"M\u00e1quina de recubrimiento PVD para recubrimiento de herrajes de hierro, m\u00e1quina de recubrimiento al vac\u00edo por evaporaci\u00f3n personalizada\" class=\"wp-image-1378\" srcset=\"https:\/\/www.cgvacuum.com\/wp-content\/uploads\/2026\/03\/PVD-Coating-Machine-for-Iron-Hardware-Coating-Evaporation-Vacuum-Coating-Machine-Custom.webp 760w, https:\/\/www.cgvacuum.com\/wp-content\/uploads\/2026\/03\/PVD-Coating-Machine-for-Iron-Hardware-Coating-Evaporation-Vacuum-Coating-Machine-Custom-300x300.webp 300w, https:\/\/www.cgvacuum.com\/wp-content\/uploads\/2026\/03\/PVD-Coating-Machine-for-Iron-Hardware-Coating-Evaporation-Vacuum-Coating-Machine-Custom-150x150.webp 150w, https:\/\/www.cgvacuum.com\/wp-content\/uploads\/2026\/03\/PVD-Coating-Machine-for-Iron-Hardware-Coating-Evaporation-Vacuum-Coating-Machine-Custom-12x12.webp 12w, https:\/\/www.cgvacuum.com\/wp-content\/uploads\/2026\/03\/PVD-Coating-Machine-for-Iron-Hardware-Coating-Evaporation-Vacuum-Coating-Machine-Custom-600x600.webp 600w, https:\/\/www.cgvacuum.com\/wp-content\/uploads\/2026\/03\/PVD-Coating-Machine-for-Iron-Hardware-Coating-Evaporation-Vacuum-Coating-Machine-Custom-100x100.webp 100w\" sizes=\"(max-width: 760px) 100vw, 760px\" \/><\/figure>\n<\/div>\n\n\n\n<div class=\"wp-block-column is-layout-flow wp-block-column-is-layout-flow\">\n<h3 class=\"wp-block-heading\">Caracter\u00edsticas de la m\u00e1quina de revestimiento PVD para herrajes de hierro:<\/h3>\n\n\n\n<p><strong>Tecnolog\u00eda de revestimiento por evaporaci\u00f3n de alta eficacia<\/strong>: La evaporaci\u00f3n t\u00e9rmica avanzada proporciona una deposici\u00f3n de vapor met\u00e1lico estable y un revestimiento uniforme en componentes de hierro y acero.<\/p>\n\n\n\n<p><strong>Excelente adherencia sobre sustratos de hierro:<\/strong> Un entorno de vac\u00edo optimizado y un proceso de limpieza i\u00f3nica mejoran la adherencia del revestimiento, garantizando acabados duraderos y resistentes en herrajes de hierro.<\/p>\n\n\n\n<p><strong>Revestimientos decorativos y funcionales:<\/strong> Capaz de depositar revestimientos de TiN, ZrN, Cr y otros para conseguir colores decorativos como oro, negro, oro rosa y efectos arco iris, al tiempo que mejora la resistencia al desgaste y a la corrosi\u00f3n.<\/p>\n\n\n\n<p><strong>Acabado superficial uniforme y de alta calidad<\/strong>: El control preciso de la presi\u00f3n de vac\u00edo y de la velocidad de evaporaci\u00f3n garantiza un grosor constante del revestimiento y un aspecto liso de la superficie.<\/p>\n\n\n\n<p><strong>Amplia aplicaci\u00f3n para productos met\u00e1licos<\/strong>: Adecuado para herrajes, herrajes para muebles, tiradores de puertas, herramientas, piezas decorativas de autom\u00f3viles y otros componentes met\u00e1licos.<\/p>\n\n\n\n<p><strong>Dise\u00f1o estable del sistema de vac\u00edo<\/strong>: Equipada con un fiable sistema de bombeo de vac\u00edo y un avanzado sistema de control para garantizar un funcionamiento estable y una alta eficacia de recubrimiento.<\/p>\n\n\n\n<p><strong>Configuraci\u00f3n de equipos personalizable<\/strong>: El tama\u00f1o de la c\u00e1mara, las fuentes de evaporaci\u00f3n y el nivel de automatizaci\u00f3n pueden personalizarse en funci\u00f3n de la capacidad de producci\u00f3n y los requisitos de revestimiento.<\/p>\n<\/div>\n<\/div>","protected":false},"excerpt":{"rendered":"<p>La m\u00e1quina de revestimiento PVD para herrajes de hierro utiliza tecnolog\u00eda de evaporaci\u00f3n avanzada para crear revestimientos de alta calidad en componentes de hierro y acero, mejorando el aspecto, la adherencia y la resistencia a la corrosi\u00f3n. Disponemos de servicios ODM\/OEM. P\u00f3ngase en contacto con CGVAC para obtener soluciones personalizadas y precios.\u00a0<\/p>\n<h2>Par\u00e1metros t\u00e9cnicos:<\/h2>\n<table border=\"0\" width=\"973\" cellspacing=\"0\" cellpadding=\"0\">\n<tbody>\n<tr>\n<td width=\"202\" height=\"22\"><strong>Materiales<\/strong><\/td>\n<td width=\"771\">Alambre de Al, Cu, Ag, Cr (t\u00e9rmico), Metales decorativos<\/td>\n<\/tr>\n<tr>\n<td height=\"22\"><strong>Tecnolog\u00eda de revestimiento<\/strong><\/td>\n<td>Revestimiento al vac\u00edo por evaporaci\u00f3n<\/td>\n<\/tr>\n<tr>\n<td height=\"22\"><strong>Pel\u00edculas funcionales y \u00f3pticas<\/strong><\/td>\n<td>Principalmente para recubrimientos decorativos, se puede integrar con recubrimientos UV o capas pulverizadas.<\/td>\n<\/tr>\n<tr>\n<td height=\"22\"><strong>Componentes b\u00e1sicos<\/strong><\/td>\n<td>Objetivo del arco, sistema de control, bomba<\/td>\n<\/tr>\n<tr>\n<td height=\"22\"><strong>Aplicaci\u00f3n<\/strong><\/td>\n<td>Ferreter\u00eda de hierro, pl\u00e1sticos, cer\u00e1mica diaria, vidrio, joyer\u00eda y abalorios<\/td>\n<\/tr>\n<tr>\n<td height=\"22\"><strong>Personalizaci\u00f3n<\/strong><\/td>\n<td>Tama\u00f1o, material de destino, color, dise\u00f1o de fijaci\u00f3n y plan de proceso personalizados<\/td>\n<\/tr>\n<tr>\n<td height=\"22\"><strong>Servicio<\/strong><\/td>\n<td>Informes de pruebas mec\u00e1nicas\/muestras, v\u00eddeo de inspecci\u00f3n de salida y orientaci\u00f3n t\u00e9cnica.<\/td>\n<\/tr>\n<\/tbody>\n<\/table>\n<p>&nbsp;<\/p>","protected":false},"featured_media":1378,"comment_status":"closed","ping_status":"closed","template":"","meta":{"_acf_changed":true},"application":[],"product_brand":[],"product_cat":[21],"product_tag":[],"class_list":{"0":"post-1377","1":"product","2":"type-product","3":"status-publish","4":"has-post-thumbnail","6":"product_cat-evaporation-vacuum-coating-machine","8":"first","9":"instock","10":"shipping-taxable","11":"product-type-simple"},"acf":[],"_links":{"self":[{"href":"https:\/\/www.cgvacuum.com\/es\/wp-json\/wp\/v2\/product\/1377","targetHints":{"allow":["GET"]}}],"collection":[{"href":"https:\/\/www.cgvacuum.com\/es\/wp-json\/wp\/v2\/product"}],"about":[{"href":"https:\/\/www.cgvacuum.com\/es\/wp-json\/wp\/v2\/types\/product"}],"replies":[{"embeddable":true,"href":"https:\/\/www.cgvacuum.com\/es\/wp-json\/wp\/v2\/comments?post=1377"}],"wp:featuredmedia":[{"embeddable":true,"href":"https:\/\/www.cgvacuum.com\/es\/wp-json\/wp\/v2\/media\/1378"}],"wp:attachment":[{"href":"https:\/\/www.cgvacuum.com\/es\/wp-json\/wp\/v2\/media?parent=1377"}],"wp:term":[{"taxonomy":"application","embeddable":true,"href":"https:\/\/www.cgvacuum.com\/es\/wp-json\/wp\/v2\/application?post=1377"},{"taxonomy":"product_brand","embeddable":true,"href":"https:\/\/www.cgvacuum.com\/es\/wp-json\/wp\/v2\/product_brand?post=1377"},{"taxonomy":"product_cat","embeddable":true,"href":"https:\/\/www.cgvacuum.com\/es\/wp-json\/wp\/v2\/product_cat?post=1377"},{"taxonomy":"product_tag","embeddable":true,"href":"https:\/\/www.cgvacuum.com\/es\/wp-json\/wp\/v2\/product_tag?post=1377"}],"curies":[{"name":"wp","href":"https:\/\/api.w.org\/{rel}","templated":true}]}}