{"id":1327,"date":"2026-02-05T08:23:19","date_gmt":"2026-02-05T08:23:19","guid":{"rendered":"https:\/\/www.cgvacuum.com\/?post_type=product&#038;p=1327"},"modified":"2026-02-05T08:55:37","modified_gmt":"2026-02-05T08:55:37","slug":"pvd-coating-machine-for-furniture","status":"publish","type":"product","link":"https:\/\/www.cgvacuum.com\/es\/producto\/pvd-coating-machine-for-furniture\/","title":{"rendered":"M\u00e1quina de revestimiento PVD para muebles, M\u00e1quina de revestimiento al vac\u00edo de iones multiarco China"},"content":{"rendered":"<h3 class=\"wp-block-heading\">Especificaciones de la m\u00e1quina de revestimiento PVD para muebles:<\/h3>\n\n\n\n<figure class=\"wp-block-table\"><table><tbody><tr><td><strong>N\u00famero de modelo<\/strong><\/td><td><strong>Dimensiones DxH (mm)<\/strong><\/td><td><strong>Vac\u00edo final (Pa)<\/strong><\/td><td><strong>Tiempo de bombeo (min)<\/strong>)<\/td><td><strong>Objetivos (PCS)<\/strong><\/td><td><strong>Potencia total (kW)<\/strong><\/td><\/tr><tr><td>DZ1214<\/td><td>1200 x 1400 mm<\/td><td>\u22648\u00d710-\u2074<\/td><td>\uff1c5<\/td><td>10<\/td><td>50<\/td><\/tr><tr><td>DZ1416<\/td><td>1400 x 1600 mm<\/td><td>\u22648\u00d710-\u2074<\/td><td>\uff1c5<\/td><td>14<\/td><td>60<\/td><\/tr><tr><td>DZ1618<\/td><td>1600 x 1800 mm<\/td><td>\u22648\u00d710-\u2074<\/td><td>\uff1c5<\/td><td>21<\/td><td>80<\/td><\/tr><tr><td>DZ1818<\/td><td>1800 x 1800 mm<\/td><td>\u22648\u00d710-\u2074<\/td><td>\uff1c5<\/td><td>28<\/td><td>110<\/td><\/tr><tr><td>DZ2118<\/td><td>2100 x 1800 mm<\/td><td>\u22648\u00d710-\u2074<\/td><td>\uff1c5<\/td><td>32<\/td><td>120<\/td><\/tr><\/tbody><\/table><\/figure>\n\n\n\n<p><strong>*Las especificaciones del equipo se pueden personalizar seg\u00fan los requisitos del cliente. La altura o profundidad puede variar entre 600 mm y 10 000 mm.<\/strong><\/p>\n\n\n\n<div class=\"wp-block-columns is-layout-flex wp-container-core-columns-is-layout-9d6595d7 wp-block-columns-is-layout-flex\">\n<div class=\"wp-block-column is-layout-flow wp-block-column-is-layout-flow\">\n<figure class=\"wp-block-image size-full\"><img decoding=\"async\" width=\"800\" height=\"800\" src=\"https:\/\/www.cgvacuum.com\/wp-content\/uploads\/2026\/02\/pvd-coating-machine-for-furniture-multi-arc-ion-vacuum-coating-machine.webp\" alt=\"m\u00e1quina de recubrimiento pvd para muebles multi arco ion m\u00e1quina de recubrimiento al vac\u00edo\" class=\"wp-image-1326\" srcset=\"https:\/\/www.cgvacuum.com\/wp-content\/uploads\/2026\/02\/pvd-coating-machine-for-furniture-multi-arc-ion-vacuum-coating-machine.webp 800w, https:\/\/www.cgvacuum.com\/wp-content\/uploads\/2026\/02\/pvd-coating-machine-for-furniture-multi-arc-ion-vacuum-coating-machine-300x300.webp 300w, https:\/\/www.cgvacuum.com\/wp-content\/uploads\/2026\/02\/pvd-coating-machine-for-furniture-multi-arc-ion-vacuum-coating-machine-150x150.webp 150w, https:\/\/www.cgvacuum.com\/wp-content\/uploads\/2026\/02\/pvd-coating-machine-for-furniture-multi-arc-ion-vacuum-coating-machine-768x768.webp 768w, https:\/\/www.cgvacuum.com\/wp-content\/uploads\/2026\/02\/pvd-coating-machine-for-furniture-multi-arc-ion-vacuum-coating-machine-12x12.webp 12w, https:\/\/www.cgvacuum.com\/wp-content\/uploads\/2026\/02\/pvd-coating-machine-for-furniture-multi-arc-ion-vacuum-coating-machine-600x600.webp 600w, https:\/\/www.cgvacuum.com\/wp-content\/uploads\/2026\/02\/pvd-coating-machine-for-furniture-multi-arc-ion-vacuum-coating-machine-100x100.webp 100w\" sizes=\"(max-width: 800px) 100vw, 800px\" \/><\/figure>\n<\/div>\n\n\n\n<div class=\"wp-block-column is-layout-flow wp-block-column-is-layout-flow\">\n<h3 class=\"wp-block-heading\">Caracter\u00edsticas de la m\u00e1quina de recubrimiento PVD para muebles:<\/h3>\n\n\n\n<p><strong>Tecnolog\u00eda avanzada de PVD i\u00f3nico multiarco<\/strong>: Garantiza revestimientos uniformes y de gran adherencia, evitando la descamaci\u00f3n incluso en superficies de muebles de uso frecuente.<\/p>\n\n\n\n<p><strong>Resistente al desgaste y a la corrosi\u00f3n:<\/strong> Las pel\u00edculas de PVD proporcionan una excelente durabilidad y resistencia a la corrosi\u00f3n, prolongando la vida \u00fatil de las piezas de acero inoxidable, aluminio y muebles met\u00e1licos, al tiempo que reducen los costes de mantenimiento.<\/p>\n\n\n\n<p><strong>Colores vivos y atractivo decorativo:<\/strong> Admite una amplia gama de colores decorativos como el dorado, el negro y el champ\u00e1n, perfectos para dise\u00f1os de muebles modernos y para mejorar la est\u00e9tica y el valor del producto.<\/p>\n\n\n\n<p><strong>Proceso respetuoso con el medio ambiente:<\/strong> Revestimiento PVD totalmente al vac\u00edo sin aguas residuales qu\u00edmicas ni disolventes nocivos, conforme a las normas medioambientales internacionales.<\/p>\n\n\n\n<p><strong>Alta eficiencia para la producci\u00f3n en serie:<\/strong> Admite la producci\u00f3n automatizada por lotes, ideal para fabricantes de muebles que buscan una producci\u00f3n estable y eficaz y una reducci\u00f3n de costes.<\/p>\n\n\n\n<p><strong>Soluciones de m\u00e1quinas de PVD flexibles CGVAC: <\/strong>El equipo se puede personalizar seg\u00fan el tama\u00f1o, la forma, el material y la garant\u00eda de revestimiento de los muebles; los productos de revestimiento de muebles son adecuados para diversos muebles.<\/p>\n<\/div>\n<\/div>","protected":false},"excerpt":{"rendered":"<p data-start=\"2608\" data-end=\"2931\">M\u00e1quina de recubrimiento PVD i\u00f3nico multiarco de alta eficiencia CGVAC para muebles, que proporciona acabados resistentes al desgaste, resistentes a la corrosi\u00f3n y coloridos. Ecol\u00f3gica, escalable y personalizable. P\u00f3ngase en contacto con nosotros para obtener una soluci\u00f3n personalizada de m\u00e1quina de revestimiento al vac\u00edo.<\/p>\n<h2>Par\u00e1metros t\u00e9cnicos:<\/h2>\n<table width=\"973\">\n<tbody>\n<tr>\n<td width=\"202\"><strong>Materiales<\/strong><\/td>\n<td width=\"771\">Titanio (Ti), cromo (Cr), circonio (Zr), TiAl, Ni, Cu, Al, Fe, etc.<\/td>\n<\/tr>\n<tr>\n<td><strong>Gases industriales<\/strong><\/td>\n<td>Arg\u00f3n (Ar), Nitr\u00f3geno (N\u2082), Acetileno (C\u2082H\u2082), Ox\u00edgeno (O\u2082).<\/td>\n<\/tr>\n<tr>\n<td><strong>Tecnolog\u00eda de revestimiento<\/strong><\/td>\n<td>Recubrimiento i\u00f3nico multiarco al vac\u00edo<\/td>\n<\/tr>\n<tr>\n<td><strong>Color del revestimiento<\/strong><\/td>\n<td>Plata titanio, oro, oro rosa, morado, azul zafiro, perla, \u00e1mbar, gris oscuro, negro cromado y multicolor.<\/td>\n<\/tr>\n<tr>\n<td><strong>Revestimientos funcionales<\/strong><\/td>\n<td>TiN, TiCN, CrN, ZrN, TiAlN, CrAlN, DLC y otros recubrimientos duros y resistentes al desgaste.<\/td>\n<\/tr>\n<tr>\n<td><strong>Componentes b\u00e1sicos<\/strong><\/td>\n<td>Objetivo del arco, sistema de control, bomba<\/td>\n<\/tr>\n<tr>\n<td><strong>Aplicaci\u00f3n<\/strong><\/td>\n<td>Acero inoxidable, metal, art\u00edculos sanitarios, vajillas de cer\u00e1mica, joyer\u00eda, vidrio, azulejos.<\/td>\n<\/tr>\n<tr>\n<td><strong>Personalizaci\u00f3n<\/strong><\/td>\n<td>Tama\u00f1o, material de destino, color, dise\u00f1o de fijaci\u00f3n y plan de proceso personalizados<\/td>\n<\/tr>\n<tr>\n<td><strong>Servicio<\/strong><\/td>\n<td>Informes de pruebas mec\u00e1nicas\/muestras, v\u00eddeo de inspecci\u00f3n de salida y orientaci\u00f3n t\u00e9cnica.<\/td>\n<\/tr>\n<\/tbody>\n<\/table>\n<p>&nbsp;<\/p>","protected":false},"featured_media":1326,"comment_status":"closed","ping_status":"closed","template":"","meta":{"_acf_changed":true},"application":[26],"product_brand":[],"product_cat":[19],"product_tag":[],"class_list":{"0":"post-1327","1":"product","2":"type-product","3":"status-publish","4":"has-post-thumbnail","6":"application-stainless-steel-pvd-coating-machine","7":"product_cat-multi-arc-ion-vacuum-coating-machine","9":"first","10":"instock","11":"shipping-taxable","12":"product-type-simple"},"acf":[],"_links":{"self":[{"href":"https:\/\/www.cgvacuum.com\/es\/wp-json\/wp\/v2\/product\/1327","targetHints":{"allow":["GET"]}}],"collection":[{"href":"https:\/\/www.cgvacuum.com\/es\/wp-json\/wp\/v2\/product"}],"about":[{"href":"https:\/\/www.cgvacuum.com\/es\/wp-json\/wp\/v2\/types\/product"}],"replies":[{"embeddable":true,"href":"https:\/\/www.cgvacuum.com\/es\/wp-json\/wp\/v2\/comments?post=1327"}],"wp:featuredmedia":[{"embeddable":true,"href":"https:\/\/www.cgvacuum.com\/es\/wp-json\/wp\/v2\/media\/1326"}],"wp:attachment":[{"href":"https:\/\/www.cgvacuum.com\/es\/wp-json\/wp\/v2\/media?parent=1327"}],"wp:term":[{"taxonomy":"application","embeddable":true,"href":"https:\/\/www.cgvacuum.com\/es\/wp-json\/wp\/v2\/application?post=1327"},{"taxonomy":"product_brand","embeddable":true,"href":"https:\/\/www.cgvacuum.com\/es\/wp-json\/wp\/v2\/product_brand?post=1327"},{"taxonomy":"product_cat","embeddable":true,"href":"https:\/\/www.cgvacuum.com\/es\/wp-json\/wp\/v2\/product_cat?post=1327"},{"taxonomy":"product_tag","embeddable":true,"href":"https:\/\/www.cgvacuum.com\/es\/wp-json\/wp\/v2\/product_tag?post=1327"}],"curies":[{"name":"wp","href":"https:\/\/api.w.org\/{rel}","templated":true}]}}