{"id":1324,"date":"2026-02-05T07:23:30","date_gmt":"2026-02-05T07:23:30","guid":{"rendered":"https:\/\/www.cgvacuum.com\/?post_type=product&#038;p=1324"},"modified":"2026-02-05T08:22:44","modified_gmt":"2026-02-05T08:22:44","slug":"door-handle-pvd-coating-machine","status":"publish","type":"product","link":"https:\/\/www.cgvacuum.com\/es\/producto\/door-handle-pvd-coating-machine\/","title":{"rendered":"M\u00e1quina de recubrimiento PVD de manijas de puertas, M\u00e1quina de recubrimiento al vac\u00edo de iones multiarco para acero inoxidable"},"content":{"rendered":"<h3 class=\"wp-block-heading\">Especificaciones de la m\u00e1quina de recubrimiento PVD para manijas de puertas:<\/h3>\n\n\n\n<figure class=\"wp-block-table\"><table><tbody><tr><td><strong>N\u00famero de modelo<\/strong><\/td><td><strong>Dimensiones DxH (mm)<\/strong><\/td><td><strong>Vac\u00edo final (Pa)<\/strong><\/td><td><strong>Tiempo de bombeo (min)<\/strong>)<\/td><td><strong>Objetivos (PCS)<\/strong><\/td><td><strong>Potencia total (kW)<\/strong><\/td><\/tr><tr><td>DZ1214<\/td><td>1200 x 1400 mm<\/td><td>\u22648\u00d710-\u2074<\/td><td>\uff1c5<\/td><td>10<\/td><td>50<\/td><\/tr><tr><td>DZ1416<\/td><td>1400 x 1600 mm<\/td><td>\u22648\u00d710-\u2074<\/td><td>\uff1c5<\/td><td>14<\/td><td>60<\/td><\/tr><tr><td>DZ1618<\/td><td>1600 x 1800 mm<\/td><td>\u22648\u00d710-\u2074<\/td><td>\uff1c5<\/td><td>21<\/td><td>80<\/td><\/tr><tr><td>DZ1818<\/td><td>1800 x 1800 mm<\/td><td>\u22648\u00d710-\u2074<\/td><td>\uff1c5<\/td><td>28<\/td><td>110<\/td><\/tr><tr><td>DZ2118<\/td><td>2100 x 1800 mm<\/td><td>\u22648\u00d710-\u2074<\/td><td>\uff1c5<\/td><td>32<\/td><td>120<\/td><\/tr><\/tbody><\/table><\/figure>\n\n\n\n<p><strong>*Las especificaciones del equipo se pueden personalizar seg\u00fan los requisitos del cliente. La altura o profundidad puede variar entre 600 mm y 10 000 mm.<\/strong><\/p>\n\n\n\n<div class=\"wp-block-columns is-layout-flex wp-container-core-columns-is-layout-9d6595d7 wp-block-columns-is-layout-flex\">\n<div class=\"wp-block-column is-layout-flow wp-block-column-is-layout-flow\">\n<figure class=\"wp-block-image size-full\"><img decoding=\"async\" width=\"760\" height=\"760\" src=\"https:\/\/www.cgvacuum.com\/wp-content\/uploads\/2026\/02\/door-handle-pvd-coating-machine-multi-arc-ion-vacuum-coating-machine.webp\" alt=\"manija de la puerta m\u00e1quina de recubrimiento pvd multi-arco de iones m\u00e1quina de recubrimiento al vac\u00edo\" class=\"wp-image-1325\" srcset=\"https:\/\/www.cgvacuum.com\/wp-content\/uploads\/2026\/02\/door-handle-pvd-coating-machine-multi-arc-ion-vacuum-coating-machine.webp 760w, https:\/\/www.cgvacuum.com\/wp-content\/uploads\/2026\/02\/door-handle-pvd-coating-machine-multi-arc-ion-vacuum-coating-machine-300x300.webp 300w, https:\/\/www.cgvacuum.com\/wp-content\/uploads\/2026\/02\/door-handle-pvd-coating-machine-multi-arc-ion-vacuum-coating-machine-150x150.webp 150w, https:\/\/www.cgvacuum.com\/wp-content\/uploads\/2026\/02\/door-handle-pvd-coating-machine-multi-arc-ion-vacuum-coating-machine-12x12.webp 12w, https:\/\/www.cgvacuum.com\/wp-content\/uploads\/2026\/02\/door-handle-pvd-coating-machine-multi-arc-ion-vacuum-coating-machine-600x600.webp 600w, https:\/\/www.cgvacuum.com\/wp-content\/uploads\/2026\/02\/door-handle-pvd-coating-machine-multi-arc-ion-vacuum-coating-machine-100x100.webp 100w\" sizes=\"(max-width: 760px) 100vw, 760px\" \/><\/figure>\n<\/div>\n\n\n\n<div class=\"wp-block-column is-layout-flow wp-block-column-is-layout-flow\">\n<h3 class=\"wp-block-heading\">Caracter\u00edsticas de la m\u00e1quina de recubrimiento PVD para manijas de puertas:<\/h3>\n\n\n\n<p><strong>Compatible con m\u00faltiples calidades de acero inoxidable<\/strong>: Adecuado para manillas de acero inoxidable 304 y 316; el pretratamiento garantiza acabados decorativos de alta gama.<\/p>\n\n\n\n<p><strong>Recubrimientos de alta adherencia<\/strong>: Utiliza la tecnolog\u00eda PVD de iones multiarco para formar una pel\u00edcula funcional densa y uniforme sobre los tiradores de las puertas de acero inoxidable, mejorando la resistencia al desgaste y la protecci\u00f3n contra ara\u00f1azos.<\/p>\n\n\n\n<p><strong>Ricas opciones de color<\/strong>: Admite acabados en oro, oro champ\u00e1n, oro rosa, bronce de ca\u00f1\u00f3n, negro y arco iris para satisfacer diversos requisitos de dise\u00f1o.<\/p>\n\n\n\n<p><strong>Control preciso del proceso<\/strong>: La gesti\u00f3n avanzada de la alimentaci\u00f3n el\u00e9ctrica y del flujo de gas garantiza un espesor uniforme de la pel\u00edcula, un color estable y una gran uniformidad entre lotes.<\/p>\n\n\n\n<p><strong>Producci\u00f3n a gran escala<\/strong>: Los dispositivos giratorios multiestaci\u00f3n y las grandes c\u00e1maras de vac\u00edo permiten una producci\u00f3n continua por lotes, mejorando la eficacia y reduciendo el coste unitario.<\/p>\n\n\n\n<p><strong>Proceso respetuoso con el medio ambiente<\/strong>: El revestimiento al vac\u00edo no requiere soluciones qu\u00edmicas, no produce aguas residuales y no deja residuos nocivos, por lo que cumple plenamente las normas medioambientales internacionales.<\/p>\n\n\n\n<p><strong>F\u00e1cil de usar y de mantener<\/strong>: Sistema altamente automatizado con interfaz intuitiva, soporte de mantenimiento completo, que reduce la mano de obra y la complejidad operativa.<\/p>\n<\/div>\n<\/div>","protected":false},"excerpt":{"rendered":"<p data-start=\"2608\" data-end=\"2931\">Profesional <strong data-start=\"119\" data-end=\"154\">m\u00e1quina de revestimiento PVD de manillas<\/strong> con <strong data-start=\"160\" data-end=\"188\">tecnolog\u00eda de iones multiarco<\/strong> para una gran adherencia, resistencia al desgaste y a la corrosi\u00f3n, colores vivos y un funcionamiento ecol\u00f3gico y de alta eficacia. Ideal para la producci\u00f3n en serie. P\u00f3ngase en contacto con nosotros <strong data-start=\"360\" data-end=\"395\">soluci\u00f3n personalizada de recubrimiento PVD<\/strong>!<\/p>\n<h2>Par\u00e1metros t\u00e9cnicos:<\/h2>\n<table width=\"973\">\n<tbody>\n<tr>\n<td width=\"202\"><strong>Materiales<\/strong><\/td>\n<td width=\"771\">Titanio (Ti), cromo (Cr), circonio (Zr), TiAl, Ni, Cu, Al, Fe, etc.<\/td>\n<\/tr>\n<tr>\n<td><strong>Gases industriales<\/strong><\/td>\n<td>Arg\u00f3n (Ar), Nitr\u00f3geno (N\u2082), Acetileno (C\u2082H\u2082), Ox\u00edgeno (O\u2082).<\/td>\n<\/tr>\n<tr>\n<td><strong>Tecnolog\u00eda de revestimiento<\/strong><\/td>\n<td>Recubrimiento i\u00f3nico multiarco al vac\u00edo<\/td>\n<\/tr>\n<tr>\n<td><strong>Color del revestimiento<\/strong><\/td>\n<td>Plata titanio, oro, oro rosa, morado, azul zafiro, perla, \u00e1mbar, gris oscuro, negro cromado y multicolor.<\/td>\n<\/tr>\n<tr>\n<td><strong>Revestimientos funcionales<\/strong><\/td>\n<td>TiN, TiCN, CrN, ZrN, TiAlN, CrAlN, DLC y otros recubrimientos duros y resistentes al desgaste.<\/td>\n<\/tr>\n<tr>\n<td><strong>Componentes b\u00e1sicos<\/strong><\/td>\n<td>Objetivo del arco, sistema de control, bomba<\/td>\n<\/tr>\n<tr>\n<td><strong>Aplicaci\u00f3n<\/strong><\/td>\n<td>Acero inoxidable, metal, art\u00edculos sanitarios, vajillas de cer\u00e1mica, joyer\u00eda, vidrio, azulejos.<\/td>\n<\/tr>\n<tr>\n<td><strong>Personalizaci\u00f3n<\/strong><\/td>\n<td>Tama\u00f1o, material de destino, color, dise\u00f1o de fijaci\u00f3n y plan de proceso personalizados<\/td>\n<\/tr>\n<tr>\n<td><strong>Servicio<\/strong><\/td>\n<td>Informes de pruebas mec\u00e1nicas\/muestras, v\u00eddeo de inspecci\u00f3n de salida y orientaci\u00f3n t\u00e9cnica.<\/td>\n<\/tr>\n<\/tbody>\n<\/table>\n<p>&nbsp;<\/p>","protected":false},"featured_media":1325,"comment_status":"closed","ping_status":"closed","template":"","meta":{"_acf_changed":true},"application":[26],"product_brand":[],"product_cat":[19],"product_tag":[],"class_list":{"0":"post-1324","1":"product","2":"type-product","3":"status-publish","4":"has-post-thumbnail","6":"application-stainless-steel-pvd-coating-machine","7":"product_cat-multi-arc-ion-vacuum-coating-machine","9":"first","10":"instock","11":"shipping-taxable","12":"product-type-simple"},"acf":[],"_links":{"self":[{"href":"https:\/\/www.cgvacuum.com\/es\/wp-json\/wp\/v2\/product\/1324","targetHints":{"allow":["GET"]}}],"collection":[{"href":"https:\/\/www.cgvacuum.com\/es\/wp-json\/wp\/v2\/product"}],"about":[{"href":"https:\/\/www.cgvacuum.com\/es\/wp-json\/wp\/v2\/types\/product"}],"replies":[{"embeddable":true,"href":"https:\/\/www.cgvacuum.com\/es\/wp-json\/wp\/v2\/comments?post=1324"}],"wp:featuredmedia":[{"embeddable":true,"href":"https:\/\/www.cgvacuum.com\/es\/wp-json\/wp\/v2\/media\/1325"}],"wp:attachment":[{"href":"https:\/\/www.cgvacuum.com\/es\/wp-json\/wp\/v2\/media?parent=1324"}],"wp:term":[{"taxonomy":"application","embeddable":true,"href":"https:\/\/www.cgvacuum.com\/es\/wp-json\/wp\/v2\/application?post=1324"},{"taxonomy":"product_brand","embeddable":true,"href":"https:\/\/www.cgvacuum.com\/es\/wp-json\/wp\/v2\/product_brand?post=1324"},{"taxonomy":"product_cat","embeddable":true,"href":"https:\/\/www.cgvacuum.com\/es\/wp-json\/wp\/v2\/product_cat?post=1324"},{"taxonomy":"product_tag","embeddable":true,"href":"https:\/\/www.cgvacuum.com\/es\/wp-json\/wp\/v2\/product_tag?post=1324"}],"curies":[{"name":"wp","href":"https:\/\/api.w.org\/{rel}","templated":true}]}}