{"id":1296,"date":"2026-01-20T03:22:03","date_gmt":"2026-01-20T03:22:03","guid":{"rendered":"https:\/\/www.cgvacuum.com\/?post_type=product&#038;p=1296"},"modified":"2026-01-20T03:45:44","modified_gmt":"2026-01-20T03:45:44","slug":"ceramics-pvd-vacuum-coating-machine","status":"publish","type":"product","link":"https:\/\/www.cgvacuum.com\/es\/producto\/ceramics-pvd-vacuum-coating-machine\/","title":{"rendered":"M\u00e1quina de revestimiento al vac\u00edo PVD para cer\u00e1mica CGVAC para acabados cer\u00e1micos de calidad"},"content":{"rendered":"<h3 class=\"wp-block-heading\">Especificaciones de la m\u00e1quina de revestimiento al vac\u00edo PVD para cer\u00e1mica:<\/h3>\n\n\n\n<figure class=\"wp-block-table\"><table class=\"has-fixed-layout\"><tbody><tr><td><strong>N\u00famero de modelo<\/strong><\/td><td><strong>Dimensi\u00f3n D*H (mm)<\/strong><\/td><td><strong>Vac\u00edo final (Pa)<\/strong><\/td><td><strong>Tiempo de bombeo (min)<\/strong><\/td><\/tr><tr><td>FC1214<\/td><td>1200 x 1400 mm<\/td><td>\uff1c8\u00d710\u207b\u2074<\/td><td>\uff1c5<\/td><\/tr><tr><td>FC1416<\/td><td>1400 x 1600 mm<\/td><td>\uff1c8\u00d710\u207b\u2074<\/td><td>\uff1c5<\/td><\/tr><tr><td>FC1618<\/td><td>1600 x 1800 mm<\/td><td>\uff1c8\u00d710\u207b\u2074<\/td><td>\uff1c5<\/td><\/tr><tr><td>FC1818<\/td><td>1800 x 1800 mm<\/td><td>\uff1c8\u00d710\u207b\u2074<\/td><td>\uff1c5<\/td><\/tr><tr><td>FC2018<\/td><td>2000*1800 mm<\/td><td>\uff1c8\u00d710\u207b\u2074<\/td><td>\uff1c5<\/td><\/tr><\/tbody><\/table><\/figure>\n\n\n\n<p><strong>*Las especificaciones del equipo se pueden personalizar seg\u00fan los requisitos del cliente.<\/strong><\/p>\n\n\n\n<div class=\"wp-block-columns is-layout-flex wp-container-core-columns-is-layout-9d6595d7 wp-block-columns-is-layout-flex\">\n<div class=\"wp-block-column is-layout-flow wp-block-column-is-layout-flow\"><div class=\"wp-block-image\">\n<figure class=\"aligncenter size-full\"><img decoding=\"async\" width=\"350\" height=\"350\" src=\"https:\/\/www.cgvacuum.com\/wp-content\/uploads\/2026\/01\/Ceramics-PVD-Vacuum-Coating-Machine-Manufacturer-in-China-CGVAC.webp\" alt=\"Fabricante de m\u00e1quinas de revestimiento al vac\u00edo PVD para cer\u00e1mica en China CGVAC\" class=\"wp-image-1294\" srcset=\"https:\/\/www.cgvacuum.com\/wp-content\/uploads\/2026\/01\/Ceramics-PVD-Vacuum-Coating-Machine-Manufacturer-in-China-CGVAC.webp 350w, https:\/\/www.cgvacuum.com\/wp-content\/uploads\/2026\/01\/Ceramics-PVD-Vacuum-Coating-Machine-Manufacturer-in-China-CGVAC-300x300.webp 300w, https:\/\/www.cgvacuum.com\/wp-content\/uploads\/2026\/01\/Ceramics-PVD-Vacuum-Coating-Machine-Manufacturer-in-China-CGVAC-150x150.webp 150w, https:\/\/www.cgvacuum.com\/wp-content\/uploads\/2026\/01\/Ceramics-PVD-Vacuum-Coating-Machine-Manufacturer-in-China-CGVAC-12x12.webp 12w, https:\/\/www.cgvacuum.com\/wp-content\/uploads\/2026\/01\/Ceramics-PVD-Vacuum-Coating-Machine-Manufacturer-in-China-CGVAC-100x100.webp 100w\" sizes=\"(max-width: 350px) 100vw, 350px\" \/><\/figure>\n<\/div><\/div>\n\n\n\n<div class=\"wp-block-column is-layout-flow wp-block-column-is-layout-flow\">\n<h3 class=\"wp-block-heading\">Caracter\u00edsticas de la m\u00e1quina de revestimiento al vac\u00edo PVD para cer\u00e1mica:<\/h3>\n\n\n\n<p><strong>Versatilidad multiproceso: <\/strong>Admite el metalizado i\u00f3nico multiarco, el sputtering por magnetr\u00f3n y la evaporaci\u00f3n, lo que permite una selecci\u00f3n flexible de procesos de recubrimiento para diferentes tipos de cer\u00e1mica y efectos decorativos.<\/p>\n\n\n\n<p><strong>Acabados consistentes y vibrantes:<\/strong> Proporciona revestimientos met\u00e1licos o de color lisos, uniformes y vivos, garantizando un aspecto de alta calidad en formas complejas y grandes lotes.<\/p>\n\n\n\n<p><strong>Film duradero con fuerte adherencia:<\/strong> Los par\u00e1metros optimizados del proceso mejoran la adherencia a los sustratos cer\u00e1micos, proporcionando una protecci\u00f3n duradera contra la descamaci\u00f3n, los ara\u00f1azos y el desgaste diario.<\/p>\n\n\n\n<p><strong>Producci\u00f3n en serie de alta eficiencia<\/strong>: El dise\u00f1o multiestaci\u00f3n y la carga de alta capacidad aumentan el rendimiento, reducen el tiempo de ciclo y permiten una integraci\u00f3n perfecta con las l\u00edneas de producci\u00f3n de cer\u00e1mica existentes.<\/p>\n\n\n\n<p><strong>Amplias aplicaciones cer\u00e1micas: <\/strong>Adecuada para vajillas decorativas, cer\u00e1mica art\u00edstica, azulejos y componentes especiales. La plataforma es lo suficientemente vers\u00e1til como para manipular tanto cer\u00e1mica de uso cotidiano como productos decorativos de primera calidad.<\/p>\n<\/div>\n<\/div>","protected":false},"excerpt":{"rendered":"<p>La m\u00e1quina de revestimiento al vac\u00edo PVD para cer\u00e1mica CGVAC garantiza colores uniformes, pel\u00edculas duraderas y una producci\u00f3n en serie eficaz. Soluciones directas para el fabricante con accesorios personalizables.  Si necesita optimizar la producci\u00f3n de cer\u00e1mica, p\u00f3ngase en contacto con nosotros para obtener especificaciones.<\/p>\n<h2>Par\u00e1metros t\u00e9cnicos:<\/h2>\n<table style=\"border-collapse: collapse; width: 729.77pt;\" border=\"0\" width=\"973\" cellspacing=\"0\" cellpadding=\"0\">\n<tbody>\n<tr style=\"height: 16.50pt;\">\n<td class=\"et4\" style=\"height: 16.50pt; width: 152.20pt;\" width=\"202\" height=\"22\"><strong>Materiales<\/strong><\/td>\n<td class=\"et5\" style=\"width: 578.25pt;\" width=\"771\">Titanio (Ti), cromo (Cr), DLC \/ blancos de carbono, TiAl \/ TiSiN, sistemas de nitruro de cromo \/ nitruro de titanio<\/td>\n<\/tr>\n<tr style=\"height: 16.50pt;\">\n<td class=\"et4\" style=\"height: 16.50pt;\" height=\"22\"><strong>Gases industriales<\/strong><\/td>\n<td class=\"et5\"><span class=\"font1\">Arg\u00f3n (Ar), Nitr\u00f3geno (N<\/span><span class=\"font3\">\u2082<\/span><span class=\"font1\">), Ox\u00edgeno (O<\/span><span class=\"font3\">\u2082<\/span><span class=\"font1\">), C<\/span><span class=\"font3\">\u2082<\/span><span class=\"font1\">H<\/span><span class=\"font3\">\u2082<\/span><span class=\"font1\">\/CH<\/span><span class=\"font3\">\u2084<\/span><span class=\"font1\">, Mezclas de gases especiales<\/span><\/td>\n<\/tr>\n<tr style=\"height: 16.50pt;\">\n<td class=\"et4\" style=\"height: 16.50pt;\" height=\"22\"><strong>Tecnolog\u00eda de revestimiento<\/strong><\/td>\n<td class=\"et5\">Pulverizaci\u00f3n cat\u00f3dica por magnetr\u00f3n, arco i\u00f3nico, evaporaci\u00f3n por haz de electrones, CVD<\/td>\n<\/tr>\n<tr style=\"height: 16.50pt;\">\n<td class=\"et4\" style=\"height: 16.50pt;\" height=\"22\"><strong>Sistemas de recubrimiento<\/strong><\/td>\n<td class=\"et5\">\n<p><span class=\"font1\">DLC, TCO, l\u00e1minas antihuellas<br \/>Pel\u00edculas \u00f3pticas de ITO, SiO\u2082, TiO\u2082<br \/>Recubrimientos anticorrosivos, resistentes al desgaste y antirreflectantes.<\/span><\/p>\n<\/td>\n<\/tr>\n<tr style=\"height: 16.50pt;\">\n<td class=\"et4\" style=\"height: 16.50pt;\" height=\"22\"><strong>Componentes b\u00e1sicos<\/strong><\/td>\n<td class=\"et6\">Objetivo del arco, sistema de control, bomba<\/td>\n<\/tr>\n<tr style=\"height: 16.50pt;\">\n<td class=\"et4\" style=\"height: 16.50pt;\" height=\"22\"><strong>Aplicaci\u00f3n<\/strong><\/td>\n<td class=\"et5\">Electr\u00f3nica y \u00f3ptica, acero inoxidable, vidrio, pl\u00e1sticos, cer\u00e1mica<\/td>\n<\/tr>\n<tr style=\"height: 16.50pt;\">\n<td class=\"et4\" style=\"height: 16.50pt;\" height=\"22\"><strong>Personalizaci\u00f3n<\/strong><\/td>\n<td class=\"et6\">Tama\u00f1o, material de destino, color, dise\u00f1o de fijaci\u00f3n y plan de proceso personalizados<\/td>\n<\/tr>\n<tr style=\"height: 16.50pt;\">\n<td class=\"et4\" style=\"height: 16.50pt;\" height=\"22\"><strong>Servicio<\/strong><\/td>\n<td class=\"et6\">Informes de pruebas mec\u00e1nicas\/muestras, v\u00eddeo de inspecci\u00f3n de salida y orientaci\u00f3n t\u00e9cnica.<\/td>\n<\/tr>\n<\/tbody>\n<\/table>\n<p>&nbsp;<\/p>\n<p>&nbsp;<\/p>","protected":false},"featured_media":1294,"comment_status":"closed","ping_status":"closed","template":"","meta":{"_acf_changed":true},"application":[27],"product_brand":[],"product_cat":[22],"product_tag":[],"class_list":{"0":"post-1296","1":"product","2":"type-product","3":"status-publish","4":"has-post-thumbnail","6":"application-daily-ceramics-pvd-coating-machine","7":"product_cat-functional-pvd-coating-machine","9":"first","10":"instock","11":"shipping-taxable","12":"product-type-simple"},"acf":[],"_links":{"self":[{"href":"https:\/\/www.cgvacuum.com\/es\/wp-json\/wp\/v2\/product\/1296","targetHints":{"allow":["GET"]}}],"collection":[{"href":"https:\/\/www.cgvacuum.com\/es\/wp-json\/wp\/v2\/product"}],"about":[{"href":"https:\/\/www.cgvacuum.com\/es\/wp-json\/wp\/v2\/types\/product"}],"replies":[{"embeddable":true,"href":"https:\/\/www.cgvacuum.com\/es\/wp-json\/wp\/v2\/comments?post=1296"}],"wp:featuredmedia":[{"embeddable":true,"href":"https:\/\/www.cgvacuum.com\/es\/wp-json\/wp\/v2\/media\/1294"}],"wp:attachment":[{"href":"https:\/\/www.cgvacuum.com\/es\/wp-json\/wp\/v2\/media?parent=1296"}],"wp:term":[{"taxonomy":"application","embeddable":true,"href":"https:\/\/www.cgvacuum.com\/es\/wp-json\/wp\/v2\/application?post=1296"},{"taxonomy":"product_brand","embeddable":true,"href":"https:\/\/www.cgvacuum.com\/es\/wp-json\/wp\/v2\/product_brand?post=1296"},{"taxonomy":"product_cat","embeddable":true,"href":"https:\/\/www.cgvacuum.com\/es\/wp-json\/wp\/v2\/product_cat?post=1296"},{"taxonomy":"product_tag","embeddable":true,"href":"https:\/\/www.cgvacuum.com\/es\/wp-json\/wp\/v2\/product_tag?post=1296"}],"curies":[{"name":"wp","href":"https:\/\/api.w.org\/{rel}","templated":true}]}}