{"id":1267,"date":"2026-01-09T03:04:48","date_gmt":"2026-01-09T03:04:48","guid":{"rendered":"https:\/\/www.cgvacuum.com\/?post_type=product&#038;p=1267"},"modified":"2026-01-20T02:02:19","modified_gmt":"2026-01-20T02:02:19","slug":"functional-pvd-coating-machine-for-glass","status":"publish","type":"product","link":"https:\/\/www.cgvacuum.com\/es\/producto\/functional-pvd-coating-machine-for-glass\/","title":{"rendered":"M\u00e1quina de recubrimiento PVD funcional para vidrio, Fabricante de m\u00e1quina de recubrimiento al vac\u00edo en China"},"content":{"rendered":"<h3 class=\"wp-block-heading\">Especificaciones de la m\u00e1quina de revestimiento PVD funcional para vidrio:<\/h3>\n\n\n\n<figure class=\"wp-block-table\"><table class=\"has-fixed-layout\"><tbody><tr><td><strong>N\u00famero de modelo<\/strong><\/td><td><strong>Dimensi\u00f3n D*H (mm)<\/strong><\/td><td><strong>Vac\u00edo final (Pa)<\/strong><\/td><td><strong>Tiempo de bombeo (min)<\/strong><\/td><\/tr><tr><td>FC1214<\/td><td>1200 x 1400 mm<\/td><td>\uff1c8\u00d710\u207b\u2074<\/td><td>\uff1c5<\/td><\/tr><tr><td>FC1416<\/td><td>1400 x 1600 mm<\/td><td>\uff1c8\u00d710\u207b\u2074<\/td><td>\uff1c5<\/td><\/tr><tr><td>FC1618<\/td><td>1600 x 1800 mm<\/td><td>\uff1c8\u00d710\u207b\u2074<\/td><td>\uff1c5<\/td><\/tr><tr><td>FC1818<\/td><td>1800 x 1800 mm<\/td><td>\uff1c8\u00d710\u207b\u2074<\/td><td>\uff1c5<\/td><\/tr><tr><td>FC2018<\/td><td>2000*1800 mm<\/td><td>\uff1c8\u00d710\u207b\u2074<\/td><td>\uff1c5<\/td><\/tr><\/tbody><\/table><\/figure>\n\n\n\n<p><strong>*Las especificaciones del equipo se pueden personalizar seg\u00fan los requisitos del cliente.<\/strong><\/p>\n\n\n\n<div class=\"wp-block-columns is-layout-flex wp-container-core-columns-is-layout-9d6595d7 wp-block-columns-is-layout-flex\">\n<div class=\"wp-block-column is-layout-flow wp-block-column-is-layout-flow\"><div class=\"wp-block-image\">\n<figure class=\"aligncenter size-full\"><img decoding=\"async\" width=\"680\" height=\"312\" src=\"https:\/\/www.cgvacuum.com\/wp-content\/uploads\/2026\/01\/Functional-PVD-Coating-Machine-for-Glass.webp\" alt=\"M\u00e1quina de revestimiento PVD funcional para vidrio\" class=\"wp-image-1270\" srcset=\"https:\/\/www.cgvacuum.com\/wp-content\/uploads\/2026\/01\/Functional-PVD-Coating-Machine-for-Glass.webp 680w, https:\/\/www.cgvacuum.com\/wp-content\/uploads\/2026\/01\/Functional-PVD-Coating-Machine-for-Glass-300x138.webp 300w, https:\/\/www.cgvacuum.com\/wp-content\/uploads\/2026\/01\/Functional-PVD-Coating-Machine-for-Glass-18x8.webp 18w, https:\/\/www.cgvacuum.com\/wp-content\/uploads\/2026\/01\/Functional-PVD-Coating-Machine-for-Glass-600x275.webp 600w\" sizes=\"(max-width: 680px) 100vw, 680px\" \/><\/figure>\n<\/div><\/div>\n\n\n\n<div class=\"wp-block-column is-layout-flow wp-block-column-is-layout-flow\">\n<h3 class=\"wp-block-heading\">Caracter\u00edsticas de la m\u00e1quina de recubrimiento PVD funcional para vidrio:<\/h3>\n\n\n\n<p><strong>Integraci\u00f3n multitecnol\u00f3gica: <\/strong>El equipo admite la configuraci\u00f3n flexible de varias tecnolog\u00edas de revestimiento PVD, como el pulverizado con magnetr\u00f3n, la evaporaci\u00f3n por haz de electrones, el metalizado i\u00f3nico multiarco y los procesos de deposici\u00f3n de compuestos, lo que permite seleccionar la soluci\u00f3n \u00f3ptima en funci\u00f3n de las distintas aplicaciones del vidrio. Un solo sistema puede cubrir varias necesidades funcionales de recubrimiento, como pel\u00edculas Low-E, pel\u00edculas decorativas, pel\u00edculas AR, pel\u00edculas conductoras y pel\u00edculas antihuellas.<\/p>\n\n\n\n<p><strong>Proceso de revestimiento optimizado:<\/strong> Optimizado espec\u00edficamente para las caracter\u00edsticas del sustrato de vidrio, el sistema se centra en la uniformidad del plasma, la adherencia de la pel\u00edcula y el control de la tensi\u00f3n, garantizando capas de pel\u00edcula uniformes y estables en superficies de vidrio de gran superficie, reduciendo los riesgos de descascarillado, perforaciones y diferencias de color, y cumpliendo los requisitos de uso a largo plazo del vidrio arquitect\u00f3nico e industrial.<\/p>\n\n\n\n<p><strong>Capacidad de procesamiento de vidrio de gran tama\u00f1o: <\/strong>El equipo admite el recubrimiento de vidrio de gran superficie y la producci\u00f3n continua por lotes. El tama\u00f1o de la cavidad, la disposici\u00f3n del objetivo y los m\u00e9todos de transporte son personalizables, lo que equilibra un alto rendimiento con la consistencia de la pel\u00edcula, por lo que es adecuado para escenarios de fabricaci\u00f3n industrial de volumen medio a grande.<\/p>\n\n\n\n<p><strong>Sistema de vac\u00edo de alta estabilidad:<\/strong> Equipada con un sistema de vac\u00edo maduro y fiable y una plataforma de control automatizada, permite un ajuste preciso y una ejecuci\u00f3n repetible de los par\u00e1metros del proceso, garantizando un rendimiento constante de la pel\u00edcula en diferentes lotes y condiciones de funcionamiento. Esto proporciona una garant\u00eda fiable para la producci\u00f3n a gran escala de pel\u00edculas de vidrio funcionales.<\/p>\n\n\n\n<p><strong>Plataforma de compatibilidad multimaterial<\/strong>: Admite la deposici\u00f3n de metales de gran pureza, aleaciones, \u00f3xidos, nitruros y otros materiales diel\u00e9ctricos, lo que permite la integraci\u00f3n de m\u00faltiples funciones como la conductividad, el aislamiento t\u00e9rmico, la decoraci\u00f3n y la resistencia al desgaste, proporcionando un mayor valor a\u00f1adido a los productos de vidrio.<\/p>\n\n\n\n<p><strong>Suministro directo del fabricante: <\/strong>CGVAC, fabricante l\u00edder de m\u00e1quinas de recubrimiento PVD en China, ofrece soluciones a medida basadas en el tama\u00f1o del vidrio de los clientes, la planificaci\u00f3n de la capacidad de producci\u00f3n y los requisitos del sistema de pel\u00edcula, ayudando a los clientes a controlar eficazmente los costes de inversi\u00f3n al tiempo que garantiza el rendimiento y la fiabilidad del equipo.<\/p>\n<\/div>\n<\/div>","protected":false},"excerpt":{"rendered":"<p>La m\u00e1quina de recubrimiento PVD funcional CGVAC para vidrio proporciona recubrimientos multimaterial de alta uniformidad para vidrio arquitect\u00f3nico, industrial y decorativo, garantiza un control de espesor subnanom\u00e9trico, recubrimientos densos de baja p\u00e9rdida y una reproducibilidad estable lote a lote. Suministro directo de f\u00e1brica, p\u00f3ngase en contacto con nosotros para soluciones de revestimiento al vac\u00edo personalizadas.<\/p>\n<h2>Par\u00e1metros t\u00e9cnicos:<\/h2>\n<table style=\"border-collapse: collapse; width: 729.77pt;\" border=\"0\" width=\"973\" cellspacing=\"0\" cellpadding=\"0\">\n<tbody>\n<tr style=\"height: 16.50pt;\">\n<td class=\"et4\" style=\"height: 16.50pt; width: 152.20pt;\" width=\"202\" height=\"22\"><strong>Materiales<\/strong><\/td>\n<td class=\"et5\" style=\"width: 578.25pt;\" width=\"771\">Titanio (Ti), cromo (Cr), DLC \/ blancos de carbono, TiAl \/ TiSiN, sistemas de nitruro de cromo \/ nitruro de titanio<\/td>\n<\/tr>\n<tr style=\"height: 16.50pt;\">\n<td class=\"et4\" style=\"height: 16.50pt;\" height=\"22\"><strong>Gases industriales<\/strong><\/td>\n<td class=\"et5\"><span class=\"font1\">Arg\u00f3n (Ar), Nitr\u00f3geno (N<\/span><span class=\"font3\">\u2082<\/span><span class=\"font1\">), Ox\u00edgeno (O<\/span><span class=\"font3\">\u2082<\/span><span class=\"font1\">), C<\/span><span class=\"font3\">\u2082<\/span><span class=\"font1\">H<\/span><span class=\"font3\">\u2082<\/span><span class=\"font1\">\/CH<\/span><span class=\"font3\">\u2084<\/span><span class=\"font1\">, Mezclas de gases especiales<\/span><\/td>\n<\/tr>\n<tr style=\"height: 16.50pt;\">\n<td class=\"et4\" style=\"height: 16.50pt;\" height=\"22\"><strong>Tecnolog\u00eda de revestimiento<\/strong><\/td>\n<td class=\"et5\">Pulverizaci\u00f3n cat\u00f3dica por magnetr\u00f3n, arco i\u00f3nico, evaporaci\u00f3n por haz de electrones, CVD<\/td>\n<\/tr>\n<tr style=\"height: 16.50pt;\">\n<td class=\"et4\" style=\"height: 16.50pt;\" height=\"22\"><strong>Sistemas de recubrimiento<\/strong><\/td>\n<td class=\"et5\">\n<p><span class=\"font1\">DLC, TCO, l\u00e1minas antihuellas<br \/>Pel\u00edculas \u00f3pticas de ITO, SiO\u2082, TiO\u2082<br \/>Recubrimientos anticorrosivos, resistentes al desgaste y antirreflectantes.<\/span><\/p>\n<\/td>\n<\/tr>\n<tr style=\"height: 16.50pt;\">\n<td class=\"et4\" style=\"height: 16.50pt;\" height=\"22\"><strong>Componentes b\u00e1sicos<\/strong><\/td>\n<td class=\"et6\">Objetivo del arco, sistema de control, bomba<\/td>\n<\/tr>\n<tr style=\"height: 16.50pt;\">\n<td class=\"et4\" style=\"height: 16.50pt;\" height=\"22\"><strong>Aplicaci\u00f3n<\/strong><\/td>\n<td class=\"et5\">Electr\u00f3nica y \u00f3ptica, acero inoxidable, vidrio, pl\u00e1sticos, cer\u00e1mica<\/td>\n<\/tr>\n<tr style=\"height: 16.50pt;\">\n<td class=\"et4\" style=\"height: 16.50pt;\" height=\"22\"><strong>Personalizaci\u00f3n<\/strong><\/td>\n<td class=\"et6\">Tama\u00f1o, material de destino, color, dise\u00f1o de fijaci\u00f3n y plan de proceso personalizados<\/td>\n<\/tr>\n<tr style=\"height: 16.50pt;\">\n<td class=\"et4\" style=\"height: 16.50pt;\" height=\"22\"><strong>Servicio<\/strong><\/td>\n<td class=\"et6\">Informes de pruebas mec\u00e1nicas\/muestras, v\u00eddeo de inspecci\u00f3n de salida y orientaci\u00f3n t\u00e9cnica.<\/td>\n<\/tr>\n<\/tbody>\n<\/table>\n<p>&nbsp;<\/p>\n<p>&nbsp;<\/p>","protected":false},"featured_media":1284,"comment_status":"closed","ping_status":"closed","template":"","meta":{"_acf_changed":true},"application":[25],"product_brand":[],"product_cat":[22],"product_tag":[],"class_list":{"0":"post-1267","1":"product","2":"type-product","3":"status-publish","4":"has-post-thumbnail","6":"application-glass-pvd-coating-machine","7":"product_cat-functional-pvd-coating-machine","9":"first","10":"instock","11":"shipping-taxable","12":"product-type-simple"},"acf":[],"_links":{"self":[{"href":"https:\/\/www.cgvacuum.com\/es\/wp-json\/wp\/v2\/product\/1267","targetHints":{"allow":["GET"]}}],"collection":[{"href":"https:\/\/www.cgvacuum.com\/es\/wp-json\/wp\/v2\/product"}],"about":[{"href":"https:\/\/www.cgvacuum.com\/es\/wp-json\/wp\/v2\/types\/product"}],"replies":[{"embeddable":true,"href":"https:\/\/www.cgvacuum.com\/es\/wp-json\/wp\/v2\/comments?post=1267"}],"wp:featuredmedia":[{"embeddable":true,"href":"https:\/\/www.cgvacuum.com\/es\/wp-json\/wp\/v2\/media\/1284"}],"wp:attachment":[{"href":"https:\/\/www.cgvacuum.com\/es\/wp-json\/wp\/v2\/media?parent=1267"}],"wp:term":[{"taxonomy":"application","embeddable":true,"href":"https:\/\/www.cgvacuum.com\/es\/wp-json\/wp\/v2\/application?post=1267"},{"taxonomy":"product_brand","embeddable":true,"href":"https:\/\/www.cgvacuum.com\/es\/wp-json\/wp\/v2\/product_brand?post=1267"},{"taxonomy":"product_cat","embeddable":true,"href":"https:\/\/www.cgvacuum.com\/es\/wp-json\/wp\/v2\/product_cat?post=1267"},{"taxonomy":"product_tag","embeddable":true,"href":"https:\/\/www.cgvacuum.com\/es\/wp-json\/wp\/v2\/product_tag?post=1267"}],"curies":[{"name":"wp","href":"https:\/\/api.w.org\/{rel}","templated":true}]}}