{"id":1256,"date":"2025-12-30T08:27:19","date_gmt":"2025-12-30T08:27:19","guid":{"rendered":"https:\/\/www.cgvacuum.com\/?post_type=product&#038;p=1256"},"modified":"2025-12-30T09:14:33","modified_gmt":"2025-12-30T09:14:33","slug":"magnetron-sputtering-vacuum-coating-machine-for-jewelry-beads","status":"publish","type":"product","link":"https:\/\/www.cgvacuum.com\/es\/producto\/magnetron-sputtering-vacuum-coating-machine-for-jewelry-beads\/","title":{"rendered":"M\u00e1quina de recubrimiento al vac\u00edo por pulverizaci\u00f3n cat\u00f3dica con magnetr\u00f3n para cuentas de joyer\u00eda, m\u00e1quinas de recubrimiento PVD"},"content":{"rendered":"<h3 class=\"wp-block-heading\">Especificaciones de la m\u00e1quina de recubrimiento de vac\u00edo por pulverizaci\u00f3n de magnetr\u00f3n para cuentas de joyer\u00eda:<\/h3>\n\n\n\n<figure class=\"wp-block-table\"><table class=\"has-fixed-layout\"><tbody><tr><td><strong>N\u00famero de modelo<\/strong><\/td><td><strong>Dimensiones DxH (mm)<\/strong><\/td><td><strong>Vac\u00edo final (Pa)<\/strong><\/td><td><strong>Tiempo de bombeo (min)<\/strong><\/td><td><strong>Potencia de soplado (kW)<\/strong><\/td><td><strong>Potencia total (kW)<\/strong><\/td><\/tr><tr><td>CZ1214<\/td><td>1200 x 1400 mm<\/td><td>\u22648\u00d710-\u2074<\/td><td>\uff1c5<\/td><td>40<\/td><td>50<\/td><\/tr><tr><td>CZ1416<\/td><td>1400 x 1600 mm<\/td><td>\u22648\u00d710-\u2074<\/td><td>\uff1c5<\/td><td>60<\/td><td>60<\/td><\/tr><tr><td>CZ1618<\/td><td>1600 x 1800 mm<\/td><td>\u22648\u00d710-\u2074<\/td><td>\uff1c5<\/td><td>80<\/td><td>80<\/td><\/tr><tr><td>CZ1818<\/td><td>1800 x 1800 mm<\/td><td>\u22648\u00d710-\u2074<\/td><td>\uff1c5<\/td><td>160<\/td><td>110<\/td><\/tr><tr><td>CZ2018<\/td><td>2000*1800 mm<\/td><td>\u22648\u00d710-\u2074<\/td><td>\uff1c5<\/td><td>160<\/td><td>120<\/td><\/tr><\/tbody><\/table><\/figure>\n\n\n\n<p><strong>*Las especificaciones del equipo se pueden personalizar seg\u00fan los requisitos del cliente.<\/strong><\/p>\n\n\n\n<div class=\"wp-block-columns is-layout-flex wp-container-core-columns-is-layout-9d6595d7 wp-block-columns-is-layout-flex\">\n<div class=\"wp-block-column is-layout-flow wp-block-column-is-layout-flow\">\n<figure class=\"wp-block-image size-full\"><img decoding=\"async\" width=\"800\" height=\"800\" src=\"https:\/\/www.cgvacuum.com\/wp-content\/uploads\/2025\/12\/Magnetron-Sputtering-Vacuum-Coating-Machine-for-Jewelry-Beads.webp\" alt=\"M\u00e1quina de recubrimiento al vac\u00edo por pulverizaci\u00f3n cat\u00f3dica con magnetr\u00f3n para cuentas de joyer\u00eda\" class=\"wp-image-1252\" srcset=\"https:\/\/www.cgvacuum.com\/wp-content\/uploads\/2025\/12\/Magnetron-Sputtering-Vacuum-Coating-Machine-for-Jewelry-Beads.webp 800w, https:\/\/www.cgvacuum.com\/wp-content\/uploads\/2025\/12\/Magnetron-Sputtering-Vacuum-Coating-Machine-for-Jewelry-Beads-300x300.webp 300w, https:\/\/www.cgvacuum.com\/wp-content\/uploads\/2025\/12\/Magnetron-Sputtering-Vacuum-Coating-Machine-for-Jewelry-Beads-150x150.webp 150w, https:\/\/www.cgvacuum.com\/wp-content\/uploads\/2025\/12\/Magnetron-Sputtering-Vacuum-Coating-Machine-for-Jewelry-Beads-768x768.webp 768w, https:\/\/www.cgvacuum.com\/wp-content\/uploads\/2025\/12\/Magnetron-Sputtering-Vacuum-Coating-Machine-for-Jewelry-Beads-12x12.webp 12w, https:\/\/www.cgvacuum.com\/wp-content\/uploads\/2025\/12\/Magnetron-Sputtering-Vacuum-Coating-Machine-for-Jewelry-Beads-600x600.webp 600w, https:\/\/www.cgvacuum.com\/wp-content\/uploads\/2025\/12\/Magnetron-Sputtering-Vacuum-Coating-Machine-for-Jewelry-Beads-100x100.webp 100w\" sizes=\"(max-width: 800px) 100vw, 800px\" \/><\/figure>\n<\/div>\n\n\n\n<div class=\"wp-block-column is-layout-flow wp-block-column-is-layout-flow\">\n<h3 class=\"wp-block-heading\">Caracter\u00edsticas de la m\u00e1quina de recubrimiento al vac\u00edo por pulverizaci\u00f3n de magnetr\u00f3n para cuentas de joyer\u00eda:<\/h3>\n\n\n\n<p><strong>Tecnolog\u00eda de pulverizaci\u00f3n cat\u00f3dica por magnetr\u00f3n:<\/strong> En comparaci\u00f3n con la galvanoplastia tradicional o el PVD multiarco, el pulverizado por magnetr\u00f3n ofrece una mayor densidad de pel\u00edcula, un color m\u00e1s uniforme y una mayor adherencia, lo que permite una decoraci\u00f3n de alta precisi\u00f3n en formas complejas y cuentas peque\u00f1as, mejorando la calidad y el tacto de las joyas.<\/p>\n\n\n\n<p><strong>Compatibilidad multimaterial:<\/strong> el sistema puede manipular perlas de vidrio huecas, perlas de pl\u00e1stico s\u00f3lidas, perlas met\u00e1licas, etc., y se pueden obtener revestimientos de PVD de alta calidad sin cambiar el equipo para cada material.<\/p>\n\n\n\n<p><strong>Efectos de color intensos<\/strong>: Permite una gran variedad de efectos decorativos, como oro, plata, oro rosa, titanio negro, colores del arco iris y colores degradados, adem\u00e1s de producir acabados mates, brillantes o met\u00e1licos para satisfacer las necesidades creativas de dise\u00f1o.<\/p>\n\n\n\n<p><strong>Revestimiento fino de la superficie<\/strong>: El sputtering por magnetr\u00f3n garantiza una cobertura de revestimiento uniforme de 360\u00b0 en la superficie de la perla, lo que permite una decoraci\u00f3n met\u00e1lica impecable incluso en perlas peque\u00f1as.<\/p>\n\n\n\n<p><strong>Proceso a baja temperatura<\/strong>: La deposici\u00f3n a baja temperatura garantiza que los pl\u00e1sticos sensibles al calor o las perlas de vidrio no se deformen ni desti\u00f1an, manteniendo el brillo y la integridad estructural del material original.<\/p>\n\n\n\n<p><strong>Compatible con pedidos peque\u00f1os y grandes lotes<\/strong>: Soporta varios dise\u00f1os de fijaci\u00f3n y marco giratorio, realizando un recubrimiento altamente consistente desde la personalizaci\u00f3n personalizada hasta la producci\u00f3n en masa, adecuado para la fabricaci\u00f3n de abalorios de marca y la fabricaci\u00f3n al por mayor.<\/p>\n\n\n\n<p><strong>Tecnolog\u00eda PVD respetuosa con el medio ambiente<\/strong>: Proceso de revestimiento totalmente al vac\u00edo, sin cianuro ni residuos l\u00edquidos de metales pesados, conforme a las normas medioambientales internacionales (REACH, RoHS), seguro y ecol\u00f3gico.<\/p>\n\n\n\n<p><strong>Soluciones de proceso personalizables<\/strong>: CGVAC ofrece configuraciones de objetivos, estructuras de cavidades y esquemas de automatizaci\u00f3n a medida en funci\u00f3n del tama\u00f1o de las perlas, la cantidad y los criterios de dise\u00f1o, logrando un equilibrio entre el dise\u00f1o de joyas a medida de alta calidad y la fabricaci\u00f3n a gran escala.<\/p>\n<\/div>\n<\/div>","protected":false},"excerpt":{"rendered":"<p data-start=\"145\" data-end=\"355\">La m\u00e1quina de recubrimiento al vac\u00edo por pulverizaci\u00f3n cat\u00f3dica de magnetr\u00f3n para cuentas de joyer\u00eda ofrece recubrimientos PVD precisos y de alta adherencia en cuentas de vidrio, pl\u00e1stico y metal. CGVAC m\u00e1quina de recubrimiento PVD fabricante de suministros directos, ofrecemos soporte t\u00e9cnico, incluyendo la instalaci\u00f3n de v\u00eddeo en l\u00ednea, orientaci\u00f3n t\u00e9cnica a distancia. Bienvenido a explorar soluciones decorativas personalizadas con CGVAC.<\/p>\n<h2>Par\u00e1metros t\u00e9cnicos:<\/h2>\n<table width=\"973\">\n<tbody>\n<tr>\n<td width=\"202\"><strong>Materiales<\/strong><\/td>\n<td width=\"771\">Titanio (Ti), Cromo (Cr), Circonio (Zr), Acero inoxidable, ITO, FTO y otros<\/td>\n<\/tr>\n<tr>\n<td><strong>Gases industriales<\/strong><\/td>\n<td>Arg\u00f3n (Ar), Nitr\u00f3geno (N\u2082), Ox\u00edgeno (O\u2082), H\u2082 (Hidr\u00f3geno).<\/td>\n<\/tr>\n<tr>\n<td><strong>Tecnolog\u00eda de revestimiento<\/strong><\/td>\n<td>Recubrimiento por magnetr\u00f3n sputtering al vac\u00edo<\/td>\n<\/tr>\n<tr>\n<td><strong>Color del revestimiento<\/strong><\/td>\n<td>Oro, oro rosa, negro, plata, azul, champ\u00e1n, colores mate\/satinados y diferentes colores.<\/td>\n<\/tr>\n<tr>\n<td><strong>Pel\u00edculas funcionales y \u00f3pticas<\/strong><\/td>\n<td>ITO, SiO\u2082, TiO\u2082, Cr, Al, Ag, ITO\/Ag\/ITO, pel\u00edculas \u00f3pticas y electr\u00f3nicas<\/td>\n<\/tr>\n<tr>\n<td><strong>Componentes b\u00e1sicos<\/strong><\/td>\n<td>Objetivo del arco, sistema de control, bomba<\/td>\n<\/tr>\n<tr>\n<td><strong>Aplicaci\u00f3n<\/strong><\/td>\n<td>Acero inoxidable, electr\u00f3nica y \u00f3ptica, vidrio, interiores y componentes de autom\u00f3viles.<\/td>\n<\/tr>\n<tr>\n<td><strong>Personalizaci\u00f3n<\/strong><\/td>\n<td>Tama\u00f1o, material de destino, color, dise\u00f1o de fijaci\u00f3n y plan de proceso personalizados<\/td>\n<\/tr>\n<tr>\n<td><strong>Servicio<\/strong><\/td>\n<td>Informes de pruebas mec\u00e1nicas\/de muestras, inspecci\u00f3n de salida en v\u00eddeo y orientaci\u00f3n t\u00e9cnica.<\/td>\n<\/tr>\n<\/tbody>\n<\/table>\n<p>&nbsp;<\/p>","protected":false},"featured_media":1252,"comment_status":"closed","ping_status":"closed","template":"","meta":{"_acf_changed":true},"application":[28],"product_brand":[],"product_cat":[20],"product_tag":[],"class_list":{"0":"post-1256","1":"product","2":"type-product","3":"status-publish","4":"has-post-thumbnail","6":"application-jewelry-beads-pvd-coating-machine","7":"product_cat-magnetron-sputtering-vacuum-coating-machine","9":"first","10":"instock","11":"shipping-taxable","12":"product-type-simple"},"acf":[],"_links":{"self":[{"href":"https:\/\/www.cgvacuum.com\/es\/wp-json\/wp\/v2\/product\/1256","targetHints":{"allow":["GET"]}}],"collection":[{"href":"https:\/\/www.cgvacuum.com\/es\/wp-json\/wp\/v2\/product"}],"about":[{"href":"https:\/\/www.cgvacuum.com\/es\/wp-json\/wp\/v2\/types\/product"}],"replies":[{"embeddable":true,"href":"https:\/\/www.cgvacuum.com\/es\/wp-json\/wp\/v2\/comments?post=1256"}],"wp:featuredmedia":[{"embeddable":true,"href":"https:\/\/www.cgvacuum.com\/es\/wp-json\/wp\/v2\/media\/1252"}],"wp:attachment":[{"href":"https:\/\/www.cgvacuum.com\/es\/wp-json\/wp\/v2\/media?parent=1256"}],"wp:term":[{"taxonomy":"application","embeddable":true,"href":"https:\/\/www.cgvacuum.com\/es\/wp-json\/wp\/v2\/application?post=1256"},{"taxonomy":"product_brand","embeddable":true,"href":"https:\/\/www.cgvacuum.com\/es\/wp-json\/wp\/v2\/product_brand?post=1256"},{"taxonomy":"product_cat","embeddable":true,"href":"https:\/\/www.cgvacuum.com\/es\/wp-json\/wp\/v2\/product_cat?post=1256"},{"taxonomy":"product_tag","embeddable":true,"href":"https:\/\/www.cgvacuum.com\/es\/wp-json\/wp\/v2\/product_tag?post=1256"}],"curies":[{"name":"wp","href":"https:\/\/api.w.org\/{rel}","templated":true}]}}