{"id":1255,"date":"2025-12-30T08:00:54","date_gmt":"2025-12-30T08:00:54","guid":{"rendered":"https:\/\/www.cgvacuum.com\/?post_type=product&#038;p=1255"},"modified":"2025-12-30T08:26:07","modified_gmt":"2025-12-30T08:26:07","slug":"magnetron-sputtering-vacuum-coating-machine-for-ceramic-tableware","status":"publish","type":"product","link":"https:\/\/www.cgvacuum.com\/es\/producto\/magnetron-sputtering-vacuum-coating-machine-for-ceramic-tableware\/","title":{"rendered":"M\u00e1quina de recubrimiento al vac\u00edo por pulverizaci\u00f3n cat\u00f3dica con magnetr\u00f3n para vajillas de cer\u00e1mica, m\u00e1quina de recubrimiento PVD para cer\u00e1mica"},"content":{"rendered":"<h3 class=\"wp-block-heading\">Especificaciones de la m\u00e1quina de recubrimiento al vac\u00edo por pulverizaci\u00f3n cat\u00f3dica con magnetr\u00f3n para vajillas de cer\u00e1mica:<\/h3>\n\n\n\n<figure class=\"wp-block-table\"><table class=\"has-fixed-layout\"><tbody><tr><td><strong>N\u00famero de modelo<\/strong><\/td><td><strong>Dimensiones DxH (mm)<\/strong><\/td><td><strong>Vac\u00edo final (Pa)<\/strong><\/td><td><strong>Tiempo de bombeo (min)<\/strong><\/td><td><strong>Potencia de soplado (kW)<\/strong><\/td><td><strong>Potencia total (kW)<\/strong><\/td><\/tr><tr><td>CZ1214<\/td><td>1200 x 1400 mm<\/td><td>\u22648\u00d710-\u2074<\/td><td>\uff1c5<\/td><td>40<\/td><td>50<\/td><\/tr><tr><td>CZ1416<\/td><td>1400 x 1600 mm<\/td><td>\u22648\u00d710-\u2074<\/td><td>\uff1c5<\/td><td>60<\/td><td>60<\/td><\/tr><tr><td>CZ1618<\/td><td>1600 x 1800 mm<\/td><td>\u22648\u00d710-\u2074<\/td><td>\uff1c5<\/td><td>80<\/td><td>80<\/td><\/tr><tr><td>CZ1818<\/td><td>1800 x 1800 mm<\/td><td>\u22648\u00d710-\u2074<\/td><td>\uff1c5<\/td><td>160<\/td><td>110<\/td><\/tr><tr><td>CZ2018<\/td><td>2000*1800 mm<\/td><td>\u22648\u00d710-\u2074<\/td><td>\uff1c5<\/td><td>160<\/td><td>120<\/td><\/tr><\/tbody><\/table><\/figure>\n\n\n\n<p><strong>*Las especificaciones del equipo se pueden personalizar seg\u00fan los requisitos del cliente.<\/strong><\/p>\n\n\n\n<div class=\"wp-block-columns is-layout-flex wp-container-core-columns-is-layout-9d6595d7 wp-block-columns-is-layout-flex\">\n<div class=\"wp-block-column is-layout-flow wp-block-column-is-layout-flow\">\n<figure class=\"wp-block-image size-full\"><img decoding=\"async\" width=\"800\" height=\"800\" src=\"https:\/\/www.cgvacuum.com\/wp-content\/uploads\/2025\/12\/Magnetron-Sputtering-Vacuum-Coating-Machine-for-Ceramic-Tableware.webp\" alt=\"M\u00e1quina de recubrimiento al vac\u00edo por pulverizaci\u00f3n cat\u00f3dica con magnetr\u00f3n para vajillas de cer\u00e1mica\" class=\"wp-image-1254\" srcset=\"https:\/\/www.cgvacuum.com\/wp-content\/uploads\/2025\/12\/Magnetron-Sputtering-Vacuum-Coating-Machine-for-Ceramic-Tableware.webp 800w, https:\/\/www.cgvacuum.com\/wp-content\/uploads\/2025\/12\/Magnetron-Sputtering-Vacuum-Coating-Machine-for-Ceramic-Tableware-300x300.webp 300w, https:\/\/www.cgvacuum.com\/wp-content\/uploads\/2025\/12\/Magnetron-Sputtering-Vacuum-Coating-Machine-for-Ceramic-Tableware-150x150.webp 150w, https:\/\/www.cgvacuum.com\/wp-content\/uploads\/2025\/12\/Magnetron-Sputtering-Vacuum-Coating-Machine-for-Ceramic-Tableware-768x768.webp 768w, https:\/\/www.cgvacuum.com\/wp-content\/uploads\/2025\/12\/Magnetron-Sputtering-Vacuum-Coating-Machine-for-Ceramic-Tableware-12x12.webp 12w, https:\/\/www.cgvacuum.com\/wp-content\/uploads\/2025\/12\/Magnetron-Sputtering-Vacuum-Coating-Machine-for-Ceramic-Tableware-600x600.webp 600w, https:\/\/www.cgvacuum.com\/wp-content\/uploads\/2025\/12\/Magnetron-Sputtering-Vacuum-Coating-Machine-for-Ceramic-Tableware-100x100.webp 100w\" sizes=\"(max-width: 800px) 100vw, 800px\" \/><\/figure>\n<\/div>\n\n\n\n<div class=\"wp-block-column is-layout-flow wp-block-column-is-layout-flow\">\n<h3 class=\"wp-block-heading\">Caracter\u00edsticas de la m\u00e1quina de recubrimiento al vac\u00edo por pulverizaci\u00f3n cat\u00f3dica con magnetr\u00f3n para vajillas de cer\u00e1mica:<\/h3>\n\n\n\n<p><strong>Recubrimiento PVD de alta adhesi\u00f3n: <\/strong>El equipo de recubrimiento al vac\u00edo por pulverizaci\u00f3n cat\u00f3dica con magnetr\u00f3n CGVAC optimiza el proceso para sustratos cer\u00e1micos, logrando una fuerte adhesi\u00f3n entre la pel\u00edcula met\u00e1lica y la cer\u00e1mica esmaltada. El recubrimiento es estable y resistente al desprendimiento.<\/p>\n\n\n\n<p><strong>Efecto de recubrimiento uniforme y consistente:<\/strong> Mediante el uso de una estructura de pulverizaci\u00f3n cat\u00f3dica con magnetr\u00f3n multiobjetivo y una tecnolog\u00eda de control preciso del plasma, se garantiza que el espesor y el color del recubrimiento sean uniformes en toda la superficie y los bordes de la cer\u00e1mica. Se pueden conseguir efectos decorativos PVD de alta gama, como titanio negro, oro, oro rosa y gris metalizado, lo que mejora significativamente el valor a\u00f1adido del producto y el reconocimiento de la marca.<\/p>\n\n\n\n<p><strong>Proceso de recubrimiento a baja temperatura:<\/strong> El equipo es compatible con procesos de deposici\u00f3n a baja temperatura, lo que evita eficazmente los da\u00f1os causados por las altas temperaturas en el esmalte cer\u00e1mico, las calcoman\u00edas y las capas decorativas. Es especialmente adecuado para el tratamiento superficial de vajillas de cer\u00e1mica fina, cer\u00e1mica decorativa y productos personalizados de alta gama.<\/p>\n\n\n\n<p><strong>Sistema de control altamente automatizado:<\/strong> Un sistema de control inteligente integrado PLC + pantalla t\u00e1ctil permite visualizar los par\u00e1metros de recubrimiento y gestionar la repetibilidad del proceso, lo que reduce la intervenci\u00f3n humana, mejora la consistencia y el rendimiento del recubrimiento y reduce los costes de producci\u00f3n a largo plazo.<\/p>\n\n\n\n<p><strong>Adaptable a diversos productos cer\u00e1micos: <\/strong>El equipo CGVAC admite vajillas de cer\u00e1mica (platos, cuencos, tazas, piezas de borde, etc.) de diversos tama\u00f1os y formas. Con accesorios personalizados y dise\u00f1os de bastidores giratorios, permite el recubrimiento continuo por lotes, lo que lo hace adecuado para la producci\u00f3n a gran escala y el cumplimiento de pedidos.<\/p>\n\n\n\n<p><strong>Configuraci\u00f3n personalizable del equipo:<\/strong> CGVAC puede proporcionar dise\u00f1os personalizados para la configuraci\u00f3n del objetivo, el tama\u00f1o de la cavidad, el nivel de automatizaci\u00f3n y las soluciones de proceso en funci\u00f3n del tipo de producto cer\u00e1mico, los requisitos de capacidad de producci\u00f3n y el efecto del recubrimiento, satisfaciendo las diversas necesidades de la cer\u00e1mica de uso diario, la cer\u00e1mica sanitaria y la cer\u00e1mica decorativa de alta gama.<\/p>\n\n\n\n<p><strong>Soluci\u00f3n de metalizaci\u00f3n cer\u00e1mica respetuosa con el medio ambiente:<\/strong> El proceso PVD de pulverizaci\u00f3n cat\u00f3dica con magnetr\u00f3n no genera residuos l\u00edquidos de cianuro ni metales pesados, por lo que cumple con normativas medioambientales internacionales como REACH y RoHS. Esto ayuda a las empresas cer\u00e1micas a reducir los riesgos de incumplimiento de la normativa medioambiental y a cumplir los requisitos de fabricaci\u00f3n ecol\u00f3gica de los mercados de exportaci\u00f3n.<\/p>\n<\/div>\n<\/div>","protected":false},"excerpt":{"rendered":"<p>La m\u00e1quina de recubrimiento al vac\u00edo por pulverizaci\u00f3n cat\u00f3dica con magnetr\u00f3n para vajillas de cer\u00e1mica garantiza una metalizaci\u00f3n PVD uniforme y de alta adhesi\u00f3n sobre cer\u00e1mica. Ideal para recubrimientos decorativos de cer\u00e1mica. P\u00f3ngase en contacto con nosotros para obtener soluciones t\u00e9cnicas.<\/p>\n<h2>Par\u00e1metros t\u00e9cnicos:<\/h2>\n<table width=\"973\">\n<tbody>\n<tr>\n<td width=\"202\"><strong>Materiales<\/strong><\/td>\n<td width=\"771\">Titanio (Ti), Cromo (Cr), Circonio (Zr), Acero inoxidable, ITO, FTO y otros<\/td>\n<\/tr>\n<tr>\n<td><strong>Gases industriales<\/strong><\/td>\n<td>Arg\u00f3n (Ar), Nitr\u00f3geno (N\u2082), Ox\u00edgeno (O\u2082), H\u2082 (Hidr\u00f3geno).<\/td>\n<\/tr>\n<tr>\n<td><strong>Tecnolog\u00eda de revestimiento<\/strong><\/td>\n<td>Recubrimiento por magnetr\u00f3n sputtering al vac\u00edo<\/td>\n<\/tr>\n<tr>\n<td><strong>Color del revestimiento<\/strong><\/td>\n<td>Oro, oro rosa, negro, plata, azul, champ\u00e1n, colores mate\/satinados y diferentes colores.<\/td>\n<\/tr>\n<tr>\n<td><strong>Pel\u00edculas funcionales y \u00f3pticas<\/strong><\/td>\n<td>ITO, SiO\u2082, TiO\u2082, Cr, Al, Ag, ITO\/Ag\/ITO, pel\u00edculas \u00f3pticas y electr\u00f3nicas<\/td>\n<\/tr>\n<tr>\n<td><strong>Componentes b\u00e1sicos<\/strong><\/td>\n<td>Objetivo del arco, sistema de control, bomba<\/td>\n<\/tr>\n<tr>\n<td><strong>Aplicaci\u00f3n<\/strong><\/td>\n<td>Acero inoxidable, electr\u00f3nica y \u00f3ptica, vidrio, interiores y componentes de autom\u00f3viles.<\/td>\n<\/tr>\n<tr>\n<td><strong>Personalizaci\u00f3n<\/strong><\/td>\n<td>Tama\u00f1o, material de destino, color, dise\u00f1o de fijaci\u00f3n y plan de proceso personalizados<\/td>\n<\/tr>\n<tr>\n<td><strong>Servicio<\/strong><\/td>\n<td>Informes de pruebas mec\u00e1nicas\/de muestras, inspecci\u00f3n de salida en v\u00eddeo y orientaci\u00f3n t\u00e9cnica.<\/td>\n<\/tr>\n<\/tbody>\n<\/table>\n<p>&nbsp;<\/p>","protected":false},"featured_media":1254,"comment_status":"closed","ping_status":"closed","template":"","meta":{"_acf_changed":true},"application":[27],"product_brand":[],"product_cat":[20],"product_tag":[],"class_list":{"0":"post-1255","1":"product","2":"type-product","3":"status-publish","4":"has-post-thumbnail","6":"application-daily-ceramics-pvd-coating-machine","7":"product_cat-magnetron-sputtering-vacuum-coating-machine","9":"first","10":"instock","11":"shipping-taxable","12":"product-type-simple"},"acf":[],"_links":{"self":[{"href":"https:\/\/www.cgvacuum.com\/es\/wp-json\/wp\/v2\/product\/1255","targetHints":{"allow":["GET"]}}],"collection":[{"href":"https:\/\/www.cgvacuum.com\/es\/wp-json\/wp\/v2\/product"}],"about":[{"href":"https:\/\/www.cgvacuum.com\/es\/wp-json\/wp\/v2\/types\/product"}],"replies":[{"embeddable":true,"href":"https:\/\/www.cgvacuum.com\/es\/wp-json\/wp\/v2\/comments?post=1255"}],"wp:featuredmedia":[{"embeddable":true,"href":"https:\/\/www.cgvacuum.com\/es\/wp-json\/wp\/v2\/media\/1254"}],"wp:attachment":[{"href":"https:\/\/www.cgvacuum.com\/es\/wp-json\/wp\/v2\/media?parent=1255"}],"wp:term":[{"taxonomy":"application","embeddable":true,"href":"https:\/\/www.cgvacuum.com\/es\/wp-json\/wp\/v2\/application?post=1255"},{"taxonomy":"product_brand","embeddable":true,"href":"https:\/\/www.cgvacuum.com\/es\/wp-json\/wp\/v2\/product_brand?post=1255"},{"taxonomy":"product_cat","embeddable":true,"href":"https:\/\/www.cgvacuum.com\/es\/wp-json\/wp\/v2\/product_cat?post=1255"},{"taxonomy":"product_tag","embeddable":true,"href":"https:\/\/www.cgvacuum.com\/es\/wp-json\/wp\/v2\/product_tag?post=1255"}],"curies":[{"name":"wp","href":"https:\/\/api.w.org\/{rel}","templated":true}]}}