{"id":1251,"date":"2025-12-29T09:35:24","date_gmt":"2025-12-29T09:35:24","guid":{"rendered":"https:\/\/www.cgvacuum.com\/?post_type=product&#038;p=1251"},"modified":"2025-12-29T09:58:32","modified_gmt":"2025-12-29T09:58:32","slug":"magnetron-sputtering-vacuum-coating-machine-for-plastic","status":"publish","type":"product","link":"https:\/\/www.cgvacuum.com\/es\/producto\/magnetron-sputtering-vacuum-coating-machine-for-plastic\/","title":{"rendered":"M\u00e1quina de recubrimiento al vac\u00edo por pulverizaci\u00f3n cat\u00f3dica con magnetr\u00f3n para pl\u00e1stico, m\u00e1quina de recubrimiento PVD China"},"content":{"rendered":"<h3 class=\"wp-block-heading\">Especificaciones de la m\u00e1quina de recubrimiento de vac\u00edo por pulverizaci\u00f3n de magnetr\u00f3n para pl\u00e1stico:<\/h3>\n\n\n\n<figure class=\"wp-block-table\"><table class=\"has-fixed-layout\"><tbody><tr><td><strong>N\u00famero de modelo<\/strong><\/td><td><strong>Dimensiones DxH (mm)<\/strong><\/td><td><strong>Vac\u00edo final (Pa)<\/strong><\/td><td><strong>Tiempo de bombeo (min)<\/strong><\/td><td><strong>Potencia de soplado (kW)<\/strong><\/td><td><strong>Potencia total (kW)<\/strong><\/td><\/tr><tr><td>CZ1214<\/td><td>1200 x 1400 mm<\/td><td>\u22648\u00d710-\u2074<\/td><td>\uff1c5<\/td><td>40<\/td><td>50<\/td><\/tr><tr><td>CZ1416<\/td><td>1400 x 1600 mm<\/td><td>\u22648\u00d710-\u2074<\/td><td>\uff1c5<\/td><td>60<\/td><td>60<\/td><\/tr><tr><td>CZ1618<\/td><td>1600 x 1800 mm<\/td><td>\u22648\u00d710-\u2074<\/td><td>\uff1c5<\/td><td>80<\/td><td>80<\/td><\/tr><tr><td>CZ1818<\/td><td>1800 x 1800 mm<\/td><td>\u22648\u00d710-\u2074<\/td><td>\uff1c5<\/td><td>160<\/td><td>110<\/td><\/tr><tr><td>CZ2018<\/td><td>2000*1800 mm<\/td><td>\u22648\u00d710-\u2074<\/td><td>\uff1c5<\/td><td>160<\/td><td>120<\/td><\/tr><\/tbody><\/table><\/figure>\n\n\n\n<p><strong>*Las especificaciones del equipo se pueden personalizar seg\u00fan los requisitos del cliente.<\/strong><\/p>\n\n\n\n<div class=\"wp-block-columns is-layout-flex wp-container-core-columns-is-layout-9d6595d7 wp-block-columns-is-layout-flex\">\n<div class=\"wp-block-column is-layout-flow wp-block-column-is-layout-flow\">\n<figure class=\"wp-block-image size-full\"><img decoding=\"async\" width=\"800\" height=\"800\" src=\"https:\/\/www.cgvacuum.com\/wp-content\/uploads\/2025\/12\/Magnetron-Sputtering-Vacuum-Coating-Machine-for-Plastic.webp\" alt=\"M\u00e1quina de recubrimiento al vac\u00edo por pulverizaci\u00f3n cat\u00f3dica con magnetr\u00f3n para pl\u00e1stico\" class=\"wp-image-1253\" srcset=\"https:\/\/www.cgvacuum.com\/wp-content\/uploads\/2025\/12\/Magnetron-Sputtering-Vacuum-Coating-Machine-for-Plastic.webp 800w, https:\/\/www.cgvacuum.com\/wp-content\/uploads\/2025\/12\/Magnetron-Sputtering-Vacuum-Coating-Machine-for-Plastic-300x300.webp 300w, https:\/\/www.cgvacuum.com\/wp-content\/uploads\/2025\/12\/Magnetron-Sputtering-Vacuum-Coating-Machine-for-Plastic-150x150.webp 150w, https:\/\/www.cgvacuum.com\/wp-content\/uploads\/2025\/12\/Magnetron-Sputtering-Vacuum-Coating-Machine-for-Plastic-768x768.webp 768w, https:\/\/www.cgvacuum.com\/wp-content\/uploads\/2025\/12\/Magnetron-Sputtering-Vacuum-Coating-Machine-for-Plastic-12x12.webp 12w, https:\/\/www.cgvacuum.com\/wp-content\/uploads\/2025\/12\/Magnetron-Sputtering-Vacuum-Coating-Machine-for-Plastic-600x600.webp 600w, https:\/\/www.cgvacuum.com\/wp-content\/uploads\/2025\/12\/Magnetron-Sputtering-Vacuum-Coating-Machine-for-Plastic-100x100.webp 100w\" sizes=\"(max-width: 800px) 100vw, 800px\" \/><\/figure>\n<\/div>\n\n\n\n<div class=\"wp-block-column is-layout-flow wp-block-column-is-layout-flow\">\n<h3 class=\"wp-block-heading\">Caracter\u00edsticas de la m\u00e1quina de revestimiento al vac\u00edo por pulverizaci\u00f3n cat\u00f3dica de magnetr\u00f3n para pl\u00e1sticos:<\/h3>\n\n\n\n<p><strong>Tecnolog\u00eda avanzada de pulverizaci\u00f3n cat\u00f3dica por magnetr\u00f3n:<\/strong> Utilizando el principio de pulverizaci\u00f3n cat\u00f3dica por magnetr\u00f3n, genera plasma de forma eficaz, mejorando la utilizaci\u00f3n del objetivo y garantizando una excelente uniformidad de la pel\u00edcula, lo que da como resultado un revestimiento de PVD de alta adherencia, estable y resistente al desgaste en superficies de pl\u00e1stico.<\/p>\n\n\n\n<p><strong>Servicio especializado de revestimiento de pl\u00e1sticos:<\/strong> Las pel\u00edculas decorativas y funcionales pueden formarse sobre ABS, PC, PS, PMMA y otros pl\u00e1sticos para obtener texturas met\u00e1licas, efectos galv\u00e1nicos, reflexi\u00f3n \u00f3ptica, antiara\u00f1azos y antihuellas.<\/p>\n\n\n\n<p><strong>Control preciso del proceso:<\/strong> El sistema de control automatizado ajusta el nivel de vac\u00edo, la potencia de pulverizaci\u00f3n cat\u00f3dica y el caudal de gas, optimizando los par\u00e1metros de recubrimiento para diferentes materiales pl\u00e1sticos con el fin de garantizar la uniformidad en la producci\u00f3n en serie.<\/p>\n\n\n\n<p><strong>Producci\u00f3n estable y de alta eficiencia:<\/strong> Gran capacidad de producci\u00f3n continua, adecuada para el procesamiento de productos pl\u00e1sticos a gran escala, reduciendo los tiempos de inactividad y los costes de mantenimiento, y mejorando la eficiencia de la l\u00ednea de producci\u00f3n.<\/p>\n\n\n\n<p><strong>Aplicaciones pl\u00e1sticas multisectoriales<\/strong>: Ampliamente utilizado en carcasas electr\u00f3nicas, piezas interiores de autom\u00f3viles, accesorios dom\u00e9sticos de pl\u00e1stico, componentes \u00f3pticos de pl\u00e1stico y otros campos, consiguiendo un tratamiento superficial de alto valor a\u00f1adido.<\/p>\n\n\n\n<p><strong>Apoyo a la personalizaci\u00f3n<\/strong>: CGVAC ofrece una personalizaci\u00f3n completa de las m\u00e1quinas y asistencia t\u00e9cnica para garantizar que los procesos de recubrimiento de pl\u00e1sticos satisfagan las necesidades individuales de los clientes y que los equipos sean estables y fiables.<\/p>\n\n\n\n<p><strong>Respetuoso con el medio ambiente y seguro:<\/strong> El proceso de pulverizaci\u00f3n cat\u00f3dica en vac\u00edo es ecol\u00f3gico y respetuoso con el medio ambiente, no produce residuos l\u00edquidos y es adecuado para los requisitos de producci\u00f3n segura de productos pl\u00e1sticos.<\/p>\n<\/div>\n<\/div>","protected":false},"excerpt":{"rendered":"<p>La m\u00e1quina de recubrimiento por magnetr\u00f3n sputtering al vac\u00edo para pl\u00e1sticos CGVAC proporciona recubrimientos PVD de alta calidad sobre pl\u00e1sticos como ABS, PC y PMMA, ofreciendo una adhesi\u00f3n uniforme, acabados met\u00e1licos, durabilidad y personalizaci\u00f3n para aplicaciones electr\u00f3nicas, de automoci\u00f3n y decorativas. P\u00f3ngase en contacto con nosotros para obtener m\u00e1s informaci\u00f3n.<\/p>\n<h2>Par\u00e1metros t\u00e9cnicos:<\/h2>\n<table width=\"973\">\n<tbody>\n<tr>\n<td width=\"202\"><strong>Materiales<\/strong><\/td>\n<td width=\"771\">Titanio (Ti), Cromo (Cr), Circonio (Zr), Acero inoxidable, ITO, FTO y otros<\/td>\n<\/tr>\n<tr>\n<td><strong>Gases industriales<\/strong><\/td>\n<td>Arg\u00f3n (Ar), Nitr\u00f3geno (N\u2082), Ox\u00edgeno (O\u2082), H\u2082 (Hidr\u00f3geno).<\/td>\n<\/tr>\n<tr>\n<td><strong>Tecnolog\u00eda de revestimiento<\/strong><\/td>\n<td>Recubrimiento por magnetr\u00f3n sputtering al vac\u00edo<\/td>\n<\/tr>\n<tr>\n<td><strong>Color del revestimiento<\/strong><\/td>\n<td>Oro, oro rosa, negro, plata, azul, champ\u00e1n, colores mate\/satinados y diferentes colores.<\/td>\n<\/tr>\n<tr>\n<td><strong>Pel\u00edculas funcionales y \u00f3pticas<\/strong><\/td>\n<td>ITO, SiO\u2082, TiO\u2082, Cr, Al, Ag, ITO\/Ag\/ITO, pel\u00edculas \u00f3pticas y electr\u00f3nicas<\/td>\n<\/tr>\n<tr>\n<td><strong>Componentes b\u00e1sicos<\/strong><\/td>\n<td>Objetivo del arco, sistema de control, bomba<\/td>\n<\/tr>\n<tr>\n<td><strong>Aplicaci\u00f3n<\/strong><\/td>\n<td>Acero inoxidable, electr\u00f3nica y \u00f3ptica, vidrio, interiores y componentes de autom\u00f3viles.<\/td>\n<\/tr>\n<tr>\n<td><strong>Personalizaci\u00f3n<\/strong><\/td>\n<td>Tama\u00f1o, material de destino, color, dise\u00f1o de fijaci\u00f3n y plan de proceso personalizados<\/td>\n<\/tr>\n<tr>\n<td><strong>Servicio<\/strong><\/td>\n<td>Informes de pruebas mec\u00e1nicas\/de muestras, inspecci\u00f3n de salida en v\u00eddeo y orientaci\u00f3n t\u00e9cnica.<\/td>\n<\/tr>\n<\/tbody>\n<\/table>\n<p>&nbsp;<\/p>","protected":false},"featured_media":1253,"comment_status":"closed","ping_status":"closed","template":"","meta":{"_acf_changed":true},"application":[24],"product_brand":[],"product_cat":[20],"product_tag":[],"class_list":{"0":"post-1251","1":"product","2":"type-product","3":"status-publish","4":"has-post-thumbnail","6":"application-plastic-pvd-coating-machine","7":"product_cat-magnetron-sputtering-vacuum-coating-machine","9":"first","10":"instock","11":"shipping-taxable","12":"product-type-simple"},"acf":[],"_links":{"self":[{"href":"https:\/\/www.cgvacuum.com\/es\/wp-json\/wp\/v2\/product\/1251","targetHints":{"allow":["GET"]}}],"collection":[{"href":"https:\/\/www.cgvacuum.com\/es\/wp-json\/wp\/v2\/product"}],"about":[{"href":"https:\/\/www.cgvacuum.com\/es\/wp-json\/wp\/v2\/types\/product"}],"replies":[{"embeddable":true,"href":"https:\/\/www.cgvacuum.com\/es\/wp-json\/wp\/v2\/comments?post=1251"}],"wp:featuredmedia":[{"embeddable":true,"href":"https:\/\/www.cgvacuum.com\/es\/wp-json\/wp\/v2\/media\/1253"}],"wp:attachment":[{"href":"https:\/\/www.cgvacuum.com\/es\/wp-json\/wp\/v2\/media?parent=1251"}],"wp:term":[{"taxonomy":"application","embeddable":true,"href":"https:\/\/www.cgvacuum.com\/es\/wp-json\/wp\/v2\/application?post=1251"},{"taxonomy":"product_brand","embeddable":true,"href":"https:\/\/www.cgvacuum.com\/es\/wp-json\/wp\/v2\/product_brand?post=1251"},{"taxonomy":"product_cat","embeddable":true,"href":"https:\/\/www.cgvacuum.com\/es\/wp-json\/wp\/v2\/product_cat?post=1251"},{"taxonomy":"product_tag","embeddable":true,"href":"https:\/\/www.cgvacuum.com\/es\/wp-json\/wp\/v2\/product_tag?post=1251"}],"curies":[{"name":"wp","href":"https:\/\/api.w.org\/{rel}","templated":true}]}}