{"id":1240,"date":"2025-12-19T06:19:47","date_gmt":"2025-12-19T06:19:47","guid":{"rendered":"https:\/\/www.cgvacuum.com\/?post_type=product&#038;p=1240"},"modified":"2025-12-19T06:39:44","modified_gmt":"2025-12-19T06:39:44","slug":"magnetron-sputtering-vacuum-coating-machine","status":"publish","type":"product","link":"https:\/\/www.cgvacuum.com\/es\/producto\/magnetron-sputtering-vacuum-coating-machine\/","title":{"rendered":"M\u00e1quina de recubrimiento al vac\u00edo por pulverizaci\u00f3n cat\u00f3dica con magnetr\u00f3n, m\u00e1quina de recubrimiento PVD para interiores y componentes de autom\u00f3viles."},"content":{"rendered":"<h3 class=\"wp-block-heading\">Especificaciones de la m\u00e1quina de revestimiento al vac\u00edo por pulverizaci\u00f3n cat\u00f3dica magnetr\u00f3nica:<\/h3>\n\n\n\n<figure class=\"wp-block-table\"><table class=\"has-fixed-layout\"><tbody><tr><td><strong>N\u00famero de modelo<\/strong><\/td><td><strong>Dimensiones DxH (mm)<\/strong><\/td><td><strong>Vac\u00edo final (Pa)<\/strong><\/td><td><strong>Tiempo de bombeo (min)<\/strong><\/td><td><strong>Potencia de soplado (kW)<\/strong><\/td><td><strong>Potencia total (kW)<\/strong><\/td><\/tr><tr><td>CZ1214<\/td><td>1200 x 1400 mm<\/td><td>\u22648\u00d710-\u2074<\/td><td>\uff1c5<\/td><td>40<\/td><td>50<\/td><\/tr><tr><td>CZ1416<\/td><td>1400 x 1600 mm<\/td><td>\u22648\u00d710-\u2074<\/td><td>\uff1c5<\/td><td>60<\/td><td>60<\/td><\/tr><tr><td>CZ1618<\/td><td>1600 x 1800 mm<\/td><td>\u22648\u00d710-\u2074<\/td><td>\uff1c5<\/td><td>80<\/td><td>80<\/td><\/tr><tr><td>CZ1818<\/td><td>1800 x 1800 mm<\/td><td>\u22648\u00d710-\u2074<\/td><td>\uff1c5<\/td><td>160<\/td><td>110<\/td><\/tr><tr><td>CZ2018<\/td><td>2000*1800 mm<\/td><td>\u22648\u00d710-\u2074<\/td><td>\uff1c5<\/td><td>160<\/td><td>120<\/td><\/tr><\/tbody><\/table><\/figure>\n\n\n\n<p><strong>*Las especificaciones del equipo se pueden personalizar seg\u00fan los requisitos del cliente.<\/strong><\/p>\n\n\n\n<div class=\"wp-block-columns is-layout-flex wp-container-core-columns-is-layout-9d6595d7 wp-block-columns-is-layout-flex\">\n<div class=\"wp-block-column is-layout-flow wp-block-column-is-layout-flow\">\n<figure class=\"wp-block-image size-full\"><img decoding=\"async\" width=\"600\" height=\"600\" src=\"https:\/\/www.cgvacuum.com\/wp-content\/uploads\/2025\/12\/Magnetron-Sputtering-Vacuum-Coating-Machine-Automotive-Interior-Components-PVD-Coating-Machine.webp\" alt=\"M\u00e1quina de recubrimiento al vac\u00edo por pulverizaci\u00f3n cat\u00f3dica con magnetr\u00f3n M\u00e1quina de recubrimiento PVD para interiores y componentes de autom\u00f3viles\" class=\"wp-image-1237\" srcset=\"https:\/\/www.cgvacuum.com\/wp-content\/uploads\/2025\/12\/Magnetron-Sputtering-Vacuum-Coating-Machine-Automotive-Interior-Components-PVD-Coating-Machine.webp 600w, https:\/\/www.cgvacuum.com\/wp-content\/uploads\/2025\/12\/Magnetron-Sputtering-Vacuum-Coating-Machine-Automotive-Interior-Components-PVD-Coating-Machine-300x300.webp 300w, https:\/\/www.cgvacuum.com\/wp-content\/uploads\/2025\/12\/Magnetron-Sputtering-Vacuum-Coating-Machine-Automotive-Interior-Components-PVD-Coating-Machine-150x150.webp 150w, https:\/\/www.cgvacuum.com\/wp-content\/uploads\/2025\/12\/Magnetron-Sputtering-Vacuum-Coating-Machine-Automotive-Interior-Components-PVD-Coating-Machine-12x12.webp 12w, https:\/\/www.cgvacuum.com\/wp-content\/uploads\/2025\/12\/Magnetron-Sputtering-Vacuum-Coating-Machine-Automotive-Interior-Components-PVD-Coating-Machine-100x100.webp 100w\" sizes=\"(max-width: 600px) 100vw, 600px\" \/><\/figure>\n<\/div>\n\n\n\n<div class=\"wp-block-column is-layout-flow wp-block-column-is-layout-flow\">\n<h3 class=\"wp-block-heading\">Caracter\u00edsticas de la m\u00e1quina de revestimiento al vac\u00edo por pulverizaci\u00f3n cat\u00f3dica magnetr\u00f3nica:<\/h3>\n\n\n\n<p><strong>Fuente de pulverizaci\u00f3n cat\u00f3dica por magnetr\u00f3n de calidad industrial: <\/strong>Una estructura de campo magn\u00e9tico altamente estable garantiza una salida de plasma continua y uniforme, lo que permite una deposici\u00f3n de pel\u00edcula fina densa y controlable para satisfacer los requisitos duales de las piezas de automoci\u00f3n en cuanto a recubrimientos est\u00e9ticos y funcionales.<\/p>\n\n\n\n<p><strong>Gran estructura de la c\u00e1mara de vac\u00edo: <\/strong>Una c\u00e1mara espaciosa y una disposici\u00f3n optimizada del objetivo se adaptan a los requisitos de tama\u00f1o y sujeci\u00f3n de lotes de las piezas estructurales y del interior del autom\u00f3vil, mejorando la eficacia del recubrimiento en una sola pasada.<\/p>\n\n\n\n<p><strong>Capacidad de deposici\u00f3n por sputtering a baja temperatura: <\/strong>El proceso de pulverizaci\u00f3n cat\u00f3dica por magnetr\u00f3n tiene una carga t\u00e9rmica baja, adecuada para pl\u00e1sticos, materiales compuestos y piezas met\u00e1licas, evitando la deformaci\u00f3n o la degradaci\u00f3n del rendimiento debido a las zonas afectadas por el calor.<\/p>\n\n\n\n<p><strong>Control de espesor de pel\u00edcula de alta uniformidad<\/strong>: Mediante el control coordinado de la configuraci\u00f3n del objetivo, la sujeci\u00f3n giratoria y los par\u00e1metros de deposici\u00f3n, se garantiza un espesor constante de la pel\u00edcula en la superficie de piezas curvas complejas.<\/p>\n\n\n\n<p><strong>Control automatizado mediante PLC: <\/strong>Un sistema de control automatizado integrado permite almacenar y recuperar los par\u00e1metros del proceso, adapt\u00e1ndose a la producci\u00f3n en serie de piezas de automoci\u00f3n.<\/p>\n\n\n\n<p><strong>Servicio y asistencia t\u00e9cnica a largo plazo<\/strong>: Como fabricante profesional de equipos de recubrimiento por vac\u00edo, CGVAC proporciona un soporte completo del proceso, desde la selecci\u00f3n del equipo, el dise\u00f1o de la estructura de la cavidad, la configuraci\u00f3n del proceso, hasta la instalaci\u00f3n, la puesta en marcha y la formaci\u00f3n t\u00e9cnica, garantizando que el sistema de pulverizaci\u00f3n cat\u00f3dica por magnetr\u00f3n se adapte perfectamente al proceso de producci\u00f3n del cliente y pueda funcionar de forma estable durante mucho tiempo.<\/p>\n<\/div>\n<\/div>","protected":false},"excerpt":{"rendered":"<p>La m\u00e1quina de revestimiento al vac\u00edo por pulverizaci\u00f3n cat\u00f3dica de magnetr\u00f3n est\u00e1 dise\u00f1ada para aplicaciones de interiores y componentes de automoci\u00f3n, proporcionando revestimientos uniformes a baja temperatura con una gran estabilidad de proceso. CGVAC ofrece asistencia a largo plazo. P\u00f3ngase en contacto con nosotros para obtener soluciones personalizadas.<\/p>\n<h2>Par\u00e1metros t\u00e9cnicos:<\/h2>\n<table width=\"973\">\n<tbody>\n<tr>\n<td width=\"202\"><strong>Materiales<\/strong><\/td>\n<td width=\"771\">Titanio (Ti), Cromo (Cr), Circonio (Zr), Acero inoxidable, ITO, FTO y otros<\/td>\n<\/tr>\n<tr>\n<td><strong>Gases industriales<\/strong><\/td>\n<td>Arg\u00f3n (Ar), Nitr\u00f3geno (N\u2082), Ox\u00edgeno (O\u2082), H\u2082 (Hidr\u00f3geno).<\/td>\n<\/tr>\n<tr>\n<td><strong>Tecnolog\u00eda de revestimiento<\/strong><\/td>\n<td>Recubrimiento por magnetr\u00f3n sputtering al vac\u00edo<\/td>\n<\/tr>\n<tr>\n<td><strong>Color del revestimiento<\/strong><\/td>\n<td>Oro, oro rosa, negro, plata, azul, champ\u00e1n, colores mate\/satinados y diferentes colores.<\/td>\n<\/tr>\n<tr>\n<td><strong>Pel\u00edculas funcionales y \u00f3pticas<\/strong><\/td>\n<td>ITO, SiO\u2082, TiO\u2082, Cr, Al, Ag, ITO\/Ag\/ITO, pel\u00edculas \u00f3pticas y electr\u00f3nicas<\/td>\n<\/tr>\n<tr>\n<td><strong>Componentes b\u00e1sicos<\/strong><\/td>\n<td>Objetivo del arco, sistema de control, bomba<\/td>\n<\/tr>\n<tr>\n<td><strong>Aplicaci\u00f3n<\/strong><\/td>\n<td>Acero inoxidable, electr\u00f3nica y \u00f3ptica, vidrio, interiores y componentes de autom\u00f3viles.<\/td>\n<\/tr>\n<tr>\n<td><strong>Personalizaci\u00f3n<\/strong><\/td>\n<td>Tama\u00f1o, material de destino, color, dise\u00f1o de fijaci\u00f3n y plan de proceso personalizados<\/td>\n<\/tr>\n<tr>\n<td><strong>Servicio<\/strong><\/td>\n<td>Informes de pruebas mec\u00e1nicas\/de muestras, inspecci\u00f3n de salida en v\u00eddeo y orientaci\u00f3n t\u00e9cnica.<\/td>\n<\/tr>\n<\/tbody>\n<\/table>\n<p>&nbsp;<\/p>","protected":false},"featured_media":1237,"comment_status":"closed","ping_status":"closed","template":"","meta":{"_acf_changed":true},"application":[24],"product_brand":[],"product_cat":[20],"product_tag":[],"class_list":{"0":"post-1240","1":"product","2":"type-product","3":"status-publish","4":"has-post-thumbnail","6":"application-plastic-pvd-coating-machine","7":"product_cat-magnetron-sputtering-vacuum-coating-machine","9":"first","10":"instock","11":"shipping-taxable","12":"product-type-simple"},"acf":[],"_links":{"self":[{"href":"https:\/\/www.cgvacuum.com\/es\/wp-json\/wp\/v2\/product\/1240","targetHints":{"allow":["GET"]}}],"collection":[{"href":"https:\/\/www.cgvacuum.com\/es\/wp-json\/wp\/v2\/product"}],"about":[{"href":"https:\/\/www.cgvacuum.com\/es\/wp-json\/wp\/v2\/types\/product"}],"replies":[{"embeddable":true,"href":"https:\/\/www.cgvacuum.com\/es\/wp-json\/wp\/v2\/comments?post=1240"}],"wp:featuredmedia":[{"embeddable":true,"href":"https:\/\/www.cgvacuum.com\/es\/wp-json\/wp\/v2\/media\/1237"}],"wp:attachment":[{"href":"https:\/\/www.cgvacuum.com\/es\/wp-json\/wp\/v2\/media?parent=1240"}],"wp:term":[{"taxonomy":"application","embeddable":true,"href":"https:\/\/www.cgvacuum.com\/es\/wp-json\/wp\/v2\/application?post=1240"},{"taxonomy":"product_brand","embeddable":true,"href":"https:\/\/www.cgvacuum.com\/es\/wp-json\/wp\/v2\/product_brand?post=1240"},{"taxonomy":"product_cat","embeddable":true,"href":"https:\/\/www.cgvacuum.com\/es\/wp-json\/wp\/v2\/product_cat?post=1240"},{"taxonomy":"product_tag","embeddable":true,"href":"https:\/\/www.cgvacuum.com\/es\/wp-json\/wp\/v2\/product_tag?post=1240"}],"curies":[{"name":"wp","href":"https:\/\/api.w.org\/{rel}","templated":true}]}}