{"id":1236,"date":"2025-12-19T03:25:41","date_gmt":"2025-12-19T03:25:41","guid":{"rendered":"https:\/\/www.cgvacuum.com\/?post_type=product&#038;p=1236"},"modified":"2025-12-19T04:01:05","modified_gmt":"2025-12-19T04:01:05","slug":"pvd-coating-machine-for-electronics","status":"publish","type":"product","link":"https:\/\/www.cgvacuum.com\/es\/producto\/pvd-coating-machine-for-electronics\/","title":{"rendered":"M\u00e1quina de recubrimiento PVD para electr\u00f3nica, fabricante de m\u00e1quinas de recubrimiento al vac\u00edo por pulverizaci\u00f3n cat\u00f3dica con magnetr\u00f3n"},"content":{"rendered":"<h3 class=\"wp-block-heading\">Especificaciones de la m\u00e1quina de revestimiento PVD para electr\u00f3nica:<\/h3>\n\n\n\n<figure class=\"wp-block-table\"><table class=\"has-fixed-layout\"><tbody><tr><td><strong>N\u00famero de modelo<\/strong><\/td><td><strong>Dimensiones DxH (mm)<\/strong><\/td><td><strong>Vac\u00edo final (Pa)<\/strong><\/td><td><strong>Tiempo de bombeo (min)<\/strong><\/td><td><strong>Potencia de soplado (kW)<\/strong><\/td><td><strong>Potencia total (kW)<\/strong><\/td><\/tr><tr><td>CZ1214<\/td><td>1200 x 1400 mm<\/td><td>\u22648\u00d710-\u2074<\/td><td>\uff1c5<\/td><td>40<\/td><td>50<\/td><\/tr><tr><td>CZ1416<\/td><td>1400 x 1600 mm<\/td><td>\u22648\u00d710-\u2074<\/td><td>\uff1c5<\/td><td>60<\/td><td>60<\/td><\/tr><tr><td>CZ1618<\/td><td>1600 x 1800 mm<\/td><td>\u22648\u00d710-\u2074<\/td><td>\uff1c5<\/td><td>80<\/td><td>80<\/td><\/tr><tr><td>CZ1818<\/td><td>1800 x 1800 mm<\/td><td>\u22648\u00d710-\u2074<\/td><td>\uff1c5<\/td><td>160<\/td><td>110<\/td><\/tr><tr><td>CZ2018<\/td><td>2000*1800 mm<\/td><td>\u22648\u00d710-\u2074<\/td><td>\uff1c5<\/td><td>160<\/td><td>120<\/td><\/tr><\/tbody><\/table><\/figure>\n\n\n\n<p><strong>*Las especificaciones del equipo se pueden personalizar seg\u00fan los requisitos del cliente.<\/strong><\/p>\n\n\n\n<div class=\"wp-block-columns is-layout-flex wp-container-core-columns-is-layout-9d6595d7 wp-block-columns-is-layout-flex\">\n<div class=\"wp-block-column is-layout-flow wp-block-column-is-layout-flow\">\n<figure class=\"wp-block-image size-full\"><img decoding=\"async\" width=\"7008\" height=\"4672\" src=\"https:\/\/www.cgvacuum.com\/wp-content\/uploads\/2025\/12\/PVD-Coating-Machine-for-Electronics-Magnetron-Sputtering-Vacuum-Coating-Machine-Manufacturer.webp\" alt=\"M\u00e1quina de recubrimiento PVD para electr\u00f3nica Fabricante de m\u00e1quina de recubrimiento por magnetr\u00f3n sputtering en vac\u00edo\" class=\"wp-image-1239\" srcset=\"https:\/\/www.cgvacuum.com\/wp-content\/uploads\/2025\/12\/PVD-Coating-Machine-for-Electronics-Magnetron-Sputtering-Vacuum-Coating-Machine-Manufacturer.webp 7008w, https:\/\/www.cgvacuum.com\/wp-content\/uploads\/2025\/12\/PVD-Coating-Machine-for-Electronics-Magnetron-Sputtering-Vacuum-Coating-Machine-Manufacturer-300x200.webp 300w, https:\/\/www.cgvacuum.com\/wp-content\/uploads\/2025\/12\/PVD-Coating-Machine-for-Electronics-Magnetron-Sputtering-Vacuum-Coating-Machine-Manufacturer-768x512.webp 768w, https:\/\/www.cgvacuum.com\/wp-content\/uploads\/2025\/12\/PVD-Coating-Machine-for-Electronics-Magnetron-Sputtering-Vacuum-Coating-Machine-Manufacturer-18x12.webp 18w, https:\/\/www.cgvacuum.com\/wp-content\/uploads\/2025\/12\/PVD-Coating-Machine-for-Electronics-Magnetron-Sputtering-Vacuum-Coating-Machine-Manufacturer-1200x800.webp 1200w, https:\/\/www.cgvacuum.com\/wp-content\/uploads\/2025\/12\/PVD-Coating-Machine-for-Electronics-Magnetron-Sputtering-Vacuum-Coating-Machine-Manufacturer-600x400.webp 600w\" sizes=\"(max-width: 7008px) 100vw, 7008px\" \/><\/figure>\n<\/div>\n\n\n\n<div class=\"wp-block-column is-layout-flow wp-block-column-is-layout-flow\">\n<h3 class=\"wp-block-heading\">Caracter\u00edsticas de la m\u00e1quina de recubrimiento PVD para electr\u00f3nica:<\/h3>\n\n\n\n<p><strong>Fuente de pulverizaci\u00f3n cat\u00f3dica por magnetr\u00f3n de alta estabilidad:<\/strong> La distribuci\u00f3n optimizada del campo magn\u00e9tico y la estructura del blanco crean un plasma estable y de alta densidad que permite una deposici\u00f3n de pel\u00edcula fina de bajo da\u00f1o y velocidad controlable para satisfacer los requisitos de consistencia de pel\u00edcula de los dispositivos electr\u00f3nicos.<\/p>\n\n\n\n<p><strong>Estructura de la c\u00e1mara de vac\u00edo de alta limpieza<\/strong>: La estructura interna de la c\u00e1mara est\u00e1 optimizada para la limpieza de revestimientos electr\u00f3nicos, reduciendo eficazmente la contaminaci\u00f3n por part\u00edculas y la introducci\u00f3n de impurezas, mejorando la pureza y fiabilidad de la pel\u00edcula.<\/p>\n\n\n\n<p><strong>Control preciso de la potencia de sputtering<\/strong>: La fuente de alimentaci\u00f3n independiente y el sistema de regulaci\u00f3n de potencia soportan tanto la deposici\u00f3n fina de baja potencia como la deposici\u00f3n de alta eficiencia de potencia, adapt\u00e1ndose a diferentes ventanas de proceso de pel\u00edcula funcional electr\u00f3nica.<\/p>\n\n\n\n<p><strong>Efecto de recubrimiento uniforme:<\/strong> Mediante el control coordinado de la distancia entre el blanco y el sustrato, el sistema de rotaci\u00f3n y los par\u00e1metros de deposici\u00f3n, se consigue un espesor uniforme de la pel\u00edcula y efectos de sputtering altamente repetibles en la superficie de los componentes electr\u00f3nicos.<\/p>\n\n\n\n<p><strong>Adaptaci\u00f3n del proceso de sputtering criog\u00e9nico: <\/strong>El sputtering por magnetr\u00f3n tiene una zona m\u00ednima afectada por el calor, adecuada para sustratos electr\u00f3nicos sensibles a la temperatura y componentes de precisi\u00f3n, lo que reduce el riesgo de estr\u00e9s t\u00e9rmico.<\/p>\n\n\n\n<p><strong>Sistema de control automatizado integrado:<\/strong> Admite el almacenamiento y la recuperaci\u00f3n de los par\u00e1metros del proceso, lo que garantiza un rendimiento de revestimiento altamente uniforme en la producci\u00f3n en serie.<\/p>\n\n\n\n<p><strong>Compatibilidad con m\u00faltiples aplicaciones electr\u00f3nicas<\/strong>: Se adapta a los requisitos de recubrimiento de diferentes escenarios de aplicaci\u00f3n electr\u00f3nica, incluyendo la mejora funcional, la protecci\u00f3n de superficies y la mejora del rendimiento, proporcionando una plataforma universal de recubrimiento por sputtering para la industria electr\u00f3nica.<\/p>\n<\/div>\n<\/div>","protected":false},"excerpt":{"rendered":"<p>La m\u00e1quina de recubrimiento PVD para electr\u00f3nica de CGVAC proporciona pel\u00edculas finas precisas, uniformes y repetibles para sensores, componentes electr\u00f3nicos y piezas de precisi\u00f3n. Ofrecemos configuraciones personalizables, alta estabilidad y asistencia t\u00e9cnica completa. P\u00f3ngase en contacto con nosotros para obtener soluciones PVD a medida para m\u00faltiples sectores.<\/p>\n<h2>Par\u00e1metros t\u00e9cnicos:<\/h2>\n<table width=\"973\">\n<tbody>\n<tr>\n<td width=\"202\"><strong>Materiales<\/strong><\/td>\n<td width=\"771\">Titanio (Ti), Cromo (Cr), Circonio (Zr), Acero inoxidable, ITO, FTO y otros<\/td>\n<\/tr>\n<tr>\n<td><strong>Gases industriales<\/strong><\/td>\n<td>Arg\u00f3n (Ar), Nitr\u00f3geno (N\u2082), Ox\u00edgeno (O\u2082), H\u2082 (Hidr\u00f3geno).<\/td>\n<\/tr>\n<tr>\n<td><strong>Tecnolog\u00eda de revestimiento<\/strong><\/td>\n<td>Recubrimiento por magnetr\u00f3n sputtering al vac\u00edo<\/td>\n<\/tr>\n<tr>\n<td><strong>Color del revestimiento<\/strong><\/td>\n<td>Oro, oro rosa, negro, plata, azul, champ\u00e1n, colores mate\/satinados y diferentes colores.<\/td>\n<\/tr>\n<tr>\n<td><strong>Pel\u00edculas funcionales y \u00f3pticas<\/strong><\/td>\n<td>ITO, SiO\u2082, TiO\u2082, Cr, Al, Ag, ITO\/Ag\/ITO, pel\u00edculas \u00f3pticas y electr\u00f3nicas<\/td>\n<\/tr>\n<tr>\n<td><strong>Componentes b\u00e1sicos<\/strong><\/td>\n<td>Objetivo del arco, sistema de control, bomba<\/td>\n<\/tr>\n<tr>\n<td><strong>Aplicaci\u00f3n<\/strong><\/td>\n<td>Acero inoxidable, electr\u00f3nica y \u00f3ptica, vidrio, interiores y componentes de autom\u00f3viles.<\/td>\n<\/tr>\n<tr>\n<td><strong>Personalizaci\u00f3n<\/strong><\/td>\n<td>Tama\u00f1o, material de destino, color, dise\u00f1o de fijaci\u00f3n y plan de proceso personalizados<\/td>\n<\/tr>\n<tr>\n<td><strong>Servicio<\/strong><\/td>\n<td>Informes de pruebas mec\u00e1nicas\/de muestras, inspecci\u00f3n de salida en v\u00eddeo y orientaci\u00f3n t\u00e9cnica.<\/td>\n<\/tr>\n<\/tbody>\n<\/table>\n<p>&nbsp;<\/p>","protected":false},"featured_media":1238,"comment_status":"closed","ping_status":"closed","template":"","meta":{"_acf_changed":true},"application":[23],"product_brand":[],"product_cat":[20],"product_tag":[],"class_list":{"0":"post-1236","1":"product","2":"type-product","3":"status-publish","4":"has-post-thumbnail","6":"application-electronic-optical-vacuum-coating-machine","7":"product_cat-magnetron-sputtering-vacuum-coating-machine","9":"first","10":"instock","11":"shipping-taxable","12":"product-type-simple"},"acf":[],"_links":{"self":[{"href":"https:\/\/www.cgvacuum.com\/es\/wp-json\/wp\/v2\/product\/1236","targetHints":{"allow":["GET"]}}],"collection":[{"href":"https:\/\/www.cgvacuum.com\/es\/wp-json\/wp\/v2\/product"}],"about":[{"href":"https:\/\/www.cgvacuum.com\/es\/wp-json\/wp\/v2\/types\/product"}],"replies":[{"embeddable":true,"href":"https:\/\/www.cgvacuum.com\/es\/wp-json\/wp\/v2\/comments?post=1236"}],"wp:featuredmedia":[{"embeddable":true,"href":"https:\/\/www.cgvacuum.com\/es\/wp-json\/wp\/v2\/media\/1238"}],"wp:attachment":[{"href":"https:\/\/www.cgvacuum.com\/es\/wp-json\/wp\/v2\/media?parent=1236"}],"wp:term":[{"taxonomy":"application","embeddable":true,"href":"https:\/\/www.cgvacuum.com\/es\/wp-json\/wp\/v2\/application?post=1236"},{"taxonomy":"product_brand","embeddable":true,"href":"https:\/\/www.cgvacuum.com\/es\/wp-json\/wp\/v2\/product_brand?post=1236"},{"taxonomy":"product_cat","embeddable":true,"href":"https:\/\/www.cgvacuum.com\/es\/wp-json\/wp\/v2\/product_cat?post=1236"},{"taxonomy":"product_tag","embeddable":true,"href":"https:\/\/www.cgvacuum.com\/es\/wp-json\/wp\/v2\/product_tag?post=1236"}],"curies":[{"name":"wp","href":"https:\/\/api.w.org\/{rel}","templated":true}]}}