{"id":1232,"date":"2025-12-19T02:16:47","date_gmt":"2025-12-19T02:16:47","guid":{"rendered":"https:\/\/www.cgvacuum.com\/?post_type=product&#038;p=1232"},"modified":"2025-12-19T02:49:00","modified_gmt":"2025-12-19T02:49:00","slug":"multi-arc-ion-vacuum-coating-machine","status":"publish","type":"product","link":"https:\/\/www.cgvacuum.com\/es\/producto\/multi-arc-ion-vacuum-coating-machine\/","title":{"rendered":"M\u00e1quina de recubrimiento al vac\u00edo con iones multiarco, fabricante de m\u00e1quinas de recubrimiento PVD para vidrio en China"},"content":{"rendered":"<h3 class=\"wp-block-heading\">Especificaciones de la m\u00e1quina de recubrimiento al vac\u00edo con iones multiarco para vidrio:<\/h3>\n\n\n\n<figure class=\"wp-block-table\"><table><tbody><tr><td><strong>N\u00famero de modelo<\/strong><\/td><td><strong>Dimensiones DxH (mm)<\/strong><\/td><td><strong>Vac\u00edo final (Pa)<\/strong><\/td><td><strong>Tiempo de bombeo (min)<\/strong>)<\/td><td><strong>Objetivos (PCS)<\/strong><\/td><td><strong>Potencia total (kW)<\/strong><\/td><\/tr><tr><td>DZ1214<\/td><td>1200 x 1400 mm<\/td><td>\u22648\u00d710-\u2074<\/td><td>\uff1c5<\/td><td>10<\/td><td>50<\/td><\/tr><tr><td>DZ1416<\/td><td>1400 x 1600 mm<\/td><td>\u22648\u00d710-\u2074<\/td><td>\uff1c5<\/td><td>14<\/td><td>60<\/td><\/tr><tr><td>DZ1618<\/td><td>1600 x 1800 mm<\/td><td>\u22648\u00d710-\u2074<\/td><td>\uff1c5<\/td><td>21<\/td><td>80<\/td><\/tr><tr><td>DZ1818<\/td><td>1800 x 1800 mm<\/td><td>\u22648\u00d710-\u2074<\/td><td>\uff1c5<\/td><td>28<\/td><td>110<\/td><\/tr><tr><td>DZ2118<\/td><td>2100 x 1800 mm<\/td><td>\u22648\u00d710-\u2074<\/td><td>\uff1c5<\/td><td>32<\/td><td>120<\/td><\/tr><\/tbody><\/table><\/figure>\n\n\n\n<p><strong>*Las especificaciones del equipo se pueden personalizar seg\u00fan los requisitos del cliente. La altura o profundidad puede variar entre 600 mm y 10 000 mm.<\/strong><\/p>\n\n\n\n<div class=\"wp-block-columns is-layout-flex wp-container-core-columns-is-layout-9d6595d7 wp-block-columns-is-layout-flex\">\n<div class=\"wp-block-column is-layout-flow wp-block-column-is-layout-flow\">\n<figure class=\"wp-block-image size-full\"><img decoding=\"async\" width=\"800\" height=\"800\" src=\"https:\/\/www.cgvacuum.com\/wp-content\/uploads\/2025\/12\/Multi-Arc-Ion-Vacuum-Coating-Machine-Glass-PVD-Coating-Machine.webp\" alt=\"M\u00e1quina de recubrimiento al vac\u00edo con iones multiarco M\u00e1quina de recubrimiento PVD para vidrio\" class=\"wp-image-1233\" srcset=\"https:\/\/www.cgvacuum.com\/wp-content\/uploads\/2025\/12\/Multi-Arc-Ion-Vacuum-Coating-Machine-Glass-PVD-Coating-Machine.webp 800w, https:\/\/www.cgvacuum.com\/wp-content\/uploads\/2025\/12\/Multi-Arc-Ion-Vacuum-Coating-Machine-Glass-PVD-Coating-Machine-300x300.webp 300w, https:\/\/www.cgvacuum.com\/wp-content\/uploads\/2025\/12\/Multi-Arc-Ion-Vacuum-Coating-Machine-Glass-PVD-Coating-Machine-150x150.webp 150w, https:\/\/www.cgvacuum.com\/wp-content\/uploads\/2025\/12\/Multi-Arc-Ion-Vacuum-Coating-Machine-Glass-PVD-Coating-Machine-768x768.webp 768w, https:\/\/www.cgvacuum.com\/wp-content\/uploads\/2025\/12\/Multi-Arc-Ion-Vacuum-Coating-Machine-Glass-PVD-Coating-Machine-12x12.webp 12w, https:\/\/www.cgvacuum.com\/wp-content\/uploads\/2025\/12\/Multi-Arc-Ion-Vacuum-Coating-Machine-Glass-PVD-Coating-Machine-600x600.webp 600w, https:\/\/www.cgvacuum.com\/wp-content\/uploads\/2025\/12\/Multi-Arc-Ion-Vacuum-Coating-Machine-Glass-PVD-Coating-Machine-100x100.webp 100w\" sizes=\"(max-width: 800px) 100vw, 800px\" \/><\/figure>\n<\/div>\n\n\n\n<div class=\"wp-block-column is-layout-flow wp-block-column-is-layout-flow\">\n<h3 class=\"wp-block-heading\">Caracter\u00edsticas de la m\u00e1quina de recubrimiento al vac\u00edo con iones multiarco para vidrio:<\/h3>\n\n\n\n<p><strong>Sistema de deposici\u00f3n con fuente de ionenes multi-arco<\/strong>Equipado con una fuente de iones multiarco altamente estable, genera un haz de iones de alta energ\u00eda, lo que permite obtener una deposici\u00f3n de pel\u00edcula de alta adhesi\u00f3n y alta densidad, especialmente adecuada para los requisitos de recubrimiento funcional y decorativo en superficies de vidrio.<\/p>\n\n\n\n<p><strong>Bombardeo de iones fuertes:<\/strong> El proceso de recubrimiento i\u00f3nico multiarco presenta caracter\u00edsticas de bombardeo i\u00f3nico intenso, lo que mejora eficazmente el estado de uni\u00f3n de la superficie del vidrio y aumenta la fuerza de adhesi\u00f3n entre la pel\u00edcula y el sustrato.<\/p>\n\n\n\n<p><strong>Control preciso del recubrimiento: <\/strong>La estructura optimizada de la c\u00e1mara de vac\u00edo y el dise\u00f1o de distribuci\u00f3n de ionen garantizan una deposici\u00f3n uniforme de la pel\u00edcula en diferentes puntos del sustrato de vidrio, lo que reduce las diferencias de grosor y color.<\/p>\n\n\n\n<p><strong>Ajuste independiente de m\u00faltiples par\u00e1metros de proceso: <\/strong>Permite un control preciso de la corriente de la fuente de arco, el voltaje de polarizaci\u00f3n, la fuente de alimentaci\u00f3n y los par\u00e1metros del gas, adapt\u00e1ndose a diferentes tipos de vidrio y requisitos de recubrimiento, lo que mejora la estabilidad y la repetibilidad del proceso.<\/p>\n\n\n\n<p><strong>Estructura de pel\u00edculas multicapa y compuestas: <\/strong>Permite la deposici\u00f3n por apilamiento de pel\u00edculas de recubrimiento i\u00f3nico multiarco, satisfaciendo diversos requisitos de estructura de la pel\u00edcula, tales como resistencia al desgaste, resistencia a la corrosi\u00f3n, coloraci\u00f3n decorativa y refuerzo de la superficie.<\/p>\n\n\n\n<p><strong>Sistema automatizado de sujeci\u00f3n y rotaci\u00f3n: <\/strong>La estructura de sujeci\u00f3n giratoria multieje garantiza una distribuci\u00f3n uniforme de los iones sobre el vidrio durante el proceso de recubrimiento, lo que mejora la consistencia del recubrimiento de vidrio en grandes superficies o por lotes.<\/p>\n\n\n\n<p><strong>Soluciones de aplicaci\u00f3n multisectoriales:<\/strong> El equipo de recubrimiento al vac\u00edo multiarco CGVAC se utiliza para vidrio arquitect\u00f3nico y decorativo, vidrio para muebles y electrodom\u00e9sticos, vidrio para iluminaci\u00f3n y arte, vidrio funcional, etc., proporcionando a la industria del vidrio una soluci\u00f3n integral de PVD i\u00f3nico multiarco que equilibra los aspectos decorativos y funcionales.<\/p>\n<\/div>\n<\/div>","protected":false},"excerpt":{"rendered":"<p data-start=\"2608\" data-end=\"2931\">La m\u00e1quina de recubrimiento al vac\u00edo por iones multiarco de alta estabilidad CGVAC, dise\u00f1ada para ofrecer un rendimiento constante en el recubrimiento de vidrio, proporciona recubrimientos uniformes y de alta adhesi\u00f3n para aplicaciones en vidrio. Solicite ahora informaci\u00f3n sobre la configuraci\u00f3n personalizada de la m\u00e1quina de recubrimiento PVD para vidrio.<\/p>\n<h2>Par\u00e1metros t\u00e9cnicos:<\/h2>\n<table width=\"973\">\n<tbody>\n<tr>\n<td width=\"202\"><strong>Materiales<\/strong><\/td>\n<td width=\"771\">Titanio (Ti), cromo (Cr), circonio (Zr), TiAl, Ni, Cu, Al, Fe, etc.<\/td>\n<\/tr>\n<tr>\n<td><strong>Gases industriales<\/strong><\/td>\n<td>Arg\u00f3n (Ar), Nitr\u00f3geno (N\u2082), Acetileno (C\u2082H\u2082), Ox\u00edgeno (O\u2082).<\/td>\n<\/tr>\n<tr>\n<td><strong>Tecnolog\u00eda de revestimiento<\/strong><\/td>\n<td>Recubrimiento i\u00f3nico multiarco al vac\u00edo<\/td>\n<\/tr>\n<tr>\n<td><strong>Color del revestimiento<\/strong><\/td>\n<td>Plata titanio, oro, oro rosa, morado, azul zafiro, perla, \u00e1mbar, gris oscuro, negro cromado y multicolor.<\/td>\n<\/tr>\n<tr>\n<td><strong>Revestimientos funcionales<\/strong><\/td>\n<td>TiN, TiCN, CrN, ZrN, TiAlN, CrAlN, DLC y otros recubrimientos duros y resistentes al desgaste.<\/td>\n<\/tr>\n<tr>\n<td><strong>Componentes b\u00e1sicos<\/strong><\/td>\n<td>Objetivo del arco, sistema de control, bomba<\/td>\n<\/tr>\n<tr>\n<td><strong>Aplicaci\u00f3n<\/strong><\/td>\n<td>Acero inoxidable, metal, art\u00edculos sanitarios, vajillas de cer\u00e1mica, joyer\u00eda, vidrio, azulejos.<\/td>\n<\/tr>\n<tr>\n<td><strong>Personalizaci\u00f3n<\/strong><\/td>\n<td>Tama\u00f1o, material de destino, color, dise\u00f1o de fijaci\u00f3n y plan de proceso personalizados<\/td>\n<\/tr>\n<tr>\n<td><strong>Servicio<\/strong><\/td>\n<td>Informes de pruebas mec\u00e1nicas\/muestras, v\u00eddeo de inspecci\u00f3n de salida y orientaci\u00f3n t\u00e9cnica.<\/td>\n<\/tr>\n<\/tbody>\n<\/table>\n<p>&nbsp;<\/p>","protected":false},"featured_media":1233,"comment_status":"closed","ping_status":"closed","template":"","meta":{"_acf_changed":true},"application":[25],"product_brand":[],"product_cat":[19],"product_tag":[],"class_list":{"0":"post-1232","1":"product","2":"type-product","3":"status-publish","4":"has-post-thumbnail","6":"application-glass-pvd-coating-machine","7":"product_cat-multi-arc-ion-vacuum-coating-machine","9":"first","10":"instock","11":"shipping-taxable","12":"product-type-simple"},"acf":[],"_links":{"self":[{"href":"https:\/\/www.cgvacuum.com\/es\/wp-json\/wp\/v2\/product\/1232","targetHints":{"allow":["GET"]}}],"collection":[{"href":"https:\/\/www.cgvacuum.com\/es\/wp-json\/wp\/v2\/product"}],"about":[{"href":"https:\/\/www.cgvacuum.com\/es\/wp-json\/wp\/v2\/types\/product"}],"replies":[{"embeddable":true,"href":"https:\/\/www.cgvacuum.com\/es\/wp-json\/wp\/v2\/comments?post=1232"}],"wp:featuredmedia":[{"embeddable":true,"href":"https:\/\/www.cgvacuum.com\/es\/wp-json\/wp\/v2\/media\/1233"}],"wp:attachment":[{"href":"https:\/\/www.cgvacuum.com\/es\/wp-json\/wp\/v2\/media?parent=1232"}],"wp:term":[{"taxonomy":"application","embeddable":true,"href":"https:\/\/www.cgvacuum.com\/es\/wp-json\/wp\/v2\/application?post=1232"},{"taxonomy":"product_brand","embeddable":true,"href":"https:\/\/www.cgvacuum.com\/es\/wp-json\/wp\/v2\/product_brand?post=1232"},{"taxonomy":"product_cat","embeddable":true,"href":"https:\/\/www.cgvacuum.com\/es\/wp-json\/wp\/v2\/product_cat?post=1232"},{"taxonomy":"product_tag","embeddable":true,"href":"https:\/\/www.cgvacuum.com\/es\/wp-json\/wp\/v2\/product_tag?post=1232"}],"curies":[{"name":"wp","href":"https:\/\/api.w.org\/{rel}","templated":true}]}}