{"id":1230,"date":"2025-12-18T09:53:28","date_gmt":"2025-12-18T09:53:28","guid":{"rendered":"https:\/\/www.cgvacuum.com\/?post_type=product&#038;p=1230"},"modified":"2025-12-19T06:53:42","modified_gmt":"2025-12-19T06:53:42","slug":"pvd-coating-machine-for-jewelry","status":"publish","type":"product","link":"https:\/\/www.cgvacuum.com\/es\/producto\/pvd-coating-machine-for-jewelry\/","title":{"rendered":"M\u00e1quina de recubrimiento PVD para joyer\u00eda M\u00e1quina de recubrimiento al vac\u00edo por evaporaci\u00f3n Fabricante CGVAC"},"content":{"rendered":"<h3 class=\"wp-block-heading\">Especificaciones de la m\u00e1quina de revestimiento PVD para joyer\u00eda:<\/h3>\n\n\n\n<figure class=\"wp-block-table\"><table class=\"has-fixed-layout\"><tbody><tr><td><strong>N\u00famero de modelo<\/strong><\/td><td><strong>Dimensiones DxH (mm)<\/strong><\/td><td><strong>Vac\u00edo final (Pa)<\/strong><\/td><td><strong>Tiempo de bombeo (min)<\/strong><\/td><td><strong>Potencia total (kW)<\/strong><\/td><\/tr><tr><td>ZZ1214<\/td><td>1200 x 1400 mm<\/td><td>\u22648\u00d710-\u2074<\/td><td>\uff1c5<\/td><td>35<\/td><\/tr><tr><td>ZZ1416<\/td><td>1400 x 1600 mm<\/td><td>\u22648\u00d710-\u2074<\/td><td>\uff1c5<\/td><td>65<\/td><\/tr><tr><td>ZZ1618<\/td><td>1600 x 1800 mm<\/td><td>\u22648\u00d710-\u2074<\/td><td>\uff1c5<\/td><td>75<\/td><\/tr><tr><td>ZZ1820<\/td><td>1800 x 2000 mm<\/td><td>\u22648\u00d710-\u2074<\/td><td>\uff1c5<\/td><td>90<\/td><\/tr><tr><td>ZZ2020<\/td><td>2000*2000 mm<\/td><td>\u22648\u00d710-\u2074<\/td><td>\uff1c5<\/td><td>105<\/td><\/tr><\/tbody><\/table><\/figure>\n\n\n\n<p><strong>*Las especificaciones del equipo se pueden personalizar seg\u00fan los requisitos del cliente.<\/strong><\/p>\n\n\n\n<div class=\"wp-block-columns is-layout-flex wp-container-core-columns-is-layout-9d6595d7 wp-block-columns-is-layout-flex\">\n<div class=\"wp-block-column is-layout-flow wp-block-column-is-layout-flow\">\n<figure class=\"wp-block-image size-full\"><img decoding=\"async\" width=\"750\" height=\"750\" src=\"https:\/\/www.cgvacuum.com\/wp-content\/uploads\/2025\/12\/pvd-coating-machine-for-jewelry.webp\" alt=\"m\u00e1quina de recubrimiento pvd para joyer\u00eda\" class=\"wp-image-1231\" srcset=\"https:\/\/www.cgvacuum.com\/wp-content\/uploads\/2025\/12\/pvd-coating-machine-for-jewelry.webp 750w, https:\/\/www.cgvacuum.com\/wp-content\/uploads\/2025\/12\/pvd-coating-machine-for-jewelry-300x300.webp 300w, https:\/\/www.cgvacuum.com\/wp-content\/uploads\/2025\/12\/pvd-coating-machine-for-jewelry-150x150.webp 150w, https:\/\/www.cgvacuum.com\/wp-content\/uploads\/2025\/12\/pvd-coating-machine-for-jewelry-12x12.webp 12w, https:\/\/www.cgvacuum.com\/wp-content\/uploads\/2025\/12\/pvd-coating-machine-for-jewelry-600x600.webp 600w, https:\/\/www.cgvacuum.com\/wp-content\/uploads\/2025\/12\/pvd-coating-machine-for-jewelry-100x100.webp 100w\" sizes=\"(max-width: 750px) 100vw, 750px\" \/><\/figure>\n<\/div>\n\n\n\n<div class=\"wp-block-column is-layout-flow wp-block-column-is-layout-flow\">\n<h3 class=\"wp-block-heading\">Caracter\u00edsticas de la m\u00e1quina de recubrimiento PVD para joyer\u00eda:<\/h3>\n\n\n\n<p><strong>C\u00e1mara de sputtering de magnetr\u00f3n de alta estabilidad<\/strong>: Los sistemas de PVD para sputtering magnetr\u00f3nico para joyer\u00eda de CGVAC presentan una robusta c\u00e1mara de vac\u00edo con una construcci\u00f3n soldada de precisi\u00f3n. Esta estabilidad mec\u00e1nica minimiza la vibraci\u00f3n y la deformaci\u00f3n t\u00e9rmica durante el funcionamiento, garantizando un espesor de revestimiento uniforme, un color consistente y una calidad repetible para aplicaciones de joyer\u00eda de alta gama.<\/p>\n\n\n\n<p><strong>Dispositivos giratorios multiestaci\u00f3n:<\/strong> Equipado con rotaci\u00f3n multieje y fijaci\u00f3n vers\u00e1til, el sistema admite anillos, collares, colgantes y pendientes. El dise\u00f1o mec\u00e1nico garantiza una cobertura de \u00e1ngulo completo durante el sputtering, lo que mejora la adherencia del revestimiento y la cobertura de los bordes, y reduce la repetici\u00f3n del trabajo en piezas decorativas complejas.<\/p>\n\n\n\n<p><strong>Configuraci\u00f3n modular del objetivo<\/strong>: Con un dise\u00f1o flexible de magnetr\u00f3n multiobjetivo, el equipo puede admitir Ti, Cr, Zr, acero inoxidable y otros materiales. Esto permite una amplia gama de acabados decorativos como oro, oro rosa, negro y bronce de ca\u00f1\u00f3n. Una sola m\u00e1quina puede admitir varios estilos de revestimiento, lo que maximiza el retorno de la inversi\u00f3n de los fabricantes de joyas.<\/p>\n\n\n\n<p><strong>Sistemas eficientes de vac\u00edo y accionamiento<\/strong>: Los sistemas de PVD CGVAC integran un bombeo de vac\u00edo de alto rendimiento y sistemas de accionamiento mec\u00e1nico estables, lo que permite un bombeo r\u00e1pido y un funcionamiento continuo fiable. Incluso con cargas de producci\u00f3n elevadas, el sistema mantiene un control preciso del proceso, equilibrando la productividad con una calidad superficial de joyer\u00eda, ideal para OEM, ODM o producci\u00f3n a gran escala.<\/p>\n\n\n\n<p><strong>Plataforma multisectorial que ofrece soluciones de revestimiento llave en mano<\/strong>: Construido sobre una plataforma mec\u00e1nica modular, el equipo de sputtering de CGVAC es adecuado no s\u00f3lo para joyer\u00eda, sino tambi\u00e9n para aplicaciones de decoraci\u00f3n de ba\u00f1os, acero inoxidable, vidrio, cer\u00e1mica y pl\u00e1stico. CGVAC ofrece una soluci\u00f3n completa -desde la selecci\u00f3n del equipo y la configuraci\u00f3n del proceso hasta el despliegue de la aplicaci\u00f3n- que permite capacidades de recubrimiento vers\u00e1tiles, escalables y multisectoriales.<\/p>\n<\/div>\n<\/div>","protected":false},"excerpt":{"rendered":"<p>M\u00e1quina de recubrimiento PVD CGVAC para joyer\u00eda con sputtering por magnetr\u00f3n de alta estabilidad, dispositivos multieje para formas complejas y c\u00e1todos modulares para acabados decorativos y funcionales. Ideal para el recubrimiento de joyer\u00eda, acero inoxidable, vidrio y m\u00faltiples industrias. Solicite ahora soluciones de revestimiento personalizadas.<\/p>\n<h2>Par\u00e1metros t\u00e9cnicos:<\/h2>\n<table border=\"0\" width=\"973\" cellspacing=\"0\" cellpadding=\"0\">\n<tbody>\n<tr>\n<td width=\"202\" height=\"22\"><strong>Materiales<\/strong><\/td>\n<td width=\"771\">Alambre de Al, Cu, Ag, Cr (t\u00e9rmico), Metales decorativos<\/td>\n<\/tr>\n<tr>\n<td height=\"22\"><strong>Tecnolog\u00eda de revestimiento<\/strong><\/td>\n<td>Revestimiento al vac\u00edo por evaporaci\u00f3n<\/td>\n<\/tr>\n<tr>\n<td height=\"22\"><strong>Pel\u00edculas funcionales y \u00f3pticas<\/strong><\/td>\n<td>Principalmente para recubrimientos decorativos, se puede integrar con recubrimientos UV o capas pulverizadas.<\/td>\n<\/tr>\n<tr>\n<td height=\"22\"><strong>Componentes b\u00e1sicos<\/strong><\/td>\n<td>Objetivo del arco, sistema de control, bomba<\/td>\n<\/tr>\n<tr>\n<td height=\"22\"><strong>Aplicaci\u00f3n<\/strong><\/td>\n<td>Pl\u00e1sticos, cer\u00e1mica de uso diario, vidrio, joyer\u00eda y abalorios, acero inoxidable.<\/td>\n<\/tr>\n<tr>\n<td height=\"22\"><strong>Personalizaci\u00f3n<\/strong><\/td>\n<td>Tama\u00f1o, material de destino, color, dise\u00f1o de fijaci\u00f3n y plan de proceso personalizados<\/td>\n<\/tr>\n<tr>\n<td height=\"22\"><strong>Servicio<\/strong><\/td>\n<td>Informes de pruebas mec\u00e1nicas\/muestras, v\u00eddeo de inspecci\u00f3n de salida y orientaci\u00f3n t\u00e9cnica.<\/td>\n<\/tr>\n<\/tbody>\n<\/table>\n<p>&nbsp;<\/p>","protected":false},"featured_media":1231,"comment_status":"closed","ping_status":"closed","template":"","meta":{"_acf_changed":true},"application":[28],"product_brand":[],"product_cat":[21],"product_tag":[],"class_list":{"0":"post-1230","1":"product","2":"type-product","3":"status-publish","4":"has-post-thumbnail","6":"application-jewelry-beads-pvd-coating-machine","7":"product_cat-evaporation-vacuum-coating-machine","9":"first","10":"instock","11":"shipping-taxable","12":"product-type-simple"},"acf":[],"_links":{"self":[{"href":"https:\/\/www.cgvacuum.com\/es\/wp-json\/wp\/v2\/product\/1230","targetHints":{"allow":["GET"]}}],"collection":[{"href":"https:\/\/www.cgvacuum.com\/es\/wp-json\/wp\/v2\/product"}],"about":[{"href":"https:\/\/www.cgvacuum.com\/es\/wp-json\/wp\/v2\/types\/product"}],"replies":[{"embeddable":true,"href":"https:\/\/www.cgvacuum.com\/es\/wp-json\/wp\/v2\/comments?post=1230"}],"wp:featuredmedia":[{"embeddable":true,"href":"https:\/\/www.cgvacuum.com\/es\/wp-json\/wp\/v2\/media\/1231"}],"wp:attachment":[{"href":"https:\/\/www.cgvacuum.com\/es\/wp-json\/wp\/v2\/media?parent=1230"}],"wp:term":[{"taxonomy":"application","embeddable":true,"href":"https:\/\/www.cgvacuum.com\/es\/wp-json\/wp\/v2\/application?post=1230"},{"taxonomy":"product_brand","embeddable":true,"href":"https:\/\/www.cgvacuum.com\/es\/wp-json\/wp\/v2\/product_brand?post=1230"},{"taxonomy":"product_cat","embeddable":true,"href":"https:\/\/www.cgvacuum.com\/es\/wp-json\/wp\/v2\/product_cat?post=1230"},{"taxonomy":"product_tag","embeddable":true,"href":"https:\/\/www.cgvacuum.com\/es\/wp-json\/wp\/v2\/product_tag?post=1230"}],"curies":[{"name":"wp","href":"https:\/\/api.w.org\/{rel}","templated":true}]}}