{"id":1214,"date":"2025-12-09T06:39:48","date_gmt":"2025-12-09T06:39:48","guid":{"rendered":"https:\/\/www.cgvacuum.com\/?post_type=product&#038;p=1214"},"modified":"2025-12-18T10:12:21","modified_gmt":"2025-12-18T10:12:21","slug":"pvd-coating-machine-for-glass","status":"publish","type":"product","link":"https:\/\/www.cgvacuum.com\/es\/producto\/pvd-coating-machine-for-glass\/","title":{"rendered":"M\u00e1quina de recubrimiento PVD para vidrio M\u00e1quina de recubrimiento al vac\u00edo por evaporaci\u00f3n F\u00e1brica"},"content":{"rendered":"<h3 class=\"wp-block-heading\">Especificaciones de la m\u00e1quina de revestimiento PVD para vidrio:<\/h3>\n\n\n\n<figure class=\"wp-block-table\"><table class=\"has-fixed-layout\"><tbody><tr><td><strong>N\u00famero de modelo<\/strong><\/td><td><strong>Dimensiones DxH (mm)<\/strong><\/td><td><strong>Vac\u00edo final (Pa)<\/strong><\/td><td><strong>Tiempo de bombeo (min)<\/strong><\/td><td><strong>Potencia total (kW)<\/strong><\/td><\/tr><tr><td>ZZ1214<\/td><td>1200 x 1400 mm<\/td><td>\u22648\u00d710-\u2074<\/td><td>\uff1c5<\/td><td>35<\/td><\/tr><tr><td>ZZ1416<\/td><td>1400 x 1600 mm<\/td><td>\u22648\u00d710-\u2074<\/td><td>\uff1c5<\/td><td>65<\/td><\/tr><tr><td>ZZ1618<\/td><td>1600 x 1800 mm<\/td><td>\u22648\u00d710-\u2074<\/td><td>\uff1c5<\/td><td>75<\/td><\/tr><tr><td>ZZ1820<\/td><td>1800 x 2000 mm<\/td><td>\u22648\u00d710-\u2074<\/td><td>\uff1c5<\/td><td>90<\/td><\/tr><tr><td>ZZ2020<\/td><td>2000*2000 mm<\/td><td>\u22648\u00d710-\u2074<\/td><td>\uff1c5<\/td><td>105<\/td><\/tr><\/tbody><\/table><\/figure>\n\n\n\n<p><strong>*Las especificaciones del equipo se pueden personalizar seg\u00fan los requisitos del cliente.<\/strong><\/p>\n\n\n\n<div class=\"wp-block-columns is-layout-flex wp-container-core-columns-is-layout-9d6595d7 wp-block-columns-is-layout-flex\">\n<div class=\"wp-block-column is-layout-flow wp-block-column-is-layout-flow\">\n<figure class=\"wp-block-image size-full\"><img decoding=\"async\" width=\"760\" height=\"760\" src=\"https:\/\/www.cgvacuum.com\/wp-content\/uploads\/2025\/12\/PVD-coating-machine-for-Glass.webp\" alt=\"M\u00e1quina de recubrimiento PVD para vidrio\" class=\"wp-image-1215\" srcset=\"https:\/\/www.cgvacuum.com\/wp-content\/uploads\/2025\/12\/PVD-coating-machine-for-Glass.webp 760w, https:\/\/www.cgvacuum.com\/wp-content\/uploads\/2025\/12\/PVD-coating-machine-for-Glass-300x300.webp 300w, https:\/\/www.cgvacuum.com\/wp-content\/uploads\/2025\/12\/PVD-coating-machine-for-Glass-150x150.webp 150w, https:\/\/www.cgvacuum.com\/wp-content\/uploads\/2025\/12\/PVD-coating-machine-for-Glass-12x12.webp 12w, https:\/\/www.cgvacuum.com\/wp-content\/uploads\/2025\/12\/PVD-coating-machine-for-Glass-600x600.webp 600w, https:\/\/www.cgvacuum.com\/wp-content\/uploads\/2025\/12\/PVD-coating-machine-for-Glass-100x100.webp 100w\" sizes=\"(max-width: 760px) 100vw, 760px\" \/><\/figure>\n<\/div>\n\n\n\n<div class=\"wp-block-column is-layout-flow wp-block-column-is-layout-flow\">\n<h3 class=\"wp-block-heading\">Caracter\u00edsticas de la m\u00e1quina de revestimiento PVD para vidrio:<\/h3>\n\n\n\n<p><strong>Configuraci\u00f3n de la fuente de evaporaci\u00f3n espec\u00edfica para vidrio<\/strong>: Utilizando una fuente de evaporaci\u00f3n por resistencia de alta eficiencia o una fuente de evaporaci\u00f3n por haz de electrones, genera de forma estable un flujo de vapor met\u00e1lico, garantizando un recubrimiento uniforme y bien adherido a la superficie del vidrio. Es especialmente adecuado para el procesado de vidrio transparente, transl\u00facido y coloreado.<\/p>\n\n\n\n<p><strong>C\u00e1mara de vac\u00edo vertical de gran tama\u00f1o:<\/strong> La estructura cil\u00edndrica vertical proporciona un flujo de aire m\u00e1s estable y una mejor uniformidad de la pel\u00edcula \u00f3ptica, acomodando grandes \u00e1reas o m\u00faltiples sustratos de vidrio. Se adapta perfectamente a las necesidades de producci\u00f3n de vidrio arquitect\u00f3nico, mobiliario y decorativo.<\/p>\n\n\n\n<p><strong>Sistema de control preciso de la temperatura: <\/strong>El equipo integra un modo de aumento de la temperatura y un control del enfriamiento para evitar la deformaci\u00f3n y el agrietamiento del vidrio debido a la expansi\u00f3n t\u00e9rmica durante el recubrimiento, lo que mejora la estabilidad del proceso.<\/p>\n\n\n\n<p><strong>Deposici\u00f3n por evaporaci\u00f3n de pel\u00edculas multicapa:<\/strong> Puede depositar estructuras multicapa como pel\u00edculas met\u00e1licas, pel\u00edculas de \u00f3xido y capas protectoras, satisfaciendo diversas aplicaciones como la reflexi\u00f3n \u00f3ptica, el ajuste de la transmisi\u00f3n de la luz, la decoraci\u00f3n del color y la mejora funcional.<\/p>\n\n\n\n<p><strong>Mecanismo de sujeci\u00f3n giratorio autom\u00e1tico<\/strong>: El bastidor giratorio multi\u00e1ngulo garantiza una deposici\u00f3n uniforme de la pel\u00edcula sobre el vidrio. La estructura de apantallamiento permite el recubrimiento localizado en distintas zonas, adecuado para el procesado de vidrio art\u00edstico y decorativo.<\/p>\n\n\n\n<p><strong>Sistema de bombeo de vac\u00edo de alta eficacia:<\/strong> Equipada con una combinaci\u00f3n de bombas mec\u00e1nicas de alta eficiencia y bombas de difusi\u00f3n\/turbomoleculares, alcanza niveles de vac\u00edo ideales en poco tiempo, aumentando el tiempo del ciclo de producci\u00f3n y mejorando la pureza de la pel\u00edcula.<\/p>\n\n\n\n<p><strong>Amplia gama de sectores<\/strong>: Abarca desde el vidrio aislante y el vidrio reflectante, el vidrio para muebles que comprende paneles para puertas y paneles decorativos, el vidrio para iluminaci\u00f3n, como pantallas de l\u00e1mparas y componentes \u00f3pticos, hasta el vidrio art\u00edstico: obras de arte y regalos. Recubrimientos de evaporaci\u00f3n estable para una amplia gama de industrias.<\/p>\n<\/div>\n<\/div>","protected":false},"excerpt":{"rendered":"<p>CGVAC M\u00e1quina de recubrimiento PVD para vidrio con evaporaci\u00f3n optimizada y rendimiento de vac\u00edo estable. CGVAC ofrece una soluci\u00f3n personalizada y asistencia t\u00e9cnica completa. P\u00f3ngase en contacto con nosotros para opciones de m\u00e1quinas personalizadas.<\/p>\n<h2>Par\u00e1metros t\u00e9cnicos:<\/h2>\n<table border=\"0\" width=\"973\" cellspacing=\"0\" cellpadding=\"0\">\n<tbody>\n<tr>\n<td width=\"202\" height=\"22\"><strong>Materiales<\/strong><\/td>\n<td width=\"771\">Alambre de Al, Cu, Ag, Cr (t\u00e9rmico), Metales decorativos<\/td>\n<\/tr>\n<tr>\n<td height=\"22\"><strong>Tecnolog\u00eda de revestimiento<\/strong><\/td>\n<td>Revestimiento al vac\u00edo por evaporaci\u00f3n<\/td>\n<\/tr>\n<tr>\n<td height=\"22\"><strong>Pel\u00edculas funcionales y \u00f3pticas<\/strong><\/td>\n<td>Principalmente para recubrimientos decorativos, se puede integrar con recubrimientos UV o capas pulverizadas.<\/td>\n<\/tr>\n<tr>\n<td height=\"22\"><strong>Componentes b\u00e1sicos<\/strong><\/td>\n<td>Objetivo del arco, sistema de control, bomba<\/td>\n<\/tr>\n<tr>\n<td height=\"22\"><strong>Aplicaci\u00f3n<\/strong><\/td>\n<td>Pl\u00e1sticos, cer\u00e1mica de uso diario, vidrio, joyer\u00eda y abalorios, acero inoxidable.<\/td>\n<\/tr>\n<tr>\n<td height=\"22\"><strong>Personalizaci\u00f3n<\/strong><\/td>\n<td>Tama\u00f1o, material de destino, color, dise\u00f1o de fijaci\u00f3n y plan de proceso personalizados<\/td>\n<\/tr>\n<tr>\n<td height=\"22\"><strong>Servicio<\/strong><\/td>\n<td>Informes de pruebas mec\u00e1nicas\/muestras, v\u00eddeo de inspecci\u00f3n de salida y orientaci\u00f3n t\u00e9cnica.<\/td>\n<\/tr>\n<\/tbody>\n<\/table>\n<p>&nbsp;<\/p>","protected":false},"featured_media":1215,"comment_status":"closed","ping_status":"closed","template":"","meta":{"_acf_changed":true},"application":[25],"product_brand":[],"product_cat":[21],"product_tag":[],"class_list":{"0":"post-1214","1":"product","2":"type-product","3":"status-publish","4":"has-post-thumbnail","6":"application-glass-pvd-coating-machine","7":"product_cat-evaporation-vacuum-coating-machine","9":"first","10":"instock","11":"shipping-taxable","12":"product-type-simple"},"acf":[],"_links":{"self":[{"href":"https:\/\/www.cgvacuum.com\/es\/wp-json\/wp\/v2\/product\/1214","targetHints":{"allow":["GET"]}}],"collection":[{"href":"https:\/\/www.cgvacuum.com\/es\/wp-json\/wp\/v2\/product"}],"about":[{"href":"https:\/\/www.cgvacuum.com\/es\/wp-json\/wp\/v2\/types\/product"}],"replies":[{"embeddable":true,"href":"https:\/\/www.cgvacuum.com\/es\/wp-json\/wp\/v2\/comments?post=1214"}],"wp:featuredmedia":[{"embeddable":true,"href":"https:\/\/www.cgvacuum.com\/es\/wp-json\/wp\/v2\/media\/1215"}],"wp:attachment":[{"href":"https:\/\/www.cgvacuum.com\/es\/wp-json\/wp\/v2\/media?parent=1214"}],"wp:term":[{"taxonomy":"application","embeddable":true,"href":"https:\/\/www.cgvacuum.com\/es\/wp-json\/wp\/v2\/application?post=1214"},{"taxonomy":"product_brand","embeddable":true,"href":"https:\/\/www.cgvacuum.com\/es\/wp-json\/wp\/v2\/product_brand?post=1214"},{"taxonomy":"product_cat","embeddable":true,"href":"https:\/\/www.cgvacuum.com\/es\/wp-json\/wp\/v2\/product_cat?post=1214"},{"taxonomy":"product_tag","embeddable":true,"href":"https:\/\/www.cgvacuum.com\/es\/wp-json\/wp\/v2\/product_tag?post=1214"}],"curies":[{"name":"wp","href":"https:\/\/api.w.org\/{rel}","templated":true}]}}