{"id":1212,"date":"2025-12-09T06:12:08","date_gmt":"2025-12-09T06:12:08","guid":{"rendered":"https:\/\/www.cgvacuum.com\/?post_type=product&#038;p=1212"},"modified":"2025-12-18T09:51:05","modified_gmt":"2025-12-18T09:51:05","slug":"pvd-coating-machine-for-stainless-steel-hardware","status":"publish","type":"product","link":"https:\/\/www.cgvacuum.com\/es\/producto\/pvd-coating-machine-for-stainless-steel-hardware\/","title":{"rendered":"M\u00e1quina de recubrimiento PVD para herrajes de acero inoxidable, m\u00e1quina de recubrimiento al vac\u00edo por pulverizaci\u00f3n cat\u00f3dica con magnetr\u00f3n"},"content":{"rendered":"<h3 class=\"wp-block-heading\">Especificaciones de la m\u00e1quina de revestimiento PVD para herrajes de acero inoxidable:<\/h3>\n\n\n\n<figure class=\"wp-block-table\"><table class=\"has-fixed-layout\"><tbody><tr><td><strong>N\u00famero de modelo<\/strong><\/td><td><strong>Dimensiones DxH (mm)<\/strong><\/td><td><strong>Vac\u00edo final (Pa)<\/strong><\/td><td><strong>Tiempo de bombeo (min)<\/strong><\/td><td><strong>Potencia de soplado (kW)<\/strong><\/td><td><strong>Potencia total (kW)<\/strong><\/td><\/tr><tr><td>CZ1214<\/td><td>1200 x 1400 mm<\/td><td>\u22648\u00d710-\u2074<\/td><td>\uff1c5<\/td><td>40<\/td><td>50<\/td><\/tr><tr><td>CZ1416<\/td><td>1400 x 1600 mm<\/td><td>\u22648\u00d710-\u2074<\/td><td>\uff1c5<\/td><td>60<\/td><td>60<\/td><\/tr><tr><td>CZ1618<\/td><td>1600 x 1800 mm<\/td><td>\u22648\u00d710-\u2074<\/td><td>\uff1c5<\/td><td>80<\/td><td>80<\/td><\/tr><tr><td>CZ1818<\/td><td>1800 x 1800 mm<\/td><td>\u22648\u00d710-\u2074<\/td><td>\uff1c5<\/td><td>160<\/td><td>110<\/td><\/tr><tr><td>CZ2018<\/td><td>2000*1800 mm<\/td><td>\u22648\u00d710-\u2074<\/td><td>\uff1c5<\/td><td>160<\/td><td>120<\/td><\/tr><\/tbody><\/table><\/figure>\n\n\n\n<p><strong>*Las especificaciones del equipo se pueden personalizar seg\u00fan los requisitos del cliente.<\/strong><\/p>\n\n\n\n<div class=\"wp-block-columns is-layout-flex wp-container-core-columns-is-layout-9d6595d7 wp-block-columns-is-layout-flex\">\n<div class=\"wp-block-column is-layout-flow wp-block-column-is-layout-flow\">\n<figure class=\"wp-block-image size-full\"><img decoding=\"async\" width=\"800\" height=\"800\" src=\"https:\/\/www.cgvacuum.com\/wp-content\/uploads\/2025\/12\/PVD-Coating-Machine-for-Stainless-Steel-Hardware.webp\" alt=\"M\u00e1quina de recubrimiento PVD para herrajes de acero inoxidable\" class=\"wp-image-1213\" srcset=\"https:\/\/www.cgvacuum.com\/wp-content\/uploads\/2025\/12\/PVD-Coating-Machine-for-Stainless-Steel-Hardware.webp 800w, https:\/\/www.cgvacuum.com\/wp-content\/uploads\/2025\/12\/PVD-Coating-Machine-for-Stainless-Steel-Hardware-300x300.webp 300w, https:\/\/www.cgvacuum.com\/wp-content\/uploads\/2025\/12\/PVD-Coating-Machine-for-Stainless-Steel-Hardware-150x150.webp 150w, https:\/\/www.cgvacuum.com\/wp-content\/uploads\/2025\/12\/PVD-Coating-Machine-for-Stainless-Steel-Hardware-768x768.webp 768w, https:\/\/www.cgvacuum.com\/wp-content\/uploads\/2025\/12\/PVD-Coating-Machine-for-Stainless-Steel-Hardware-12x12.webp 12w, https:\/\/www.cgvacuum.com\/wp-content\/uploads\/2025\/12\/PVD-Coating-Machine-for-Stainless-Steel-Hardware-600x600.webp 600w, https:\/\/www.cgvacuum.com\/wp-content\/uploads\/2025\/12\/PVD-Coating-Machine-for-Stainless-Steel-Hardware-100x100.webp 100w\" sizes=\"(max-width: 800px) 100vw, 800px\" \/><\/figure>\n<\/div>\n\n\n\n<div class=\"wp-block-column is-layout-flow wp-block-column-is-layout-flow\">\n<h3 class=\"wp-block-heading\">Caracter\u00edsticas de la m\u00e1quina de recubrimiento PVD para herrajes de acero inoxidable:<\/h3>\n\n\n\n<p><strong>Estructura de deposici\u00f3n por sputtering magnetr\u00f3nico de alta eficacia: <\/strong>Utilizando una distribuci\u00f3n optimizada del campo magn\u00e9tico y componentes objetivo altamente estables, forma un plasma de mayor densidad, mejorando la densidad de la pel\u00edcula, la adherencia y la resistencia a la corrosi\u00f3n, adecuado para tratamientos de superficies de acero inoxidable y hardware de alta exigencia.<\/p>\n\n\n\n<p><strong>Control preciso del revestimiento: <\/strong>El dise\u00f1o de la cavidad mejora el control de la uniformidad. Mediante un ajuste preciso del flujo de aire y un entorno de deposici\u00f3n a baja presi\u00f3n, se consigue un grosor de pel\u00edcula y un color m\u00e1s uniformes en piezas de hardware de geometr\u00eda compleja.<\/p>\n\n\n\n<p><strong>Control programado enlazado multiproceso<\/strong>: Admite combinaciones programables de limpieza previa, activaci\u00f3n por plasma, deposici\u00f3n por sputtering y revestimiento reactivo. Se pueden configurar archivos de proceso independientes en funci\u00f3n de los distintos materiales de hardware y acero inoxidable, lo que permite un cambio r\u00e1pido y una repetibilidad constante.<\/p>\n\n\n\n<p><strong>Sistema de rotaci\u00f3n de alta carga:<\/strong> Al emplear una estructura de rotaci\u00f3n multieje y velocidad variable, mantiene el \u00e1ngulo \u00f3ptimo para lotes de piezas de hardware durante la deposici\u00f3n, lo que mejora la uniformidad y la eficacia de la producci\u00f3n de revestimientos de gran volumen.<\/p>\n\n\n\n<p><strong>Apoyo a la personalizaci\u00f3n<\/strong>: Admite objetivos met\u00e1licos, objetivos de aleaci\u00f3n, combinaciones multiobjetivo y procesos de gas reactivo como la nitruraci\u00f3n, el carburo y la oxidaci\u00f3n, lo que permite la deposici\u00f3n de diversas pel\u00edculas funcionales y decorativas.<\/p>\n\n\n\n<p><strong>Compatibilidad multimaterial:<\/strong> La polarizaci\u00f3n ajustable, la energ\u00eda de deposici\u00f3n controlable y la activaci\u00f3n i\u00f3nica permiten un recubrimiento compatible en diversos materiales met\u00e1licos, como acero inoxidable, aleaci\u00f3n de zinc, cobre y aleaci\u00f3n de aluminio, mejorando la adherencia de la pel\u00edcula.<\/p>\n\n\n\n<p><strong>Alta eficiencia y durabilidad: <\/strong>La refrigeraci\u00f3n eficaz, la estabilidad energ\u00e9tica optimizada y los componentes de vac\u00edo de larga duraci\u00f3n favorecen el funcionamiento continuo a largo plazo, reduciendo el mantenimiento y manteniendo al mismo tiempo un equilibrio entre la eficacia de la deposici\u00f3n y el consumo de energ\u00eda.<\/p>\n<\/div>\n<\/div>","protected":false},"excerpt":{"rendered":"<p>La m\u00e1quina de revestimiento al vac\u00edo PVD de alta estabilidad para herrajes de acero inoxidable cuenta con un sistema PVD de pulverizaci\u00f3n cat\u00f3dica de calidad industrial que garantiza revestimientos uniformes y de alta calidad. Suministros del fabricante CGVAC, funcionamiento estable. P\u00f3ngase en contacto con nosotros para configurar su sistema de revestimiento a medida.<\/p>\n<h2>Par\u00e1metros t\u00e9cnicos:<\/h2>\n<table width=\"973\">\n<tbody>\n<tr>\n<td width=\"202\"><strong>Materiales<\/strong><\/td>\n<td width=\"771\">Titanio (Ti), Cromo (Cr), Circonio (Zr), Acero inoxidable, ITO, FTO y otros<\/td>\n<\/tr>\n<tr>\n<td><strong>Gases industriales<\/strong><\/td>\n<td>Arg\u00f3n (Ar), Nitr\u00f3geno (N\u2082), Ox\u00edgeno (O\u2082), H\u2082 (Hidr\u00f3geno).<\/td>\n<\/tr>\n<tr>\n<td><strong>Tecnolog\u00eda de revestimiento<\/strong><\/td>\n<td>Recubrimiento por magnetr\u00f3n sputtering al vac\u00edo<\/td>\n<\/tr>\n<tr>\n<td><strong>Color del revestimiento<\/strong><\/td>\n<td>Oro, oro rosa, negro, plata, azul, champ\u00e1n, colores mate\/satinados y diferentes colores.<\/td>\n<\/tr>\n<tr>\n<td><strong>Pel\u00edculas funcionales y \u00f3pticas<\/strong><\/td>\n<td>ITO, SiO\u2082, TiO\u2082, Cr, Al, Ag, ITO\/Ag\/ITO, pel\u00edculas \u00f3pticas y electr\u00f3nicas<\/td>\n<\/tr>\n<tr>\n<td><strong>Componentes b\u00e1sicos<\/strong><\/td>\n<td>Objetivo del arco, sistema de control, bomba<\/td>\n<\/tr>\n<tr>\n<td><strong>Aplicaci\u00f3n<\/strong><\/td>\n<td>Acero inoxidable, electr\u00f3nica y \u00f3ptica, vidrio, interiores y componentes de autom\u00f3viles.<\/td>\n<\/tr>\n<tr>\n<td><strong>Personalizaci\u00f3n<\/strong><\/td>\n<td>Tama\u00f1o, material de destino, color, dise\u00f1o de fijaci\u00f3n y plan de proceso personalizados<\/td>\n<\/tr>\n<tr>\n<td><strong>Servicio<\/strong><\/td>\n<td>Informes de pruebas mec\u00e1nicas\/de muestras, inspecci\u00f3n de salida en v\u00eddeo y orientaci\u00f3n t\u00e9cnica.<\/td>\n<\/tr>\n<\/tbody>\n<\/table>\n<p>&nbsp;<\/p>","protected":false},"featured_media":1213,"comment_status":"closed","ping_status":"closed","template":"","meta":{"_acf_changed":true},"application":[26],"product_brand":[],"product_cat":[20],"product_tag":[],"class_list":{"0":"post-1212","1":"product","2":"type-product","3":"status-publish","4":"has-post-thumbnail","6":"application-stainless-steel-pvd-coating-machine","7":"product_cat-magnetron-sputtering-vacuum-coating-machine","9":"first","10":"instock","11":"shipping-taxable","12":"product-type-simple"},"acf":[],"_links":{"self":[{"href":"https:\/\/www.cgvacuum.com\/es\/wp-json\/wp\/v2\/product\/1212","targetHints":{"allow":["GET"]}}],"collection":[{"href":"https:\/\/www.cgvacuum.com\/es\/wp-json\/wp\/v2\/product"}],"about":[{"href":"https:\/\/www.cgvacuum.com\/es\/wp-json\/wp\/v2\/types\/product"}],"replies":[{"embeddable":true,"href":"https:\/\/www.cgvacuum.com\/es\/wp-json\/wp\/v2\/comments?post=1212"}],"wp:featuredmedia":[{"embeddable":true,"href":"https:\/\/www.cgvacuum.com\/es\/wp-json\/wp\/v2\/media\/1213"}],"wp:attachment":[{"href":"https:\/\/www.cgvacuum.com\/es\/wp-json\/wp\/v2\/media?parent=1212"}],"wp:term":[{"taxonomy":"application","embeddable":true,"href":"https:\/\/www.cgvacuum.com\/es\/wp-json\/wp\/v2\/application?post=1212"},{"taxonomy":"product_brand","embeddable":true,"href":"https:\/\/www.cgvacuum.com\/es\/wp-json\/wp\/v2\/product_brand?post=1212"},{"taxonomy":"product_cat","embeddable":true,"href":"https:\/\/www.cgvacuum.com\/es\/wp-json\/wp\/v2\/product_cat?post=1212"},{"taxonomy":"product_tag","embeddable":true,"href":"https:\/\/www.cgvacuum.com\/es\/wp-json\/wp\/v2\/product_tag?post=1212"}],"curies":[{"name":"wp","href":"https:\/\/api.w.org\/{rel}","templated":true}]}}