{"id":1209,"date":"2025-12-09T03:29:28","date_gmt":"2025-12-09T03:29:28","guid":{"rendered":"https:\/\/www.cgvacuum.com\/?post_type=product&#038;p=1209"},"modified":"2025-12-18T09:52:03","modified_gmt":"2025-12-18T09:52:03","slug":"pvd-coating-machine-for-ceramics","status":"publish","type":"product","link":"https:\/\/www.cgvacuum.com\/es\/producto\/pvd-coating-machine-for-ceramics\/","title":{"rendered":"M\u00e1quina de recubrimiento PVD para vajillas y cer\u00e1micas, fabricante de m\u00e1quinas de recubrimiento al vac\u00edo con iones multiarco CGVAC"},"content":{"rendered":"<h3 class=\"wp-block-heading\">Especificaciones de la m\u00e1quina de revestimiento PVD para cer\u00e1mica:<\/h3>\n\n\n\n<figure class=\"wp-block-table\"><table><tbody><tr><td><strong>N\u00famero de modelo<\/strong><\/td><td><strong>Dimensiones DxH (mm)<\/strong><\/td><td><strong>Vac\u00edo final (Pa)<\/strong><\/td><td><strong>Tiempo de bombeo (min)<\/strong>)<\/td><td><strong>Objetivos (PCS)<\/strong><\/td><td><strong>Potencia total (kW)<\/strong><\/td><\/tr><tr><td>DZ1214<\/td><td>1200 x 1400 mm<\/td><td>\u22648\u00d710-\u2074<\/td><td>\uff1c5<\/td><td>10<\/td><td>50<\/td><\/tr><tr><td>DZ1416<\/td><td>1400 x 1600 mm<\/td><td>\u22648\u00d710-\u2074<\/td><td>\uff1c5<\/td><td>14<\/td><td>60<\/td><\/tr><tr><td>DZ1618<\/td><td>1600 x 1800 mm<\/td><td>\u22648\u00d710-\u2074<\/td><td>\uff1c5<\/td><td>21<\/td><td>80<\/td><\/tr><tr><td>DZ1818<\/td><td>1800 x 1800 mm<\/td><td>\u22648\u00d710-\u2074<\/td><td>\uff1c5<\/td><td>28<\/td><td>110<\/td><\/tr><tr><td>DZ2118<\/td><td>2100 x 1800 mm<\/td><td>\u22648\u00d710-\u2074<\/td><td>\uff1c5<\/td><td>32<\/td><td>120<\/td><\/tr><\/tbody><\/table><\/figure>\n\n\n\n<p><strong>*Las especificaciones del equipo se pueden personalizar seg\u00fan los requisitos del cliente. La altura o profundidad puede variar entre 600 mm y 10 000 mm.<\/strong><\/p>\n\n\n\n<div class=\"wp-block-columns is-layout-flex wp-container-core-columns-is-layout-9d6595d7 wp-block-columns-is-layout-flex\">\n<div class=\"wp-block-column is-layout-flow wp-block-column-is-layout-flow\">\n<figure class=\"wp-block-image size-full\"><img decoding=\"async\" width=\"750\" height=\"750\" src=\"https:\/\/www.cgvacuum.com\/wp-content\/uploads\/2025\/12\/Multi-Arc-Ion-Vacuum-Coating-Machine-for-Ceramics.webp\" alt=\"M\u00e1quina de recubrimiento al vac\u00edo con iones multiarco para cer\u00e1mica\" class=\"wp-image-1210\" srcset=\"https:\/\/www.cgvacuum.com\/wp-content\/uploads\/2025\/12\/Multi-Arc-Ion-Vacuum-Coating-Machine-for-Ceramics.webp 750w, https:\/\/www.cgvacuum.com\/wp-content\/uploads\/2025\/12\/Multi-Arc-Ion-Vacuum-Coating-Machine-for-Ceramics-300x300.webp 300w, https:\/\/www.cgvacuum.com\/wp-content\/uploads\/2025\/12\/Multi-Arc-Ion-Vacuum-Coating-Machine-for-Ceramics-150x150.webp 150w, https:\/\/www.cgvacuum.com\/wp-content\/uploads\/2025\/12\/Multi-Arc-Ion-Vacuum-Coating-Machine-for-Ceramics-12x12.webp 12w, https:\/\/www.cgvacuum.com\/wp-content\/uploads\/2025\/12\/Multi-Arc-Ion-Vacuum-Coating-Machine-for-Ceramics-600x600.webp 600w, https:\/\/www.cgvacuum.com\/wp-content\/uploads\/2025\/12\/Multi-Arc-Ion-Vacuum-Coating-Machine-for-Ceramics-100x100.webp 100w\" sizes=\"(max-width: 750px) 100vw, 750px\" \/><\/figure>\n<\/div>\n\n\n\n<div class=\"wp-block-column is-layout-flow wp-block-column-is-layout-flow\">\n<h3 class=\"wp-block-heading\">Caracter\u00edsticas de la m\u00e1quina de revestimiento PVD para cer\u00e1mica:<\/h3>\n\n\n\n<p><strong>Proceso de revestimiento optimizado para productos cer\u00e1micos:<\/strong> La exclusiva fuente de iones multiarco es compatible con cer\u00e1mica, terracota, esmaltes y todo tipo de materiales de vajilla. El revestimiento es uniforme y tiene una fuerte adherencia, mejorando eficazmente la resistencia al desgaste y al rayado junto con las propiedades decorativas de la superficie de los art\u00edculos cer\u00e1micos.<\/p>\n\n\n\n<p><strong>Sistema de revestimiento de alta precisi\u00f3n:<\/strong> Mantiene la precisi\u00f3n en el control de la temperatura y el dise\u00f1o de la c\u00e1mara de vac\u00edo, lo que permite personalizar los par\u00e1metros del proceso para diferentes esmaltes cer\u00e1micos y sustratos. Esta precisi\u00f3n proporciona revestimientos estables a altas temperaturas sin grietas ni deformaciones.<\/p>\n\n\n\n<p><strong>Opciones de revestimiento multifuncional:<\/strong> Con un ajuste flexible del grosor, el color y el rendimiento de la pel\u00edcula, se pueden colocar pel\u00edculas funcionales, decorativas y resistentes al desgaste para satisfacer las necesidades est\u00e9ticas y de rendimiento de los productos cer\u00e1micos.<\/p>\n\n\n\n<p><strong>Alta capacidad y funcionamiento estable: <\/strong>El sistema de control automatizado favorece la producci\u00f3n en serie para mejorar la eficiencia. La construcci\u00f3n altamente duradera del equipo permite un funcionamiento continuo durante un largo periodo y garantiza la estabilidad de la l\u00ednea de producci\u00f3n.<\/p>\n\n\n\n<p><strong>Dise\u00f1o respetuoso con el medio ambiente y que ahorra energ\u00eda<\/strong>: El dise\u00f1o optimizado en la circulaci\u00f3n de vac\u00edo y el alto aprovechamiento del blanco reducen el consumo de material. El control del consumo de energ\u00eda de alta eficiencia cumple los requisitos de la fabricaci\u00f3n ecol\u00f3gica moderna.<\/p>\n\n\n\n<p><strong>Soluciones multisectoriales y multiaplicaci\u00f3n:<\/strong> Se aplica a vajillas, artesan\u00eda cer\u00e1mica, regalos de cer\u00e1mica, porcelana decorativa, cer\u00e1mica art\u00edstica y muchos otros productos.<\/p>\n\n\n\n<p><strong>Combinaciones de revestimiento personalizadas:<\/strong> Desde la funcionalidad, como la resistencia al rayado, a la corrosi\u00f3n y al desgaste, hasta la est\u00e9tica, como el brillo met\u00e1lico y los colores intensos, CGVAC ofrece soluciones ilimitadas.<\/p>\n<\/div>\n<\/div>","protected":false},"excerpt":{"rendered":"<p data-start=\"2608\" data-end=\"2931\">La m\u00e1quina de recubrimiento PVD para cer\u00e1mica CGVAC con tecnolog\u00eda de recubrimiento PVD al vac\u00edo con iones de arco m\u00faltiple proporciona recubrimientos multicapa de alta precisi\u00f3n para vajillas, alfarer\u00eda y cer\u00e1mica decorativa. CGVAC ofrece soluciones de m\u00e1quinas personalizadas y soporte t\u00e9cnico para ayudarle a construir una l\u00ednea de producci\u00f3n de recubrimientos. P\u00f3ngase en contacto con nosotros para obtener soluciones de recubrimiento personalizadas.<\/p>\n<h2>Par\u00e1metros t\u00e9cnicos:<\/h2>\n<table width=\"973\">\n<tbody>\n<tr>\n<td width=\"202\"><strong>Materiales<\/strong><\/td>\n<td width=\"771\">Titanio (Ti), cromo (Cr), circonio (Zr), TiAl, Ni, Cu, Al, Fe, etc.<\/td>\n<\/tr>\n<tr>\n<td><strong>Gases industriales<\/strong><\/td>\n<td>Arg\u00f3n (Ar), Nitr\u00f3geno (N\u2082), Acetileno (C\u2082H\u2082), Ox\u00edgeno (O\u2082).<\/td>\n<\/tr>\n<tr>\n<td><strong>Tecnolog\u00eda de revestimiento<\/strong><\/td>\n<td>Recubrimiento i\u00f3nico multiarco al vac\u00edo<\/td>\n<\/tr>\n<tr>\n<td><strong>Color del revestimiento<\/strong><\/td>\n<td>Plata titanio, oro, oro rosa, morado, azul zafiro, perla, \u00e1mbar, gris oscuro, negro cromado y multicolor.<\/td>\n<\/tr>\n<tr>\n<td><strong>Revestimientos funcionales<\/strong><\/td>\n<td>TiN, TiCN, CrN, ZrN, TiAlN, CrAlN, DLC y otros recubrimientos duros y resistentes al desgaste.<\/td>\n<\/tr>\n<tr>\n<td><strong>Componentes b\u00e1sicos<\/strong><\/td>\n<td>Objetivo del arco, sistema de control, bomba<\/td>\n<\/tr>\n<tr>\n<td><strong>Aplicaci\u00f3n<\/strong><\/td>\n<td>Acero inoxidable, metal, art\u00edculos sanitarios, vajillas de cer\u00e1mica, joyer\u00eda, vidrio, azulejos.<\/td>\n<\/tr>\n<tr>\n<td><strong>Personalizaci\u00f3n<\/strong><\/td>\n<td>Tama\u00f1o, material de destino, color, dise\u00f1o de fijaci\u00f3n y plan de proceso personalizados<\/td>\n<\/tr>\n<tr>\n<td><strong>Servicio<\/strong><\/td>\n<td>Informes de pruebas mec\u00e1nicas\/muestras, v\u00eddeo de inspecci\u00f3n de salida y orientaci\u00f3n t\u00e9cnica.<\/td>\n<\/tr>\n<\/tbody>\n<\/table>\n<p>&nbsp;<\/p>","protected":false},"featured_media":1211,"comment_status":"closed","ping_status":"closed","template":"","meta":{"_acf_changed":true},"application":[27],"product_brand":[],"product_cat":[19],"product_tag":[],"class_list":{"0":"post-1209","1":"product","2":"type-product","3":"status-publish","4":"has-post-thumbnail","6":"application-daily-ceramics-pvd-coating-machine","7":"product_cat-multi-arc-ion-vacuum-coating-machine","9":"first","10":"instock","11":"shipping-taxable","12":"product-type-simple"},"acf":[],"_links":{"self":[{"href":"https:\/\/www.cgvacuum.com\/es\/wp-json\/wp\/v2\/product\/1209","targetHints":{"allow":["GET"]}}],"collection":[{"href":"https:\/\/www.cgvacuum.com\/es\/wp-json\/wp\/v2\/product"}],"about":[{"href":"https:\/\/www.cgvacuum.com\/es\/wp-json\/wp\/v2\/types\/product"}],"replies":[{"embeddable":true,"href":"https:\/\/www.cgvacuum.com\/es\/wp-json\/wp\/v2\/comments?post=1209"}],"wp:featuredmedia":[{"embeddable":true,"href":"https:\/\/www.cgvacuum.com\/es\/wp-json\/wp\/v2\/media\/1211"}],"wp:attachment":[{"href":"https:\/\/www.cgvacuum.com\/es\/wp-json\/wp\/v2\/media?parent=1209"}],"wp:term":[{"taxonomy":"application","embeddable":true,"href":"https:\/\/www.cgvacuum.com\/es\/wp-json\/wp\/v2\/application?post=1209"},{"taxonomy":"product_brand","embeddable":true,"href":"https:\/\/www.cgvacuum.com\/es\/wp-json\/wp\/v2\/product_brand?post=1209"},{"taxonomy":"product_cat","embeddable":true,"href":"https:\/\/www.cgvacuum.com\/es\/wp-json\/wp\/v2\/product_cat?post=1209"},{"taxonomy":"product_tag","embeddable":true,"href":"https:\/\/www.cgvacuum.com\/es\/wp-json\/wp\/v2\/product_tag?post=1209"}],"curies":[{"name":"wp","href":"https:\/\/api.w.org\/{rel}","templated":true}]}}