{"id":1206,"date":"2025-12-09T03:03:30","date_gmt":"2025-12-09T03:03:30","guid":{"rendered":"https:\/\/www.cgvacuum.com\/?post_type=product&#038;p=1206"},"modified":"2025-12-18T09:51:52","modified_gmt":"2025-12-18T09:51:52","slug":"pvd-coating-machine-for-stainless-steel","status":"publish","type":"product","link":"https:\/\/www.cgvacuum.com\/es\/producto\/pvd-coating-machine-for-stainless-steel\/","title":{"rendered":"M\u00e1quina de revestimiento PVD para acero inoxidable, M\u00e1quina de revestimiento al vac\u00edo funcional Fabricantes en China"},"content":{"rendered":"<h3 class=\"wp-block-heading\">Especificaciones de la m\u00e1quina de revestimiento PVD para acero inoxidable:<\/h3>\n\n\n\n<figure class=\"wp-block-table\"><table class=\"has-fixed-layout\"><tbody><tr><td><strong>N\u00famero de modelo<\/strong><\/td><td><strong>Dimensi\u00f3n D*H (mm)<\/strong><\/td><td><strong>Vac\u00edo final (Pa)<\/strong><\/td><td><strong>Tiempo de bombeo (min)<\/strong><\/td><\/tr><tr><td>FC1214<\/td><td>1200 x 1400 mm<\/td><td>\uff1c8\u00d710\u207b\u2074<\/td><td>\uff1c5<\/td><\/tr><tr><td>FC1416<\/td><td>1400 x 1600 mm<\/td><td>\uff1c8\u00d710\u207b\u2074<\/td><td>\uff1c5<\/td><\/tr><tr><td>FC1618<\/td><td>1600 x 1800 mm<\/td><td>\uff1c8\u00d710\u207b\u2074<\/td><td>\uff1c5<\/td><\/tr><tr><td>FC1818<\/td><td>1800 x 1800 mm<\/td><td>\uff1c8\u00d710\u207b\u2074<\/td><td>\uff1c5<\/td><\/tr><tr><td>FC2018<\/td><td>2000*1800 mm<\/td><td>\uff1c8\u00d710\u207b\u2074<\/td><td>\uff1c5<\/td><\/tr><\/tbody><\/table><\/figure>\n\n\n\n<p><strong>*Las especificaciones del equipo se pueden personalizar seg\u00fan los requisitos del cliente.<\/strong><\/p>\n\n\n\n<div class=\"wp-block-columns is-layout-flex wp-container-core-columns-is-layout-9d6595d7 wp-block-columns-is-layout-flex\">\n<div class=\"wp-block-column is-layout-flow wp-block-column-is-layout-flow\"><div class=\"wp-block-image\">\n<figure class=\"aligncenter size-full\"><img decoding=\"async\" width=\"800\" height=\"600\" src=\"https:\/\/www.cgvacuum.com\/wp-content\/uploads\/2025\/12\/PVD-Coating-Machine-for-Stainless-Steel.webp\" alt=\"M\u00e1quina de revestimiento PVD para acero inoxidable\" class=\"wp-image-1207\" srcset=\"https:\/\/www.cgvacuum.com\/wp-content\/uploads\/2025\/12\/PVD-Coating-Machine-for-Stainless-Steel.webp 800w, https:\/\/www.cgvacuum.com\/wp-content\/uploads\/2025\/12\/PVD-Coating-Machine-for-Stainless-Steel-300x225.webp 300w, https:\/\/www.cgvacuum.com\/wp-content\/uploads\/2025\/12\/PVD-Coating-Machine-for-Stainless-Steel-768x576.webp 768w, https:\/\/www.cgvacuum.com\/wp-content\/uploads\/2025\/12\/PVD-Coating-Machine-for-Stainless-Steel-16x12.webp 16w, https:\/\/www.cgvacuum.com\/wp-content\/uploads\/2025\/12\/PVD-Coating-Machine-for-Stainless-Steel-600x450.webp 600w\" sizes=\"(max-width: 800px) 100vw, 800px\" \/><\/figure>\n<\/div><\/div>\n\n\n\n<div class=\"wp-block-column is-layout-flow wp-block-column-is-layout-flow\">\n<h3 class=\"wp-block-heading\">Caracter\u00edsticas de la m\u00e1quina de revestimiento PVD para acero inoxidable:<\/h3>\n\n\n\n<p><strong>Revestimiento compuesto multitecnol\u00f3gico:<\/strong> Admite el uso combinado de m\u00faltiples tecnolog\u00edas de revestimiento PVD, como el metalizado i\u00f3nico multiarco, el sputtering por magnetr\u00f3n y la deposici\u00f3n por evaporaci\u00f3n. Las pel\u00edculas funcionales y decorativas pueden superponerse en un \u00fanico ciclo de procesamiento, cumpliendo m\u00faltiples requisitos como la resistencia al desgaste, la resistencia a la corrosi\u00f3n y la resistencia a altas temperaturas.<\/p>\n\n\n\n<p><strong>Control mec\u00e1nico de alta precisi\u00f3n<\/strong>: Una c\u00e1mara de vac\u00edo de precisi\u00f3n y un sistema de control de la temperatura garantizan la uniformidad y estabilidad del revestimiento de los productos de acero inoxidable. El sistema de control automatizado admite la producci\u00f3n en masa y la conmutaci\u00f3n de procesos diversificados en lotes peque\u00f1os.<\/p>\n\n\n\n<p><strong>Compatibilidad total de materiales: <\/strong>Dise\u00f1ado espec\u00edficamente para acero inoxidable y otros materiales met\u00e1licos, aunque tambi\u00e9n se adapta a materiales compuestos y aleaciones. Permite combinaciones flexibles de varios colores y pel\u00edculas funcionales.<\/p>\n\n\n\n<p><strong>Dise\u00f1o de alta eficiencia y ahorro energ\u00e9tico<\/strong>: La deposici\u00f3n r\u00e1pida y un sistema de alimentaci\u00f3n de alta utilizaci\u00f3n reducen los ciclos de producci\u00f3n y el consumo de energ\u00eda. La circulaci\u00f3n eficiente del gas y la tecnolog\u00eda de utilizaci\u00f3n de objetivos reducen el desperdicio de material.<\/p>\n\n\n\n<p><strong>F\u00e1cil mantenimiento:<\/strong> El dise\u00f1o modular de los componentes facilita el mantenimiento y permite sustituir r\u00e1pidamente los objetivos o actualizar la soluci\u00f3n de revestimiento. La estructura compacta del equipo permite una producci\u00f3n continua a largo plazo, lo que garantiza un rendimiento estable.<\/p>\n\n\n\n<p><strong>Soluciones de recubrimiento PVD multiaplicaci\u00f3n<\/strong>: Adecuado para diversas industrias, como utensilios de cocina, accesorios de ba\u00f1o, materiales de construcci\u00f3n decorativos, herramientas de ferreter\u00eda, carcasas electr\u00f3nicas y joyer\u00eda. La combinaci\u00f3n de revestimientos puede personalizarse seg\u00fan las necesidades del cliente para conseguir aplicaciones diversificadas que combinen decoraci\u00f3n y funcionalidad.<\/p>\n<\/div>\n<\/div>","protected":false},"excerpt":{"rendered":"<p data-start=\"813\" data-end=\"972\">La m\u00e1quina de revestimiento PVD de CGVAC para acero inoxidable ofrece revestimientos personalizables y multitecnol\u00f3gicos que combinan est\u00e9tica, durabilidad y rendimiento funcional. Proporcionamos servicios OEM\/ODM de m\u00e1quinas de revestimiento PVD funcionales en diversos sectores. P\u00f3ngase en contacto con nosotros para obtener una m\u00e1quina de revestimiento personalizada.\u00a0<\/p>\n<h2>Par\u00e1metros t\u00e9cnicos:<\/h2>\n<table style=\"border-collapse: collapse; width: 729.77pt;\" border=\"0\" width=\"973\" cellspacing=\"0\" cellpadding=\"0\">\n<tbody>\n<tr style=\"height: 16.50pt;\">\n<td class=\"et4\" style=\"height: 16.50pt; width: 152.20pt;\" width=\"202\" height=\"22\"><strong>Materiales<\/strong><\/td>\n<td class=\"et5\" style=\"width: 578.25pt;\" width=\"771\">Titanio (Ti), cromo (Cr), DLC \/ blancos de carbono, TiAl \/ TiSiN, sistemas de nitruro de cromo \/ nitruro de titanio<\/td>\n<\/tr>\n<tr style=\"height: 16.50pt;\">\n<td class=\"et4\" style=\"height: 16.50pt;\" height=\"22\"><strong>Gases industriales<\/strong><\/td>\n<td class=\"et5\"><span class=\"font1\">Arg\u00f3n (Ar), Nitr\u00f3geno (N<\/span><span class=\"font3\">\u2082<\/span><span class=\"font1\">), Ox\u00edgeno (O<\/span><span class=\"font3\">\u2082<\/span><span class=\"font1\">), C<\/span><span class=\"font3\">\u2082<\/span><span class=\"font1\">H<\/span><span class=\"font3\">\u2082<\/span><span class=\"font1\">\/CH<\/span><span class=\"font3\">\u2084<\/span><span class=\"font1\">, Mezclas de gases especiales<\/span><\/td>\n<\/tr>\n<tr style=\"height: 16.50pt;\">\n<td class=\"et4\" style=\"height: 16.50pt;\" height=\"22\"><strong>Tecnolog\u00eda de revestimiento<\/strong><\/td>\n<td class=\"et5\">Pulverizaci\u00f3n cat\u00f3dica por magnetr\u00f3n, arco i\u00f3nico, evaporaci\u00f3n por haz de electrones, CVD<\/td>\n<\/tr>\n<tr style=\"height: 16.50pt;\">\n<td class=\"et4\" style=\"height: 16.50pt;\" height=\"22\"><strong>Sistemas de recubrimiento<\/strong><\/td>\n<td class=\"et5\">\n<p><span class=\"font1\">DLC, TCO, l\u00e1minas antihuellas<br \/>Pel\u00edculas \u00f3pticas de ITO, SiO\u2082, TiO\u2082<br \/>Recubrimientos anticorrosivos, resistentes al desgaste y antirreflectantes.<\/span><\/p>\n<\/td>\n<\/tr>\n<tr style=\"height: 16.50pt;\">\n<td class=\"et4\" style=\"height: 16.50pt;\" height=\"22\"><strong>Componentes b\u00e1sicos<\/strong><\/td>\n<td class=\"et6\">Objetivo del arco, sistema de control, bomba<\/td>\n<\/tr>\n<tr style=\"height: 16.50pt;\">\n<td class=\"et4\" style=\"height: 16.50pt;\" height=\"22\"><strong>Aplicaci\u00f3n<\/strong><\/td>\n<td class=\"et5\">Electr\u00f3nica y \u00f3ptica, acero inoxidable, vidrio, pl\u00e1sticos, cer\u00e1mica<\/td>\n<\/tr>\n<tr style=\"height: 16.50pt;\">\n<td class=\"et4\" style=\"height: 16.50pt;\" height=\"22\"><strong>Personalizaci\u00f3n<\/strong><\/td>\n<td class=\"et6\">Tama\u00f1o, material de destino, color, dise\u00f1o de fijaci\u00f3n y plan de proceso personalizados<\/td>\n<\/tr>\n<tr style=\"height: 16.50pt;\">\n<td class=\"et4\" style=\"height: 16.50pt;\" height=\"22\"><strong>Servicio<\/strong><\/td>\n<td class=\"et6\">Informes de pruebas mec\u00e1nicas\/muestras, v\u00eddeo de inspecci\u00f3n de salida y orientaci\u00f3n t\u00e9cnica.<\/td>\n<\/tr>\n<\/tbody>\n<\/table>\n<p>&nbsp;<\/p>\n<p>&nbsp;<\/p>","protected":false},"featured_media":1207,"comment_status":"closed","ping_status":"closed","template":"","meta":{"_acf_changed":true},"application":[26],"product_brand":[],"product_cat":[22],"product_tag":[],"class_list":{"0":"post-1206","1":"product","2":"type-product","3":"status-publish","4":"has-post-thumbnail","6":"application-stainless-steel-pvd-coating-machine","7":"product_cat-functional-pvd-coating-machine","9":"first","10":"instock","11":"shipping-taxable","12":"product-type-simple"},"acf":[],"_links":{"self":[{"href":"https:\/\/www.cgvacuum.com\/es\/wp-json\/wp\/v2\/product\/1206","targetHints":{"allow":["GET"]}}],"collection":[{"href":"https:\/\/www.cgvacuum.com\/es\/wp-json\/wp\/v2\/product"}],"about":[{"href":"https:\/\/www.cgvacuum.com\/es\/wp-json\/wp\/v2\/types\/product"}],"replies":[{"embeddable":true,"href":"https:\/\/www.cgvacuum.com\/es\/wp-json\/wp\/v2\/comments?post=1206"}],"wp:featuredmedia":[{"embeddable":true,"href":"https:\/\/www.cgvacuum.com\/es\/wp-json\/wp\/v2\/media\/1207"}],"wp:attachment":[{"href":"https:\/\/www.cgvacuum.com\/es\/wp-json\/wp\/v2\/media?parent=1206"}],"wp:term":[{"taxonomy":"application","embeddable":true,"href":"https:\/\/www.cgvacuum.com\/es\/wp-json\/wp\/v2\/application?post=1206"},{"taxonomy":"product_brand","embeddable":true,"href":"https:\/\/www.cgvacuum.com\/es\/wp-json\/wp\/v2\/product_brand?post=1206"},{"taxonomy":"product_cat","embeddable":true,"href":"https:\/\/www.cgvacuum.com\/es\/wp-json\/wp\/v2\/product_cat?post=1206"},{"taxonomy":"product_tag","embeddable":true,"href":"https:\/\/www.cgvacuum.com\/es\/wp-json\/wp\/v2\/product_tag?post=1206"}],"curies":[{"name":"wp","href":"https:\/\/api.w.org\/{rel}","templated":true}]}}