{"id":1204,"date":"2025-12-09T02:39:40","date_gmt":"2025-12-09T02:39:40","guid":{"rendered":"https:\/\/www.cgvacuum.com\/?post_type=product&#038;p=1204"},"modified":"2025-12-18T09:51:38","modified_gmt":"2025-12-18T09:51:38","slug":"pvd-coating-machine-for-plastic","status":"publish","type":"product","link":"https:\/\/www.cgvacuum.com\/es\/producto\/pvd-coating-machine-for-plastic\/","title":{"rendered":"M\u00e1quina de recubrimiento PVD para pl\u00e1stico, M\u00e1quina de recubrimiento al vac\u00edo de iones multiarco Sistema PVD"},"content":{"rendered":"<h3 class=\"wp-block-heading\">Especificaciones de la m\u00e1quina de revestimiento PVD para pl\u00e1stico:<\/h3>\n\n\n\n<figure class=\"wp-block-table\"><table><tbody><tr><td><strong>N\u00famero de modelo<\/strong><\/td><td><strong>Dimensiones DxH (mm)<\/strong><\/td><td><strong>Vac\u00edo final (Pa)<\/strong><\/td><td><strong>Tiempo de bombeo (min)<\/strong>)<\/td><td><strong>Objetivos (PCS)<\/strong><\/td><td><strong>Potencia total (kW)<\/strong><\/td><\/tr><tr><td>DZ1214<\/td><td>1200 x 1400 mm<\/td><td>\u22648\u00d710-\u2074<\/td><td>\uff1c5<\/td><td>10<\/td><td>50<\/td><\/tr><tr><td>DZ1416<\/td><td>1400 x 1600 mm<\/td><td>\u22648\u00d710-\u2074<\/td><td>\uff1c5<\/td><td>14<\/td><td>60<\/td><\/tr><tr><td>DZ1618<\/td><td>1600 x 1800 mm<\/td><td>\u22648\u00d710-\u2074<\/td><td>\uff1c5<\/td><td>21<\/td><td>80<\/td><\/tr><tr><td>DZ1818<\/td><td>1800 x 1800 mm<\/td><td>\u22648\u00d710-\u2074<\/td><td>\uff1c5<\/td><td>28<\/td><td>110<\/td><\/tr><tr><td>DZ2118<\/td><td>2100 x 1800 mm<\/td><td>\u22648\u00d710-\u2074<\/td><td>\uff1c5<\/td><td>32<\/td><td>120<\/td><\/tr><\/tbody><\/table><\/figure>\n\n\n\n<p><strong>*Las especificaciones del equipo se pueden personalizar seg\u00fan los requisitos del cliente. La altura o profundidad puede variar entre 600 mm y 10 000 mm.<\/strong><\/p>\n\n\n\n<div class=\"wp-block-columns is-layout-flex wp-container-core-columns-is-layout-9d6595d7 wp-block-columns-is-layout-flex\">\n<div class=\"wp-block-column is-layout-flow wp-block-column-is-layout-flow\">\n<figure class=\"wp-block-image size-full\"><img decoding=\"async\" width=\"755\" height=\"755\" src=\"https:\/\/www.cgvacuum.com\/wp-content\/uploads\/2025\/12\/PVD-Coating-Machine-for-Plastic.webp\" alt=\"M\u00e1quina de recubrimiento PVD para pl\u00e1stico Multi Arc Ion\" class=\"wp-image-1205\" srcset=\"https:\/\/www.cgvacuum.com\/wp-content\/uploads\/2025\/12\/PVD-Coating-Machine-for-Plastic.webp 755w, https:\/\/www.cgvacuum.com\/wp-content\/uploads\/2025\/12\/PVD-Coating-Machine-for-Plastic-300x300.webp 300w, https:\/\/www.cgvacuum.com\/wp-content\/uploads\/2025\/12\/PVD-Coating-Machine-for-Plastic-150x150.webp 150w, https:\/\/www.cgvacuum.com\/wp-content\/uploads\/2025\/12\/PVD-Coating-Machine-for-Plastic-12x12.webp 12w, https:\/\/www.cgvacuum.com\/wp-content\/uploads\/2025\/12\/PVD-Coating-Machine-for-Plastic-600x600.webp 600w, https:\/\/www.cgvacuum.com\/wp-content\/uploads\/2025\/12\/PVD-Coating-Machine-for-Plastic-100x100.webp 100w\" sizes=\"(max-width: 755px) 100vw, 755px\" \/><\/figure>\n<\/div>\n\n\n\n<div class=\"wp-block-column is-layout-flow wp-block-column-is-layout-flow\">\n<h3 class=\"wp-block-heading\">Caracter\u00edsticas de la m\u00e1quina de recubrimiento PVD para pl\u00e1stico:<\/h3>\n\n\n\n<p><strong>Tecnolog\u00eda de metalizado i\u00f3nico multiarco totalmente automatizada<\/strong>: Empleando una avanzada fuente de iones multiarco, garantiza altas velocidades de deposici\u00f3n, capas de pel\u00edcula uniformes y una fuerte adherencia. El control preciso del grosor de la pel\u00edcula permite obtener revestimientos de primera calidad para superficies pl\u00e1sticas y met\u00e1licas.<\/p>\n\n\n\n<p><strong>Aplicabilidad multimaterial<\/strong>: Puede procesar diversos productos pl\u00e1sticos, piezas met\u00e1licas y materiales compuestos.<\/p>\n\n\n\n<p><strong>Variedad en las soluciones de revestimiento<\/strong>: Texturas met\u00e1licas, colores decorativos, pel\u00edculas funcionales resistentes al desgaste, revestimientos anticorrosi\u00f3n, etc.<\/p>\n\n\n\n<p><strong>Dise\u00f1o modular<\/strong>: Equipado con un sistema de control inteligente, permite cambiar la producci\u00f3n entre lotes y lotes peque\u00f1os. El dise\u00f1o modular del equipo puede funcionar de forma m\u00e1s eficiente y eficaz en t\u00e9rminos de reducci\u00f3n de los costes de mantenimiento y disminuci\u00f3n del tiempo de inactividad.<\/p>\n\n\n\n<p><strong>Estable y fiable<\/strong>Fabricada con materiales de alta durabilidad, adecuada para una producci\u00f3n continua a largo plazo. El sistema de vac\u00edo de precisi\u00f3n garantiza la consistencia de la pel\u00edcula y una alta adherencia.<\/p>\n\n\n\n<p><strong>Alta eficiencia y ahorro energ\u00e9tico:<\/strong> La r\u00e1pida deposici\u00f3n acorta los ciclos de producci\u00f3n. El dise\u00f1o de bajo consumo de energ\u00eda mejora la eficiencia de la producci\u00f3n y el rendimiento medioambiental.<\/p>\n\n\n\n<p><strong>Soluciones integrales de recubrimiento PVD multiaplicaci\u00f3n<\/strong>: Las soluciones integrales de revestimiento se ofrecen para productos electr\u00f3nicos de consumo, piezas interiores de autom\u00f3viles, envases de cosm\u00e9ticos, herramientas de ferreter\u00eda, productos de acero inoxidable, etc., atendiendo a las diferentes necesidades de pel\u00edculas funcionales y decorativas de los clientes para su aplicaci\u00f3n en diversas industrias.<\/p>\n<\/div>\n<\/div>","protected":false},"excerpt":{"rendered":"<p data-start=\"2608\" data-end=\"2931\">La m\u00e1quina de recubrimiento PVD para pl\u00e1sticos CGVAC, sistema de recubrimiento PVD al vac\u00edo con iones de arco m\u00faltiple, soporta el recubrimiento de alta calidad de pl\u00e1sticos y otros materiales diversos, ofreciendo soluciones flexibles y multiaplicaci\u00f3n para satisfacer las necesidades de recubrimiento decorativo y funcional. P\u00f3ngase en contacto con nosotros para obtener soluciones personalizadas y asistencia t\u00e9cnica.<\/p>\n<h2>Par\u00e1metros t\u00e9cnicos:<\/h2>\n<table width=\"973\">\n<tbody>\n<tr>\n<td width=\"202\"><strong>Materiales<\/strong><\/td>\n<td width=\"771\">Titanio (Ti), cromo (Cr), circonio (Zr), TiAl, Ni, Cu, Al, Fe, etc.<\/td>\n<\/tr>\n<tr>\n<td><strong>Gases industriales<\/strong><\/td>\n<td>Arg\u00f3n (Ar), Nitr\u00f3geno (N\u2082), Acetileno (C\u2082H\u2082), Ox\u00edgeno (O\u2082).<\/td>\n<\/tr>\n<tr>\n<td><strong>Tecnolog\u00eda de revestimiento<\/strong><\/td>\n<td>Recubrimiento i\u00f3nico multiarco al vac\u00edo<\/td>\n<\/tr>\n<tr>\n<td><strong>Color del revestimiento<\/strong><\/td>\n<td>Plata titanio, oro, oro rosa, morado, azul zafiro, perla, \u00e1mbar, gris oscuro, negro cromado y multicolor.<\/td>\n<\/tr>\n<tr>\n<td><strong>Revestimientos funcionales<\/strong><\/td>\n<td>TiN, TiCN, CrN, ZrN, TiAlN, CrAlN, DLC y otros recubrimientos duros y resistentes al desgaste.<\/td>\n<\/tr>\n<tr>\n<td><strong>Componentes b\u00e1sicos<\/strong><\/td>\n<td>Objetivo del arco, sistema de control, bomba<\/td>\n<\/tr>\n<tr>\n<td><strong>Aplicaci\u00f3n<\/strong><\/td>\n<td>Acero inoxidable, metal, art\u00edculos sanitarios, vajillas de cer\u00e1mica, joyer\u00eda, vidrio, azulejos.<\/td>\n<\/tr>\n<tr>\n<td><strong>Personalizaci\u00f3n<\/strong><\/td>\n<td>Tama\u00f1o, material de destino, color, dise\u00f1o de fijaci\u00f3n y plan de proceso personalizados<\/td>\n<\/tr>\n<tr>\n<td><strong>Servicio<\/strong><\/td>\n<td>Informes de pruebas mec\u00e1nicas\/muestras, v\u00eddeo de inspecci\u00f3n de salida y orientaci\u00f3n t\u00e9cnica.<\/td>\n<\/tr>\n<\/tbody>\n<\/table>\n<p>&nbsp;<\/p>","protected":false},"featured_media":1205,"comment_status":"closed","ping_status":"closed","template":"","meta":{"_acf_changed":true},"application":[24],"product_brand":[],"product_cat":[19],"product_tag":[],"class_list":{"0":"post-1204","1":"product","2":"type-product","3":"status-publish","4":"has-post-thumbnail","6":"application-plastic-pvd-coating-machine","7":"product_cat-multi-arc-ion-vacuum-coating-machine","9":"first","10":"instock","11":"shipping-taxable","12":"product-type-simple"},"acf":[],"_links":{"self":[{"href":"https:\/\/www.cgvacuum.com\/es\/wp-json\/wp\/v2\/product\/1204","targetHints":{"allow":["GET"]}}],"collection":[{"href":"https:\/\/www.cgvacuum.com\/es\/wp-json\/wp\/v2\/product"}],"about":[{"href":"https:\/\/www.cgvacuum.com\/es\/wp-json\/wp\/v2\/types\/product"}],"replies":[{"embeddable":true,"href":"https:\/\/www.cgvacuum.com\/es\/wp-json\/wp\/v2\/comments?post=1204"}],"wp:featuredmedia":[{"embeddable":true,"href":"https:\/\/www.cgvacuum.com\/es\/wp-json\/wp\/v2\/media\/1205"}],"wp:attachment":[{"href":"https:\/\/www.cgvacuum.com\/es\/wp-json\/wp\/v2\/media?parent=1204"}],"wp:term":[{"taxonomy":"application","embeddable":true,"href":"https:\/\/www.cgvacuum.com\/es\/wp-json\/wp\/v2\/application?post=1204"},{"taxonomy":"product_brand","embeddable":true,"href":"https:\/\/www.cgvacuum.com\/es\/wp-json\/wp\/v2\/product_brand?post=1204"},{"taxonomy":"product_cat","embeddable":true,"href":"https:\/\/www.cgvacuum.com\/es\/wp-json\/wp\/v2\/product_cat?post=1204"},{"taxonomy":"product_tag","embeddable":true,"href":"https:\/\/www.cgvacuum.com\/es\/wp-json\/wp\/v2\/product_tag?post=1204"}],"curies":[{"name":"wp","href":"https:\/\/api.w.org\/{rel}","templated":true}]}}