{"id":1196,"date":"2025-12-03T08:46:57","date_gmt":"2025-12-03T08:46:57","guid":{"rendered":"https:\/\/www.cgvacuum.com\/?post_type=product&#038;p=1196"},"modified":"2025-12-03T09:33:04","modified_gmt":"2025-12-03T09:33:04","slug":"plastic-pvd-coating-machine","status":"publish","type":"product","link":"https:\/\/www.cgvacuum.com\/es\/producto\/plastic-pvd-coating-machine\/","title":{"rendered":"M\u00e1quina de recubrimiento PVD para pl\u00e1sticos CGVAC Fabricante de m\u00e1quinas de recubrimiento PVD funcional en China"},"content":{"rendered":"<h3 class=\"wp-block-heading\">Especificaciones de la m\u00e1quina de recubrimiento PVD para pl\u00e1sticos:<\/h3>\n\n\n\n<figure class=\"wp-block-table\"><table class=\"has-fixed-layout\"><tbody><tr><td><strong>N\u00famero de modelo<\/strong><\/td><td><strong>Dimensi\u00f3n D*H (mm)<\/strong><\/td><td><strong>Vac\u00edo final (Pa)<\/strong><\/td><td><strong>Tiempo de bombeo (min)<\/strong><\/td><\/tr><tr><td>FC1214<\/td><td>1200 x 1400 mm<\/td><td>\uff1c8\u00d710\u207b\u2074<\/td><td>\uff1c5<\/td><\/tr><tr><td>FC1416<\/td><td>1400 x 1600 mm<\/td><td>\uff1c8\u00d710\u207b\u2074<\/td><td>\uff1c5<\/td><\/tr><tr><td>FC1618<\/td><td>1600 x 1800 mm<\/td><td>\uff1c8\u00d710\u207b\u2074<\/td><td>\uff1c5<\/td><\/tr><tr><td>FC1818<\/td><td>1800 x 1800 mm<\/td><td>\uff1c8\u00d710\u207b\u2074<\/td><td>\uff1c5<\/td><\/tr><tr><td>FC2018<\/td><td>2000*1800 mm<\/td><td>\uff1c8\u00d710\u207b\u2074<\/td><td>\uff1c5<\/td><\/tr><\/tbody><\/table><\/figure>\n\n\n\n<p><strong>*Las especificaciones del equipo se pueden personalizar seg\u00fan los requisitos del cliente.<\/strong><\/p>\n\n\n\n<div class=\"wp-block-columns is-layout-flex wp-container-core-columns-is-layout-9d6595d7 wp-block-columns-is-layout-flex\">\n<div class=\"wp-block-column is-layout-flow wp-block-column-is-layout-flow\"><div class=\"wp-block-image\">\n<figure class=\"aligncenter size-full\"><img decoding=\"async\" width=\"680\" height=\"312\" src=\"https:\/\/www.cgvacuum.com\/wp-content\/uploads\/2025\/12\/plastic-pvd-coating-machine.webp\" alt=\"M\u00e1quina de recubrimiento de pl\u00e1stico con PVD\" class=\"wp-image-1197\" srcset=\"https:\/\/www.cgvacuum.com\/wp-content\/uploads\/2025\/12\/plastic-pvd-coating-machine.webp 680w, https:\/\/www.cgvacuum.com\/wp-content\/uploads\/2025\/12\/plastic-pvd-coating-machine-300x138.webp 300w, https:\/\/www.cgvacuum.com\/wp-content\/uploads\/2025\/12\/plastic-pvd-coating-machine-18x8.webp 18w, https:\/\/www.cgvacuum.com\/wp-content\/uploads\/2025\/12\/plastic-pvd-coating-machine-600x275.webp 600w\" sizes=\"(max-width: 680px) 100vw, 680px\" \/><\/figure>\n<\/div><\/div>\n\n\n\n<div class=\"wp-block-column is-layout-flow wp-block-column-is-layout-flow\">\n<h3 class=\"wp-block-heading\">Caracter\u00edsticas de la m\u00e1quina de recubrimiento PVD para pl\u00e1sticos:<\/h3>\n\n\n\n<p><strong>Sistema de recubrimiento a baja temperatura:<\/strong> Gracias a la tecnolog\u00eda de evaporaci\u00f3n a baja temperatura y c\u00e1mara de control preciso de la temperatura desarrollada de forma independiente por CGVAC, este sistema evita eficazmente la deformaci\u00f3n, el alabeo y los da\u00f1os superficiales en pl\u00e1sticos como ABS, PC, PP y PMMA durante el proceso de recubrimiento, lo que garantiza la estabilidad de los lotes y un alto rendimiento.<\/p>\n\n\n\n<p><strong>Adhesi\u00f3n mejorada:<\/strong> Al combinar la activaci\u00f3n de la superficie por plasma, el recubrimiento asistido por ionizaci\u00f3n y un proceso de capa de transici\u00f3n met\u00e1lica, este sistema mejora significativamente la adhesi\u00f3n de la pel\u00edcula, lo que hace que los recubrimientos funcionales sean m\u00e1s resistentes al desgaste, a los ara\u00f1azos y al sudor, ideales para industrias de alto nivel como carcasas electr\u00f3nicas, molduras de autom\u00f3viles y envases de cosm\u00e9ticos.<\/p>\n\n\n\n<p><strong>Compatibilidad multiproceso:<\/strong> Admite diversas capas de pel\u00edcula funcionales y decorativas sobre superficies pl\u00e1sticas, incluidas pel\u00edculas endurecidas resistentes a los ara\u00f1azos, pel\u00edculas AF antihuellas, pel\u00edculas conductoras\/de blindaje EMI, pel\u00edculas met\u00e1licas resistentes al desgaste y pel\u00edculas decorativas de colores. Una sola m\u00e1quina satisface todas las necesidades de los fabricantes de m\u00faltiples tipos de productos pl\u00e1sticos.<\/p>\n\n\n\n<p><strong>Estructura personalizable<\/strong>: CGVAC se puede configurar con c\u00e1maras multistaci\u00f3n, perchas giratorias, estructuras de fijaci\u00f3n multicapa y sistemas de alimentaci\u00f3n autom\u00e1tica seg\u00fan la escala de la f\u00e1brica. Esto permite una producci\u00f3n de alta capacidad, continua y estable, adecuada para la entrega de pedidos de gran volumen para clientes B2B. Asistencia t\u00e9cnica a largo plazo: ofrecemos un servicio integral, que incluye formaci\u00f3n sobre todo el proceso, asistencia para la depuraci\u00f3n de la producci\u00f3n en masa, diagn\u00f3stico remoto en el extranjero y servicio in situ, as\u00ed como un suministro estable de piezas de repuesto, lo que ayuda a los clientes a establecer r\u00e1pidamente l\u00edneas de producci\u00f3n de recubrimiento PVD pl\u00e1stico replicables, escalables y altamente estables.<\/p>\n<\/div>\n<\/div>","protected":false},"excerpt":{"rendered":"<p>M\u00e1quina de recubrimiento PVD pl\u00e1stico CGVAC con sistema de baja temperatura, proceso de fuerte adhesi\u00f3n y recubrimientos multifuncionales. Puede lograr un recubrimiento pl\u00e1stico de alta eficiencia, uniforme y funcional. Soluciones personalizadas y soporte t\u00e9cnico completo, \u00a1p\u00f3ngase en contacto con nosotros para obtener una soluci\u00f3n de recubrimiento pl\u00e1stico de alta calidad ahora mismo!<\/p>\n<h2>Par\u00e1metros t\u00e9cnicos:<\/h2>\n<table style=\"border-collapse: collapse; width: 729.77pt;\" border=\"0\" width=\"973\" cellspacing=\"0\" cellpadding=\"0\">\n<tbody>\n<tr style=\"height: 16.50pt;\">\n<td class=\"et4\" style=\"height: 16.50pt; width: 152.20pt;\" width=\"202\" height=\"22\"><strong>Materiales<\/strong><\/td>\n<td class=\"et5\" style=\"width: 578.25pt;\" width=\"771\">Titanio (Ti), cromo (Cr), DLC \/ blancos de carbono, TiAl \/ TiSiN, sistemas de nitruro de cromo \/ nitruro de titanio<\/td>\n<\/tr>\n<tr style=\"height: 16.50pt;\">\n<td class=\"et4\" style=\"height: 16.50pt;\" height=\"22\"><strong>Gases industriales<\/strong><\/td>\n<td class=\"et5\"><span class=\"font1\">Arg\u00f3n (Ar), Nitr\u00f3geno (N<\/span><span class=\"font3\">\u2082<\/span><span class=\"font1\">), Ox\u00edgeno (O<\/span><span class=\"font3\">\u2082<\/span><span class=\"font1\">), C<\/span><span class=\"font3\">\u2082<\/span><span class=\"font1\">H<\/span><span class=\"font3\">\u2082<\/span><span class=\"font1\">\/CH<\/span><span class=\"font3\">\u2084<\/span><span class=\"font1\">, Mezclas de gases especiales<\/span><\/td>\n<\/tr>\n<tr style=\"height: 16.50pt;\">\n<td class=\"et4\" style=\"height: 16.50pt;\" height=\"22\"><strong>Tecnolog\u00eda de revestimiento<\/strong><\/td>\n<td class=\"et5\">Pulverizaci\u00f3n cat\u00f3dica por magnetr\u00f3n, arco i\u00f3nico, evaporaci\u00f3n por haz de electrones, CVD<\/td>\n<\/tr>\n<tr style=\"height: 16.50pt;\">\n<td class=\"et4\" style=\"height: 16.50pt;\" height=\"22\"><strong>Sistemas de recubrimiento<\/strong><\/td>\n<td class=\"et5\">\n<p><span class=\"font1\">DLC, TCO, l\u00e1minas antihuellas<br \/>Pel\u00edculas \u00f3pticas de ITO, SiO\u2082, TiO\u2082<br \/>Recubrimientos anticorrosivos, resistentes al desgaste y antirreflectantes.<\/span><\/p>\n<\/td>\n<\/tr>\n<tr style=\"height: 16.50pt;\">\n<td class=\"et4\" style=\"height: 16.50pt;\" height=\"22\"><strong>Componentes b\u00e1sicos<\/strong><\/td>\n<td class=\"et6\">Objetivo del arco, sistema de control, bomba<\/td>\n<\/tr>\n<tr style=\"height: 16.50pt;\">\n<td class=\"et4\" style=\"height: 16.50pt;\" height=\"22\"><strong>Aplicaci\u00f3n<\/strong><\/td>\n<td class=\"et5\">Electr\u00f3nica y \u00f3ptica, acero inoxidable, vidrio, pl\u00e1sticos, cer\u00e1mica<\/td>\n<\/tr>\n<tr style=\"height: 16.50pt;\">\n<td class=\"et4\" style=\"height: 16.50pt;\" height=\"22\"><strong>Personalizaci\u00f3n<\/strong><\/td>\n<td class=\"et6\">Tama\u00f1o, material de destino, color, dise\u00f1o de fijaci\u00f3n y plan de proceso personalizados<\/td>\n<\/tr>\n<tr style=\"height: 16.50pt;\">\n<td class=\"et4\" style=\"height: 16.50pt;\" height=\"22\"><strong>Servicio<\/strong><\/td>\n<td class=\"et6\">Informes de pruebas mec\u00e1nicas\/muestras, v\u00eddeo de inspecci\u00f3n de salida y orientaci\u00f3n t\u00e9cnica.<\/td>\n<\/tr>\n<\/tbody>\n<\/table>\n<p>&nbsp;<\/p>\n<p>&nbsp;<\/p>","protected":false},"featured_media":1198,"comment_status":"closed","ping_status":"closed","template":"","meta":{"_acf_changed":true},"application":[24],"product_brand":[],"product_cat":[22],"product_tag":[],"class_list":{"0":"post-1196","1":"product","2":"type-product","3":"status-publish","4":"has-post-thumbnail","6":"application-plastic-pvd-coating-machine","7":"product_cat-functional-pvd-coating-machine","9":"first","10":"instock","11":"shipping-taxable","12":"product-type-simple"},"acf":[],"_links":{"self":[{"href":"https:\/\/www.cgvacuum.com\/es\/wp-json\/wp\/v2\/product\/1196","targetHints":{"allow":["GET"]}}],"collection":[{"href":"https:\/\/www.cgvacuum.com\/es\/wp-json\/wp\/v2\/product"}],"about":[{"href":"https:\/\/www.cgvacuum.com\/es\/wp-json\/wp\/v2\/types\/product"}],"replies":[{"embeddable":true,"href":"https:\/\/www.cgvacuum.com\/es\/wp-json\/wp\/v2\/comments?post=1196"}],"wp:featuredmedia":[{"embeddable":true,"href":"https:\/\/www.cgvacuum.com\/es\/wp-json\/wp\/v2\/media\/1198"}],"wp:attachment":[{"href":"https:\/\/www.cgvacuum.com\/es\/wp-json\/wp\/v2\/media?parent=1196"}],"wp:term":[{"taxonomy":"application","embeddable":true,"href":"https:\/\/www.cgvacuum.com\/es\/wp-json\/wp\/v2\/application?post=1196"},{"taxonomy":"product_brand","embeddable":true,"href":"https:\/\/www.cgvacuum.com\/es\/wp-json\/wp\/v2\/product_brand?post=1196"},{"taxonomy":"product_cat","embeddable":true,"href":"https:\/\/www.cgvacuum.com\/es\/wp-json\/wp\/v2\/product_cat?post=1196"},{"taxonomy":"product_tag","embeddable":true,"href":"https:\/\/www.cgvacuum.com\/es\/wp-json\/wp\/v2\/product_tag?post=1196"}],"curies":[{"name":"wp","href":"https:\/\/api.w.org\/{rel}","templated":true}]}}