{"id":1194,"date":"2025-12-03T07:51:33","date_gmt":"2025-12-03T07:51:33","guid":{"rendered":"https:\/\/www.cgvacuum.com\/?post_type=product&#038;p=1194"},"modified":"2026-02-28T06:40:11","modified_gmt":"2026-02-28T06:40:11","slug":"ceramics-pvd-coating-machine","status":"publish","type":"product","link":"https:\/\/www.cgvacuum.com\/es\/producto\/ceramics-pvd-coating-machine\/","title":{"rendered":"M\u00e1quina barnizadora PVD para cer\u00e1mica, M\u00e1quina barnizadora al vac\u00edo por evaporaci\u00f3n para ornamentos cer\u00e1micos"},"content":{"rendered":"<h3 class=\"wp-block-heading\">Especificaciones de la m\u00e1quina de recubrimiento PVD para cer\u00e1mica:<\/h3>\n\n\n\n<figure class=\"wp-block-table\"><table class=\"has-fixed-layout\"><tbody><tr><td><strong>N\u00famero de modelo<\/strong><\/td><td><strong>Dimensiones DxH (mm)<\/strong><\/td><td><strong>Vac\u00edo final (Pa)<\/strong><\/td><td><strong>Tiempo de bombeo (min)<\/strong><\/td><td><strong>Potencia total (kW)<\/strong><\/td><\/tr><tr><td>ZZ1214<\/td><td>1200 x 1400 mm<\/td><td>\u22648\u00d710-\u2074<\/td><td>\uff1c5<\/td><td>35<\/td><\/tr><tr><td>ZZ1416<\/td><td>1400 x 1600 mm<\/td><td>\u22648\u00d710-\u2074<\/td><td>\uff1c5<\/td><td>65<\/td><\/tr><tr><td>ZZ1618<\/td><td>1600 x 1800 mm<\/td><td>\u22648\u00d710-\u2074<\/td><td>\uff1c5<\/td><td>75<\/td><\/tr><tr><td>ZZ1820<\/td><td>1800 x 2000 mm<\/td><td>\u22648\u00d710-\u2074<\/td><td>\uff1c5<\/td><td>90<\/td><\/tr><tr><td>ZZ2020<\/td><td>2000*2000 mm<\/td><td>\u22648\u00d710-\u2074<\/td><td>\uff1c5<\/td><td>105<\/td><\/tr><\/tbody><\/table><\/figure>\n\n\n\n<p><strong>*Las especificaciones del equipo se pueden personalizar seg\u00fan los requisitos del cliente.<\/strong><\/p>\n\n\n\n<div class=\"wp-block-columns is-layout-flex wp-container-core-columns-is-layout-9d6595d7 wp-block-columns-is-layout-flex\">\n<div class=\"wp-block-column is-layout-flow wp-block-column-is-layout-flow\">\n<figure class=\"wp-block-image size-full\"><img decoding=\"async\" width=\"750\" height=\"750\" src=\"https:\/\/www.cgvacuum.com\/wp-content\/uploads\/2025\/12\/ceramics-pvd-coating-machine.webp\" alt=\"M\u00e1quina de recubrimiento PVD para cer\u00e1mica\" class=\"wp-image-1195\" srcset=\"https:\/\/www.cgvacuum.com\/wp-content\/uploads\/2025\/12\/ceramics-pvd-coating-machine.webp 750w, https:\/\/www.cgvacuum.com\/wp-content\/uploads\/2025\/12\/ceramics-pvd-coating-machine-300x300.webp 300w, https:\/\/www.cgvacuum.com\/wp-content\/uploads\/2025\/12\/ceramics-pvd-coating-machine-150x150.webp 150w, https:\/\/www.cgvacuum.com\/wp-content\/uploads\/2025\/12\/ceramics-pvd-coating-machine-12x12.webp 12w, https:\/\/www.cgvacuum.com\/wp-content\/uploads\/2025\/12\/ceramics-pvd-coating-machine-600x600.webp 600w, https:\/\/www.cgvacuum.com\/wp-content\/uploads\/2025\/12\/ceramics-pvd-coating-machine-100x100.webp 100w\" sizes=\"(max-width: 750px) 100vw, 750px\" \/><\/figure>\n<\/div>\n\n\n\n<div class=\"wp-block-column is-layout-flow wp-block-column-is-layout-flow\">\n<h3 class=\"wp-block-heading\">Caracter\u00edsticas de la m\u00e1quina de recubrimiento PVD para cer\u00e1mica:<\/h3>\n\n\n\n<p><strong>Estructura de c\u00e1mara de gran capacidad:<\/strong> El equipo PVD de evaporaci\u00f3n de alta eficiencia utiliza una c\u00e1mara de vac\u00edo ampliada y un marco giratorio multicapa ajustable, que admite piezas cer\u00e1micas de diversos tama\u00f1os y formas. Esto permite un procesamiento por lotes de alta eficiencia, lo que aumenta significativamente la capacidad de producci\u00f3n y reduce los costes unitarios de recubrimiento.<\/p>\n\n\n\n<p><strong>Sistema de fuente de evaporaci\u00f3n de alta eficiencia<\/strong>: Equipado con una fuente de evaporaci\u00f3n de alta eficiencia y una trayectoria de evaporaci\u00f3n optimizada, puede depositar r\u00e1pidamente pel\u00edculas decorativas en oro, oro rosa y otros colores, lo que da como resultado colores saturados y un brillo uniforme, ideal para mejorar el aspecto de la cer\u00e1mica cotidiana de gama media-alta.<\/p>\n\n\n\n<p><strong>Tecnolog\u00eda de pretratamiento con plasma: <\/strong>Dispositivo de limpieza por plasma de alta eficiencia integrado, dise\u00f1ado espec\u00edficamente para las caracter\u00edsticas de baja energ\u00eda superficial de la cer\u00e1mica, que mejora significativamente la adhesi\u00f3n de la pel\u00edcula y reduce problemas como el desprendimiento de la pel\u00edcula y las manchas, lo que garantiza una calidad estable en los recubrimientos por lotes.<\/p>\n\n\n\n<p><strong>Proceso de recubrimiento a baja temperatura:<\/strong> Gracias a un sistema de control preciso de la temperatura y a un proceso a baja temperatura, evita eficazmente las grietas o la p\u00e9rdida de esmalte causadas por el choque t\u00e9rmico, por lo que es adecuado para todos los productos cer\u00e1micos cotidianos y art\u00edsticos.<\/p>\n\n\n\n<p><strong>Soluci\u00f3n integral para recubrimientos cer\u00e1micos<\/strong>Como fabricante profesional de m\u00e1quinas de recubrimiento al vac\u00edo, CGVAC ofrece una gama completa de servicios de recubrimiento para la industria cer\u00e1mica, incluyendo la personalizaci\u00f3n de equipos, el dise\u00f1o de accesorios, la formulaci\u00f3n de procesos, la estandarizaci\u00f3n de colores, la puesta en marcha in situ y el soporte t\u00e9cnico posventa, ayudando a las f\u00e1bricas a construir r\u00e1pidamente l\u00edneas de producci\u00f3n de recubrimiento PVD estables y de alta capacidad.<\/p>\n<\/div>\n<\/div>","protected":false},"excerpt":{"rendered":"<p>M\u00e1quinas de recubrimiento PVD cer\u00e1mico con recubrimiento PVD por evaporaci\u00f3n de alta eficacia. Calidad de pel\u00edcula estable, fuerte adhesi\u00f3n, tiempo de ciclo r\u00e1pido y accesorios totalmente personalizados. Dise\u00f1adas por CGVAC con ingenier\u00eda robusta y soporte t\u00e9cnico global. P\u00f3ngase en contacto con nosotros para obtener soluciones de recubrimiento cer\u00e1mico y presupuestos.<\/p>\n<h2>Par\u00e1metros t\u00e9cnicos:<\/h2>\n<table border=\"0\" width=\"973\" cellspacing=\"0\" cellpadding=\"0\">\n<tbody>\n<tr>\n<td width=\"202\" height=\"22\"><strong>Materiales<\/strong><\/td>\n<td width=\"771\">Alambre de Al, Cu, Ag, Cr (t\u00e9rmico), Metales decorativos<\/td>\n<\/tr>\n<tr>\n<td height=\"22\"><strong>Tecnolog\u00eda de revestimiento<\/strong><\/td>\n<td>Revestimiento al vac\u00edo por evaporaci\u00f3n<\/td>\n<\/tr>\n<tr>\n<td height=\"22\"><strong>Pel\u00edculas funcionales y \u00f3pticas<\/strong><\/td>\n<td>Principalmente para recubrimientos decorativos, se puede integrar con recubrimientos UV o capas pulverizadas.<\/td>\n<\/tr>\n<tr>\n<td height=\"22\"><strong>Componentes b\u00e1sicos<\/strong><\/td>\n<td>Objetivo del arco, sistema de control, bomba<\/td>\n<\/tr>\n<tr>\n<td height=\"22\"><strong>Aplicaci\u00f3n<\/strong><\/td>\n<td>Pl\u00e1sticos, cer\u00e1mica de uso diario, vidrio, joyer\u00eda y abalorios, acero inoxidable.<\/td>\n<\/tr>\n<tr>\n<td height=\"22\"><strong>Personalizaci\u00f3n<\/strong><\/td>\n<td>Tama\u00f1o, material de destino, color, dise\u00f1o de fijaci\u00f3n y plan de proceso personalizados<\/td>\n<\/tr>\n<tr>\n<td height=\"22\"><strong>Servicio<\/strong><\/td>\n<td>Informes de pruebas mec\u00e1nicas\/muestras, v\u00eddeo de inspecci\u00f3n de salida y orientaci\u00f3n t\u00e9cnica.<\/td>\n<\/tr>\n<\/tbody>\n<\/table>\n<p>&nbsp;<\/p>","protected":false},"featured_media":1195,"comment_status":"closed","ping_status":"closed","template":"","meta":{"_acf_changed":true},"application":[27],"product_brand":[],"product_cat":[21],"product_tag":[],"class_list":{"0":"post-1194","1":"product","2":"type-product","3":"status-publish","4":"has-post-thumbnail","6":"application-daily-ceramics-pvd-coating-machine","7":"product_cat-evaporation-vacuum-coating-machine","9":"first","10":"instock","11":"shipping-taxable","12":"product-type-simple"},"acf":[],"_links":{"self":[{"href":"https:\/\/www.cgvacuum.com\/es\/wp-json\/wp\/v2\/product\/1194","targetHints":{"allow":["GET"]}}],"collection":[{"href":"https:\/\/www.cgvacuum.com\/es\/wp-json\/wp\/v2\/product"}],"about":[{"href":"https:\/\/www.cgvacuum.com\/es\/wp-json\/wp\/v2\/types\/product"}],"replies":[{"embeddable":true,"href":"https:\/\/www.cgvacuum.com\/es\/wp-json\/wp\/v2\/comments?post=1194"}],"wp:featuredmedia":[{"embeddable":true,"href":"https:\/\/www.cgvacuum.com\/es\/wp-json\/wp\/v2\/media\/1195"}],"wp:attachment":[{"href":"https:\/\/www.cgvacuum.com\/es\/wp-json\/wp\/v2\/media?parent=1194"}],"wp:term":[{"taxonomy":"application","embeddable":true,"href":"https:\/\/www.cgvacuum.com\/es\/wp-json\/wp\/v2\/application?post=1194"},{"taxonomy":"product_brand","embeddable":true,"href":"https:\/\/www.cgvacuum.com\/es\/wp-json\/wp\/v2\/product_brand?post=1194"},{"taxonomy":"product_cat","embeddable":true,"href":"https:\/\/www.cgvacuum.com\/es\/wp-json\/wp\/v2\/product_cat?post=1194"},{"taxonomy":"product_tag","embeddable":true,"href":"https:\/\/www.cgvacuum.com\/es\/wp-json\/wp\/v2\/product_tag?post=1194"}],"curies":[{"name":"wp","href":"https:\/\/api.w.org\/{rel}","templated":true}]}}