{"id":1191,"date":"2025-12-02T09:53:20","date_gmt":"2025-12-02T09:53:20","guid":{"rendered":"https:\/\/www.cgvacuum.com\/?post_type=product&#038;p=1191"},"modified":"2025-12-02T10:26:09","modified_gmt":"2025-12-02T10:26:09","slug":"glass-pvd-coating-machine","status":"publish","type":"product","link":"https:\/\/www.cgvacuum.com\/es\/producto\/glass-pvd-coating-machine\/","title":{"rendered":"M\u00e1quina de recubrimiento PVD para vidrio, m\u00e1quina de recubrimiento al vac\u00edo por pulverizaci\u00f3n cat\u00f3dica con magnetr\u00f3n"},"content":{"rendered":"<h3 class=\"wp-block-heading\">Especificaciones de la m\u00e1quina de recubrimiento PVD para vidrio:<\/h3>\n\n\n\n<figure class=\"wp-block-table\"><table class=\"has-fixed-layout\"><tbody><tr><td><strong>N\u00famero de modelo<\/strong><\/td><td><strong>Dimensiones DxH (mm)<\/strong><\/td><td><strong>Vac\u00edo final (Pa)<\/strong><\/td><td><strong>Tiempo de bombeo (min)<\/strong><\/td><td><strong>Potencia de soplado (kW)<\/strong><\/td><td><strong>Potencia total (kW)<\/strong><\/td><\/tr><tr><td>CZ1214<\/td><td>1200 x 1400 mm<\/td><td>\u22648\u00d710-\u2074<\/td><td>\uff1c5<\/td><td>40<\/td><td>50<\/td><\/tr><tr><td>CZ1416<\/td><td>1400 x 1600 mm<\/td><td>\u22648\u00d710-\u2074<\/td><td>\uff1c5<\/td><td>60<\/td><td>60<\/td><\/tr><tr><td>CZ1618<\/td><td>1600 x 1800 mm<\/td><td>\u22648\u00d710-\u2074<\/td><td>\uff1c5<\/td><td>80<\/td><td>80<\/td><\/tr><tr><td>CZ1818<\/td><td>1800 x 1800 mm<\/td><td>\u22648\u00d710-\u2074<\/td><td>\uff1c5<\/td><td>160<\/td><td>110<\/td><\/tr><tr><td>CZ2018<\/td><td>2000*1800 mm<\/td><td>\u22648\u00d710-\u2074<\/td><td>\uff1c5<\/td><td>160<\/td><td>120<\/td><\/tr><\/tbody><\/table><\/figure>\n\n\n\n<p><strong>*Las especificaciones del equipo se pueden personalizar seg\u00fan los requisitos del cliente.<\/strong><\/p>\n\n\n\n<div class=\"wp-block-columns is-layout-flex wp-container-core-columns-is-layout-9d6595d7 wp-block-columns-is-layout-flex\">\n<div class=\"wp-block-column is-layout-flow wp-block-column-is-layout-flow\">\n<figure class=\"wp-block-image size-full\"><img decoding=\"async\" width=\"800\" height=\"800\" src=\"https:\/\/www.cgvacuum.com\/wp-content\/uploads\/2025\/12\/glass-pvd-coating-machine-CGVAC-PVD-Coating-Machine-Manufacturers-in-China.webp\" alt=\"M\u00e1quina de recubrimiento PVD para vidrio CGVAC Fabricantes de m\u00e1quinas de recubrimiento PVD en China\" class=\"wp-image-1192\" srcset=\"https:\/\/www.cgvacuum.com\/wp-content\/uploads\/2025\/12\/glass-pvd-coating-machine-CGVAC-PVD-Coating-Machine-Manufacturers-in-China.webp 800w, https:\/\/www.cgvacuum.com\/wp-content\/uploads\/2025\/12\/glass-pvd-coating-machine-CGVAC-PVD-Coating-Machine-Manufacturers-in-China-300x300.webp 300w, https:\/\/www.cgvacuum.com\/wp-content\/uploads\/2025\/12\/glass-pvd-coating-machine-CGVAC-PVD-Coating-Machine-Manufacturers-in-China-150x150.webp 150w, https:\/\/www.cgvacuum.com\/wp-content\/uploads\/2025\/12\/glass-pvd-coating-machine-CGVAC-PVD-Coating-Machine-Manufacturers-in-China-768x768.webp 768w, https:\/\/www.cgvacuum.com\/wp-content\/uploads\/2025\/12\/glass-pvd-coating-machine-CGVAC-PVD-Coating-Machine-Manufacturers-in-China-12x12.webp 12w, https:\/\/www.cgvacuum.com\/wp-content\/uploads\/2025\/12\/glass-pvd-coating-machine-CGVAC-PVD-Coating-Machine-Manufacturers-in-China-600x600.webp 600w, https:\/\/www.cgvacuum.com\/wp-content\/uploads\/2025\/12\/glass-pvd-coating-machine-CGVAC-PVD-Coating-Machine-Manufacturers-in-China-100x100.webp 100w\" sizes=\"(max-width: 800px) 100vw, 800px\" \/><\/figure>\n<\/div>\n\n\n\n<div class=\"wp-block-column is-layout-flow wp-block-column-is-layout-flow\">\n<h3 class=\"wp-block-heading\">Caracter\u00edsticas de la m\u00e1quina de recubrimiento PVD para vidrio:<\/h3>\n\n\n\n<p><strong>Alta adherencia y durabilidad de la pel\u00edcula<\/strong>: Los iones pulverizados de alta energ\u00eda bombardean la superficie del vidrio, lo que garantiza una uni\u00f3n firme entre la pel\u00edcula y el sustrato, mejorando la resistencia al desgaste, la resistencia a la corrosi\u00f3n y la resistencia al desprendimiento, lo que lo hace adecuado para un uso prolongado y situaciones de montaje de alta frecuencia.<\/p>\n\n\n\n<p><strong>Deposici\u00f3n uniforme de pel\u00edcula en grandes superficies<\/strong>La tecnolog\u00eda de pulverizaci\u00f3n cat\u00f3dica por magnetr\u00f3n permite obtener un espesor uniforme y un brillo estable en superficies planas, curvas o complejas de vidrio, satisfaciendo las necesidades de vidrio decorativo, vidrio \u00f3ptico y recubrimientos funcionales.<\/p>\n\n\n\n<p><strong>Rendimiento preciso y controlable de la pel\u00edcula<\/strong>El sistema PLC puede ajustar con precisi\u00f3n la potencia de pulverizaci\u00f3n, el caudal de gas, el vac\u00edo de la c\u00e1mara y el tiempo de deposici\u00f3n, lo que permite un control preciso de las pel\u00edculas multicapa, las pel\u00edculas funcionales y las pel\u00edculas decorativas personalizadas, garantizando la uniformidad en la producci\u00f3n en serie.<\/p>\n\n\n\n<p><strong>Alto rendimiento y capacidad de procesamiento por lotes:<\/strong> El dise\u00f1o de herramientas rotativas y multiobjetivo permite el procesamiento simult\u00e1neo de l\u00e1minas de vidrio, cristaler\u00eda y productos complejos, lo que mejora significativamente la eficiencia de la producci\u00f3n.<\/p>\n\n\n\n<p><strong>Asistencia integral del fabricante CGVAC: <\/strong>Ofrecemos una soluci\u00f3n completa que abarca desde la personalizaci\u00f3n de los equipos, el dise\u00f1o de las c\u00e1maras y las soluciones de fijaci\u00f3n hasta la formulaci\u00f3n de procesos y el servicio posventa, lo que ayuda a los clientes a obtener r\u00e1pidamente recubrimientos de alta calidad.<\/p>\n<\/div>\n<\/div>","protected":false},"excerpt":{"rendered":"<p>La m\u00e1quina de recubrimiento al vac\u00edo PVD para vidrio CGVAC con pulverizaci\u00f3n cat\u00f3dica por magnetr\u00f3n ofrece un recubrimiento de alta eficiencia, preciso y flexible para vidrio plano o curvo. Dise\u00f1o multiobjetivo, funcionamiento estable y soluciones totalmente personalizadas disponibles. \u00a1P\u00f3ngase en contacto con nosotros hoy mismo!<\/p>\n<h2>Par\u00e1metros t\u00e9cnicos:<\/h2>\n<table width=\"973\">\n<tbody>\n<tr>\n<td width=\"202\"><strong>Materiales<\/strong><\/td>\n<td width=\"771\">Titanio (Ti), Cromo (Cr), Circonio (Zr), Acero inoxidable, ITO, FTO y otros<\/td>\n<\/tr>\n<tr>\n<td><strong>Gases industriales<\/strong><\/td>\n<td>Arg\u00f3n (Ar), Nitr\u00f3geno (N\u2082), Ox\u00edgeno (O\u2082), H\u2082 (Hidr\u00f3geno).<\/td>\n<\/tr>\n<tr>\n<td><strong>Tecnolog\u00eda de revestimiento<\/strong><\/td>\n<td>Recubrimiento por magnetr\u00f3n sputtering al vac\u00edo<\/td>\n<\/tr>\n<tr>\n<td><strong>Color del revestimiento<\/strong><\/td>\n<td>Oro, oro rosa, negro, plata, azul, champ\u00e1n, colores mate\/satinados y diferentes colores.<\/td>\n<\/tr>\n<tr>\n<td><strong>Pel\u00edculas funcionales y \u00f3pticas<\/strong><\/td>\n<td>ITO, SiO\u2082, TiO\u2082, Cr, Al, Ag, ITO\/Ag\/ITO, pel\u00edculas \u00f3pticas y electr\u00f3nicas<\/td>\n<\/tr>\n<tr>\n<td><strong>Componentes b\u00e1sicos<\/strong><\/td>\n<td>Objetivo del arco, sistema de control, bomba<\/td>\n<\/tr>\n<tr>\n<td><strong>Aplicaci\u00f3n<\/strong><\/td>\n<td>Acero inoxidable, electr\u00f3nica y \u00f3ptica, vidrio, interiores y componentes de autom\u00f3viles.<\/td>\n<\/tr>\n<tr>\n<td><strong>Personalizaci\u00f3n<\/strong><\/td>\n<td>Tama\u00f1o, material de destino, color, dise\u00f1o de fijaci\u00f3n y plan de proceso personalizados<\/td>\n<\/tr>\n<tr>\n<td><strong>Servicio<\/strong><\/td>\n<td>Informes de pruebas mec\u00e1nicas\/de muestras, inspecci\u00f3n de salida en v\u00eddeo y orientaci\u00f3n t\u00e9cnica.<\/td>\n<\/tr>\n<\/tbody>\n<\/table>\n<p>&nbsp;<\/p>","protected":false},"featured_media":1192,"comment_status":"closed","ping_status":"closed","template":"","meta":{"_acf_changed":true},"application":[25],"product_brand":[],"product_cat":[20],"product_tag":[],"class_list":{"0":"post-1191","1":"product","2":"type-product","3":"status-publish","4":"has-post-thumbnail","6":"application-glass-pvd-coating-machine","7":"product_cat-magnetron-sputtering-vacuum-coating-machine","9":"first","10":"instock","11":"shipping-taxable","12":"product-type-simple"},"acf":[],"_links":{"self":[{"href":"https:\/\/www.cgvacuum.com\/es\/wp-json\/wp\/v2\/product\/1191","targetHints":{"allow":["GET"]}}],"collection":[{"href":"https:\/\/www.cgvacuum.com\/es\/wp-json\/wp\/v2\/product"}],"about":[{"href":"https:\/\/www.cgvacuum.com\/es\/wp-json\/wp\/v2\/types\/product"}],"replies":[{"embeddable":true,"href":"https:\/\/www.cgvacuum.com\/es\/wp-json\/wp\/v2\/comments?post=1191"}],"wp:featuredmedia":[{"embeddable":true,"href":"https:\/\/www.cgvacuum.com\/es\/wp-json\/wp\/v2\/media\/1192"}],"wp:attachment":[{"href":"https:\/\/www.cgvacuum.com\/es\/wp-json\/wp\/v2\/media?parent=1191"}],"wp:term":[{"taxonomy":"application","embeddable":true,"href":"https:\/\/www.cgvacuum.com\/es\/wp-json\/wp\/v2\/application?post=1191"},{"taxonomy":"product_brand","embeddable":true,"href":"https:\/\/www.cgvacuum.com\/es\/wp-json\/wp\/v2\/product_brand?post=1191"},{"taxonomy":"product_cat","embeddable":true,"href":"https:\/\/www.cgvacuum.com\/es\/wp-json\/wp\/v2\/product_cat?post=1191"},{"taxonomy":"product_tag","embeddable":true,"href":"https:\/\/www.cgvacuum.com\/es\/wp-json\/wp\/v2\/product_tag?post=1191"}],"curies":[{"name":"wp","href":"https:\/\/api.w.org\/{rel}","templated":true}]}}