{"id":1184,"date":"2025-12-02T09:07:46","date_gmt":"2025-12-02T09:07:46","guid":{"rendered":"https:\/\/www.cgvacuum.com\/?post_type=product&#038;p=1184"},"modified":"2025-12-02T09:38:02","modified_gmt":"2025-12-02T09:38:02","slug":"stainless-steel-pvd-coating-machine","status":"publish","type":"product","link":"https:\/\/www.cgvacuum.com\/es\/producto\/stainless-steel-pvd-coating-machine\/","title":{"rendered":"M\u00e1quina de recubrimiento PVD de acero inoxidable, m\u00e1quina de recubrimiento al vac\u00edo de iones multiarco CGVAC"},"content":{"rendered":"<h3 class=\"wp-block-heading\">Especificaciones de la m\u00e1quina de recubrimiento PVD de acero inoxidable:<\/h3>\n\n\n\n<figure class=\"wp-block-table\"><table><tbody><tr><td><strong>N\u00famero de modelo<\/strong><\/td><td><strong>Dimensiones DxH (mm)<\/strong><\/td><td><strong>Vac\u00edo final (Pa)<\/strong><\/td><td><strong>Tiempo de bombeo (min)<\/strong>)<\/td><td><strong>Objetivos (PCS)<\/strong><\/td><td><strong>Potencia total (kW)<\/strong><\/td><\/tr><tr><td>DZ1214<\/td><td>1200 x 1400 mm<\/td><td>\u22648\u00d710-\u2074<\/td><td>\uff1c5<\/td><td>10<\/td><td>50<\/td><\/tr><tr><td>DZ1416<\/td><td>1400 x 1600 mm<\/td><td>\u22648\u00d710-\u2074<\/td><td>\uff1c5<\/td><td>14<\/td><td>60<\/td><\/tr><tr><td>DZ1618<\/td><td>1600 x 1800 mm<\/td><td>\u22648\u00d710-\u2074<\/td><td>\uff1c5<\/td><td>21<\/td><td>80<\/td><\/tr><tr><td>DZ1818<\/td><td>1800 x 1800 mm<\/td><td>\u22648\u00d710-\u2074<\/td><td>\uff1c5<\/td><td>28<\/td><td>110<\/td><\/tr><tr><td>DZ2118<\/td><td>2100 x 1800 mm<\/td><td>\u22648\u00d710-\u2074<\/td><td>\uff1c5<\/td><td>32<\/td><td>120<\/td><\/tr><\/tbody><\/table><\/figure>\n\n\n\n<p><strong>*Las especificaciones del equipo se pueden personalizar seg\u00fan los requisitos del cliente. La altura o profundidad puede variar entre 600 mm y 10 000 mm.<\/strong><\/p>\n\n\n\n<div class=\"wp-block-columns is-layout-flex wp-container-core-columns-is-layout-9d6595d7 wp-block-columns-is-layout-flex\">\n<div class=\"wp-block-column is-layout-flow wp-block-column-is-layout-flow\">\n<figure class=\"wp-block-image size-full\"><img decoding=\"async\" width=\"600\" height=\"600\" src=\"https:\/\/www.cgvacuum.com\/wp-content\/uploads\/2025\/12\/stainless-steel-pvd-coating-machine.webp\" alt=\"M\u00e1quina de recubrimiento PVD de acero inoxidable con recubrimiento al vac\u00edo de iones de arco m\u00faltiple\" class=\"wp-image-1183\" srcset=\"https:\/\/www.cgvacuum.com\/wp-content\/uploads\/2025\/12\/stainless-steel-pvd-coating-machine.webp 600w, https:\/\/www.cgvacuum.com\/wp-content\/uploads\/2025\/12\/stainless-steel-pvd-coating-machine-300x300.webp 300w, https:\/\/www.cgvacuum.com\/wp-content\/uploads\/2025\/12\/stainless-steel-pvd-coating-machine-150x150.webp 150w, https:\/\/www.cgvacuum.com\/wp-content\/uploads\/2025\/12\/stainless-steel-pvd-coating-machine-12x12.webp 12w, https:\/\/www.cgvacuum.com\/wp-content\/uploads\/2025\/12\/stainless-steel-pvd-coating-machine-100x100.webp 100w\" sizes=\"(max-width: 600px) 100vw, 600px\" \/><\/figure>\n<\/div>\n\n\n\n<div class=\"wp-block-column is-layout-flow wp-block-column-is-layout-flow\">\n<h3 class=\"wp-block-heading\">Caracter\u00edsticas de la m\u00e1quina de recubrimiento PVD de acero inoxidable:<\/h3>\n\n\n\n<p><strong>Tecnolog\u00eda de ionizaci\u00f3n multiarco:<\/strong> Las part\u00edculas de evaporaci\u00f3n de alta energ\u00eda se generan en la superficie de un objetivo met\u00e1lico utilizando un arco el\u00e9ctrico, lo que da lugar a una alta ionizaci\u00f3n. Estos iones met\u00e1licos de alta energ\u00eda se aceleran y se depositan en la superficie de las piezas de acero inoxidable, formando una pel\u00edcula delgada con una adhesi\u00f3n extremadamente fuerte.<\/p>\n\n\n\n<p><strong>Pel\u00edcula de alto rendimiento<\/strong>La tecnolog\u00eda de ionizaci\u00f3n multiarco deposita una pel\u00edcula de nitruro met\u00e1lico de alta dureza, lo que mejora significativamente la resistencia a los ara\u00f1azos, la resistencia al desgaste y la resistencia a la corrosi\u00f3n a largo plazo de las superficies de acero inoxidable.<\/p>\n\n\n\n<p><strong>Capacidad de recubrimiento uniforme de grandes superficies<\/strong>: El dise\u00f1o de la cavidad y el objetivo, espec\u00edficamente dise\u00f1ado para piezas decorativas de chapa met\u00e1lica y acero inoxidable, logra un efecto de recubrimiento de gran superficie, espesor uniforme y color consistente.<\/p>\n\n\n\n<p><strong>Alto rendimiento:<\/strong> El dise\u00f1o de deposici\u00f3n multiobjetivo y alta velocidad es adecuado para la producci\u00f3n continua por lotes, lo que mejora la eficiencia de la producci\u00f3n y reduce los costes unitarios.<\/p>\n\n\n\n<p><strong>Ahorro energ\u00e9tico y estabilidad:<\/strong> El sistema de vac\u00edo optimizado y la larga vida \u00fatil de la fuente de arco de CGVAC garantizan un bajo consumo energ\u00e9tico, un f\u00e1cil mantenimiento y un funcionamiento continuo y eficiente de la l\u00ednea de producci\u00f3n de acero inoxidable.<\/p>\n\n\n\n<p><strong>Asistencia integral<\/strong>Ofrecemos una personalizaci\u00f3n completa de las dimensiones de la cavidad, la cantidad de fuente objetivo, la fuente de alimentaci\u00f3n y los accesorios de herramientas, combinada con soluciones de procesos de recubrimiento espec\u00edficos para acero inoxidable, con el fin de garantizar la estabilidad de la producci\u00f3n y la calidad de la pel\u00edcula.<\/p>\n<\/div>\n<\/div>","protected":false},"excerpt":{"rendered":"<p data-start=\"2608\" data-end=\"2931\">M\u00e1quina de recubrimiento PVD de acero inoxidable de alto rendimiento CGVAC con tecnolog\u00eda de ionenes multi-arco, que proporciona pel\u00edculas duraderas, uniformes y resistentes a la corrosi\u00f3n para productos de acero inoxidable. Soluciones completas de recubrimiento personalizadas y asistencia disponibles. \u00a1No dude en ponerse en contacto con nosotros para obtener una soluci\u00f3n de recubrimiento PVD para acero inoxidable!<\/p>\n<h2>Par\u00e1metros t\u00e9cnicos:<\/h2>\n<table width=\"973\">\n<tbody>\n<tr>\n<td width=\"202\"><strong>Materiales<\/strong><\/td>\n<td width=\"771\">Titanio (Ti), cromo (Cr), circonio (Zr), TiAl, Ni, Cu, Al, Fe, etc.<\/td>\n<\/tr>\n<tr>\n<td><strong>Gases industriales<\/strong><\/td>\n<td>Arg\u00f3n (Ar), Nitr\u00f3geno (N\u2082), Acetileno (C\u2082H\u2082), Ox\u00edgeno (O\u2082).<\/td>\n<\/tr>\n<tr>\n<td><strong>Tecnolog\u00eda de revestimiento<\/strong><\/td>\n<td>Recubrimiento i\u00f3nico multiarco al vac\u00edo<\/td>\n<\/tr>\n<tr>\n<td><strong>Color del revestimiento<\/strong><\/td>\n<td>Plata titanio, oro, oro rosa, morado, azul zafiro, perla, \u00e1mbar, gris oscuro, negro cromado y multicolor.<\/td>\n<\/tr>\n<tr>\n<td><strong>Revestimientos funcionales<\/strong><\/td>\n<td>TiN, TiCN, CrN, ZrN, TiAlN, CrAlN, DLC y otros recubrimientos duros y resistentes al desgaste.<\/td>\n<\/tr>\n<tr>\n<td><strong>Componentes b\u00e1sicos<\/strong><\/td>\n<td>Objetivo del arco, sistema de control, bomba<\/td>\n<\/tr>\n<tr>\n<td><strong>Aplicaci\u00f3n<\/strong><\/td>\n<td>Acero inoxidable, metal, art\u00edculos sanitarios, vajillas de cer\u00e1mica, joyer\u00eda, vidrio, azulejos.<\/td>\n<\/tr>\n<tr>\n<td><strong>Personalizaci\u00f3n<\/strong><\/td>\n<td>Tama\u00f1o, material de destino, color, dise\u00f1o de fijaci\u00f3n y plan de proceso personalizados<\/td>\n<\/tr>\n<tr>\n<td><strong>Servicio<\/strong><\/td>\n<td>Informes de pruebas mec\u00e1nicas\/muestras, v\u00eddeo de inspecci\u00f3n de salida y orientaci\u00f3n t\u00e9cnica.<\/td>\n<\/tr>\n<\/tbody>\n<\/table>\n<p>&nbsp;<\/p>","protected":false},"featured_media":1183,"comment_status":"closed","ping_status":"closed","template":"","meta":{"_acf_changed":true},"application":[26],"product_brand":[],"product_cat":[19],"product_tag":[],"class_list":{"0":"post-1184","1":"product","2":"type-product","3":"status-publish","4":"has-post-thumbnail","6":"application-stainless-steel-pvd-coating-machine","7":"product_cat-multi-arc-ion-vacuum-coating-machine","9":"first","10":"instock","11":"shipping-taxable","12":"product-type-simple"},"acf":[],"_links":{"self":[{"href":"https:\/\/www.cgvacuum.com\/es\/wp-json\/wp\/v2\/product\/1184","targetHints":{"allow":["GET"]}}],"collection":[{"href":"https:\/\/www.cgvacuum.com\/es\/wp-json\/wp\/v2\/product"}],"about":[{"href":"https:\/\/www.cgvacuum.com\/es\/wp-json\/wp\/v2\/types\/product"}],"replies":[{"embeddable":true,"href":"https:\/\/www.cgvacuum.com\/es\/wp-json\/wp\/v2\/comments?post=1184"}],"wp:featuredmedia":[{"embeddable":true,"href":"https:\/\/www.cgvacuum.com\/es\/wp-json\/wp\/v2\/media\/1183"}],"wp:attachment":[{"href":"https:\/\/www.cgvacuum.com\/es\/wp-json\/wp\/v2\/media?parent=1184"}],"wp:term":[{"taxonomy":"application","embeddable":true,"href":"https:\/\/www.cgvacuum.com\/es\/wp-json\/wp\/v2\/application?post=1184"},{"taxonomy":"product_brand","embeddable":true,"href":"https:\/\/www.cgvacuum.com\/es\/wp-json\/wp\/v2\/product_brand?post=1184"},{"taxonomy":"product_cat","embeddable":true,"href":"https:\/\/www.cgvacuum.com\/es\/wp-json\/wp\/v2\/product_cat?post=1184"},{"taxonomy":"product_tag","embeddable":true,"href":"https:\/\/www.cgvacuum.com\/es\/wp-json\/wp\/v2\/product_tag?post=1184"}],"curies":[{"name":"wp","href":"https:\/\/api.w.org\/{rel}","templated":true}]}}